{"id":18225,"date":"2019-08-04T18:59:18","date_gmt":"2019-08-04T18:59:18","guid":{"rendered":"http:\/\/www.padel-test.de\/padel-wissen\/padel-geschichte\/"},"modified":"2025-03-03T10:15:38","modified_gmt":"2025-03-03T10:15:38","slug":"histoire-du-padel","status":"publish","type":"page","link":"https:\/\/www.padel-test.de\/fr\/savoir-padel\/histoire-du-padel\/","title":{"rendered":"Histoire du padel"},"content":{"rendered":"<p>Enrique Corcuera, du Mexique, est consid\u00e9r\u00e9 comme l'inventeur du padel actuel. C'est lui qui, en 1962, a eu l'id\u00e9e d'un nouveau jeu de balle mural.<\/p>\n<div id=\"attachment_6956\" style=\"width: 310px\" class=\"wp-caption alignright\"><img loading=\"lazy\" decoding=\"async\" aria-describedby=\"caption-attachment-6956\" class=\"wp-image-6956 size-full\" src=\"https:\/\/www.padel-test.de\/wp-content\/uploads\/2022\/09\/Padel-Pista-Acapulco.jpg\" alt=\"Le premier terrain de padel \u00e0 Acapulco - c&#039;est ici que l&#039;histoire du padel a commenc\u00e9\" width=\"300\" height=\"150\" \/><p id=\"caption-attachment-6956\" class=\"wp-caption-text\">Le premier terrain de padel \u00e0 Acapulco - c'est ici que l'histoire du padel a commenc\u00e9<\/p><\/div>\n<p>Dans sa r\u00e9sidence de Puerto Acapulco (Mexique), il a construit un mur d'environ trois m\u00e8tres de haut \u00e0 l'extr\u00e9mit\u00e9 d'un petit terrain de pelote basque adoss\u00e9 au mur de sa maison et a ferm\u00e9 les deux c\u00f4t\u00e9s du terrain avec une cl\u00f4ture grillag\u00e9e. Au milieu, il a ajout\u00e9 un filet (comme au tennis). Et c'est parti pour les premiers rudiments du padel (ou padel tennis).<\/p>\n<p>Le bon <a href=\"\/fr\/savoir-padel\/regles-de-padel\/\">R\u00e8gles du padel<\/a> et l'\u00e9quipement tel qu'on le conna\u00eet aujourd'hui n'existait bien s\u00fbr pas encore. Les raquettes de padel \u00e9taient m\u00eame encore en bois ! Tout n'en \u00e9tait qu'\u00e0 ses balbutiements...<\/p>\n<p>&nbsp;<\/p>\n<h2>Historique du padel<\/h2>\n<h3>1974 - Les choses s\u00e9rieuses commencent pour le padel<\/h3>\n<p>En 1974, un bon ami d'Enrique Corcuera, le prince Alfonso zu Hohenlohe d'Espagne, s'est int\u00e9ress\u00e9 \u00e0 ce nouveau sport de raquette. Il s'est imm\u00e9diatement enthousiasm\u00e9 et a \u00e9galement vu le potentiel du padel. Mais il fallait apporter des am\u00e9liorations !<\/p>\n<p>C'est ainsi qu'il a commenc\u00e9 \u00e0 r\u00e9viser les r\u00e8gles du padel et \u00e0 d\u00e9finir la taille des terrains et les bordures. Mais il ne s'est pas content\u00e9 de la th\u00e9orie grise : \u00e0 son retour en Espagne, il a construit deux nouveaux terrains de padel dans son h\u00f4tel Marbella Club.<\/p>\n<p>Et il a commenc\u00e9 \u00e0 commercialiser intelligemment le padel. Il a organis\u00e9 des tournois \"Pro-Am\" o\u00f9 les paires \u00e9taient compos\u00e9es d'un joueur professionnel et d'une c\u00e9l\u00e9brit\u00e9. Le padel s'est ainsi rapidement fait conna\u00eetre aupr\u00e8s des c\u00e9l\u00e9brit\u00e9s et des sportifs. Parmi ces derniers, on peut citer Enrique Igl\u00e9sias, le duc de Borb\u00f3n ou Guinlla von Bismark. Le joueur de tennis Manolo Santana en faisait \u00e9galement partie. Il a organis\u00e9 d'autres tournois de padel dans le sud de l'Espagne. C'est ainsi que le padel est rapidement devenu un v\u00e9ritable sport \u00e0 la mode sur la Costa del Sol, une r\u00e9gion baign\u00e9e de soleil.<\/p>\n<p>&nbsp;<\/p>\n<h3>A partir de 1975 - Le padel se r\u00e9pand dans le monde entier, de l'Espagne \u00e0 l'Argentine.<\/h3>\n<p>D\u00e8s l'ann\u00e9e suivante, c'est-\u00e0-dire en 1975, le prince Alfonso zu Hohenlohe a pu pr\u00e9senter le padel \u00e0 son ami argentin Julio Menditeguy et aux joueurs de l'\u00e9quipe de polo argentine qui l'accompagnaient. Ils furent imm\u00e9diatement contamin\u00e9s par le virus du padel et construisirent \u00e0 leur tour des courts de padel en Argentine. Le padel y a connu une croissance aussi rapide qu'en Espagne. Aujourd'hui, le padel est le deuxi\u00e8me sport national en Argentine, derri\u00e8re le football.<\/p>\n<p>Mais le padel a \u00e9galement pu se r\u00e9pandre dans d'autres pays d'Am\u00e9rique du Sud et d'Am\u00e9rique centrale.<\/p>\n<p>En Europe, il ne s'est pas pass\u00e9 grand-chose en dehors de l'Espagne.<\/p>\n<p>&nbsp;<\/p>\n<h3>Vers 2010 - Le padel s'\u00e9tend \u00e0 toute l'Europe<\/h3>\n<p>Jusqu'en 2010, des terrains de padel ont \u00e9t\u00e9 construits ici et l\u00e0. Mais il n'y a pas eu de v\u00e9ritable boom comme en Espagne ou en Am\u00e9rique latine. M\u00eame le padel allemand \u00e9tait encore en sommeil.<\/p>\n<p>Mais \u00e0 partir de 2010 environ, les choses ont commenc\u00e9 \u00e0 changer. Les premi\u00e8res tentatives s\u00e9rieuses d'\u00e9tablir le padel en Europe ont pris forme, par exemple au Portugal et en Italie. En Italie, on a assist\u00e9 \u00e0 partir de 2015 \u00e0 une v\u00e9ritable explosion des installations et des terrains de padel \u00e0 Rome et dans les environs. Aujourd'hui, les clubs de padel se succ\u00e8dent en Italie, notamment en Lombardie. En France aussi (o\u00f9 l'ancien joueur de tennis professionnel Henri Leconte est tr\u00e8s actif avec sa soci\u00e9t\u00e9), les clubs de padel se multiplient. <a href=\"\/fr\/henri-leconte-padel\/\">Henri Leconte Padel<\/a>), la Su\u00e8de (le footballeur Zlatan Ibrahimovi\u0107 investit assid\u00fbment dans le padel et construit de v\u00e9ritables ar\u00e8nes de padel). La Belgique et les Pays-Bas sont des pays o\u00f9 le padel se d\u00e9veloppe de plus en plus !<\/p>\n<p>&nbsp;<\/p>\n<h2>Histoire du padel en Allemagne<\/h2>\n<p>En Allemagne, le padel a commenc\u00e9 d\u00e8s 2003. Le premier court de padel d'Allemagne a \u00e9t\u00e9 construit au centre sportif de Halberstadt \"Zuckerfabrik\" (de <a href=\"\/fr\/the-padelcourt-biz-courtwall\/\">Le Padelcourt Biz<\/a>). C'\u00e9tait donc la premi\u00e8re fois que le padel existait en Allemagne. Malheureusement, ce court de padel est rest\u00e9 seul pendant de nombreuses ann\u00e9es et ce premier terrain de padel a malheureusement \u00e9t\u00e9 d\u00e9mont\u00e9 d\u00e8s 2012 en raison de la faillite de l'exploitant de l'installation.<\/p>\n<p>C'est \u00e0 ce moment pr\u00e9cis que les premiers nouveaux courts de padel ont vu le jour en Allemagne. Parmi eux, Alexander Hillbricht (<a href=\"\/fr\/padel-berlin-friedrichshain\/\">Padel Berlin<\/a>) et Ralf Stoffers (Play the Wall) ont \u00e9t\u00e9 parmi les premiers, avec Hubert Bullach, \u00e0 Francfort (en 2011, en bordure du parc Nidda de Francfort), non seulement \u00e0 am\u00e9nager des terrains de padel, mais aussi \u00e0 faire conna\u00eetre le padel \u00e0 un plus large public pour la premi\u00e8re fois.<\/p>\n<p>Par la suite, les choses se sont certes poursuivies de mani\u00e8re continue, mais le grand boom, comme par exemple en Italie, n'a pas eu lieu pour le moment.<\/p>\n<p>2018\/2019 kam dann aber noch mal deutlich Zug in die Entwicklung des Padelsports in Deutschland. Mit der Neustrukturierung des deutschen Padelverbands &#8222;<a href=\"\/fr\/federation-allemande-de-padel\/\">F\u00e9d\u00e9ration allemande de padel<\/a>&#8220; und der dazugeh\u00f6rigen <a href=\"\/fr\/german-padel-tour\/\">German Padel Tour<\/a> le padel se professionnalise de plus en plus en Allemagne \u00e9galement.<\/p>\n<p>Entre-temps, un nouveau site de padel ouvre presque chaque mois, si bien qu'on en perd presque la vue d'ensemble. L'histoire du padel se poursuit donc en Allemagne.<\/p>\n<p>Ici, nous avons une actualit\u00e9 <a href=\"\/fr\/terrains-de-padel\/\">Carte des terrains de padel en Allemagne<\/a>qui est continuellement actualis\u00e9e ! Les installations de padel actives (orange) et les sites de padel planifi\u00e9s (bleu) sont affich\u00e9s.<\/p>\n<p>&nbsp;<\/p>\n<div id=\"attachment_6962\" style=\"width: 610px\" class=\"wp-caption aligncenter\"><a href=\"\/fr\/terrains-de-padel\/\"><img loading=\"lazy\" decoding=\"async\" aria-describedby=\"caption-attachment-6962\" class=\"wp-image-6962 size-full\" src=\"https:\/\/www.padel-test.de\/wp-content\/uploads\/2022\/09\/Padel-Pl\u00e4tze-Deutschland.jpg\" alt=\"Terrains de padel Allemagne\" width=\"600\" height=\"400\" \/><\/a><p id=\"caption-attachment-6962\" class=\"wp-caption-text\">Terrains de padel Allemagne, Autriche &amp; Suisse - Carte<\/p><\/div>\n<p>&nbsp;<\/p>\n<p style=\"text-align: center;\"><strong>Directement vers <span style=\"text-decoration: underline;\">actuel<\/span> Carte de la <a href=\"\/fr\/paddle-plaetze-deutschland\/\">Terrains de padel Allemagne<\/a><\/strong><\/p>\n<p>&nbsp;<\/p>","protected":false},"excerpt":{"rendered":"<p>Histoire du padel : Enrique Corcuera, du Mexique, est consid\u00e9r\u00e9 comme l'inventeur du padel actuel. Il a eu l'id\u00e9e d'un nouveau jeu de balle mural en 1962. Le premier terrain de padel \u00e0 Acapulco - c'est l\u00e0 que l'histoire du padel a commenc\u00e9. Dans sa r\u00e9sidence de Puerto Acapulco (Mexique), il construisit un mur d'environ trois m\u00e8tres de haut \u00e0 l'extr\u00e9mit\u00e9 d'un petit terrain de pelote basque adoss\u00e9 au mur de sa maison et ferma les deux c\u00f4t\u00e9s du terrain avec une cl\u00f4ture grillag\u00e9e. Au milieu, il a ajout\u00e9 un filet (comme au tennis). Et voil\u00e0 ...<\/p>","protected":false},"author":1,"featured_media":18226,"parent":18170,"menu_order":6,"comment_status":"closed","ping_status":"closed","template":"","meta":{"_acf_changed":false,"_sitemap_exclude":false,"_sitemap_priority":"","_sitemap_frequency":"","_analytify_skip_tracking":false,"footnotes":""},"class_list":["post-18225","page","type-page","status-publish","has-post-thumbnail","hentry"],"acf":[],"_links":{"self":[{"href":"https:\/\/www.padel-test.de\/fr\/wp-json\/wp\/v2\/pages\/18225","targetHints":{"allow":["GET"]}}],"collection":[{"href":"https:\/\/www.padel-test.de\/fr\/wp-json\/wp\/v2\/pages"}],"about":[{"href":"https:\/\/www.padel-test.de\/fr\/wp-json\/wp\/v2\/types\/page"}],"author":[{"embeddable":true,"href":"https:\/\/www.padel-test.de\/fr\/wp-json\/wp\/v2\/users\/1"}],"replies":[{"embeddable":true,"href":"https:\/\/www.padel-test.de\/fr\/wp-json\/wp\/v2\/comments?post=18225"}],"version-history":[{"count":2,"href":"https:\/\/www.padel-test.de\/fr\/wp-json\/wp\/v2\/pages\/18225\/revisions"}],"predecessor-version":[{"id":23255,"href":"https:\/\/www.padel-test.de\/fr\/wp-json\/wp\/v2\/pages\/18225\/revisions\/23255"}],"up":[{"embeddable":true,"href":"https:\/\/www.padel-test.de\/fr\/wp-json\/wp\/v2\/pages\/18170"}],"wp:featuredmedia":[{"embeddable":true,"href":"https:\/\/www.padel-test.de\/fr\/wp-json\/wp\/v2\/media\/18226"}],"wp:attachment":[{"href":"https:\/\/www.padel-test.de\/fr\/wp-json\/wp\/v2\/media?parent=18225"}],"curies":[{"name":"wp","href":"https:\/\/api.w.org\/{rel}","templated":true}]}}