{"id":18229,"date":"2019-08-02T16:45:49","date_gmt":"2019-08-02T16:45:49","guid":{"rendered":"http:\/\/www.padel-test.de\/padel-wissen\/padel-regeln\/"},"modified":"2022-11-28T21:31:47","modified_gmt":"2022-11-28T21:31:47","slug":"regles-de-padel","status":"publish","type":"page","link":"https:\/\/www.padel-test.de\/fr\/savoir-padel\/regles-de-padel\/","title":{"rendered":"R\u00e8gles du padel"},"content":{"rendered":"<p>Les r\u00e8gles du padel : Les r\u00e8gles du padel sont en principe faciles \u00e0 comprendre. Celui qui a \u00e9t\u00e9 2 ou 3 fois sur le terrain sait en fait tout ce qui est important pour pouvoir jouer au padel selon les r\u00e8gles. Pourtant, le crux est dans le d\u00e9tail. En particulier lors des tournois de padel, tout doit \u00eatre clair \u00e0 100% pr\u00e8s.<\/p>\n<p>C'est pourquoi nous avons rassembl\u00e9 pour vous un aper\u00e7u des r\u00e8gles les plus importantes du padel. Et tout \u00e0 la fin, vous trouverez un lien vers les r\u00e8gles officielles de padel de la FIP (mais en anglais).<\/p>\n<h2>R\u00e8gles du jeu Padel<\/h2>\n<p><strong>Les principales r\u00e8gles du padel en un coup d'\u0153il :<\/strong><\/p>\n<p>Le padel se joue toujours en double, c'est-\u00e0-dire \u00e0 quatre. Les deux \u00e9quipes se font face sur les deux moiti\u00e9s du court de padel, s\u00e9par\u00e9es par un filet (comme au tennis). Le <a href=\"\/fr\/savoir-padel\/raquettes-de-padel\/\">Raquettes de padel<\/a> a une boucle. Il faut absolument l'utiliser (passer la main \u00e0 travers et la fermer) pour \u00e9viter que la raquette ne s'envole par m\u00e9garde.<\/p>\n<p>En effet, il est tr\u00e8s rare de se blesser en jouant au padel - et cela doit rester ainsi !<\/p>\n<p>&nbsp;<\/p>\n<h3>R\u00e8gle du service au padel<\/h3>\n<p>Le service doit \u00eatre effectu\u00e9 derri\u00e8re la ligne de service et en tant que coup inf\u00e9rieur (la balle doit \u00eatre frapp\u00e9e au maximum \u00e0 hauteur de la hanche). La balle doit \u00eatre jou\u00e9e en crois\u00e9 dans le camp adverse, sans toucher le filet ou le mur. Le <a href=\"\/fr\/savoir-padel\/palettes-de-padel\/\">Padelball<\/a> doit d'abord toucher le sol du c\u00f4t\u00e9 adverse du terrain avant de toucher le mur arri\u00e8re ou la cl\u00f4ture. Le joueur de retour peut attendre ce moment ou renvoyer le ballon directement apr\u00e8s avoir touch\u00e9 le sol. Une reprise de vol\u00e9e n'est pas autoris\u00e9e dans cette situation de jeu !<\/p>\n<p>Apr\u00e8s chaque service, l'\u00e9quipe au service change de c\u00f4t\u00e9 dans son propre terrain et joue ensuite \u00e0 nouveau en crois\u00e9 dans le terrain adverse. L'\u00e9quipe qui re\u00e7oit reste debout, de sorte que c'est toujours le m\u00eame joueur qui sert dans un jeu, mais dans l'\u00e9quipe qui re\u00e7oit, les deux joueurs viennent alternativement pour le jeu de retour.<\/p>\n<p>Le serveur a droit \u00e0 deux tentatives de service.<\/p>\n<p>Un roulement de filet entra\u00eene un redoublement si la balle est quand m\u00eame entr\u00e9e correctement sur le terrain.<\/p>\n<p>En principe, la balle de padel ne peut toucher le sol qu'une seule fois \u00e0 la fois. Si la balle touche le sol deux fois, l'\u00e9quipe qui a frapp\u00e9 la balle gagne le point.<\/p>\n<p>&nbsp;<\/p>\n<h3>Une question tr\u00e8s fr\u00e9quente concerne la position des joueurs au service :<\/h3>\n<ul>\n<li>Qui peut se tenir o\u00f9 ?<\/li>\n<li>Le partenaire du joueur qui sert peut-il choisir son camp ?<\/li>\n<\/ul>\n<p>&nbsp;<\/p>\n<p>Le r\u00e8glement officiel de la FIP stipule que<\/p>\n<blockquote><p><em>R\u00c8GLE 3. POSITION DES JOUEURS<\/em><br \/>\n<em>1. chaque paire de joueurs se trouve d'un c\u00f4t\u00e9 ou de l'autre du filet sur le terrain. Le joueur qui sert (serveur) met le ballon en jeu et le<\/em><br \/>\n<em>joueur en diagonale devant ce joueur (receveur) re\u00e7oit le ballon gagn\u00e9.<\/em><br \/>\n<em>2. le joueur qui re\u00e7oit peut \u00eatre dans n'importe quelle partie de son c\u00f4t\u00e9 du court, comme peut l'\u00eatre son partenaire et le partenaire des serveurs.<\/em><\/p><\/blockquote>\n<p>&nbsp;<\/p>\n<blockquote><p>Traduit :<\/p>\n<p><em>R\u00c8GLE 3. POSITION DES JOUEURS<\/em><br \/>\n<em>1) Chaque paire de joueurs se trouve de part et d'autre du filet sur le terrain de jeu. Le joueur qui sert (serveur) met la balle en jeu et le joueur qui ne sert pas (serveur) met la balle en jeu.<\/em><br \/>\n<em>Le joueur situ\u00e9 en diagonale devant ce joueur (receveur) re\u00e7oit la balle servie.<\/em><br \/>\n<em>2. le joueur qui re\u00e7oit la balle peut se trouver n'importe o\u00f9 de son c\u00f4t\u00e9 du terrain, de m\u00eame que son partenaire et le partenaire du serveur<\/em><\/p><\/blockquote>\n<p>&nbsp;<\/p>\n<p><strong>Cela signifie que<\/strong><\/p>\n<p>Le co\u00e9quipier du serveur peut se tenir n'importe o\u00f9 - il peut toujours rester du c\u00f4t\u00e9 o\u00f9 il re\u00e7oit le service, mais il peut aussi changer de c\u00f4t\u00e9 avec le joueur de padel qui sert et se positionner o\u00f9 il veut.<\/p>\n<p>Th\u00e9oriquement, il peut donc aussi se placer derri\u00e8re le joueur qui sert !<\/p>\n<p>&nbsp;<\/p>\n<h3>Mode de comptage Padel<\/h3>\n<p>La m\u00e9thode de comptage au padel est la m\u00eame qu'au tennis : le serveur est appel\u00e9 en premier, suivi du relanceur. L'\u00e9quipe gagnante est celle qui remporte deux sets en premier. Pour gagner un set, Une \u00e9quipe gagne un set si elle remporte d'abord 6 jeux en ayant au moins deux jeux d'avance (par exemple 6:1, 6:2, 6:3 et 6:4) ou, si le score \u00e9tait entre-temps de 5.5, \u00e0 7:5 ou au tie-break si le score \u00e9tait entre-temps de 6:6 ; le vainqueur du tie-break a alors gagn\u00e9 le set 7:6.<\/p>\n<p>Tout comme au tennis, donc. Tout comme la mani\u00e8re de compter au sein d'un seul match : 15, 30 et 40.<\/p>\n<p>Avec le quatri\u00e8me point, le match est gagn\u00e9 si une \u00e9quipe a deux points d'avance. A partir de 40:40, on continue \u00e0 jouer jusqu'\u00e0 ce qu'une \u00e9quipe ait deux points d'avance.<\/p>\n<p>&nbsp;<\/p>\n<p><strong>Mode de comptage du padel en r\u00e9sum\u00e9 :<\/strong><\/p>\n<ul>\n<li><strong>Points<\/strong> sont compt\u00e9s comme au tennis : 0, 15, 30, 40, jeu<\/li>\n<li><strong>Jeu<\/strong>Avec 4 points, on gagne un match - si on a au moins 2 points de plus que l'autre \u00e9quipe. sinon, c'est match nul et \u00e7a veut dire...<\/li>\n<li><strong>Match nul<\/strong>: Si le score est de 40:40, c'est-\u00e0-dire un match nul, le jeu se poursuit et la paire qui gagne deux points cons\u00e9cutifs l'emporte.<\/li>\n<li><strong>Jeu<\/strong>: Une \u00e9quipe gagne un set lorsqu'elle a remport\u00e9 six matchs avec au moins deux sets d'avance.<\/li>\n<li><strong>Tie-Break<\/strong>Un tie-break est jou\u00e9 lorsque le score est de 6 jeux \u00e0 6. Il est compt\u00e9 0, 1, 2, 3, etc. Le tie-break est remport\u00e9 par l'\u00e9quipe qui a marqu\u00e9 sept points en premier. Et \u00e0 nouveau, 2 points d'avance sont n\u00e9cessaires \ud83d\ude42<\/li>\n<li><strong>Match<\/strong>Pour remporter le match de padel, une \u00e9quipe doit gagner deux sets sur trois (au meilleur des trois manches).<\/li>\n<\/ul>\n<p>&nbsp;<\/p>\n<h4>Quand obtient-on un point au padel ?<\/h4>\n<p>L'\u00e9quipe marque un point si elle joue un coup que l'\u00e9quipe adverse ne peut pas retourner - par exemple :<\/p>\n<ul>\n<li>un smash qui s'envole hors de la cage de padel apr\u00e8s l'impact<\/li>\n<li>la balle de padel revient apr\u00e8s un coup sans que l'\u00e9quipe adverse ait touch\u00e9 la balle<\/li>\n<\/ul>\n<p>&nbsp;<\/p>\n<p>ou la paire adverse joue un coup erron\u00e9 - les coups erron\u00e9s sont entre autres<\/p>\n<ul>\n<li>la balle de padel atterrit dans le filet<\/li>\n<li>la balle de padel est envoy\u00e9e hors du terrain (par ex. par-dessus la cage ou par l'entr\u00e9e\/la sortie)<\/li>\n<li>la boule de feutre touche deux fois le sol<\/li>\n<li>les parois en plexiglas (de son c\u00f4t\u00e9 comme de celui de l'\u00e9quipe adverse) sont touch\u00e9es par la balle de padel avant qu'elle ne touche le sol de l'\u00e9quipe adverse<\/li>\n<li>la balle de jeu touche le grillage m\u00e9tallique de son propre terrain apr\u00e8s avoir \u00e9t\u00e9 frapp\u00e9e (par ex. en essayant de jouer contre sa propre limite (plexiglas))<\/li>\n<li>le ballon touche le joueur qui frappe ou son partenaire de jeu<\/li>\n<\/ul>\n<p>&nbsp;<\/p>\n\n<p>&nbsp;<\/p>\n<h3>Autres r\u00e8gles du padel<\/h3>\n<ul>\n<li>La raquette et le joueur ne doivent pas toucher le filet. Un joueur qui touche le filet ou une partie du terrain de l'\u00e9quipe adverse avec sa raquette ou son corps perd le point.<\/li>\n<li>La balle de padel ne peut \u00eatre touch\u00e9e qu'une seule fois par coup avec la raquette de padel. Le joueur de padel ne doit pas toucher la balle avec son corps.<\/li>\n<li>Si le score est impair (1:0, 2:1, 3:2, 4:1, etc.), on change de camp \u00e0 chaque fois.<\/li>\n<\/ul>\n<p>&nbsp;<\/p>\n<h2 style=\"text-align: left;\">FIP - R\u00e8gles officielles du padel<\/h2>\n<p>Les r\u00e8gles officielles du padel sont malheureusement tr\u00e8s volumineuses, car elles clarifient aussi de nombreux d\u00e9tails qui ne sont pas si importants pour les joueurs amateurs. Mais lors des grands tournois de padel de la <a href=\"\/fr\/padel_association\/federation-mondiale-de-padel\/\">FIP<\/a>, qui <a href=\"\/fr\/padel_association\/world-padel-tour\/\">World Padel Tour<\/a> ou le <a href=\"\/fr\/german-padel-tour\/\">German Padel Tour<\/a> (o\u00f9 les meilleurs joueurs de padel disputent leurs matches), tout doit bien s\u00fbr \u00eatre r\u00e9gl\u00e9 100%.<\/p>\n<p>Et ces r\u00e8gles de padel sont bien s\u00fbr continuellement mises \u00e0 jour.<\/p>\n<p>Si vous voulez en savoir plus, vous pouvez consulter les r\u00e8gles officielles du padel de la FIP (en anglais).<\/p>\n<p>Vers le t\u00e9l\u00e9chargement (PDF) des r\u00e8gles officielles du padel : <a class=\"button\" href=\"https:\/\/www.padelfip.com\/wp-content\/uploads\/2017\/06\/Rules-of-Padel.pdf\" target=\"_blank\" rel=\"nofollow noopener noreferrer\">R\u00e8gles officielles de padel de la FIP en anglais<\/a><\/p>\n<p>&nbsp;<\/p>\n<p style=\"text-align: center;\">Maintenant, tu as d\u00e9j\u00e0 appris beaucoup de choses sur le padel et ses r\u00e8gles de jeu.<\/p>\n<p style=\"text-align: center;\"><strong>Mais quels sont en fait les <a href=\"\/fr\/savoir-padel\/differences-tennis-padel\/\">Diff\u00e9rences entre le padel et le tennis<\/a>?<\/strong><\/p>","protected":false},"excerpt":{"rendered":"<p>Les r\u00e8gles du padel : Les r\u00e8gles du padel sont en principe faciles \u00e0 comprendre. Celui qui a \u00e9t\u00e9 2 ou 3 fois sur le terrain sait en fait tout ce qui est important pour pouvoir jouer au padel selon les r\u00e8gles. Pourtant, le crux est dans le d\u00e9tail. En particulier lors des tournois de padel, il faut ...<\/p>","protected":false},"author":1,"featured_media":0,"parent":18170,"menu_order":2,"comment_status":"closed","ping_status":"closed","template":"","meta":{"_acf_changed":false,"_sitemap_exclude":false,"_sitemap_priority":"","_sitemap_frequency":"","_analytify_skip_tracking":false,"footnotes":""},"class_list":["post-18229","page","type-page","status-publish","hentry"],"acf":[],"_links":{"self":[{"href":"https:\/\/www.padel-test.de\/fr\/wp-json\/wp\/v2\/pages\/18229","targetHints":{"allow":["GET"]}}],"collection":[{"href":"https:\/\/www.padel-test.de\/fr\/wp-json\/wp\/v2\/pages"}],"about":[{"href":"https:\/\/www.padel-test.de\/fr\/wp-json\/wp\/v2\/types\/page"}],"author":[{"embeddable":true,"href":"https:\/\/www.padel-test.de\/fr\/wp-json\/wp\/v2\/users\/1"}],"replies":[{"embeddable":true,"href":"https:\/\/www.padel-test.de\/fr\/wp-json\/wp\/v2\/comments?post=18229"}],"version-history":[{"count":0,"href":"https:\/\/www.padel-test.de\/fr\/wp-json\/wp\/v2\/pages\/18229\/revisions"}],"up":[{"embeddable":true,"href":"https:\/\/www.padel-test.de\/fr\/wp-json\/wp\/v2\/pages\/18170"}],"wp:attachment":[{"href":"https:\/\/www.padel-test.de\/fr\/wp-json\/wp\/v2\/media?parent=18229"}],"curies":[{"name":"wp","href":"https:\/\/api.w.org\/{rel}","templated":true}]}}