{"id":18246,"date":"2019-10-30T22:41:47","date_gmt":"2019-10-30T22:41:47","guid":{"rendered":"http:\/\/www.padel-test.de\/padel-wissen\/padel-spielfeld\/"},"modified":"2022-11-28T21:31:35","modified_gmt":"2022-11-28T21:31:35","slug":"terrain-de-padel","status":"publish","type":"page","link":"https:\/\/www.padel-test.de\/fr\/savoir-padel\/terrain-de-padel\/","title":{"rendered":"Terrain de padel"},"content":{"rendered":"<p>La taille d'un terrain de padel est \u00e0 peine plus petite que celle d'un court de tennis (23,77m x 10,97 en double). Un court de tennis dispose toutefois d'une tr\u00e8s grande zone de jeu.<\/p>\n<p>Le terrain de padel, entour\u00e9 de parois en verre, mesure 20 m\u00e8tres de long et 10 m\u00e8tres de large. Au milieu, le terrain de padel est s\u00e9par\u00e9 par un filet - chaque c\u00f4t\u00e9 est donc carr\u00e9 (10x10m). L'\u00e9cart maximal des dimensions peut \u00eatre de 0,5%.<\/p>\n<p>Le filet mesure 10 m\u00e8tres de long et a une hauteur de 0,88 m\u00e8tre au centre - sur les bords, le filet ne doit pas d\u00e9passer 0,92 m\u00e8tre.<\/p>\n<p>Les poteaux auxquels le filet de pagaie est suspendu doivent avoir une hauteur maximale de 1,05 m\u00e8tre.<\/p>\n<p>&nbsp;<\/p>\n<div id=\"attachment_11254\" style=\"width: 693px\" class=\"wp-caption aligncenter\"><img loading=\"lazy\" decoding=\"async\" aria-describedby=\"caption-attachment-11254\" class=\"wp-image-11254 size-full\" src=\"https:\/\/www.padel-test.de\/wp-content\/uploads\/2022\/09\/Padel-Court-Abmessungen.png\" alt=\"Dimensions du court de padel\" width=\"683\" height=\"566\" \/><p id=\"caption-attachment-11254\" class=\"wp-caption-text\">Dimensions du Padel Court - Esquisse de <a href=\"\/fr\/constructeur-de-terrains-de-padel-2\/padelcreations\/\">Padelcreations<\/a><\/p><\/div>\n<h2>Murs du terrain de padel<\/h2>\n<p>L'ensemble du terrain de padel est encadr\u00e9 par une paroi en verre tremp\u00e9 (verre de s\u00e9curit\u00e9). Celle-ci n'est interrompue qu'au niveau des poteaux du filet par une entr\u00e9e\/sortie par laquelle les joueurs peuvent acc\u00e9der au terrain de padel.<\/p>\n<p>Les parois frontales ont une hauteur de 4m. Sur les parois lat\u00e9rales, cette hauteur diminue apr\u00e8s environ 1m pour atteindre 3m de hauteur. La partie sup\u00e9rieure, c'est-\u00e0-dire celle qui repose sur le verre de s\u00e9curit\u00e9 tremp\u00e9, est constitu\u00e9e d'un grillage m\u00e9tallique (dans le cas de constructions simples, il peut s'agir uniquement d'une cl\u00f4ture grillag\u00e9e).<\/p>\n<p>Le verre de s\u00e9curit\u00e9 tremp\u00e9 et le grillage m\u00e9tallique utilis\u00e9s comme mat\u00e9riaux de d\u00e9limitation garantissent aux spectateurs une vue d\u00e9gag\u00e9e sur le terrain de padel.<\/p>\n<p>&nbsp;<\/p>\n<h3>\u00c9clairage du terrain de padel<\/h3>\n<p>L'\u00e9clairage des courts de padel ext\u00e9rieurs est g\u00e9n\u00e9ralement assur\u00e9 par 4 projecteurs. Les anciens terrains de padel utilisent encore des lampes classiques, mais les courts de padel modernes sont \u00e9quip\u00e9s de projecteurs LED, car ils sont au moins aussi performants, tout en \u00e9tant moins gourmands en \u00e9nergie. La hauteur totale d'un terrain de padel est d'environ 6 m\u00e8tres.<\/p>\n<p>Dans les salles de padel, l'\u00e9clairage est souvent con\u00e7u de mani\u00e8re tr\u00e8s individuelle ; ici, cela d\u00e9pend aussi souvent de l'utilisation ant\u00e9rieure du terrain comme court de tennis, par exemple.<\/p>\n<div id=\"attachment_11253\" style=\"width: 439px\" class=\"wp-caption aligncenter\"><img loading=\"lazy\" decoding=\"async\" aria-describedby=\"caption-attachment-11253\" class=\"wp-image-11253 size-full\" src=\"https:\/\/www.padel-test.de\/wp-content\/uploads\/2022\/09\/Padelplatz-Skizze.png\" alt=\"Hauteur du court de padel, projecteurs inclus\u00a0\" width=\"429\" height=\"225\" \/><p id=\"caption-attachment-11253\" class=\"wp-caption-text\">Hauteur du court de padel, projecteurs inclus<\/p><\/div>\n<p>&nbsp;<\/p>\n<p><em>Conseil : Tu trouveras plus d'informations sur les <a href=\"https:\/\/www.padel-test.de\/fr\/savoir-padel\/regles-de-padel\/\">R\u00e8gles du padel<\/a>.<\/em><\/p>","protected":false},"excerpt":{"rendered":"<p>La taille d'un terrain de padel est plus petite que celle d'un court de tennis (23,77m x 10,97 en double). Le terrain de padel, avec ses murs en plexiglas, mesure 20m de long et<\/p>","protected":false},"author":1,"featured_media":11251,"parent":18170,"menu_order":3,"comment_status":"closed","ping_status":"closed","template":"","meta":{"_acf_changed":false,"_sitemap_exclude":false,"_sitemap_priority":"","_sitemap_frequency":"","_analytify_skip_tracking":false,"footnotes":""},"class_list":["post-18246","page","type-page","status-publish","has-post-thumbnail","hentry"],"acf":[],"_links":{"self":[{"href":"https:\/\/www.padel-test.de\/fr\/wp-json\/wp\/v2\/pages\/18246","targetHints":{"allow":["GET"]}}],"collection":[{"href":"https:\/\/www.padel-test.de\/fr\/wp-json\/wp\/v2\/pages"}],"about":[{"href":"https:\/\/www.padel-test.de\/fr\/wp-json\/wp\/v2\/types\/page"}],"author":[{"embeddable":true,"href":"https:\/\/www.padel-test.de\/fr\/wp-json\/wp\/v2\/users\/1"}],"replies":[{"embeddable":true,"href":"https:\/\/www.padel-test.de\/fr\/wp-json\/wp\/v2\/comments?post=18246"}],"version-history":[{"count":0,"href":"https:\/\/www.padel-test.de\/fr\/wp-json\/wp\/v2\/pages\/18246\/revisions"}],"up":[{"embeddable":true,"href":"https:\/\/www.padel-test.de\/fr\/wp-json\/wp\/v2\/pages\/18170"}],"wp:featuredmedia":[{"embeddable":true,"href":"https:\/\/www.padel-test.de\/fr\/wp-json\/wp\/v2\/media\/11251"}],"wp:attachment":[{"href":"https:\/\/www.padel-test.de\/fr\/wp-json\/wp\/v2\/media?parent=18246"}],"curies":[{"name":"wp","href":"https:\/\/api.w.org\/{rel}","templated":true}]}}