{"id":18252,"date":"2022-02-07T12:15:01","date_gmt":"2022-02-07T12:15:01","guid":{"rendered":"http:\/\/www.padel-test.de\/padel-wissen\/padel-fans\/juergen-klopp-padel-tennis\/"},"modified":"2022-10-31T22:02:55","modified_gmt":"2022-10-31T22:02:55","slug":"juergen-klopp-padel-tennis","status":"publish","type":"page","link":"https:\/\/www.padel-test.de\/fr\/savoir-padel\/fans-de-padel\/juergen-klopp-padel-tennis\/","title":{"rendered":"J\u00fcrgen Klopp"},"content":{"rendered":"<p><strong>J\u00fcrgen Klopp et le padel ?!<\/strong><\/p>\n<p>Oui, vous avez bien lu !<\/p>\n<p>J\u00fcrgen Klopp est lui aussi un passionn\u00e9 de padel et est m\u00eame l'ambassadeur de la marque. <a href=\"\/fr\/paddle-ausruesters-2\/wilson\/\">\u00c9quipementier de padel Wilson<\/a>.<\/p>\n<p>&nbsp;<\/p>\n<p><iframe loading=\"lazy\" title=\"Lecteur vid\u00e9o YouTube\" src=\"https:\/\/www.youtube-nocookie.com\/embed\/ciXzp3v8D6I\" width=\"560\" height=\"315\" frameborder=\"0\" allowfullscreen=\"allowfullscreen\"><\/iframe><\/p>\n<p>&nbsp;<\/p>\n<p>On peut lire dans Horizont, l'organe de r\u00e9f\u00e9rence de l'industrie publicitaire allemande :<\/p>\n<p>&nbsp;<\/p>\n<blockquote><p><em>Dabei wirbt der Coach des FC Liverpool aber nicht etwa f\u00fcr klassische Tennisschl\u00e4ger, sondern f\u00fcr den Padel-Sport, ein vom Tennis abgeleitetes R\u00fcckschlagspiel. Konkret soll Klopp &#8211; laut eigener Aussage selbst gro\u00dfer Fan der Trendsportart &#8211; dabei helfen, die globale Wilson-Padel-Community mit Innovationen, starken Partnerschaften und Kollaborationen sukzessive zu vergr\u00f6\u00dfern. Die neue Schl\u00e4ger-Kollektion &#8222;Wilson x Klopp&#8220; soll f\u00fcr Leidenschaft zum Padel-Sport stehen und die Aufmerksamkeit f\u00fcr die Trendsportart in ganz Europa steigern.<\/em><\/p><\/blockquote>\n<h2>Et que dit J\u00fcrgen Klopp du padel ?<\/h2>\n<p>&nbsp;<\/p>\n<blockquote><p><em>Klopp selbst erg\u00e4nzt: &#8222;W\u00e4hrend ich meine Karriere damit verbringe, Fu\u00dfballer auf h\u00f6chstem Niveau zu trainieren, ist Padel zu meiner Lieblingssportart geworden. Es ist wirklich die gleiche Leidenschaft \u2013 nur f\u00fcr ein neues Spiel! Ich freue mich sehr \u00fcber die M\u00f6glichkeit, mit Wilson zusammenzuarbeiten und die Zukunft des Padel mitzugestalten.&#8220;<\/em><\/p><\/blockquote>\n<p>&nbsp;<\/p>\n<p>Nous nous r\u00e9jouissons en tout cas que <a href=\"\/fr\/savoir-padel\/padel-tennis\/\">Padel Tennis<\/a> sera encore revaloris\u00e9 par J\u00fcrgen Klopp et, esp\u00e9rons-le, sera encore plus connu et surtout plus appr\u00e9ci\u00e9 !<\/p>\n<p>&nbsp;<\/p>\n<h3>Et un autre footballeur connu joue au padel : <a href=\"\/fr\/savoir-padel\/fans-de-padel\/zinedine-zidane-padel-tennis\/\">Zinedine Zidane<\/a><\/h3>","protected":false},"excerpt":{"rendered":"<p>J\u00fcrgen Klopp et le padel ?! Oui, vous avez bien lu ! J\u00fcrgen Klopp est lui aussi un passionn\u00e9 de padel et est m\u00eame l'ambassadeur de la marque Wilson.     Dans Horizont, l'organe de r\u00e9f\u00e9rence de la publicit\u00e9 allemande, on peut lire : \"L'entra\u00eeneur du FC Liverpool ne fait pas de la publicit\u00e9 pour des raquettes de tennis classiques, mais pour le padel, un jeu de renvoi d\u00e9riv\u00e9 du tennis....<\/p>","protected":false},"author":1,"featured_media":0,"parent":18251,"menu_order":0,"comment_status":"closed","ping_status":"closed","template":"","meta":{"_acf_changed":false,"_sitemap_exclude":false,"_sitemap_priority":"","_sitemap_frequency":"","_analytify_skip_tracking":false,"footnotes":""},"class_list":["post-18252","page","type-page","status-publish","hentry"],"acf":[],"_links":{"self":[{"href":"https:\/\/www.padel-test.de\/fr\/wp-json\/wp\/v2\/pages\/18252","targetHints":{"allow":["GET"]}}],"collection":[{"href":"https:\/\/www.padel-test.de\/fr\/wp-json\/wp\/v2\/pages"}],"about":[{"href":"https:\/\/www.padel-test.de\/fr\/wp-json\/wp\/v2\/types\/page"}],"author":[{"embeddable":true,"href":"https:\/\/www.padel-test.de\/fr\/wp-json\/wp\/v2\/users\/1"}],"replies":[{"embeddable":true,"href":"https:\/\/www.padel-test.de\/fr\/wp-json\/wp\/v2\/comments?post=18252"}],"version-history":[{"count":0,"href":"https:\/\/www.padel-test.de\/fr\/wp-json\/wp\/v2\/pages\/18252\/revisions"}],"up":[{"embeddable":true,"href":"https:\/\/www.padel-test.de\/fr\/wp-json\/wp\/v2\/pages\/18251"}],"wp:attachment":[{"href":"https:\/\/www.padel-test.de\/fr\/wp-json\/wp\/v2\/media?parent=18252"}],"curies":[{"name":"wp","href":"https:\/\/api.w.org\/{rel}","templated":true}]}}