{"id":19840,"date":"2022-11-16T17:56:25","date_gmt":"2022-11-16T17:56:25","guid":{"rendered":"https:\/\/www.padel-test.de\/?page_id=19840"},"modified":"2022-11-16T17:58:11","modified_gmt":"2022-11-16T17:58:11","slug":"padbol","status":"publish","type":"page","link":"https:\/\/www.padel-test.de\/fr\/savoir-padel\/padbol\/","title":{"rendered":"Padbol"},"content":{"rendered":"<p><strong>Padbol<\/strong> est un sport apparent\u00e9 au padel tennis, qui est aussi souvent pratiqu\u00e9 dans les clubs de padel, mais aussi dans les clubs de football.<\/p>\n<p>Car : le padbol est en fait un m\u00e9lange de padel, de tennis, de football et de volley-ball.<\/p>\n<p>Et le padbol est bien s\u00fbr le plus r\u00e9cent de ces sports - le pabol n'a \u00e9t\u00e9 \"invent\u00e9\" qu'en 2008 \u00e0 La Plata.<\/p>\n<p>&nbsp;<\/p>\n<h2>O\u00f9 joue-t-on au padbol ?<\/h2>\n<p>Surtout en Argentine, d'o\u00f9 ce sport est originaire.<\/p>\n<p>Aujourd'hui, on trouve des courts de padbol dans le monde entier, notamment en Allemagne, en Autriche, en Uruguay, au Paryguay, au Mexique, en Espagne, au Portugal, en Italie, en Belgique, au Danemark, en France, en Su\u00e8de, en Suisse et aux \u00c9tats-Unis.<\/p>\n<p>&nbsp;<\/p>\n<h3>Histoire du padbol<\/h3>\n<p>Padbol a \u00e9t\u00e9 fond\u00e9 en 2008 par Gustavo Miguens \u00e0 La Plata, en Argentine. Le premier terrain a \u00e9t\u00e9 construit en 2011 et d'autres villes argentines comme Rojas, Punta Alta et Buenos Aires ont suivi.<\/p>\n<p>Puis les premi\u00e8res boulettes de padbol sont arriv\u00e9es \u00e0 l'\u00e9tranger : comme pour le <a href=\"\/fr\/savoir-padel\/padel-tennis\/\">Padel Tennis<\/a> l'Espagne a \u00e9t\u00e9 le premier pays europ\u00e9en o\u00f9 le padbol a \u00e9t\u00e9 \u00e9tabli avec succ\u00e8s. D'autres pays en Europe et dans le monde ont rapidement suivi.<\/p>\n<p>La premi\u00e8re Coupe du monde de padbol a d\u00e9j\u00e0 eu lieu en 2013 - bien s\u00fbr dans la ville d'origine, La Plata, en Argentine !<\/p>\n<p>Les premiers champions du monde \u00e9taient le couple espagnol Oca\u00f1a et Palacios.<\/p>\n<p>Entre-temps, il existe aussi la <a href=\"https:\/\/europeanpadboltour.com\/\" target=\"_blank\" rel=\"nofollow noopener\">Tour europ\u00e9en de padbol<\/a>!<\/p>\n<p>&nbsp;<\/p>\n<h3>R\u00e8gles du padbol<\/h3>\n<p><strong>Terrain de jeu<\/strong><\/p>\n<p>Le terrain de jeu est un rectangle de 10 m\u00e8tres de long et de 6 m\u00e8tres de large (dimensions int\u00e9rieures). Il est divis\u00e9 transversalement par un filet suspendu \u00e0 un fil m\u00e9tallique d'un diam\u00e8tre maximal de 1 cm, dont les extr\u00e9mit\u00e9s sont fix\u00e9es \u00e0 deux poteaux de soutien dont les c\u00f4t\u00e9s int\u00e9rieurs co\u00efncident avec les limites lat\u00e9rales du terrain de jeu. dans chaque coin du terrain de jeu se trouvent un fronton et deux parois lat\u00e9rales qui y sont fix\u00e9es.<\/p>\n<p>Le pignon et les murs lat\u00e9raux doivent avoir une hauteur minimale de 2,50 m\u00e8tres et se correspondre.<\/p>\n<p>La hauteur du filet est comprise entre 90 et 100 centim\u00e8tres au centre et 100 cm au maximum aux extr\u00e9mit\u00e9s.<\/p>\n<p>Il doit y avoir au moins un acc\u00e8s \u00e0 la piste d'une largeur minimale de 0,60 m\u00e8tre et d'une hauteur de 2 m\u00e8tres de chaque c\u00f4t\u00e9.<\/p>\n<p>Il peut avoir une porte ou non.<\/p>\n<p>&nbsp;<\/p>\n<p><strong>Domaines<\/strong><\/p>\n<p>Il y a trois zones : Zone de service, zone d'accueil et zone rouge.<\/p>\n<ol>\n<li>Zone de service : C'est l\u00e0 que les serveurs doivent se retrouver pour effectuer leurs services, elle est d\u00e9limit\u00e9e par la ligne de 3,25 m\u00e8tres dans le filet, les parois lat\u00e9rales et la paroi inf\u00e9rieure.<\/li>\n<li>Zone de r\u00e9ception : Situ\u00e9e entre le filet, la ligne de service centrale, la ligne qui va d'un c\u00f4t\u00e9 \u00e0 l'autre de la piste (largeur) et verre lat\u00e9ral et \/ ou fermer le mur de d\u00e9limitation. Les lignes marqu\u00e9es sur le sol sont comprises dans la bo\u00eete valable pour long.<\/li>\n<li>Zone rouge : La zone qui forme un m\u00e8tre pour le filet de chaque c\u00f4t\u00e9, d\u00e9limit\u00e9e par une ligne entre la coupe et la largeur de l'ensemble du terrain. Elle doit \u00eatre rouge.<br \/>\nBalle<\/li>\n<\/ol>\n<p>&nbsp;<\/p>\n<p><strong>Balle de padbol<\/strong><\/p>\n<p>Le ballon doit avoir une surface ext\u00e9rieure uniforme et \u00eatre blanc ou jaune.<\/p>\n<p>Sa circonf\u00e9rence est de 670 mm et il doit \u00eatre en polyur\u00e9thane ; son poids peut varier entre 380 grammes et 400 grammes.<\/p>\n<p>&nbsp;<\/p>\n<p><strong>Padbol en un coup d'\u0153il :<\/strong><\/p>\n<ul>\n<li>Joueurs : 4. On joue en format double.<\/li>\n<li>Les services : Le service doit \u00eatre effectu\u00e9 avec la main inf\u00e9rieure. Un deuxi\u00e8me service est autoris\u00e9 en cas de faute, comme au tennis.<\/li>\n<li>Les points sont attribu\u00e9s : La m\u00e9thode de notation est la m\u00eame qu'au tennis. Les matchs se d\u00e9roulent en trois sets.<\/li>\n<li>Ballon : football, mais plus petit<\/li>\n<li>Place : il existe deux types de places : Places int\u00e9rieures et ext\u00e9rieures<\/li>\n<li>Murs : les murs ou les cl\u00f4tures font partie du jeu.<\/li>\n<\/ul>\n<p>&nbsp;<\/p>\n<h3>Vid\u00e9o Padbol<\/h3>\n<p>Et ici, tu peux voir directement comment les Champs jouent au padbol :<\/p>\n<p><iframe loading=\"lazy\" title=\"Lecteur vid\u00e9o YouTube\" src=\"https:\/\/www.youtube-nocookie.com\/embed\/1i9uilqN4mQ\" width=\"560\" height=\"315\" frameborder=\"0\" allowfullscreen=\"allowfullscreen\"><\/iframe><\/p>\n<p>La vid\u00e9o du Padbol provient de la Padbol Nations Cup 2022 en <a href=\"\/fr\/sites-de-padel-2\/padel-sportunion-wien\/\">Centre sportif Union Trends \u00e0 Vienne<\/a> aura lieu.<\/p>","protected":false},"excerpt":{"rendered":"<p>Le padbol est un sport apparent\u00e9 au padel tennis, qui est aussi souvent pratiqu\u00e9 dans les clubs de padel, mais aussi dans les clubs de football. En effet, le padbol est en fait un m\u00e9lange de padel, de tennis, de football et de volley-ball. Et le padbol est bien s\u00fbr le plus r\u00e9cent de ces sports - le pabol n'a \u00e9t\u00e9 \"invent\u00e9\" qu'en 2008 \u00e0 La Plata.   O\u00f9 joue-t-on au padbol ? Avant ...<\/p>","protected":false},"author":1,"featured_media":0,"parent":18170,"menu_order":0,"comment_status":"closed","ping_status":"closed","template":"","meta":{"_acf_changed":false,"_sitemap_exclude":false,"_sitemap_priority":"","_sitemap_frequency":"","_analytify_skip_tracking":false,"footnotes":""},"class_list":["post-19840","page","type-page","status-publish","hentry"],"acf":[],"_links":{"self":[{"href":"https:\/\/www.padel-test.de\/fr\/wp-json\/wp\/v2\/pages\/19840","targetHints":{"allow":["GET"]}}],"collection":[{"href":"https:\/\/www.padel-test.de\/fr\/wp-json\/wp\/v2\/pages"}],"about":[{"href":"https:\/\/www.padel-test.de\/fr\/wp-json\/wp\/v2\/types\/page"}],"author":[{"embeddable":true,"href":"https:\/\/www.padel-test.de\/fr\/wp-json\/wp\/v2\/users\/1"}],"replies":[{"embeddable":true,"href":"https:\/\/www.padel-test.de\/fr\/wp-json\/wp\/v2\/comments?post=19840"}],"version-history":[{"count":0,"href":"https:\/\/www.padel-test.de\/fr\/wp-json\/wp\/v2\/pages\/19840\/revisions"}],"up":[{"embeddable":true,"href":"https:\/\/www.padel-test.de\/fr\/wp-json\/wp\/v2\/pages\/18170"}],"wp:attachment":[{"href":"https:\/\/www.padel-test.de\/fr\/wp-json\/wp\/v2\/media?parent=19840"}],"curies":[{"name":"wp","href":"https:\/\/api.w.org\/{rel}","templated":true}]}}