{"id":20232,"date":"2023-01-09T10:20:00","date_gmt":"2023-01-09T10:20:00","guid":{"rendered":"https:\/\/www.padel-test.de\/?page_id=20232"},"modified":"2023-01-09T10:21:34","modified_gmt":"2023-01-09T10:21:34","slug":"cout-de-construction-dun-court-de-tennis","status":"publish","type":"page","link":"https:\/\/www.padel-test.de\/fr\/savoir-padel\/cout-de-construction-dun-court-de-tennis\/","title":{"rendered":"Construire un court de tennis - Co\u00fbts"},"content":{"rendered":"<p><strong>Co\u00fbt du court de tennis<\/strong>La construction d'un court de tennis est une op\u00e9ration co\u00fbteuse. Les co\u00fbts d\u00e9pendent bien s\u00fbr de la taille et de la complexit\u00e9 du terrain, mais aussi de la r\u00e9gion o\u00f9 le terrain de tennis doit \u00eatre construit et du type de construction. Dans les zones urbaines, les co\u00fbts de construction d'un court de tennis sont souvent plus \u00e9lev\u00e9s que dans les zones rurales. Pour un budget approximatif, il faut pr\u00e9voir entre 25.000 et 80.000 euros. Mais il existe \u00e9galement des options nettement plus on\u00e9reuses.<\/p>\n<p>Parmi les aspects les plus co\u00fbteux de la construction d'un court de tennis figurent les travaux de terrassement, le drainage et les fondations du court. Un autre facteur important dans la construction d'un court de tennis est le type de traitement de surface. Aujourd'hui, l'asphalte est utilis\u00e9 sur de nombreux courts nouvellement construits. Cependant, l'asphalte est \u00e9galement beaucoup plus cher que d'autres options de traitement telles que la pierre concass\u00e9e ou le m\u00e9lange bitume-polym\u00e8re (EPDM). En moyenne, la construction d'un court de tennis en asphalte co\u00fbte donc environ 30 \u00e0 60 euros par m2 , alors que des courts de tennis similaires en gravier ou en EPDM co\u00fbteraient environ 15 euros par m2.<\/p>\n<p>Tendanciellement, un terrain en terre battue ou en cendres est moins cher qu'un terrain en gazon synth\u00e9tique.<\/p>\n<p>La construction d'un court de tennis professionnel en terre battue peut par exemple co\u00fbter jusqu'\u00e0 150 000 euros s'il comprend des \u00e9l\u00e9ments plus sophistiqu\u00e9s tels que des courts en terre battue chauff\u00e9s ou des syst\u00e8mes d'\u00e9clairage. Bien entendu, le co\u00fbt de la construction du court n'est pas uniquement d\u00e9termin\u00e9 par l'achat du mat\u00e9riel et la location de l'\u00e9quipement, mais \u00e9galement par le travail du personnel qualifi\u00e9 n\u00e9cessaire pour construire et entretenir le court.<\/p>\n<p>&nbsp;<\/p>\n<h2>Co\u00fbt approximatif de la construction d'un court de tennis :<\/h2>\n<ul>\n<li>Construction d'un court de tennis - environ 15 000 \u00e0 23 000 euros<\/li>\n<li>Rev\u00eatement de sol pour tennis (cendre\/sable, gazon synth\u00e9tique, m\u00e9lange bitume-polym\u00e8re (EPDM), hardcourt) 8.000 \u00e0 30.000 euros<\/li>\n<li>Filet de tennis complet avec poteaux 1.000 \u00e0 1.500 euros<\/li>\n<li>Court de tennis Installation d'arrosage2.5000 \u00e0 5.000 euros<\/li>\n<li>\u00c9clairage LED par court de tennis 10.000 \u00e0 15.000 euros<\/li>\n<\/ul>\n<p>&nbsp;<\/p>\n<h3>DIY Construire un court de tennis<\/h3>\n<p>Il est \u00e9galement possible d'entreprendre la construction d'un court de tennis en tant que projet de bricolage, mais m\u00eame dans ce cas, il faut encore tenir compte des co\u00fbts : Il faut acheter des mat\u00e9riaux tels que des filets, du mat\u00e9riel de marquage de lignes et des boulons ; il faut \u00e9galement se demander si l'on souhaite un rev\u00eatement de sol sp\u00e9cial ou si l'on travaille avec le terrain existant - tous ces facteurs peuvent influencer le prix. Certains \u00e9l\u00e9ments comme les filets, les lignes, etc. peuvent \u00eatre command\u00e9s \u00e0 bas prix sur Alibaba ou sur des places de march\u00e9 similaires.<\/p>\n<p>Toutefois, les d\u00e9lais de livraison peuvent \u00eatre nettement plus longs que si l'on commande sur place aupr\u00e8s d'un constructeur de courts de tennis exp\u00e9riment\u00e9. Les retours et les cas de garantie sont \u00e9galement plus difficiles \u00e0 g\u00e9rer lors d'une commande par Internet que chez des partenaires locaux.<\/p>\n<p>En fin de compte, la construction d'un court de tennis est un investissement - pas seulement en argent, mais aussi en temps et en \u00e9nergie - mais cela en vaut la peine !<\/p>\n<p>Si vous faites le bon choix et que vous am\u00e9nagez votre terrain de tennis de mani\u00e8re \u00e0 ce qu'il soit agr\u00e9able pour vous et pour les autres joueurs, vous aurez une source d'activit\u00e9s sportives pendant de nombreuses ann\u00e9es !<\/p>\n<p>&nbsp;<\/p>\n<h3>Construire un terrain de padel<\/h3>\n<p>Si vous pr\u00e9f\u00e9rez construire un terrain de padel, nous pouvons vous donner des informations sur les co\u00fbts de construction d'un terrain de padel tennis et vous indiquer quelques partenaires qui ont d\u00e9j\u00e0 une grande exp\u00e9rience dans la construction de terrains de padel tennis.<\/p>\n<ul>\n<li><a href=\"\/fr\/savoir-padel\/cout-du-terrain-de-padel\/\">Co\u00fbt du terrain de padel<\/a><\/li>\n<li><a href=\"\/fr\/constructeur-de-terrains-de-padel-2\/\">Constructeur de terrains de padel<\/a><\/li>\n<\/ul>","protected":false},"excerpt":{"rendered":"<p>Co\u00fbt d'un court de tennis : la construction d'un court de tennis est une op\u00e9ration co\u00fbteuse. Les co\u00fbts d\u00e9pendent bien s\u00fbr de la taille et du degr\u00e9 de complexit\u00e9 du court, mais aussi de la r\u00e9gion o\u00f9 le court de tennis doit \u00eatre construit et du type de construction. Dans les zones urbaines, le co\u00fbt de la construction d'un court de tennis est souvent plus \u00e9lev\u00e9 que...<\/p>","protected":false},"author":1,"featured_media":12017,"parent":18170,"menu_order":0,"comment_status":"closed","ping_status":"closed","template":"","meta":{"_acf_changed":false,"_sitemap_exclude":false,"_sitemap_priority":"","_sitemap_frequency":"","_analytify_skip_tracking":false,"footnotes":""},"class_list":["post-20232","page","type-page","status-publish","has-post-thumbnail","hentry"],"acf":[],"_links":{"self":[{"href":"https:\/\/www.padel-test.de\/fr\/wp-json\/wp\/v2\/pages\/20232","targetHints":{"allow":["GET"]}}],"collection":[{"href":"https:\/\/www.padel-test.de\/fr\/wp-json\/wp\/v2\/pages"}],"about":[{"href":"https:\/\/www.padel-test.de\/fr\/wp-json\/wp\/v2\/types\/page"}],"author":[{"embeddable":true,"href":"https:\/\/www.padel-test.de\/fr\/wp-json\/wp\/v2\/users\/1"}],"replies":[{"embeddable":true,"href":"https:\/\/www.padel-test.de\/fr\/wp-json\/wp\/v2\/comments?post=20232"}],"version-history":[{"count":0,"href":"https:\/\/www.padel-test.de\/fr\/wp-json\/wp\/v2\/pages\/20232\/revisions"}],"up":[{"embeddable":true,"href":"https:\/\/www.padel-test.de\/fr\/wp-json\/wp\/v2\/pages\/18170"}],"wp:featuredmedia":[{"embeddable":true,"href":"https:\/\/www.padel-test.de\/fr\/wp-json\/wp\/v2\/media\/12017"}],"wp:attachment":[{"href":"https:\/\/www.padel-test.de\/fr\/wp-json\/wp\/v2\/media?parent=20232"}],"curies":[{"name":"wp","href":"https:\/\/api.w.org\/{rel}","templated":true}]}}