{"id":20933,"date":"2024-02-04T21:57:55","date_gmt":"2024-02-04T21:57:55","guid":{"rendered":"https:\/\/www.padel-test.de\/?page_id=20933"},"modified":"2024-02-04T22:01:47","modified_gmt":"2024-02-04T22:01:47","slug":"padel-ou-tennis-la-grande-comparaison-quel-sport-est-le-plus-facile-a-apprendre-ou-le-plus-amusant","status":"publish","type":"page","link":"https:\/\/www.padel-test.de\/fr\/savoir-padel\/padel-ou-tennis-la-grande-comparaison-quel-sport-est-le-plus-facile-a-apprendre-ou-le-plus-amusant\/","title":{"rendered":"Padel ou tennis ? La grande comparaison : quel sport est le meilleur, le plus facile \u00e0 apprendre ou le plus amusant ?"},"content":{"rendered":"<p><strong>Comparaison du padel et du tennis :<\/strong> Deux sports de raquette qui partagent ce qu'il faut - une raquette, une balle et la volont\u00e9 absolue de d\u00e9jouer l'adversaire d'un coup adroit. Alors que le tennis, avec son prestige s\u00e9culaire, salue le monde du sport comme un gentleman distingu\u00e9 \u00e0 Wimbledon, le padel se glisse sur la sc\u00e8ne avec un clin d'\u0153il et un high five d\u00e9contract\u00e9.<\/p>\n<p>C'est comme si le tennis \u00e9tait le fr\u00e8re a\u00een\u00e9 ambitieux qui s'accroche aux traditions, tandis que Padel est le fr\u00e8re cadet, libre d'esprit, qui d\u00e9fie la famille pour une partie dans l'arri\u00e8re-cour.<\/p>\n<p>Les deux offrent des heures interminables de divertissement, mais leurs personnalit\u00e9s ne pourraient pas \u00eatre plus diff\u00e9rentes.<\/p>\n<p>&nbsp;<\/p>\n<h2>Avantages et inconv\u00e9nients du padel :<\/h2>\n<p><strong>Avantages :<\/strong><br \/>\n1. plus facile \u00e0 apprendre : le padel est g\u00e9n\u00e9ralement plus facile \u00e0 apprendre que le tennis, car les raquettes sont plus petites et plus maniables et on peut aussi jouer les balles contre les murs. Cela permet aux d\u00e9butants de progresser plus rapidement.<br \/>\n2. un risque de blessure r\u00e9duit : le padel est g\u00e9n\u00e9ralement consid\u00e9r\u00e9 comme un sport s\u00fbr, qui convient \u00e9galement bien aux sportifs plus \u00e2g\u00e9s.<br \/>\n3. jeu social : le padel est un sport d'\u00e9quipe qui se joue souvent en double. Il favorise les \u00e9changes sociaux, renforce l'esprit d'\u00e9quipe et est amusant, car on joue toujours avec d'autres personnes.<\/p>\n<p><strong>Inconv\u00e9nients :<\/strong><br \/>\n1. une popularit\u00e9 limit\u00e9e : dans certains pays, le padel est moins connu et moins r\u00e9pandu que le tennis. Cela peut signifier qu'il y a moins de possibilit\u00e9s de jouer au padel ou de se mesurer \u00e0 d'autres joueurs.<br \/>\n2. moins d'athl\u00e9tisme : les courts de padel sont plus petits que les courts de tennis, ce qui implique moins de course. Les joueurs doivent parcourir moins de distance pour atteindre la balle.<br \/>\n3. des possibilit\u00e9s de carri\u00e8re professionnelle limit\u00e9es : Le padel ne dispose pas encore d'une sc\u00e8ne de tournois professionnels aussi \u00e9tablie et \u00e9tendue que le tennis. Pour les joueurs qui aspirent \u00e0 une carri\u00e8re dans le sport professionnel, cela pourrait \u00eatre une limitation. Toutefois, le padel est en plein essor et devient de plus en plus professionnel.<\/p>\n<h3><\/h3>\n<h3>Avantages et inconv\u00e9nients du tennis :<\/h3>\n<p><strong>Avantages :<\/strong><br \/>\n1. la polyvalence sportive : le tennis offre un large \u00e9ventail de techniques de frappe, de strat\u00e9gies de jeu et de d\u00e9fis physiques. Il exige \u00e0 la fois de la force et de l'endurance et offre de nombreuses possibilit\u00e9s de d\u00e9veloppement des capacit\u00e9s techniques et athl\u00e9tiques.<br \/>\n2. une plus grande popularit\u00e9 : le tennis est l'un des sports les plus populaires au monde, avec un grand nombre de joueurs et de fans. Cela signifie qu'il y a plus de possibilit\u00e9s de jouer au tennis, de se mesurer les uns aux autres et de faire partie d'une communaut\u00e9 de tennis active.<br \/>\n3. des opportunit\u00e9s de carri\u00e8re professionnelle : Le tennis dispose d'une sc\u00e8ne de tournois professionnels bien \u00e9tablie, avec de nombreuses possibilit\u00e9s de s'\u00e9tablir comme joueur professionnel et de r\u00e9ussir financi\u00e8rement.<\/p>\n<p><strong>Inconv\u00e9nients :<\/strong><br \/>\n1. plus difficile \u00e0 apprendre : le tennis demande plus de temps et de pratique pour ma\u00eetriser les techniques de base de frappe. Les raquettes plus grandes et les balles plus rapides peuvent rendre le processus d'apprentissage plus difficile pour les d\u00e9butants.<br \/>\n2. un risque de blessure plus \u00e9lev\u00e9 : le tennis se joue sur des surfaces tr\u00e8s diff\u00e9rentes, ce qui augmente, en particulier sur le gazon et les terrains en dur, le risque de blessures dues \u00e0 des mouvements rapides et \u00e0 des arr\u00eats brusques (terrains en dur) et de glissades (gazon et cendres).<br \/>\n3. combat individuel : le tennis se joue souvent en solo, ce qui implique moins d'interaction sociale et de travail d'\u00e9quipe. Certains joueurs peuvent trouver cela moins divertissant ou moins motivant.<\/p>\n<p>&nbsp;<\/p>\n<h3>De nombreux sportifs utilisent le tennis et le padel pour compenser le football.<\/h3>\n<p>Voici quelques exemples connus :<\/p>\n<ol>\n<li><strong>Zlatan Ibrahimovi\u0107<\/strong> - La star su\u00e9doise du football est connue pour sa passion pour le padel. Il a m\u00eame investi dans des clubs de padel et montre r\u00e9guli\u00e8rement ses talents sur le terrain.<\/li>\n<li><strong>Gerard Piqu\u00e9<\/strong> - L'ancien d\u00e9fenseur de football espagnol a rendu public son amour pour le padel et participe activement aux matchs.<\/li>\n<li><strong>Andr\u00e9s Iniesta<\/strong> - Un autre joueur de football qui montre son int\u00e9r\u00eat et son engagement pour le padel en dehors de sa carri\u00e8re de footballeur.<\/li>\n<li><strong>Peter Sagan<\/strong> - Le cycliste professionnel slovaque est \u00e9galement un fan de padel, ce qui montre que ce jeu trouve un \u00e9cho au-del\u00e0 du football.<\/li>\n<li><strong>Carlo Ancelotti<\/strong> - L'entra\u00eeneur de football italien, actuellement au Real Madrid, est \u00e9galement un joueur de padel passionn\u00e9.<\/li>\n<\/ol>\n<p>&nbsp;<\/p>\n<h3>Et les footballeurs professionnels allemands aiment aussi le padel :<\/h3>\n<ol>\n<li><strong>J\u00fcrgen Klopp<\/strong> - L'entra\u00eeneur du Liverpool FC est connu pour son amour du padel et l'a partag\u00e9 dans des interviews.<\/li>\n<li><strong>Thomas M\u00fcller<\/strong> - Le joueur du FC Bayern Munich a rendu public son enthousiasme pour le padel.<\/li>\n<li><strong>Hansi Flick<\/strong> - L'entra\u00eeneur de football allemand, ancien du FC Bayern Munich et maintenant de l'\u00e9quipe nationale allemande, est \u00e9galement un fan de padel.<\/li>\n<li><strong>Mario G\u00f6tze<\/strong> - Le footballeur professionnel a montr\u00e9 sa pr\u00e9f\u00e9rence pour le padel sur les m\u00e9dias sociaux.<\/li>\n<li>et bien d'autres encore \ud83d\ude42<\/li>\n<\/ol>\n<p>https:\/\/www.padel-test.de\/padel-wissen\/padel-regeln\/<\/p>","protected":false},"excerpt":{"rendered":"<p>Comparaison du padel et du tennis : deux sports de raquette qui partagent ce dont on a besoin - une raquette, une balle et la volont\u00e9 absolue de d\u00e9jouer l'adversaire d'un coup habile. Alors que le tennis, avec son prestige s\u00e9culaire, salue le monde du sport comme un gentleman distingu\u00e9 \u00e0 Wimbledon, le padel se glisse avec un clin d'\u0153il et un high five d\u00e9contract\u00e9 sur...<\/p>","protected":false},"author":1,"featured_media":12017,"parent":18170,"menu_order":0,"comment_status":"closed","ping_status":"closed","template":"","meta":{"_acf_changed":false,"_sitemap_exclude":false,"_sitemap_priority":"","_sitemap_frequency":"","_analytify_skip_tracking":false,"footnotes":""},"class_list":["post-20933","page","type-page","status-publish","has-post-thumbnail","hentry"],"acf":[],"_links":{"self":[{"href":"https:\/\/www.padel-test.de\/fr\/wp-json\/wp\/v2\/pages\/20933","targetHints":{"allow":["GET"]}}],"collection":[{"href":"https:\/\/www.padel-test.de\/fr\/wp-json\/wp\/v2\/pages"}],"about":[{"href":"https:\/\/www.padel-test.de\/fr\/wp-json\/wp\/v2\/types\/page"}],"author":[{"embeddable":true,"href":"https:\/\/www.padel-test.de\/fr\/wp-json\/wp\/v2\/users\/1"}],"replies":[{"embeddable":true,"href":"https:\/\/www.padel-test.de\/fr\/wp-json\/wp\/v2\/comments?post=20933"}],"version-history":[{"count":0,"href":"https:\/\/www.padel-test.de\/fr\/wp-json\/wp\/v2\/pages\/20933\/revisions"}],"up":[{"embeddable":true,"href":"https:\/\/www.padel-test.de\/fr\/wp-json\/wp\/v2\/pages\/18170"}],"wp:featuredmedia":[{"embeddable":true,"href":"https:\/\/www.padel-test.de\/fr\/wp-json\/wp\/v2\/media\/12017"}],"wp:attachment":[{"href":"https:\/\/www.padel-test.de\/fr\/wp-json\/wp\/v2\/media?parent=20933"}],"curies":[{"name":"wp","href":"https:\/\/api.w.org\/{rel}","templated":true}]}}