{"id":17607,"date":"2022-10-31T22:59:02","date_gmt":"2022-10-31T22:59:02","guid":{"rendered":"http:\/\/www.padel-test.de\/padel-nachrichten\/padelplatz-kosten\/"},"modified":"2023-01-09T10:13:20","modified_gmt":"2023-01-09T10:13:20","slug":"spese-giudiziarie-per-la-pagaia","status":"publish","type":"page","link":"https:\/\/www.padel-test.de\/it\/conoscenza-del-padel\/spese-giudiziarie-per-la-pagaia\/","title":{"rendered":"Costi del campo di padel - questo \u00e8 quanto \u00e8 costoso\/economico un campo di padel!"},"content":{"rendered":"<h2 class=\"has-medium-font-size\">Quanto costa un campo da padel?<\/h2>\n<p>Sentiamo questa domanda ancora e ancora - ma purtroppo non si pu\u00f2 rispondere cos\u00ec semplicemente.<\/p>\n<p>Per:<\/p>\n<ul>\n<li>Si tratta di costruire un campo da padel all'aperto?<\/li>\n<li>O la conversione di una sala da tennis in una sala da padel?<\/li>\n<li>C'\u00e8 gi\u00e0 una base adeguata?<\/li>\n<li>Quali sono le differenze tra i singoli produttori di campi da padel?<\/li>\n<li>&#8230;<\/li>\n<\/ul>\n<p>Ma naturalmente possiamo gi\u00e0 dare alcune risposte e un semplice calcolo approssimativo!<\/p>\n<p>Una cosa in anticipo:<br \/>\nCon la costruzione di campi da padel, i club di tennis possono non solo mantenere i loro numeri di membri, ma farli risalire.<\/p>\n<p>E naturalmente il fatturato salir\u00e0 ancora!<\/p>\n<p>&nbsp;<\/p>\n<h3>Perch\u00e9? E quanto \u00e8 grande un campo di padel?<\/h3>\n<p>Perch\u00e9 2-3 campi da padel (ciascuno 10x20m - che \u00e8 la dimensione di un campo da padel senza zona di fuga) possono essere costruiti su un campo da tennis all'aperto.<\/p>\n<p>Quindi c'\u00e8 un uso molto migliore dello spazio.<\/p>\n<p>&nbsp;<\/p>\n<p>E mentre su un campo da tennis di solito si giocano solo singoli (cio\u00e8 2 giocatori), nel padel ci sono sempre solo doppi; quindi ci sono sempre 4 giocatori sul campo da padel (vedi anche <a href=\"\/it\/conoscenza-del-padel\/regole-del-padel\/\">Regole del padel<\/a>).<\/p>\n<p>Cos\u00ec, quando 2-3 campi da padel sono completamente occupati, 8-12 giocatori di padel giocano contemporaneamente sulla superficie di un campo da tennis.<\/p>\n<p>Anche se le tariffe per il padel sono di solito pi\u00f9 basse che per il tennis - con un uso cos\u00ec alto dello spazio, si possono naturalmente generare pi\u00f9 entrate per mq.<\/p>\n<p>&nbsp;<\/p>\n<p><strong>Ma c'\u00e8 un altro fattore:<\/strong><\/p>\n<p>Pi\u00f9 giocatori = pi\u00f9 convivialit\u00e0.<\/p>\n<p>Il padel \u00e8 uno sport molto sociale. Alla gente piace sedersi insieme dopo la partita e bere una birra o due. Cos\u00ec anche la gastronomia ha il suo valore.<\/p>\n<p>In questo contesto, cio\u00e8 l'aumento delle entrate, anche gli investimenti nella costruzione di campi da padel possono essere meglio classificati.<\/p>\n<p>&nbsp;<\/p>\n<h3 class=\"has-medium-font-size\">Quanto costa un campo di padel?<\/h3>\n<p>Un campo da padel al coperto senza lavori di fondazione costa da 15.000 a 25.000 euro, a seconda del costruttore del campo da padel. Le corti panoramiche possono essere anche pi\u00f9 costose, ma sono pi\u00f9 qualcosa per l'occhio e non sono assolutamente necessarie.<\/p>\n<p>I lavori di fondazione possono variare molto a seconda della natura del suolo o dell'uso precedente. Dovresti calcolare tra i 10.000 e i 20.000 euro. C'\u00e8 anche la possibilit\u00e0 di comprare un campo da padel usato - ma bisogna assolutamente controllare il campo da padel prima e regolare contrattualmente il trasporto e la costruzione in dettaglio.<\/p>\n<p>&nbsp;<\/p>\n<h3>Calcolo per la costruzione di un campo da padel<\/h3>\n<table style=\"height: 111px;\" width=\"619\">\n<thead>\n<tr class=\"ui-sortable\">\n<th class=\"wps-sort-row ui-sortable-handle\"><\/th>\n<th class=\"wps-sort-row ui-sortable-handle\">Costi<\/th>\n<\/tr>\n<\/thead>\n<tbody>\n<tr>\n<td>Campo da padel incluso montaggio, statica e test<\/td>\n<td>21.500,- Euro<\/td>\n<\/tr>\n<tr>\n<td>Lavoro di fondazione<\/td>\n<td>13.500 euro<\/td>\n<\/tr>\n<tr>\n<td><strong>Costi totali<\/strong><\/td>\n<td><strong>35.000 euro<\/strong><\/td>\n<\/tr>\n<\/tbody>\n<\/table>\n<p>&nbsp;<\/p>\n<p>&nbsp;<\/p>\n<p>Naturalmente, non tutte le domande hanno ancora trovato risposta.<\/p>\n<p>Ma qui si pu\u00f2 vedere il singolo <a href=\"\/it\/costruttore-di-corsi-di-padel-2\/\">Confronta produttore di campi da padel<\/a> e <a href=\"\/it\/conoscenza-del-padel\/costruire-un-campo-da-paddle\/\">contattare<\/a>.<\/p>\n<p>E poi si spera di ottenere una risposta a tutte le vostre domande \ud83d\ude42<\/p>","protected":false},"excerpt":{"rendered":"<p>Quanto costa un campo da padel? Sentiamo questa domanda ancora e ancora - ma purtroppo non \u00e8 cos\u00ec facile rispondere. Tuttavia, \u00e8 possibile ottenere un primo calcolo approssimativo qui ...<\/p>","protected":false},"author":1,"featured_media":14384,"parent":18170,"menu_order":0,"comment_status":"closed","ping_status":"closed","template":"","meta":{"_acf_changed":false,"_sitemap_exclude":false,"_sitemap_priority":"","_sitemap_frequency":"","_analytify_skip_tracking":false,"footnotes":""},"class_list":["post-17607","page","type-page","status-publish","has-post-thumbnail","hentry"],"acf":[],"_links":{"self":[{"href":"https:\/\/www.padel-test.de\/it\/wp-json\/wp\/v2\/pages\/17607","targetHints":{"allow":["GET"]}}],"collection":[{"href":"https:\/\/www.padel-test.de\/it\/wp-json\/wp\/v2\/pages"}],"about":[{"href":"https:\/\/www.padel-test.de\/it\/wp-json\/wp\/v2\/types\/page"}],"author":[{"embeddable":true,"href":"https:\/\/www.padel-test.de\/it\/wp-json\/wp\/v2\/users\/1"}],"replies":[{"embeddable":true,"href":"https:\/\/www.padel-test.de\/it\/wp-json\/wp\/v2\/comments?post=17607"}],"version-history":[{"count":0,"href":"https:\/\/www.padel-test.de\/it\/wp-json\/wp\/v2\/pages\/17607\/revisions"}],"up":[{"embeddable":true,"href":"https:\/\/www.padel-test.de\/it\/wp-json\/wp\/v2\/pages\/18170"}],"wp:featuredmedia":[{"embeddable":true,"href":"https:\/\/www.padel-test.de\/it\/wp-json\/wp\/v2\/media\/14384"}],"wp:attachment":[{"href":"https:\/\/www.padel-test.de\/it\/wp-json\/wp\/v2\/media?parent=17607"}],"curies":[{"name":"wp","href":"https:\/\/api.w.org\/{rel}","templated":true}]}}