{"id":18154,"date":"2017-10-25T15:34:31","date_gmt":"2017-10-25T15:34:31","guid":{"rendered":"http:\/\/www.padel-test.de\/media\/"},"modified":"2025-08-05T21:02:31","modified_gmt":"2025-08-05T21:02:31","slug":"media","status":"publish","type":"page","link":"https:\/\/www.padel-test.de\/it\/media\/","title":{"rendered":"Media"},"content":{"rendered":"<h1>Media<\/h1>\n<p>Padel-Test.de \u00e8 il pi\u00f9 antico portale sportivo in lingua tedesca sullo sport in pi\u00f9 rapida crescita al mondo: il Padel!<\/p>\n<p>Anche Padel-Test cresce rapidamente di anno in anno ed \u00e8 ora pubblicato in 8 lingue in tutto il mondo.<\/p>\n<p>Alta portata e ancora molto specifico per il gruppo target!<\/p>\n<p>Saremo inoltre lieti di fornirvi i dati dei nostri media:<\/p>\n<p><a href=\"https:\/\/www.ernsting.com\/kontakt\/media\/\" target=\"_blank\" rel=\"noopener noreferrer nofollow\">https:\/\/www.ernsting.com\/kontakt\/media\/<\/a><\/p>\n<p>&nbsp;<\/p>\n<p>Se siete interessati a campagne di immagine o di risposta su Padel-Test.de, non esitate a contattarci.<\/p>\n<p>&nbsp;<\/p>\n\t\t\t\t\t\t\t\t<a href=\"https:\/\/www.facebook.com\/sharer.php?u=https:\/\/www.padel-test.de\/?page_id=18154&#038;fl_builder&#038;title=Media\">\n\t\t\t\t\t\t\t\t\t\t\t\tCondividi su Facebook\n\t\t\t\t\t\t\t\t\t<\/a>\n\t\t\t\t\t\t\t\t<a href=\"https:\/\/twitter.com\/intent\/tweet?url=https:\/\/www.padel-test.de\/?page_id=18154&#038;fl_builder&#038;text=Media\">\n\t\t\t\t\t\t\t\t\t\t\t\t\t<i>\ud835\udd4f<\/i>\n\t\t\t\t\t\t\t\t\t\t\t\tShare on X\n\t\t\t\t\t\t\t\t\t<\/a>\n\t\t\t\t\t\t\t\t<a href=\"https:\/\/www.linkedin.com\/shareArticle?mini=true&#038;url=https:\/\/www.padel-test.de\/?page_id=18154&#038;fl_builder&#038;title=Media\">\n\t\t\t\t\t\t\t\t\t\t\t\tCondividi su Linkedin\n\t\t\t\t\t\t\t\t\t<\/a>\n\t\t\t\t\t\t\t\t<a href=\"mailto:?body=https:\/\/www.padel-test.de\/?page_id=18154&#038;fl_builder\">\n\t\t\t\t\t\t\t\t\t\t\t\tCondividi su e-mail\n\t\t\t\t\t\t\t\t\t<\/a>","protected":false},"excerpt":{"rendered":"<p>Media Padel-Test.de \u00e8 il pi\u00f9 antico portale sportivo in lingua tedesca sullo sport in pi\u00f9 rapida crescita al mondo: il Padel! Anche Padel-Test cresce rapidamente di anno in anno ed \u00e8 ora pubblicato in 8 lingue in tutto il mondo. Una copertura elevata e sempre molto specifica per il gruppo target! Siamo inoltre lieti di fornirvi i dati dei nostri media: https:\/\/www.ernsting.com\/kontakt\/media\/ Se siete interessati a immagini o...<\/p>","protected":false},"author":1,"featured_media":0,"parent":0,"menu_order":7,"comment_status":"closed","ping_status":"closed","template":"","meta":{"_acf_changed":false,"_sitemap_exclude":false,"_sitemap_priority":"","_sitemap_frequency":"","_analytify_skip_tracking":false,"footnotes":""},"class_list":["post-18154","page","type-page","status-publish","hentry"],"acf":[],"_links":{"self":[{"href":"https:\/\/www.padel-test.de\/it\/wp-json\/wp\/v2\/pages\/18154","targetHints":{"allow":["GET"]}}],"collection":[{"href":"https:\/\/www.padel-test.de\/it\/wp-json\/wp\/v2\/pages"}],"about":[{"href":"https:\/\/www.padel-test.de\/it\/wp-json\/wp\/v2\/types\/page"}],"author":[{"embeddable":true,"href":"https:\/\/www.padel-test.de\/it\/wp-json\/wp\/v2\/users\/1"}],"replies":[{"embeddable":true,"href":"https:\/\/www.padel-test.de\/it\/wp-json\/wp\/v2\/comments?post=18154"}],"version-history":[{"count":2,"href":"https:\/\/www.padel-test.de\/it\/wp-json\/wp\/v2\/pages\/18154\/revisions"}],"predecessor-version":[{"id":24157,"href":"https:\/\/www.padel-test.de\/it\/wp-json\/wp\/v2\/pages\/18154\/revisions\/24157"}],"wp:attachment":[{"href":"https:\/\/www.padel-test.de\/it\/wp-json\/wp\/v2\/media?parent=18154"}],"curies":[{"name":"wp","href":"https:\/\/api.w.org\/{rel}","templated":true}]}}