{"id":18159,"date":"2017-10-26T09:39:36","date_gmt":"2017-10-26T09:39:36","guid":{"rendered":"http:\/\/www.padel-test.de\/padel-tennis\/"},"modified":"2022-11-28T21:31:13","modified_gmt":"2022-11-28T21:31:13","slug":"padel-tennis","status":"publish","type":"page","link":"https:\/\/www.padel-test.de\/it\/conoscenza-del-padel\/padel-tennis\/","title":{"rendered":"Padel tennis"},"content":{"rendered":"<p><strong>Padel Tennis<\/strong> \u00e8 un misto di tennis e squash e ha l'enorme vantaggio che si pu\u00f2 davvero andare avanti dopo la prima sessione di allenamento. Il padel tennis si gioca sempre a quattro, cio\u00e8 due doppi giocano uno contro l'altro. Si usano palline cos\u00ec simili a quelle da tennis che difficilmente si nota la differenza.<\/p>\r\n<p>Fondamentalmente, le palline da padel e da tennis sono anche le stesse - ma hanno diverse quantit\u00e0 di pressione dell'aria. <a href=\"https:\/\/www.padel-test.de\/it\/conoscenza-del-padel\/palline-a-paletta\/\">Palle da padel<\/a> sono un po' pi\u00f9 morbidi e non rimbalzano cos\u00ec in alto.<\/p>\r\n<p>Qui troverete una spiegazione di ci\u00f2 che esattamente il <a href=\"\/it\/conoscenza-del-padel\/palline-a-paletta\/\">Differenza tra palle da tennis e palle da padel<\/a> \u00e8.<\/p>\r\n<p>Nel padel tennis, si gioca con racchette da padel. Sono circa le dimensioni delle racchette da pancetta, pesano da 350 a 400 grammi e sono di solito fatte di carbonio e\/o alluminio.<\/p>\r\n<p>Qui troverete una descrizione precisa di ci\u00f2 che \u00e8 speciale sulle racchette da padel e che <a href=\"\/it\/conoscenza-del-padel\/battitore-a-pale\/\">Racchetta da padel<\/a> si adatta meglio a quale tipo di giocatore.<\/p>\r\n<p>Naturalmente, ci sono altre somiglianze tra il padel e il tennis. Per esempio, il sistema di conteggio (0, 15, 30 e 40) o i set, che sono giocati a 6 e decisi in un tie break a 6:6.<\/p>\r\n<p>&nbsp;<\/p>\r\n<p style=\"text-align: center;\"><strong>Padel Tennis Video<\/strong><\/p>\r\n<p><iframe loading=\"lazy\" title=\"Lettore video di YouTube\" src=\"https:\/\/www.youtube.com\/embed\/P6yfa7rfc6o\" width=\"840\" height=\"473\" frameborder=\"0\" allowfullscreen=\"allowfullscreen\"><\/iframe><\/p>\r\n<h2>Padel Tennis<\/h2>\r\n<p>Anche se ci sono molte somiglianze tra il tennis e il padel, le differenze le superano. Al pi\u00f9 tardi, quando vi trovate su un campo di padel per la prima volta, noterete il <a href=\"\/it\/conoscenza-del-padel\/differenze-tennis-padel\/\">Differenze tra tennis e padel<\/a> avviso. Per fortuna, ogni mese si aggiungono nuove localit\u00e0 di padel, cos\u00ec puoi giocare a padel tennis vicino a te.<\/p>\r\n<p>&nbsp;<\/p>\r\n<h3>Paddle Tennis<\/h3>\r\n<p>Alcuni lo chiamano ancora paddle o paddle tennis. Nei paesi di lingua tedesca, tuttavia, il padel tennis o semplicemente il paddle tennis \u00e8 diventato popolare. <strong>Padel<\/strong> stabilito.<\/p>\r\n<p>Qui sotto c'\u00e8 una panoramica delle pi\u00f9 importanti localit\u00e0 di padel tennis:<\/p>\r\n<ul>\r\n<li><a href=\"\/it\/campi-da-paddle\/padel-tennis-berlin\/\">Padel Berlino<\/a><\/li>\r\n<li><a href=\"\/it\/campi-da-paddle\/padel-bremen\/\">Padel Brema<\/a><\/li>\r\n<li><a href=\"\/it\/campi-da-paddle\/padel-cuxhaven\/\">Padel Cuxhaven<\/a><\/li>\r\n<li><a href=\"\/it\/campi-da-paddle\/padel-francoforte\/\">Padel Francoforte<\/a><\/li>\r\n<li><a href=\"\/it\/campi-da-paddle\/padel-amburgo\/\">Padel Amburgo<\/a><\/li>\r\n<li><a href=\"\/it\/campi-da-paddle\/padel-karlsruhe\/\">Padel Karlsruhe<\/a><\/li>\r\n<li><a href=\"\/it\/campi-da-paddle\/padel-colonia\/\">Padel Colonia<\/a><\/li>\r\n<li><a href=\"\/it\/campi-da-paddle\/padel-muenchen\/\">Padel Monaco<\/a><\/li>\r\n<li><a href=\"\/it\/campi-da-paddle\/padel-zona-ruhr\/\">Padel Ruhr Area<\/a><\/li>\r\n<li><a href=\"\/it\/campi-da-paddle\/\">Mappa dei campi di Padel in Germania, Austria e Svizzera<\/a><\/li>\r\n<li><a href=\"\/it\/luoghi-del-padel-in-germania\/\">Padel Germania<\/a><\/li>\r\n<li><a href=\"\/it\/campi-da-paddle-austriaci\/\">Padel Austria<\/a><\/li>\r\n<li><a href=\"\/it\/campi-da-paddle-svizzera\/\">Padel Svizzera<\/a><\/li>\r\n<li><a href=\"\/it\/federazione-tedesca-di-padel\/\">Associazione Padel<\/a><\/li>\r\n<\/ul>\r\n<p>&nbsp;<\/p>\r\n<h3>Campi da tennis Padel Germania<\/h3>\r\n<ul id=\"menu-padel-standorte-deutschland\">\r\n<li id=\"menu-item-2903\"><a href=\"https:\/\/www.padel-test.de\/it\/luoghi-del-padel-in-germania\/\">Padel posizioni Germania<\/a><\/li>\r\n<li id=\"menu-item-3022\"><a href=\"https:\/\/www.padel-test.de\/it\/padel-court4-baden-baden\/\">Padel Baden-Baden - Corte4<\/a><\/li>\r\n<li><a href=\"\/it\/posizioni-di-padel-2\/padel-world-bochum\/\">Padel Bochum<\/a><\/li>\r\n<li id=\"menu-item-2906\"><a href=\"https:\/\/www.padel-test.de\/it\/padel-berlin-friedrichshain\/\">Padel Berlino - Friedrichshain<\/a><\/li>\r\n<li id=\"menu-item-2904\"><a href=\"https:\/\/www.padel-test.de\/it\/padel-club-berlin-international\/\">Padel Berlin - Club International<\/a><\/li>\r\n<li id=\"menu-item-2905\"><a href=\"https:\/\/www.padel-test.de\/it\/padel-berlin-reinickendorf\/\">Padel Berlino Reinickendorf<\/a><\/li>\r\n<li id=\"menu-item-3023\"><a href=\"https:\/\/www.padel-test.de\/it\/padel-bremen-weyhe\/\">Padel Bremen - Weyhe<\/a><\/li>\r\n<li id=\"menu-item-3025\"><a href=\"https:\/\/www.padel-test.de\/it\/padel-sc-cuxhaven\/\">Padel SC Cuxhaven<\/a><\/li>\r\n<li><a href=\"\/it\/posizioni-di-padel-2\/padel-dortmund\/\">Padel Dortmund<\/a><\/li>\r\n<li id=\"menu-item-3027\"><a href=\"https:\/\/www.padel-test.de\/it\/padel-tv-espelkamp\/\">Padel Espelkamp<\/a><\/li>\r\n<li id=\"menu-item-3028\"><a href=\"https:\/\/www.padel-test.de\/it\/tvn-padel-essen\/\">Padel TVN Essen<\/a><\/li>\r\n<li id=\"menu-item-3029\"><a href=\"https:\/\/www.padel-test.de\/it\/padel-francoforte-niddapark\/\">Padel Francoforte Niddapark<\/a><\/li>\r\n<li id=\"menu-item-3030\"><a href=\"https:\/\/www.padel-test.de\/it\/padel-hamburg-sc-condor\/\">Padel Amburgo - Condor<\/a><\/li>\r\n<li id=\"menu-item-3031\"><a href=\"https:\/\/www.padel-test.de\/it\/padel-hamburg-hsv\/\">Padel Amburgo HSV<\/a><\/li>\r\n<li id=\"menu-item-3032\"><a href=\"https:\/\/www.padel-test.de\/it\/padel-heilbronn-schwaigern\/\">Padel Heilbronn-Schwaigern<\/a><\/li>\r\n<li id=\"menu-item-3033\"><a href=\"https:\/\/www.padel-test.de\/it\/padel-point-center-herzebrock\/\">Punto Padel Herzebrock<\/a><\/li>\r\n<li id=\"menu-item-3034\"><a href=\"https:\/\/www.padel-test.de\/it\/padel-durlach-aue\/\">Padel Karlsruhe Durlach-Aue<\/a><\/li>\r\n<li id=\"menu-item-4097\"><a href=\"https:\/\/www.padel-test.de\/it\/padel-tennis-ettlingen\/\">Padel Karlsruhe Ettlingen<\/a><\/li>\r\n<li id=\"menu-item-3035\"><a href=\"https:\/\/www.padel-test.de\/it\/padel-karlsruhe-ketv\/\">Padel Karlsruhe KETV<\/a><\/li>\r\n<li id=\"menu-item-3036\"><a href=\"https:\/\/www.padel-test.de\/it\/padel-karlsruhe-tc-groetzingen\/\">Padel Karlsruhe TC Gr\u00f6tzingen<\/a><\/li>\r\n<li id=\"menu-item-3037\"><a href=\"https:\/\/www.padel-test.de\/it\/padel-colonia\/\">Padel Colonia - Colonia<\/a><\/li>\r\n<li id=\"menu-item-3038\"><a href=\"https:\/\/www.padel-test.de\/it\/padel-koeln-walls\/\">Padel Colonia - Pareti<\/a><\/li>\r\n<li id=\"menu-item-3039\"><a href=\"https:\/\/www.padel-test.de\/it\/padel-club-muenchen\/\">Padel Monaco - Club<\/a><\/li>\r\n<li id=\"menu-item-4287\"><a href=\"https:\/\/www.padel-test.de\/it\/padel-muenchen-geretsried\/\">Padel Monaco Geretsried<\/a><\/li>\r\n<li id=\"menu-item-3040\"><a href=\"https:\/\/www.padel-test.de\/it\/padelwelt-muenchen\/\">Padel Monaco - SportScheck<\/a><\/li>\r\n<li id=\"menu-item-3041\"><a href=\"https:\/\/www.padel-test.de\/it\/padel-muenster\/\">Padel Club M\u00fcnster<\/a><\/li>\r\n<li id=\"menu-item-3042\"><a href=\"https:\/\/www.padel-test.de\/it\/padel-nuernberg-marienberg\/\">Padel Norimberga - CAM<\/a><\/li>\r\n<li><a href=\"\/it\/posizioni-di-padel-2\/padel-osnabrueck-racket-sport-park\/\">Padel Osnabr\u00fcck<\/a><\/li>\r\n<li id=\"menu-item-3044\"><a href=\"https:\/\/www.padel-test.de\/it\/padel-trier\/\">Padel Trier<\/a><\/li>\r\n<li id=\"menu-item-3045\"><a href=\"https:\/\/www.padel-test.de\/it\/padel-wiesbaden-wallau\/\">Padel RheinMain<\/a><\/li>\r\n<li id=\"menu-item-4279\"><a href=\"https:\/\/www.padel-test.de\/it\/padel-tennis-werne\/\">Padel Base Werne<\/a><\/li>\r\n<li id=\"menu-item-3046\"><a href=\"https:\/\/www.padel-test.de\/it\/padel-worms\/\">Padel Worms<\/a><\/li>\r\n<\/ul>\r\n<p>&nbsp;<\/p>\r\n<p>&nbsp;<\/p>","protected":false},"excerpt":{"rendered":"<p>Padel tennis: il padel tennis \u00e8 un misto di tennis e squash e ha l'enorme vantaggio di poter iniziare a lavorare gi\u00e0 dopo la prima sessione di allenamento. Il padel tennis si gioca sempre a quattro, cio\u00e8 due doppi giocano uno contro l'altro. Si utilizzano palline talmente simili a quelle da tennis che ...<\/p>","protected":false},"author":1,"featured_media":0,"parent":18170,"menu_order":8,"comment_status":"closed","ping_status":"closed","template":"","meta":{"_acf_changed":false,"_sitemap_exclude":false,"_sitemap_priority":"","_sitemap_frequency":"","_analytify_skip_tracking":false,"footnotes":""},"class_list":["post-18159","page","type-page","status-publish","hentry"],"acf":[],"_links":{"self":[{"href":"https:\/\/www.padel-test.de\/it\/wp-json\/wp\/v2\/pages\/18159","targetHints":{"allow":["GET"]}}],"collection":[{"href":"https:\/\/www.padel-test.de\/it\/wp-json\/wp\/v2\/pages"}],"about":[{"href":"https:\/\/www.padel-test.de\/it\/wp-json\/wp\/v2\/types\/page"}],"author":[{"embeddable":true,"href":"https:\/\/www.padel-test.de\/it\/wp-json\/wp\/v2\/users\/1"}],"replies":[{"embeddable":true,"href":"https:\/\/www.padel-test.de\/it\/wp-json\/wp\/v2\/comments?post=18159"}],"version-history":[{"count":0,"href":"https:\/\/www.padel-test.de\/it\/wp-json\/wp\/v2\/pages\/18159\/revisions"}],"up":[{"embeddable":true,"href":"https:\/\/www.padel-test.de\/it\/wp-json\/wp\/v2\/pages\/18170"}],"wp:attachment":[{"href":"https:\/\/www.padel-test.de\/it\/wp-json\/wp\/v2\/media?parent=18159"}],"curies":[{"name":"wp","href":"https:\/\/api.w.org\/{rel}","templated":true}]}}