{"id":18161,"date":"2017-12-23T20:05:11","date_gmt":"2017-12-23T20:05:11","guid":{"rendered":"http:\/\/www.padel-test.de\/padel-bundesliga\/"},"modified":"2022-11-01T19:55:41","modified_gmt":"2022-11-01T19:55:41","slug":"padel-bundesliga","status":"publish","type":"page","link":"https:\/\/www.padel-test.de\/it\/padel-bundesliga\/","title":{"rendered":"Padel Bundesliga"},"content":{"rendered":"<p>Presto ci sar\u00e0 una Padel Bundesliga in Germania per la prima volta!<\/p>\n<p>Il <a href=\"\/it\/federazione-tedesca-di-padel\/\">Federazione tedesca di Padel<\/a> ha assunto l'organizzazione come organizzazione ombrello degli sport tedeschi di padel e presto annuncer\u00e0 i dettagli degli orari delle partite, le date delle partite e le relative regole e regolamenti.<\/p>\n<p>Chiunque sia interessato a partecipare alla Padelbundesliga \u00e8 invitato a contattarci direttamente. <a href=\"\/it\/kontakt\/\">contattare<\/a>.<\/p>\n<p>Siamo felici di inoltrare le richieste al Deutscher Padel Bund.<\/p>\n<p>Nel frattempo, puoi partecipare al German Padel Tour e competere con i migliori giocatori di padel.<\/p>\n<p>Qui troverete una panoramica di tutti i <a href=\"\/it\/tornei-di-padel-2\/\">Tornei di Padel Tennis<\/a>!<\/p>\n\t<h3>Campi da tennis della Bundesliga Padel - Mappa<\/h3>\n\n<!-- iframe plugin v.6.0 wordpress.org\/plugins\/iframe\/ -->\n<iframe loading=\"lazy\" src=\"https:\/\/www.google.com\/maps\/d\/embed?mid=18OVW4FiG4noVz4vFAYmYzmjpOW8\" width=\"900\" 0=\"height=&quot;300&quot;&amp;gt;&amp;lt;\/iframe\" height=\"500\" scrolling=\"yes\" class=\"iframe-class\" frameborder=\"0\"><\/iframe>\n\n<h4>\n\t\tNotizie sul Padel della Bundesliga\n\t<\/h4>\n\t\t\t\t<a href=\"https:\/\/www.facebook.com\/sharer.php?u=https:\/\/www.padel-test.de\/?page_id=18161&#038;fl_builder&#038;title=Padel+Bundesliga\">\n\t\t\t\t\t\t\t\t\t\t\t\tCondividi su Facebook\n\t\t\t\t\t\t\t\t\t<\/a>\n\t\t\t\t<a href=\"https:\/\/twitter.com\/intent\/tweet?url=https:\/\/www.padel-test.de\/?page_id=18161&#038;fl_builder&#038;text=Padel+Bundesliga\">\n\t\t\t\t\t\t\t\t\t\t\t\tCondividi su Twitter\n\t\t\t\t\t\t\t\t\t<\/a>\n\t\t\t\t<a href=\"https:\/\/www.linkedin.com\/shareArticle?mini=true&#038;url=https:\/\/www.padel-test.de\/?page_id=18161&#038;fl_builder&#038;title=Padel+Bundesliga\">\n\t\t\t\t\t\t\t\t\t\t\t\tCondividi su Linkedin\n\t\t\t\t\t\t\t\t\t<\/a>\n\t\t\t\t<a href=\"mailto:?body=https:\/\/www.padel-test.de\/?page_id=18161&#038;fl_builder\">\n\t\t\t\t\t\t\t\t\t\t\t\tCondividi su e-mail\n\t\t\t\t\t\t\t\t\t<\/a>","protected":false},"excerpt":{"rendered":"<p>Presto ci sar\u00e0 una Padel Bundesliga in Germania per la prima volta! La Federazione Tedesca di Padel, in qualit\u00e0 di organizzazione ombrello degli sport tedeschi del padel, ha preso in carico l'organizzazione e presto annuncer\u00e0 i dettagli sugli orari delle partite, le date delle partite e le relative regole e regolamenti. Chiunque sia interessato a partecipare alla Padelbundesliga \u00e8 invitato a contattarci direttamente. Gestiamo...<\/p>","protected":false},"author":1,"featured_media":18162,"parent":0,"menu_order":6,"comment_status":"open","ping_status":"open","template":"","meta":{"_acf_changed":false,"_sitemap_exclude":false,"_sitemap_priority":"","_sitemap_frequency":"","_analytify_skip_tracking":false,"footnotes":""},"class_list":["post-18161","page","type-page","status-publish","has-post-thumbnail","hentry"],"acf":[],"_links":{"self":[{"href":"https:\/\/www.padel-test.de\/it\/wp-json\/wp\/v2\/pages\/18161","targetHints":{"allow":["GET"]}}],"collection":[{"href":"https:\/\/www.padel-test.de\/it\/wp-json\/wp\/v2\/pages"}],"about":[{"href":"https:\/\/www.padel-test.de\/it\/wp-json\/wp\/v2\/types\/page"}],"author":[{"embeddable":true,"href":"https:\/\/www.padel-test.de\/it\/wp-json\/wp\/v2\/users\/1"}],"replies":[{"embeddable":true,"href":"https:\/\/www.padel-test.de\/it\/wp-json\/wp\/v2\/comments?post=18161"}],"version-history":[{"count":0,"href":"https:\/\/www.padel-test.de\/it\/wp-json\/wp\/v2\/pages\/18161\/revisions"}],"wp:featuredmedia":[{"embeddable":true,"href":"https:\/\/www.padel-test.de\/it\/wp-json\/wp\/v2\/media\/18162"}],"wp:attachment":[{"href":"https:\/\/www.padel-test.de\/it\/wp-json\/wp\/v2\/media?parent=18161"}],"curies":[{"name":"wp","href":"https:\/\/api.w.org\/{rel}","templated":true}]}}