{"id":18174,"date":"2017-10-26T10:01:22","date_gmt":"2017-10-26T10:01:22","guid":{"rendered":"http:\/\/www.padel-test.de\/padel-plaetze\/padel-bremen\/"},"modified":"2022-11-01T18:35:20","modified_gmt":"2022-11-01T18:35:20","slug":"padel-bremen","status":"publish","type":"page","link":"https:\/\/www.padel-test.de\/it\/campi-da-paddle\/padel-bremen\/","title":{"rendered":"Padel Brema"},"content":{"rendered":"<p>Ok, il padel non \u00e8 ancora arrivato nella citt\u00e0 di Brema, ma c'\u00e8 una piccola e incantevole struttura a Bremen-Weyhe che offre un sacco di atmosfera familiare e dove attualmente stanno costruendo il secondo campo. Alex Schwarz e Malte Daum mostrano meravigliosamente come funziona il padel in un club!<\/p>\n<p>E c'\u00e8 un club di calcio pi\u00f9 grande accanto e non sorprenderebbe nessuno se l'uno o l'altro calciatore fosse presto visto regolarmente sul Bremer <a href=\"\/it\/padel-bremen-weyhe\/\">Campi da padel nella struttura TC Weyhe<\/a> trover\u00e0!<\/p>\n<p>E nelle vicinanze, pi\u00f9 precisamente a Hagen im Bremischen, \u00e8 appena iniziato un progetto vicino al Piratenburg, dove verranno costruiti campi da nuoto e da padel. -&gt; <\/p>\n<p>Da non confondere con Hagen, in NRW, dove tra l'altro sorger\u00e0 presto un grande campo da padel. <\/p>\n<p>Vedi anche <a href=\"\/it\/campi-da-paddle\/padel-zona-ruhr\/\">Padel Ruhr Area<\/a>.<\/p>\n\t<h3>Campi da padel - Mappa<\/h3>\n\n<!-- iframe plugin v.6.0 wordpress.org\/plugins\/iframe\/ -->\n<iframe loading=\"lazy\" src=\"https:\/\/www.google.com\/maps\/d\/embed?mid=18OVW4FiG4noVz4vFAYmYzmjpOW8\" width=\"900\" 0=\"height=&quot;300&quot;&amp;gt;&amp;lt;\/iframe\" height=\"500\" scrolling=\"yes\" class=\"iframe-class\" frameborder=\"0\"><\/iframe>\n\n<h4>\n\t\tNotizie sul padel a Brema\n\t<\/h4>\n\t\t\t\t<a href=\"https:\/\/www.facebook.com\/sharer.php?u=https:\/\/www.padel-test.de\/?page_id=18174&#038;fl_builder&#038;title=Padel+Bremen\">\n\t\t\t\t\t\t\t\t\t\t\t\tCondividi su Facebook\n\t\t\t\t\t\t\t\t\t<\/a>\n\t\t\t\t<a href=\"https:\/\/twitter.com\/intent\/tweet?url=https:\/\/www.padel-test.de\/?page_id=18174&#038;fl_builder&#038;text=Padel+Bremen\">\n\t\t\t\t\t\t\t\t\t\t\t\tCondividi su Twitter\n\t\t\t\t\t\t\t\t\t<\/a>\n\t\t\t\t<a href=\"https:\/\/www.linkedin.com\/shareArticle?mini=true&#038;url=https:\/\/www.padel-test.de\/?page_id=18174&#038;fl_builder&#038;title=Padel+Bremen\">\n\t\t\t\t\t\t\t\t\t\t\t\tCondividi su Linkedin\n\t\t\t\t\t\t\t\t\t<\/a>\n\t\t\t\t<a href=\"mailto:?body=https:\/\/www.padel-test.de\/?page_id=18174&#038;fl_builder\">\n\t\t\t\t\t\t\t\t\t\t\t\tCondividi su e-mail\n\t\t\t\t\t\t\t\t\t<\/a>","protected":false},"excerpt":{"rendered":"<p>Ok, il padel non \u00e8 ancora arrivato nella citt\u00e0 di Brema, ma a Brema-Weyhe c'\u00e8 un piccolo e incantevole impianto che offre un'atmosfera familiare e dove stanno costruendo il secondo campo. Alex Schwarz e Malte Daum mostrano meravigliosamente come funziona il padel in un club! E accanto c'\u00e8 un...<\/p>","protected":false},"author":1,"featured_media":16670,"parent":18160,"menu_order":9,"comment_status":"open","ping_status":"open","template":"","meta":{"_acf_changed":false,"_sitemap_exclude":false,"_sitemap_priority":"","_sitemap_frequency":"","_analytify_skip_tracking":false,"footnotes":""},"class_list":["post-18174","page","type-page","status-publish","has-post-thumbnail","hentry"],"acf":[],"_links":{"self":[{"href":"https:\/\/www.padel-test.de\/it\/wp-json\/wp\/v2\/pages\/18174","targetHints":{"allow":["GET"]}}],"collection":[{"href":"https:\/\/www.padel-test.de\/it\/wp-json\/wp\/v2\/pages"}],"about":[{"href":"https:\/\/www.padel-test.de\/it\/wp-json\/wp\/v2\/types\/page"}],"author":[{"embeddable":true,"href":"https:\/\/www.padel-test.de\/it\/wp-json\/wp\/v2\/users\/1"}],"replies":[{"embeddable":true,"href":"https:\/\/www.padel-test.de\/it\/wp-json\/wp\/v2\/comments?post=18174"}],"version-history":[{"count":0,"href":"https:\/\/www.padel-test.de\/it\/wp-json\/wp\/v2\/pages\/18174\/revisions"}],"up":[{"embeddable":true,"href":"https:\/\/www.padel-test.de\/it\/wp-json\/wp\/v2\/pages\/18160"}],"wp:featuredmedia":[{"embeddable":true,"href":"https:\/\/www.padel-test.de\/it\/wp-json\/wp\/v2\/media\/16670"}],"wp:attachment":[{"href":"https:\/\/www.padel-test.de\/it\/wp-json\/wp\/v2\/media?parent=18174"}],"curies":[{"name":"wp","href":"https:\/\/api.w.org\/{rel}","templated":true}]}}