{"id":18181,"date":"2017-10-26T10:14:37","date_gmt":"2017-10-26T10:14:37","guid":{"rendered":"http:\/\/www.padel-test.de\/padel-plaetze\/padel-karlsruhe\/"},"modified":"2022-11-01T18:48:41","modified_gmt":"2022-11-01T18:48:41","slug":"padel-karlsruhe","status":"publish","type":"page","link":"https:\/\/www.padel-test.de\/it\/campi-da-paddle\/padel-karlsruhe\/","title":{"rendered":"Padel Karlsruhe"},"content":{"rendered":"<p>A Karlsruhe ci sono attualmente 4 strutture in cui \u00e8 possibile giocare a padel tennis. Questi sono <a href=\"\/it\/padel-durlach-aue\/\">Padel Durlach-Aue<\/a>, <a href=\"\/it\/padel-karlsruhe-ketv\/\">Padel al KETV<\/a> e <a href=\"\/it\/padel-karlsruhe-tc-groetzingen\/\">Padel Gr\u00f6tzingen<\/a>\u00a0e padel indoor nel <a href=\"\/it\/padel-tennis-ettlingen\/\">Padel Hall Ettlingen<\/a>.<\/p>\n<p>Questi 4\u00a0<a href=\"\/it\/campi-da-paddle\/\">Luoghi di Padel<\/a> non solo sono utilizzati da molti giocatori di padel a livello amatoriale, ma sono anche frequentemente sede di <a href=\"\/it\/tornei-di-padel-2\/\">Tornei di padel<\/a> e campionati di padel (per esempio il campionato di padel della Germania meridionale).<\/p>\n<p>Anche l'Universit\u00e0 di Karlsruhe ha inserito il padel nel suo programma sportivo universitario e offre corsi di padel. <\/p>\n<p>In futuro, l'Universit\u00e0 di Karlsruhe vuole addirittura avere una sua <a href=\"\/it\/costruttore-di-corsi-di-padel-2\/\">Costruire campi da padel<\/a> e operare.<\/p>\n\t<h3>Campi da paddle tennis - Mappa<\/h3>\n\n<!-- iframe plugin v.6.0 wordpress.org\/plugins\/iframe\/ -->\n<iframe loading=\"lazy\" src=\"https:\/\/www.google.com\/maps\/d\/embed?mid=18OVW4FiG4noVz4vFAYmYzmjpOW8\" width=\"900\" 0=\"height=&quot;300&quot;&amp;gt;&amp;lt;\/iframe\" height=\"500\" scrolling=\"yes\" class=\"iframe-class\" frameborder=\"0\"><\/iframe>\n\n<h4>\n\t\tNotizie sul padel a Karlsruhe\n\t<\/h4>\n\t\t\t\t<a href=\"https:\/\/www.facebook.com\/sharer.php?u=https:\/\/www.padel-test.de\/?page_id=18181&#038;fl_builder&#038;title=Padel+Karlsruhe\">\n\t\t\t\t\t\t\t\t\t\t\t\tCondividi su Facebook\n\t\t\t\t\t\t\t\t\t<\/a>\n\t\t\t\t<a href=\"https:\/\/twitter.com\/intent\/tweet?url=https:\/\/www.padel-test.de\/?page_id=18181&#038;fl_builder&#038;text=Padel+Karlsruhe\">\n\t\t\t\t\t\t\t\t\t\t\t\tCondividi su Twitter\n\t\t\t\t\t\t\t\t\t<\/a>\n\t\t\t\t<a href=\"https:\/\/www.linkedin.com\/shareArticle?mini=true&#038;url=https:\/\/www.padel-test.de\/?page_id=18181&#038;fl_builder&#038;title=Padel+Karlsruhe\">\n\t\t\t\t\t\t\t\t\t\t\t\tCondividi su Linkedin\n\t\t\t\t\t\t\t\t\t<\/a>\n\t\t\t\t<a href=\"mailto:?body=https:\/\/www.padel-test.de\/?page_id=18181&#038;fl_builder\">\n\t\t\t\t\t\t\t\t\t\t\t\tCondividi su e-mail\n\t\t\t\t\t\t\t\t\t<\/a>","protected":false},"excerpt":{"rendered":"<p>A Karlsruhe ci sono attualmente 4 strutture dove si pu\u00f2 giocare a padel tennis. Si tratta del Padel Durlach-Aue, del Padel at KETV e del Padel Gr\u00f6tzingen, nonch\u00e9 del Padel indoor nella Padel Halle Ettlingen. Questi 4 impianti non solo sono utilizzati da molti giocatori di padel a livello amatoriale, ma sono anche spesso sede di tornei e campionati di padel (ad esempio il campionato della Germania meridionale)...<\/p>","protected":false},"author":1,"featured_media":16821,"parent":18160,"menu_order":12,"comment_status":"open","ping_status":"open","template":"","meta":{"_acf_changed":false,"_sitemap_exclude":false,"_sitemap_priority":"","_sitemap_frequency":"","_analytify_skip_tracking":false,"footnotes":""},"class_list":["post-18181","page","type-page","status-publish","has-post-thumbnail","hentry"],"acf":[],"_links":{"self":[{"href":"https:\/\/www.padel-test.de\/it\/wp-json\/wp\/v2\/pages\/18181","targetHints":{"allow":["GET"]}}],"collection":[{"href":"https:\/\/www.padel-test.de\/it\/wp-json\/wp\/v2\/pages"}],"about":[{"href":"https:\/\/www.padel-test.de\/it\/wp-json\/wp\/v2\/types\/page"}],"author":[{"embeddable":true,"href":"https:\/\/www.padel-test.de\/it\/wp-json\/wp\/v2\/users\/1"}],"replies":[{"embeddable":true,"href":"https:\/\/www.padel-test.de\/it\/wp-json\/wp\/v2\/comments?post=18181"}],"version-history":[{"count":0,"href":"https:\/\/www.padel-test.de\/it\/wp-json\/wp\/v2\/pages\/18181\/revisions"}],"up":[{"embeddable":true,"href":"https:\/\/www.padel-test.de\/it\/wp-json\/wp\/v2\/pages\/18160"}],"wp:featuredmedia":[{"embeddable":true,"href":"https:\/\/www.padel-test.de\/it\/wp-json\/wp\/v2\/media\/16821"}],"wp:attachment":[{"href":"https:\/\/www.padel-test.de\/it\/wp-json\/wp\/v2\/media?parent=18181"}],"curies":[{"name":"wp","href":"https:\/\/api.w.org\/{rel}","templated":true}]}}