{"id":18196,"date":"2017-12-19T10:42:42","date_gmt":"2017-12-19T10:42:42","guid":{"rendered":"http:\/\/www.padel-test.de\/padel-plaetze\/padel-osnabrueck\/"},"modified":"2022-11-01T19:28:43","modified_gmt":"2022-11-01T19:28:43","slug":"padel-osnabrueck","status":"publish","type":"page","link":"https:\/\/www.padel-test.de\/it\/campi-da-paddle\/padel-osnabrueck\/","title":{"rendered":"Padel Osnabr\u00fcck"},"content":{"rendered":"<p><strong>Giocare a padel a Osnabr\u00fcck e dintorni<\/strong><\/p>\n<p>Intorno a Osnabr\u00fcck, il padel pu\u00f2 essere giocato a Espelkamp, Herzebrock-Clarholz e M\u00fcnster. Tutte e tre le localit\u00e0 di padel sono solo circa 30-50 minuti di distanza da Osnabr\u00fcck e possono quindi essere raggiunte rapidamente in auto.<\/p>\n<p>Chi <a href=\"\/it\/padel-tv-espelkamp\/\">Padel a Espelkamp<\/a> desidera giocare pu\u00f2 utilizzare uno dei due campi da padel all'aperto sui campi sportivi del tennis club TV Espelkamp. Il sito ora ospita regolarmente i visitatori nazionali e locali. <a href=\"\/it\/tornei-di-padel-2\/\">Tornei di paddle<\/a>.<\/p>\n<p>Convenientemente, c'\u00e8 una tribuna per gli spettatori proprio accanto al campo. Questo rende divertente non solo giocare a padel, ma anche guardare i numerosi eventi.<\/p>\n<p>A soli 20 minuti di auto da G\u00fctersloh si trova il <a href=\"\/it\/padel-point-center-herzebrock\/\">Centro Padel Point Herzebrock<\/a>. Qui c'\u00e8 un campo da padel all'aperto con erba artificiale e riflettori. Il campo da padel \u00e8 gestito da Tennis-Point GmbH.<\/p>\n<p>E a M\u00fcnster si pu\u00f2 trovare il <a href=\"\/it\/padel-muenster\/\">Padel Hall M\u00fcnster<\/a>che, oltre al padel, offre anche calcio e una grande gastronomia!<\/p>\n<p><em>-&gt; Torna al <a href=\"\/it\/campi-da-paddle\/\">Mappa dei campi di Padel tedeschi<\/a><\/em><\/p>\n\t<h3>Campi da paddle tennis - Mappa<\/h3>\n\n<!-- iframe plugin v.6.0 wordpress.org\/plugins\/iframe\/ -->\n<iframe loading=\"lazy\" src=\"https:\/\/www.google.com\/maps\/d\/embed?mid=18OVW4FiG4noVz4vFAYmYzmjpOW8\" width=\"900\" 0=\"height=&quot;300&quot;&amp;gt;&amp;lt;\/iframe\" height=\"500\" scrolling=\"yes\" class=\"iframe-class\" frameborder=\"0\"><\/iframe>\n\n<h4>\n\t\tNotizie sul padel\n\t<\/h4>\n\t\t\t\t<a href=\"https:\/\/www.facebook.com\/sharer.php?u=https:\/\/www.padel-test.de\/?page_id=18196&#038;fl_builder&#038;title=Padel+Osnabr%C3%BCck\">\n\t\t\t\t\t\t\t\t\t\t\t\tCondividi su Facebook\n\t\t\t\t\t\t\t\t\t<\/a>\n\t\t\t\t<a href=\"https:\/\/twitter.com\/intent\/tweet?url=https:\/\/www.padel-test.de\/?page_id=18196&#038;fl_builder&#038;text=Padel+Osnabr%C3%BCck\">\n\t\t\t\t\t\t\t\t\t\t\t\tCondividi su Twitter\n\t\t\t\t\t\t\t\t\t<\/a>\n\t\t\t\t<a href=\"https:\/\/www.linkedin.com\/shareArticle?mini=true&#038;url=https:\/\/www.padel-test.de\/?page_id=18196&#038;fl_builder&#038;title=Padel+Osnabr%C3%BCck\">\n\t\t\t\t\t\t\t\t\t\t\t\tCondividi su Linkedin\n\t\t\t\t\t\t\t\t\t<\/a>\n\t\t\t\t<a href=\"mailto:?body=https:\/\/www.padel-test.de\/?page_id=18196&#038;fl_builder\">\n\t\t\t\t\t\t\t\t\t\t\t\tCondividi su e-mail\n\t\t\t\t\t\t\t\t\t<\/a>","protected":false},"excerpt":{"rendered":"<p>Giocare a padel a Osnabr\u00fcck e dintorni Nei dintorni di Osnabr\u00fcck si pu\u00f2 giocare a padel a Espelkamp, Herzebrock-Clarholz e M\u00fcnster. Tutte e tre le localit\u00e0 di padel distano solo 30-50 minuti da Osnabr\u00fcck e possono quindi essere raggiunte rapidamente in auto. Se volete giocare a padel a Espelkamp, potete utilizzare uno dei due campi da padel all'aperto sul...<\/p>","protected":false},"author":1,"featured_media":16857,"parent":18160,"menu_order":16,"comment_status":"open","ping_status":"open","template":"","meta":{"_acf_changed":false,"_sitemap_exclude":false,"_sitemap_priority":"","_sitemap_frequency":"","_analytify_skip_tracking":false,"footnotes":""},"class_list":["post-18196","page","type-page","status-publish","has-post-thumbnail","hentry"],"acf":[],"_links":{"self":[{"href":"https:\/\/www.padel-test.de\/it\/wp-json\/wp\/v2\/pages\/18196","targetHints":{"allow":["GET"]}}],"collection":[{"href":"https:\/\/www.padel-test.de\/it\/wp-json\/wp\/v2\/pages"}],"about":[{"href":"https:\/\/www.padel-test.de\/it\/wp-json\/wp\/v2\/types\/page"}],"author":[{"embeddable":true,"href":"https:\/\/www.padel-test.de\/it\/wp-json\/wp\/v2\/users\/1"}],"replies":[{"embeddable":true,"href":"https:\/\/www.padel-test.de\/it\/wp-json\/wp\/v2\/comments?post=18196"}],"version-history":[{"count":0,"href":"https:\/\/www.padel-test.de\/it\/wp-json\/wp\/v2\/pages\/18196\/revisions"}],"up":[{"embeddable":true,"href":"https:\/\/www.padel-test.de\/it\/wp-json\/wp\/v2\/pages\/18160"}],"wp:featuredmedia":[{"embeddable":true,"href":"https:\/\/www.padel-test.de\/it\/wp-json\/wp\/v2\/media\/16857"}],"wp:attachment":[{"href":"https:\/\/www.padel-test.de\/it\/wp-json\/wp\/v2\/media?parent=18196"}],"curies":[{"name":"wp","href":"https:\/\/api.w.org\/{rel}","templated":true}]}}