{"id":18199,"date":"2017-12-24T15:58:34","date_gmt":"2017-12-24T15:58:34","guid":{"rendered":"http:\/\/www.padel-test.de\/padel-plaetze\/padel-duesseldorf\/"},"modified":"2022-10-31T22:20:39","modified_gmt":"2022-10-31T22:20:39","slug":"padel-duesseldorf","status":"publish","type":"page","link":"https:\/\/www.padel-test.de\/it\/campi-da-paddle\/padel-duesseldorf\/","title":{"rendered":"Padel D\u00fcsseldorf"},"content":{"rendered":"<p>D\u00fcsseldorf dispone ora anche di campi da padel. Dopo che la rivale locale Colonia ha da tempo 3 campi da padel, D\u00fcsseldorf pu\u00f2 finalmente mettersi al passo.<\/p>\n<p>Perch\u00e9 \u00e8 nato un nuovo progetto di padel al TG Nord Lohausen:<\/p>\n<p><a href=\"\/it\/padel-duesseldorf-tg-nord\/\">Padel D\u00fcsseldorf TG Nord<\/a><\/p>\n<p>&nbsp;<\/p>\n<p>Il potenziale dei giocatori di padel \u00e8 sicuramente presente nella regione di D\u00fcsseldorf e speriamo che ci siano pi\u00f9 campi da paddle tennis a D\u00fcsseldorf!<\/p>\n<p>Altrimenti, il campo di padel pi\u00f9 vicino \u00e8 l'impianto di padel del <a href=\"https:\/\/www.padel-test.de\/it\/tvn-padel-essen\/\">TVN Padel Essen<\/a>. In alternativa, i campi di padel come <a href=\"https:\/\/www.padel-test.de\/it\/padel-colonia\/\">Padel Colonia a Colonia<\/a>\u00a0solo 40 minuti in auto dal centro di D\u00fcsseldorf.<\/p>\n<p>In generale, ci sono molti <a href=\"\/it\/campi-da-paddle\/padel-zona-ruhr\/\">Campi da padel nella zona della Ruhr<\/a>\u00a0- per esempio a Werne, Essen, Herne e presto anche a Bochum.<\/p>\n<p><em>Sulla nostra mappa del padel puoi vedere dove ci sono gi\u00e0 <a href=\"https:\/\/www.padel-test.de\/it\/campi-da-paddle\/\">Campi da padel in Germania<\/a> d\u00e0.<\/em><\/p>","protected":false},"excerpt":{"rendered":"<p>D\u00fcsseldorf dispone ora anche di campi da padel. Dopo che la rivale locale Colonia ha da tempo 3 campi da padel, D\u00fcsseldorf pu\u00f2 finalmente mettersi al passo. Presso il TG Nord Lohausen \u00e8 stato avviato un nuovo progetto di padel: Padel D\u00fcsseldorf TG Nord Il potenziale dei giocatori di padel \u00e8 sicuramente presente nella regione di D\u00fcsseldorf e noi...<\/p>","protected":false},"author":1,"featured_media":0,"parent":18160,"menu_order":17,"comment_status":"closed","ping_status":"closed","template":"","meta":{"_acf_changed":false,"_sitemap_exclude":false,"_sitemap_priority":"","_sitemap_frequency":"","_analytify_skip_tracking":false,"footnotes":""},"class_list":["post-18199","page","type-page","status-publish","hentry"],"acf":[],"_links":{"self":[{"href":"https:\/\/www.padel-test.de\/it\/wp-json\/wp\/v2\/pages\/18199","targetHints":{"allow":["GET"]}}],"collection":[{"href":"https:\/\/www.padel-test.de\/it\/wp-json\/wp\/v2\/pages"}],"about":[{"href":"https:\/\/www.padel-test.de\/it\/wp-json\/wp\/v2\/types\/page"}],"author":[{"embeddable":true,"href":"https:\/\/www.padel-test.de\/it\/wp-json\/wp\/v2\/users\/1"}],"replies":[{"embeddable":true,"href":"https:\/\/www.padel-test.de\/it\/wp-json\/wp\/v2\/comments?post=18199"}],"version-history":[{"count":0,"href":"https:\/\/www.padel-test.de\/it\/wp-json\/wp\/v2\/pages\/18199\/revisions"}],"up":[{"embeddable":true,"href":"https:\/\/www.padel-test.de\/it\/wp-json\/wp\/v2\/pages\/18160"}],"wp:attachment":[{"href":"https:\/\/www.padel-test.de\/it\/wp-json\/wp\/v2\/media?parent=18199"}],"curies":[{"name":"wp","href":"https:\/\/api.w.org\/{rel}","templated":true}]}}