{"id":18200,"date":"2017-12-24T20:30:02","date_gmt":"2017-12-24T20:30:02","guid":{"rendered":"http:\/\/www.padel-test.de\/padel-plaetze\/padel-heilbronn\/"},"modified":"2022-10-26T00:01:14","modified_gmt":"2022-10-26T00:01:14","slug":"padel-heilbronn","status":"publish","type":"page","link":"https:\/\/www.padel-test.de\/it\/campi-da-paddle\/padel-heilbronn\/","title":{"rendered":"Padel Heilbronn"},"content":{"rendered":"<p><strong>Giocare a padel a Heilbronn e dintorni<\/strong><\/p>\n<p>Il padel a Heilbronn \u00e8 possibile sui campi sportivi del tennis club TC Schwaigern. A soli 5 km da Heilbronn, potrete giocare su un campo da padel all'aperto.<\/p>\n<p>Dal momento che il <a href=\"\/it\/posizioni-di-padel-2\/padel-heilbronn-schwaigern\/\">Campo da padel del TC Schwaigern<\/a> \u00e8 dotato di proiettori a LED, \u00e8 possibile giocare qui anche a tarda sera.<\/p>\n<p>Nelle vicinanze, a Bad Friedrichshall, \u00e8 previsto un altro campo da padel. Vi informeremo a breve sul programma esatto.<\/p>\n<em>Suggerimento:<br \/>\n<\/em><em>Tutti <a href=\"\/it\/campi-da-paddle\/\">Strutture per il padel in Germania, Austria e Svizzera<\/a> che troverete nella nostra panoramica!\n\t<h3>Campi da paddle tennis - Mappa<\/h3>\n\n<!-- iframe plugin v.6.0 wordpress.org\/plugins\/iframe\/ -->\n<iframe loading=\"lazy\" src=\"https:\/\/www.google.com\/maps\/d\/embed?mid=18OVW4FiG4noVz4vFAYmYzmjpOW8\" width=\"900\" 0=\"height=&quot;300&quot;&amp;gt;&amp;lt;\/iframe\" height=\"500\" scrolling=\"yes\" class=\"iframe-class\" frameborder=\"0\"><\/iframe>\n\n<h4>\n\t\tNotizie sul padel a Heilbronn\n\t<\/h4>\n\t\t\t\t<a href=\"https:\/\/www.facebook.com\/sharer.php?u=https:\/\/www.padel-test.de\/padel-plaetze\/padel-heilbronn\/?fl_builder&#038;title=Padel+Heilbronn\">\n\t\t\t\t\t\t\t\t\t\t\t\tCondividi su Facebook\n\t\t\t\t\t\t\t\t\t<\/a>\n\t\t\t\t<a href=\"https:\/\/twitter.com\/intent\/tweet?url=https:\/\/www.padel-test.de\/padel-plaetze\/padel-heilbronn\/?fl_builder&#038;text=Padel+Heilbronn\">\n\t\t\t\t\t\t\t\t\t\t\t\tCondividi su Twitter\n\t\t\t\t\t\t\t\t\t<\/a>\n\t\t\t\t<a href=\"https:\/\/www.linkedin.com\/shareArticle?mini=true&#038;url=https:\/\/www.padel-test.de\/padel-plaetze\/padel-heilbronn\/?fl_builder&#038;title=Padel+Heilbronn\">\n\t\t\t\t\t\t\t\t\t\t\t\tCondividi su Linkedin\n\t\t\t\t\t\t\t\t\t<\/a>\n\t\t\t\t<a href=\"mailto:?body=https:\/\/www.padel-test.de\/padel-plaetze\/padel-heilbronn\/?fl_builder\">\n\t\t\t\t\t\t\t\t\t\t\t\tCondividi con l'e-mail\n\t\t\t\t\t\t\t\t\t<\/a>\n<\/em>","protected":false},"excerpt":{"rendered":"<p>Giocare a padel a Heilbronn e dintorni Il padel a Heilbronn \u00e8 possibile sui campi sportivi del tennis club TC Schwaigern. A soli 5 km da Heilbronn, potrete giocare su un campo da padel all'aperto. Poich\u00e9 il campo da padel del TC Schwaigern \u00e8 dotato di riflettori a LED, \u00e8 possibile giocare qui anche fino a tarda sera. Abbastanza...<\/p>","protected":false},"author":1,"featured_media":16826,"parent":18160,"menu_order":0,"comment_status":"closed","ping_status":"closed","template":"","meta":{"_acf_changed":false,"_sitemap_exclude":false,"_sitemap_priority":"","_sitemap_frequency":"","_analytify_skip_tracking":false,"footnotes":""},"class_list":["post-18200","page","type-page","status-publish","has-post-thumbnail","hentry"],"acf":[],"_links":{"self":[{"href":"https:\/\/www.padel-test.de\/it\/wp-json\/wp\/v2\/pages\/18200","targetHints":{"allow":["GET"]}}],"collection":[{"href":"https:\/\/www.padel-test.de\/it\/wp-json\/wp\/v2\/pages"}],"about":[{"href":"https:\/\/www.padel-test.de\/it\/wp-json\/wp\/v2\/types\/page"}],"author":[{"embeddable":true,"href":"https:\/\/www.padel-test.de\/it\/wp-json\/wp\/v2\/users\/1"}],"replies":[{"embeddable":true,"href":"https:\/\/www.padel-test.de\/it\/wp-json\/wp\/v2\/comments?post=18200"}],"version-history":[{"count":0,"href":"https:\/\/www.padel-test.de\/it\/wp-json\/wp\/v2\/pages\/18200\/revisions"}],"up":[{"embeddable":true,"href":"https:\/\/www.padel-test.de\/it\/wp-json\/wp\/v2\/pages\/18160"}],"wp:featuredmedia":[{"embeddable":true,"href":"https:\/\/www.padel-test.de\/it\/wp-json\/wp\/v2\/media\/16826"}],"wp:attachment":[{"href":"https:\/\/www.padel-test.de\/it\/wp-json\/wp\/v2\/media?parent=18200"}],"curies":[{"name":"wp","href":"https:\/\/api.w.org\/{rel}","templated":true}]}}