{"id":18202,"date":"2017-12-24T16:16:32","date_gmt":"2017-12-24T16:16:32","guid":{"rendered":"http:\/\/www.padel-test.de\/padel-plaetze\/padel-stuttgart\/"},"modified":"2022-10-25T23:58:25","modified_gmt":"2022-10-25T23:58:25","slug":"padel-stoccarda","status":"publish","type":"page","link":"https:\/\/www.padel-test.de\/it\/campi-da-paddle\/padel-stoccarda\/","title":{"rendered":"Padel Stoccarda"},"content":{"rendered":"<p>I campi di padel a Stoccarda, la capitale del Baden-W\u00fcrttemberg, erano in fase di progettazione da molto tempo. Finora, la regola era: se venivi da Stoccarda, dovevi essere mobile per giocare a padel.<\/p>\n<p>Ma da giugno 2019, non c'\u00e8 pi\u00f9 molto da guidare.<\/p>\n<p>Perch\u00e9 ora c'\u00e8 un campo da padel all'aperto allo Stuttgarter Kickers.<\/p>\n<p>Qui potete trovare maggiori informazioni su <a href=\"\/it\/posizioni-di-padel-2\/padel-stuttgarter-kickers\/\">Padel Stoccarda Kickers<\/a>.<\/p>\n<p>&nbsp;<\/p>\n<p>E nelle vicinanze c'\u00e8 un forte <a href=\"\/it\/campi-da-paddle\/padel-karlsruhe\/\">Comunit\u00e0 di Padel a Karlsruhe<\/a> con nel frattempo 6 campi da padel (campi da padel interni ed esterni, nuovi campi da padel ogni anno) o sul <a href=\"\/it\/posizioni-di-padel-2\/padel-heilbronn-schwaigern\/\">Campo da padel a Schwaigern<\/a> pu\u00f2 essere evitato. Il tempo di percorrenza in auto \u00e8 di circa 60 minuti da Stoccarda.<\/p>\n<p>Dato che c'era gi\u00e0 un campo da padel mobile a Stoccarda su una base di prova, che \u00e8 stato accolto molto bene dagli atleti di Stoccarda, siamo felici che il padel sia finalmente saldamente ancorato a Stoccarda e auguriamo alla localit\u00e0 di padel di Stoccarda una crescita adeguata con molti altri campi da padel!<\/p>\n\t<h3>Campi da paddle tennis - Mappa<\/h3>\n\n<!-- iframe plugin v.6.0 wordpress.org\/plugins\/iframe\/ -->\n<iframe loading=\"lazy\" src=\"https:\/\/www.google.com\/maps\/d\/embed?mid=18OVW4FiG4noVz4vFAYmYzmjpOW8\" width=\"900\" 0=\"height=&quot;300&quot;&amp;gt;&amp;lt;\/iframe\" height=\"500\" scrolling=\"yes\" class=\"iframe-class\" frameborder=\"0\"><\/iframe>\n\n<h4>\n\t\tNotizie sul padel a Stoccarda\n\t<\/h4>\n\t\t\t\t<a href=\"https:\/\/www.facebook.com\/sharer.php?u=https:\/\/www.padel-test.de\/padel-plaetze\/padel-stuttgart\/?fl_builder&#038;title=Padel+Stuttgart\">\n\t\t\t\t\t\t\t\t\t\t\t\tCondividi su Facebook\n\t\t\t\t\t\t\t\t\t<\/a>\n\t\t\t\t<a href=\"https:\/\/twitter.com\/intent\/tweet?url=https:\/\/www.padel-test.de\/padel-plaetze\/padel-stuttgart\/?fl_builder&#038;text=Padel+Stuttgart\">\n\t\t\t\t\t\t\t\t\t\t\t\tCondividi su Twitter\n\t\t\t\t\t\t\t\t\t<\/a>\n\t\t\t\t<a href=\"https:\/\/www.linkedin.com\/shareArticle?mini=true&#038;url=https:\/\/www.padel-test.de\/padel-plaetze\/padel-stuttgart\/?fl_builder&#038;title=Padel+Stuttgart\">\n\t\t\t\t\t\t\t\t\t\t\t\tCondividi su Linkedin\n\t\t\t\t\t\t\t\t\t<\/a>\n\t\t\t\t<a href=\"mailto:?body=https:\/\/www.padel-test.de\/padel-plaetze\/padel-stuttgart\/?fl_builder\">\n\t\t\t\t\t\t\t\t\t\t\t\tCondividi con l'e-mail\n\t\t\t\t\t\t\t\t\t<\/a>","protected":false},"excerpt":{"rendered":"<p>I campi da padel di Stoccarda, la capitale del Baden-W\u00fcrttemberg, erano in fase di progettazione da molto tempo. Finora la regola era: se venivi da Stoccarda, dovevi essere in movimento per giocare a padel. Ma da giugno 2019 non dovrete pi\u00f9 guidare molto. Perch\u00e9 ora c'\u00e8 un campo da padel all'aperto presso lo Stuttgarter Kickers. Qui potete trovare maggiori informazioni su...<\/p>","protected":false},"author":1,"featured_media":17038,"parent":18160,"menu_order":1,"comment_status":"closed","ping_status":"closed","template":"","meta":{"_acf_changed":false,"_sitemap_exclude":false,"_sitemap_priority":"","_sitemap_frequency":"","_analytify_skip_tracking":false,"footnotes":""},"class_list":["post-18202","page","type-page","status-publish","has-post-thumbnail","hentry"],"acf":[],"_links":{"self":[{"href":"https:\/\/www.padel-test.de\/it\/wp-json\/wp\/v2\/pages\/18202","targetHints":{"allow":["GET"]}}],"collection":[{"href":"https:\/\/www.padel-test.de\/it\/wp-json\/wp\/v2\/pages"}],"about":[{"href":"https:\/\/www.padel-test.de\/it\/wp-json\/wp\/v2\/types\/page"}],"author":[{"embeddable":true,"href":"https:\/\/www.padel-test.de\/it\/wp-json\/wp\/v2\/users\/1"}],"replies":[{"embeddable":true,"href":"https:\/\/www.padel-test.de\/it\/wp-json\/wp\/v2\/comments?post=18202"}],"version-history":[{"count":0,"href":"https:\/\/www.padel-test.de\/it\/wp-json\/wp\/v2\/pages\/18202\/revisions"}],"up":[{"embeddable":true,"href":"https:\/\/www.padel-test.de\/it\/wp-json\/wp\/v2\/pages\/18160"}],"wp:featuredmedia":[{"embeddable":true,"href":"https:\/\/www.padel-test.de\/it\/wp-json\/wp\/v2\/media\/17038"}],"wp:attachment":[{"href":"https:\/\/www.padel-test.de\/it\/wp-json\/wp\/v2\/media?parent=18202"}],"curies":[{"name":"wp","href":"https:\/\/api.w.org\/{rel}","templated":true}]}}