{"id":18214,"date":"2019-08-02T16:46:59","date_gmt":"2019-08-02T16:46:59","guid":{"rendered":"http:\/\/www.padel-test.de\/padel-wissen\/was-ist-padel\/"},"modified":"2022-11-28T21:31:05","modified_gmt":"2022-11-28T21:31:05","slug":"cose-il-padel","status":"publish","type":"page","link":"https:\/\/www.padel-test.de\/it\/conoscenza-del-padel\/cose-il-padel\/","title":{"rendered":"Cos'\u00e8 il padel?"},"content":{"rendered":"<h2>Cos'\u00e8 il padel o p\u00e1del? Cos'\u00e8 il Padel Tennis?<\/h2>\n<p>In realt\u00e0, il padel, p\u00e1del o padel tennis \u00e8 abbastanza facile da descrivere: Il padel \u00e8 fondamentalmente un misto di tennis e squash.<\/p>\n<p>Questo \u00e8 il motivo per cui il padel viene spesso chiamato padel tennis. Tuttavia, noi (giocatori di padel) preferiamo parlare solo di padel, o gli spagnoli di p\u00e1del! Perch\u00e9 il padel \u00e8 uno sport indipendente a dorso che ha molti elementi che non esistono in altri sport.<\/p>\n<p>Il padel \u00e8 nato in Messico ed \u00e8 lo sport popolare per eccellenza nei paesi di lingua spagnola (leggi qui la storia del padel). In Europa, il padel \u00e8 pi\u00f9 popolare in Spagna, ma paesi come il Portogallo e soprattutto l'Italia stanno recuperando velocemente. <a href=\"\/it\/padel-test\/nachrichten\/padel-italia-boomt-germania\/\">Boom di Padel in Italia<\/a>).<\/p>\n<p>Soprattutto, il padel \u00e8 facile da imparare e divertente fin dall'inizio. Anche i nuovi arrivati che sono sul campo da padel per la prima volta possono giocare la loro prima partita di padel dopo circa 30-45 minuti.<\/p>\n<p>Basta chiedere a un allenatore di padel o a un giocatore di padel esperto se possono aiutare e allenare un po'.<\/p>\n<p>Allora va davvero molto veloce!<\/p>\n<p>&nbsp;<\/p>\n<h2>Come si gioca a padel?<\/h2>\n<p>Zum Beispiel so wie im nachfolgndem Video (&#8222;Die besten Padel Punkte der World Padel Tour 2021&#8220;). Aber so gut muss man gar nicht spielen k\u00f6nnen, um genau so viel Spa\u00df zu haben!<\/p>\n<p>Ma naturalmente si pu\u00f2 ottenere una buona ispirazione dai video di padel dei professionisti del padel!<\/p>\n<p>&nbsp;<\/p>\n<p style=\"text-align: center;\"><iframe loading=\"lazy\" title=\"Lettore video di YouTube\" src=\"https:\/\/www.youtube-nocookie.com\/embed\/OBR9yr9bvG8\" width=\"840\" height=\"472\" frameborder=\"0\" allowfullscreen=\"allowfullscreen\"><span style=\"display: inline-block; width: 0px; overflow: hidden; line-height: 0;\" data-mce-type=\"bookmark\" class=\"mce_SELRES_start\"><\/span><\/iframe><\/p>\n<p>&nbsp;<\/p>\n<p>Gli sport di pagaia sono molto dinamici e hanno un numero quasi infinito di combinazioni di colpi e giochi di posizione.<\/p>\n<p>Sembra complicato, vero? Ma non lo \u00e8! Dimostra solo che anche i giocatori pi\u00f9 professionisti imparano costantemente e non si annoiano mai.<\/p>\n<p>Poich\u00e9 il padel si gioca sempre in doppio (cio\u00e8 con 4 giocatori in campo) e il campo da padel \u00e8 solo 20x10m, tutto \u00e8 un po' pi\u00f9 vicino, pi\u00f9 emotivo e pi\u00f9 comunicativo che nel tennis, per esempio. Prendere le palle \u00e8 anche quasi completamente inutile, dato che c'\u00e8 una copertura di plexiglass intorno al campo.<\/p>\n<p>&nbsp;<\/p>\n<h3>Quali sono i vantaggi del padel?<\/h3>\n<ul>\n<li>Il padel ha pi\u00f9 rally lunghi e molti pi\u00f9 contatti con la palla rispetto ad altri sport a dorso<\/li>\n<li>Nel padel, la tattica e l'astuzia portano pi\u00f9 del puro atletismo<\/li>\n<li>Il padel \u00e8 molto pi\u00f9 veloce\/facile da imparare rispetto al tennis e allo squash<\/li>\n<li>Il padel \u00e8 adatto a persone di ogni et\u00e0 e sesso<\/li>\n<\/ul>\n<p>&nbsp;<\/p>\n<p>A proposito, non ci sono quasi mai infortuni nel padel tennis - purch\u00e9 ci si riscaldi un po' prima, come in ogni sport.<\/p>\n<p>&nbsp;<\/p>\n<h3>Come si gioca a padel?<\/h3>\n<p>Il padel si gioca in doppio, come gi\u00e0 detto. Il campo da padel non \u00e8 del tutto dissimile da un campo da tennis, ma \u00e8 grande solo la met\u00e0. Il campo da padel \u00e8 delimitato da pareti di plexiglass, alcune delle quali hanno una griglia attaccata.<\/p>\n<p>Qui si pu\u00f2 vedere bene nella foto:<\/p>\n<p>&nbsp;<\/p>\n<div id=\"attachment_3432\" style=\"width: 640px\" class=\"wp-caption aligncenter\"><img loading=\"lazy\" decoding=\"async\" aria-describedby=\"caption-attachment-3432\" class=\"wp-image-3432 size-full\" src=\"https:\/\/www.padel-test.de\/wp-content\/uploads\/2017\/10\/ce7c64885f.jpg\" alt=\"Cos&#039;\u00e8 il padel? Questo \u00e8 un campo di Padel \" width=\"630\" height=\"418\" \/><p id=\"caption-attachment-3432\" class=\"wp-caption-text\">Che cos'\u00e8 il padel? Questo \u00e8 un campo da padel all'aperto in Spagna<\/p><\/div>\n<p>&nbsp;<\/p>\n<p>Le regole del padel sono quasi identiche a quelle del tennis.<\/p>\n<p><strong>Tuttavia, ci sono due differenze sostanziali:<\/strong><\/p>\n<ol>\n<li>Il servizio viene giocato dal basso (in altre parole, la palla non deve essere giocata sopra i fianchi) e mostra cos\u00ec il carattere piuttosto difensivo del padel.<\/li>\n<li>Le pareti di plexiglass sono intensamente incluse nel gioco del padel. Quindi si pu\u00f2 ancora giocare la palla dopo che ha toccato il muro (se la palla era sul pavimento prima) e si pu\u00f2 anche giocare la palla da padel sopra il muro o i muri (s\u00ec, anche due muri sono possibili e permessi!).<\/li>\n<\/ol>\n<p>&nbsp;<\/p>\n<p>Vuoi saperne di pi\u00f9 sul padel?<br \/>\nOk, ci siamo:<\/p>\n<ul>\n<li><a href=\"\/it\/conoscenza-del-padel\/regole-del-padel\/\">Regole del padel<\/a><\/li>\n<li><a href=\"\/it\/conoscenza-del-padel\/differenze-tennis-padel\/\">Quali sono le differenze tra il tennis e il padel?<\/a><\/li>\n<li><a href=\"\/it\/campi-da-paddle\/\">Dove si pu\u00f2 giocare a padel?<\/a><\/li>\n<\/ul>","protected":false},"excerpt":{"rendered":"<p>Che cos'\u00e8 il padel o p\u00e1del? Che cos'\u00e8 il Padel Tennis? In realt\u00e0, il padel, p\u00e1del o padel tennis \u00e8 abbastanza facile da descrivere: Il padel \u00e8 fondamentalmente un misto di tennis e squash. Ecco perch\u00e9 il padel viene spesso chiamato padel tennis. Tuttavia ...<\/p>","protected":false},"author":1,"featured_media":1118,"parent":18170,"menu_order":0,"comment_status":"closed","ping_status":"closed","template":"","meta":{"_acf_changed":false,"_sitemap_exclude":false,"_sitemap_priority":"","_sitemap_frequency":"","_analytify_skip_tracking":false,"footnotes":""},"class_list":["post-18214","page","type-page","status-publish","has-post-thumbnail","hentry"],"acf":[],"_links":{"self":[{"href":"https:\/\/www.padel-test.de\/it\/wp-json\/wp\/v2\/pages\/18214","targetHints":{"allow":["GET"]}}],"collection":[{"href":"https:\/\/www.padel-test.de\/it\/wp-json\/wp\/v2\/pages"}],"about":[{"href":"https:\/\/www.padel-test.de\/it\/wp-json\/wp\/v2\/types\/page"}],"author":[{"embeddable":true,"href":"https:\/\/www.padel-test.de\/it\/wp-json\/wp\/v2\/users\/1"}],"replies":[{"embeddable":true,"href":"https:\/\/www.padel-test.de\/it\/wp-json\/wp\/v2\/comments?post=18214"}],"version-history":[{"count":0,"href":"https:\/\/www.padel-test.de\/it\/wp-json\/wp\/v2\/pages\/18214\/revisions"}],"up":[{"embeddable":true,"href":"https:\/\/www.padel-test.de\/it\/wp-json\/wp\/v2\/pages\/18170"}],"wp:featuredmedia":[{"embeddable":true,"href":"https:\/\/www.padel-test.de\/it\/wp-json\/wp\/v2\/media\/1118"}],"wp:attachment":[{"href":"https:\/\/www.padel-test.de\/it\/wp-json\/wp\/v2\/media?parent=18214"}],"curies":[{"name":"wp","href":"https:\/\/api.w.org\/{rel}","templated":true}]}}