{"id":18216,"date":"2019-08-02T16:46:50","date_gmt":"2019-08-02T16:46:50","guid":{"rendered":"http:\/\/www.padel-test.de\/padel-wissen\/unterschiede-tennis-padel\/"},"modified":"2022-11-03T00:07:51","modified_gmt":"2022-11-03T00:07:51","slug":"differenze-tennis-padel","status":"publish","type":"page","link":"https:\/\/www.padel-test.de\/it\/conoscenza-del-padel\/differenze-tennis-padel\/","title":{"rendered":"Differenze tra tennis e padel?"},"content":{"rendered":"<h2>Quali sono le differenze tra il padel e il tennis?<\/h2>\n<ul>\n<li>Il padel si gioca su un campo molto pi\u00f9 piccolo (10x20m). Un normale campo da tennis con una zona di deflusso pu\u00f2 ospitare circa 2-3 campi da padel.<\/li>\n<li>Il padel si gioca sempre in doppio. Ci sono alcuni campi da padel singoli, ma sono solo per la pratica. I tornei di padel si giocano davvero solo in doppio.<\/li>\n<li>Il padel \u00e8 molto, molto pi\u00f9 veloce da imparare del tennis.<\/li>\n<li><a href=\"\/it\/conoscenza-del-padel\/battitore-a-pale\/\">Racchette da padel<\/a> sono molto pi\u00f9 corte delle racchette da tennis e non hanno lati, ma sono fatte interamente di plastica (fibra di vetro, etilene vinil acetato (EVA), carbonio, poliuretano (PUR), tecnologia carbonio alluminio, ecc.)<\/li>\n<li>Bei Padel geht es mehr ums &#8222;K\u00f6pfchen&#8220;, also Spielwitz und weniger um Kraft und Athletik.<\/li>\n<li>I raduni sono molto pi\u00f9 lunghi negli sport di paddle che nel tennis.<\/li>\n<li>Servire dal basso (la palla di padel deve essere colpita sotto l'anca)<\/li>\n<li>Le palline da padel sono leggermente pi\u00f9 morbide di quelle da tennis (pressione dell'aria pi\u00f9 bassa)<\/li>\n<li>Il tennis esiste gi\u00e0 dal XVI secolo (all'epoca <a title=\"\" href=\"https:\/\/de.wikipedia.org\/wiki\/Jeu_de_Paume\" target=\"_blank\" rel=\"nofollow noopener noreferrer\">Jeu de Paume<\/a>\u00a0 ma: il tennis di allora era molto pi\u00f9 simile al padel di oggi. Quindi il tennis discende effettivamente dal padel? \ud83d\ude09 Qui ci sono pi\u00f9 informazioni sul <a href=\"https:\/\/www.padel-test.de\/it\/conoscenza-del-padel\/storia-del-padel\/\">Storia del padel<\/a>!<\/li>\n<li>Il padel \u00e8 pi\u00f9 figo! Non c'\u00e8 da stupirsi che molte celebrit\u00e0 e professionisti dello sport come J\u00fcrgen Klopp ora giochino a padel quasi quotidianamente.<\/li>\n<\/ul>\n<p>&nbsp;<\/p>\n<p>E ci sono molte altre differenze tra il tennis e il padel - provate voi stessi!<\/p>\n<p>Qui troverete una panoramica del <a href=\"\/it\/campi-da-paddle\/\">Campi da padel in Germania<\/a> - Sono sicuro che c'\u00e8 un campo di padel vicino a te!<\/p>\n<p>&nbsp;<\/p>\n<div id=\"attachment_9038\" style=\"width: 356px\" class=\"wp-caption aligncenter\"><img loading=\"lazy\" decoding=\"async\" aria-describedby=\"caption-attachment-9038\" class=\"wp-image-9038 size-full\" src=\"https:\/\/www.padel-test.de\/wp-content\/uploads\/2022\/09\/Jeu_de_paume.jpg\" alt=\"Jeu De Paume - il precursore del tennis e del padel\" width=\"346\" height=\"460\" \/><p id=\"caption-attachment-9038\" class=\"wp-caption-text\">Jeu De Paume - il precursore del tennis e del padel<\/p><\/div>\n<p>&nbsp;<\/p>\n<p><span data-slate-fragment=\"JTVCJTdCJTIydHlwZSUyMiUzQSUyMnBhcmFncmFwaCUyMiUyQyUyMmNoaWxkcmVuJTIyJTNBJTVCJTdCJTIydGV4dCUyMiUzQSUyMldhcyUyMGlzdCUyMGJlc3NlciUyMGYlQzMlQkNyJTIwZGllJTIwS25pZWdlbGVua2UlMjAtJTIwUGFkZWwlMjBvZGVyJTIwVGVubmlzJTNGJTIwRWluaWdlJTIwU3R1ZGllbiUyMGhhYmVuJTIwZ2V6ZWlndCUyQyUyMGRhc3MlMjBQYWRlbCUyMGJlc3NlciUyMGYlQzMlQkNyJTIwZGllJTIwS25pZWdlbGVua2UlMjBpc3QlMkMlMjBkYSUyMGVzJTIwd2VuaWdlciUyMEVyc2NoJUMzJUJDdHRlcnVuZ2VuJTIwdmVydXJzYWNodC4lMjBBbmRlcmUlMjBTdHVkaWVuJTIwaGFiZW4lMjBqZWRvY2glMjBnZXplaWd0JTJDJTIwZGFzcyUyMFRlbm5pcyUyMGJlc3NlciUyMGYlQzMlQkNyJTIwZGllJTIwS25pZWdlbGVua2UlMjBpc3QlMkMlMjBkYSUyMGVzJTIwZGllJTIwR2VsZW5rZSUyMHN0JUMzJUE0cmt0LiUyMERhaGVyJTIwaXN0JTIwZXMlMjBzY2h3aWVyaWclMjB6dSUyMHNhZ2VuJTJDJTIwd2VsY2hlcyUyMFNwaWVsJTIwYmVzc2VyJTIwZiVDMyVCQ3IlMjBkaWUlMjBLbmllZ2VsZW5rZSUyMGlzdC4lMjAlMjIlN0QlNUQlN0QlNUQ=\">E cosa \u00e8 meglio per le articolazioni del ginocchio: il padel o il tennis? <\/span><\/p>\n<p><span data-slate-fragment=\"JTVCJTdCJTIydHlwZSUyMiUzQSUyMnBhcmFncmFwaCUyMiUyQyUyMmNoaWxkcmVuJTIyJTNBJTVCJTdCJTIydGV4dCUyMiUzQSUyMldhcyUyMGlzdCUyMGJlc3NlciUyMGYlQzMlQkNyJTIwZGllJTIwS25pZWdlbGVua2UlMjAtJTIwUGFkZWwlMjBvZGVyJTIwVGVubmlzJTNGJTIwRWluaWdlJTIwU3R1ZGllbiUyMGhhYmVuJTIwZ2V6ZWlndCUyQyUyMGRhc3MlMjBQYWRlbCUyMGJlc3NlciUyMGYlQzMlQkNyJTIwZGllJTIwS25pZWdlbGVua2UlMjBpc3QlMkMlMjBkYSUyMGVzJTIwd2VuaWdlciUyMEVyc2NoJUMzJUJDdHRlcnVuZ2VuJTIwdmVydXJzYWNodC4lMjBBbmRlcmUlMjBTdHVkaWVuJTIwaGFiZW4lMjBqZWRvY2glMjBnZXplaWd0JTJDJTIwZGFzcyUyMFRlbm5pcyUyMGJlc3NlciUyMGYlQzMlQkNyJTIwZGllJTIwS25pZWdlbGVua2UlMjBpc3QlMkMlMjBkYSUyMGVzJTIwZGllJTIwR2VsZW5rZSUyMHN0JUMzJUE0cmt0LiUyMERhaGVyJTIwaXN0JTIwZXMlMjBzY2h3aWVyaWclMjB6dSUyMHNhZ2VuJTJDJTIwd2VsY2hlcyUyMFNwaWVsJTIwYmVzc2VyJTIwZiVDMyVCQ3IlMjBkaWUlMjBLbmllZ2VsZW5rZSUyMGlzdC4lMjAlMjIlN0QlNUQlN0QlNUQ=\">\u00c8 qui che gli studiosi discutono! Alcuni studi hanno dimostrato che il padel \u00e8 migliore per le articolazioni del ginocchio perch\u00e9 provoca meno vibrazioni. <\/span><\/p>\n<p><span data-slate-fragment=\"JTVCJTdCJTIydHlwZSUyMiUzQSUyMnBhcmFncmFwaCUyMiUyQyUyMmNoaWxkcmVuJTIyJTNBJTVCJTdCJTIydGV4dCUyMiUzQSUyMldhcyUyMGlzdCUyMGJlc3NlciUyMGYlQzMlQkNyJTIwZGllJTIwS25pZWdlbGVua2UlMjAtJTIwUGFkZWwlMjBvZGVyJTIwVGVubmlzJTNGJTIwRWluaWdlJTIwU3R1ZGllbiUyMGhhYmVuJTIwZ2V6ZWlndCUyQyUyMGRhc3MlMjBQYWRlbCUyMGJlc3NlciUyMGYlQzMlQkNyJTIwZGllJTIwS25pZWdlbGVua2UlMjBpc3QlMkMlMjBkYSUyMGVzJTIwd2VuaWdlciUyMEVyc2NoJUMzJUJDdHRlcnVuZ2VuJTIwdmVydXJzYWNodC4lMjBBbmRlcmUlMjBTdHVkaWVuJTIwaGFiZW4lMjBqZWRvY2glMjBnZXplaWd0JTJDJTIwZGFzcyUyMFRlbm5pcyUyMGJlc3NlciUyMGYlQzMlQkNyJTIwZGllJTIwS25pZWdlbGVua2UlMjBpc3QlMkMlMjBkYSUyMGVzJTIwZGllJTIwR2VsZW5rZSUyMHN0JUMzJUE0cmt0LiUyMERhaGVyJTIwaXN0JTIwZXMlMjBzY2h3aWVyaWclMjB6dSUyMHNhZ2VuJTJDJTIwd2VsY2hlcyUyMFNwaWVsJTIwYmVzc2VyJTIwZiVDMyVCQ3IlMjBkaWUlMjBLbmllZ2VsZW5rZSUyMGlzdC4lMjAlMjIlN0QlNUQlN0QlNUQ=\">Tuttavia, altri studi hanno dimostrato che il tennis \u00e8 migliore per le articolazioni del ginocchio perch\u00e9 rafforza le articolazioni. <\/span><\/p>\n<p><span data-slate-fragment=\"JTVCJTdCJTIydHlwZSUyMiUzQSUyMnBhcmFncmFwaCUyMiUyQyUyMmNoaWxkcmVuJTIyJTNBJTVCJTdCJTIydGV4dCUyMiUzQSUyMldhcyUyMGlzdCUyMGJlc3NlciUyMGYlQzMlQkNyJTIwZGllJTIwS25pZWdlbGVua2UlMjAtJTIwUGFkZWwlMjBvZGVyJTIwVGVubmlzJTNGJTIwRWluaWdlJTIwU3R1ZGllbiUyMGhhYmVuJTIwZ2V6ZWlndCUyQyUyMGRhc3MlMjBQYWRlbCUyMGJlc3NlciUyMGYlQzMlQkNyJTIwZGllJTIwS25pZWdlbGVua2UlMjBpc3QlMkMlMjBkYSUyMGVzJTIwd2VuaWdlciUyMEVyc2NoJUMzJUJDdHRlcnVuZ2VuJTIwdmVydXJzYWNodC4lMjBBbmRlcmUlMjBTdHVkaWVuJTIwaGFiZW4lMjBqZWRvY2glMjBnZXplaWd0JTJDJTIwZGFzcyUyMFRlbm5pcyUyMGJlc3NlciUyMGYlQzMlQkNyJTIwZGllJTIwS25pZWdlbGVua2UlMjBpc3QlMkMlMjBkYSUyMGVzJTIwZGllJTIwR2VsZW5rZSUyMHN0JUMzJUE0cmt0LiUyMERhaGVyJTIwaXN0JTIwZXMlMjBzY2h3aWVyaWclMjB6dSUyMHNhZ2VuJTJDJTIwd2VsY2hlcyUyMFNwaWVsJTIwYmVzc2VyJTIwZiVDMyVCQ3IlMjBkaWUlMjBLbmllZ2VsZW5rZSUyMGlzdC4lMjAlMjIlN0QlNUQlN0QlNUQ=\">Pertanto, \u00e8 difficile dire quale gioco sia migliore per le articolazioni del ginocchio.<\/span><\/p>\n<p>Tuttavia, buone scarpe da padel e\/o una suola sportiva di alta qualit\u00e0 che ammortizzi bene dovrebbero essere utili in entrambi i casi.<\/p>","protected":false},"excerpt":{"rendered":"<p>Differenze Tennis Padel: Quali sono le differenze tra padel e tennis? Il padel si gioca su un campo molto pi\u00f9 piccolo (10x20 m). Un normale campo da tennis con zona di deflusso pu\u00f2 quindi ospitare circa ...<\/p>","protected":false},"author":1,"featured_media":18217,"parent":18170,"menu_order":1,"comment_status":"closed","ping_status":"closed","template":"","meta":{"_acf_changed":false,"_sitemap_exclude":false,"_sitemap_priority":"","_sitemap_frequency":"","_analytify_skip_tracking":false,"footnotes":""},"class_list":["post-18216","page","type-page","status-publish","has-post-thumbnail","hentry"],"acf":[],"_links":{"self":[{"href":"https:\/\/www.padel-test.de\/it\/wp-json\/wp\/v2\/pages\/18216","targetHints":{"allow":["GET"]}}],"collection":[{"href":"https:\/\/www.padel-test.de\/it\/wp-json\/wp\/v2\/pages"}],"about":[{"href":"https:\/\/www.padel-test.de\/it\/wp-json\/wp\/v2\/types\/page"}],"author":[{"embeddable":true,"href":"https:\/\/www.padel-test.de\/it\/wp-json\/wp\/v2\/users\/1"}],"replies":[{"embeddable":true,"href":"https:\/\/www.padel-test.de\/it\/wp-json\/wp\/v2\/comments?post=18216"}],"version-history":[{"count":0,"href":"https:\/\/www.padel-test.de\/it\/wp-json\/wp\/v2\/pages\/18216\/revisions"}],"up":[{"embeddable":true,"href":"https:\/\/www.padel-test.de\/it\/wp-json\/wp\/v2\/pages\/18170"}],"wp:featuredmedia":[{"embeddable":true,"href":"https:\/\/www.padel-test.de\/it\/wp-json\/wp\/v2\/media\/18217"}],"wp:attachment":[{"href":"https:\/\/www.padel-test.de\/it\/wp-json\/wp\/v2\/media?parent=18216"}],"curies":[{"name":"wp","href":"https:\/\/api.w.org\/{rel}","templated":true}]}}