{"id":18221,"date":"2019-08-08T09:12:03","date_gmt":"2019-08-08T09:12:03","guid":{"rendered":"http:\/\/www.padel-test.de\/padel-wissen\/padel-schlaeger\/"},"modified":"2025-01-01T11:00:32","modified_gmt":"2025-01-01T11:00:32","slug":"battitore-a-pale","status":"publish","type":"page","link":"https:\/\/www.padel-test.de\/it\/conoscenza-del-padel\/battitore-a-pale\/","title":{"rendered":"Racchette da padel - come trovare la giusta racchetta da padel?"},"content":{"rendered":"<h2>Come trovare la giusta racchetta da padel?<\/h2>\n<p>Quando si cerca la giusta racchetta da padel tennis, dipende innanzitutto da che tipo di giocatore sei e che livello di gioco hai. Naturalmente, entrambi possono cambiare nel tempo, specialmente con l'allenamento intensivo di padel e la partecipazione ai tornei. Beh, e naturalmente dipende anche da quanto si vuole spendere.<\/p>\n<p>Semplici racchette da padel sono gi\u00e0 disponibili a partire da 30 euro (per esempio da <a href=\"\/it\/artengo\/\">Artengo<\/a> a Decathlon). Ma se cerchi la qualit\u00e0, \u00e8 meglio partire da 70-90 euro. Naturalmente, non c'\u00e8 un vero limite massimo. Ci sono racchette da padel a pi\u00f9 di 500 euro! La maggior parte delle racchette professionali hanno un prezzo da 150 a 250 euro.<\/p>\n<p>Le marche di padel pi\u00f9 conosciute sono:<br \/>\nAdidas, Artengo, Asics, Babolat, Black Crown, Bullpadel, Dabber, Donnay, Dunlop, Enebe, Head, Lord, Nox, Wilson e molte altre marche regionali che giocano un ruolo solo in singoli o pochi paesi.<\/p>\n<p>&nbsp;<\/p>\n<p><strong> CONSIGLIO DI LETTURA <\/strong><\/p>\n<pre class=\"fl-heading\"><a title=\"Test della racchetta da padel con Babolat e Dunlop a M\u00fcnster\" href=\"https:\/\/www.padel-test.de\/it\/notizie-sul-padel\/test-racchette-da-padel-babolat-dunlop\/\" target=\"_self\" rel=\"noopener\"><span class=\"fl-heading-text\">Test della racchetta da padel con Babolat e Dunlop a M\u00fcnster<\/span><\/a><\/pre>\n<p>&nbsp;<\/p>\n<h3>Forma della racchetta da padel<\/h3>\n<p>Fondamentalmente, ci sono 3 diverse forme di racchette da padel: Diamante, rotondo e a goccia.<\/p>\n<ul>\n<li>Racchette da padel a forma di diamante: con queste racchette si ottiene una maggiore velocit\u00e0 di corsa.<\/li>\n<li>Racchetta da padel di forma rotonda: Hai pi\u00f9 controllo con una testa di racchetta rotonda<\/li>\n<li>Forma a goccia della racchetta da padel: in pratica un mix di rotondo e diamante - perfetto per il tipo di giocatore di padel equilibrato.<\/li>\n<\/ul>\n<p>A proposito, una racchetta da padel \u00e8 lunga al massimo 46 cm e larga 26 cm. Secondo le regole ufficiali del padel, la racchetta non deve essere pi\u00f9 spessa di 38 mm. Il peso \u00e8 di solito tra 340-395 grammi.<\/p>\n<h3>Peso della racchetta da padel<\/h3>\n<p>Fondamentalmente, per il peso della racchetta vale quanto segue: una racchetta leggera (da 340 a 360 grammi) semplifica il controllo della palla. Ma ha meno potenza di battuta. Una racchetta da padel pesante (da 370 a 390 grammi) ha pi\u00f9 potenza di battuta ma meno controllo. Questo significa che le racchette pi\u00f9 pesanti hanno pi\u00f9 probabilit\u00e0 di essere trovate da buoni giocatori.<\/p>\n<p>Le racchette nella classe di peso da 360 a 370 grammi sono nel mezzo e spesso offrono un buon compromesso tra controllo della palla e potenza di battuta.<\/p>\n<p>Tuttavia, le racchette da padel tendono a svilupparsi ulteriormente grazie alle nuove tecnologie, cos\u00ec che le racchette non devono pi\u00f9 essere cos\u00ec pesanti per avere molta potenza.<\/p>\n<h3>Durezza della racchetta da padel<\/h3>\n<p>Pi\u00f9 la superficie della racchetta \u00e8 dura, pi\u00f9 controllo si ha sulla palla. Tuttavia, questo significa anche una perdita di potenza. E se avete mai avuto il gomito del tennista, noterete subito che una superficie dura assorbe meno energia e mette pi\u00f9 sforzo sul vostro braccio che colpisce.<\/p>\n<p>Hat der Schl\u00e4ger eine weichere Oberfl\u00e4che, die also mehr Energie absorbiert, dann ist dies auch armschonender. Gleichzeitig bleibt der Ball l\u00e4nger am Padelschl\u00e4ger &#8222;kleben&#8220; und Du hast einen schnelleren Schlag oder Smash. Allerdings geht im Vergleich zur harten Oberfl\u00e4che Kontrolle verloren.<\/p>\n<p>Quindi le racchette morbide sono pi\u00f9 adatte a giocatori con problemi al braccio o a giocatori avanzati e da torneo.<\/p>\n<h3>Punto dolce<\/h3>\n<p>Mit dem Begriff Sweet Spot wird beim Padel Tennis die &#8222;effektivste&#8220; Zone bezeichnet. Wenn Du die <a href=\"\/it\/conoscenza-del-padel\/palline-a-paletta\/\">Palle da padel<\/a>\u00a0con lo sweet spot, la corsa ha l'efficienza ottimale.<\/p>\n<p>Le racchette da padel con un grande sweet spot al centro della racchetta hanno pi\u00f9 controllo. Le racchette da padel con uno sweet spot pi\u00f9 piccolo alla fine della racchetta ti danno pi\u00f9 potenza, quindi puoi accelerare la palla da padel pi\u00f9 velocemente - se la colpisci bene. In caso contrario, si perde un sacco di controllo. Pertanto, i principianti dovrebbero piuttosto prendere una racchetta con un ampio sweet spot. I giocatori professionisti prendono pi\u00f9 spesso la versione con uno sweet spot piccolo.<\/p>\n<p>Ci sono anche racchette che hanno uno sweet spot ellittico. Queste sono un misto delle due caratteristiche sopra menzionate e rappresentano un compromesso tra controllo e potenza.<\/p>\n<p>&nbsp;<\/p>\n<h3>Equilibrio della racchetta<\/h3>\n<p>Il bilanciamento del peso gioca anche un ruolo importante nelle racchette da padel.<\/p>\n<p>Le racchette il cui centro di gravit\u00e0 si trova pi\u00f9 nella zona dell'impugnatura sono pi\u00f9 facili da spostare, richiedono meno potenza e danno molto controllo. Ma: pi\u00f9 controllo significa anche meno potenza!<\/p>\n<p>La situazione \u00e8 diversa con una racchetta da padel piuttosto pesante. Con queste racchette, \u00e8 possibile raggiungere velocit\u00e0 di colpo molto pi\u00f9 elevate, ma si ha anche molto meno controllo. Queste racchette da padel sono quindi pi\u00f9 adatte ai giocatori avanzati.<\/p>\n<p>Ma ci sono anche racchette in cui il peso \u00e8 bilanciato. Qui hai ancora un buon controllo e puoi giocare relativamente veloce. Una buona scelta per il giocatore regolare che gioca e si allena regolarmente.<\/p>\n<p>&nbsp;<\/p>\n<p>&nbsp;<\/p>\n<h3>Comprare Racchette da Padel<\/h3>\n<p>Qui puoi comprare facilmente racchette da padel tennis (per esempio racchette da padel Adidas o racchette da padel Wilson):<\/p>\n<table>\n<tbody>\n<tr>\n<th><iframe style=\"width: 120px; height: 240px;\" src=\"\/\/ws-eu.amazon-adsystem.com\/widgets\/q?ServiceVersion=20070822&amp;OneJS=1&amp;Operation=GetAdHtml&amp;MarketPlace=DE&amp;source=ac&amp;ref=tf_til&amp;ad_type=product_link&amp;tracking_id=brokertestde-21&amp;marketplace=amazon&amp;region=DE&amp;placement=B08NXG5FPR&amp;asins=B08NXG5FPR&amp;linkId=19135bef4d8f79bc30bab779f2427959&amp;show_border=true&amp;link_opens_in_new_window=true&amp;price_color=333333&amp;title_color=0066c0&amp;bg_color=ffffff\" frameborder=\"0\" marginwidth=\"0\" marginheight=\"0\" scrolling=\"no\"><br \/>\n<\/iframe><\/th>\n<th><iframe style=\"width: 120px; height: 240px;\" src=\"\/\/ws-eu.amazon-adsystem.com\/widgets\/q?ServiceVersion=20070822&amp;OneJS=1&amp;Operation=GetAdHtml&amp;MarketPlace=DE&amp;source=ac&amp;ref=tf_til&amp;ad_type=product_link&amp;tracking_id=brokertestde-21&amp;marketplace=amazon&amp;region=DE&amp;placement=B08T5Q5YZX&amp;asins=B08T5Q5YZX&amp;linkId=7dddad661c8a310d9f9ed7c873929a47&amp;show_border=true&amp;link_opens_in_new_window=true&amp;price_color=333333&amp;title_color=0066c0&amp;bg_color=ffffff\" frameborder=\"0\" marginwidth=\"0\" marginheight=\"0\" scrolling=\"no\"><br \/>\n<\/iframe><\/th>\n<th><iframe style=\"width: 120px; height: 240px;\" src=\"\/\/ws-eu.amazon-adsystem.com\/widgets\/q?ServiceVersion=20070822&amp;OneJS=1&amp;Operation=GetAdHtml&amp;MarketPlace=DE&amp;source=ac&amp;ref=tf_til&amp;ad_type=product_link&amp;tracking_id=brokertestde-21&amp;marketplace=amazon&amp;region=DE&amp;placement=B08NXG5FPR&amp;asins=B08NXG5FPR&amp;linkId=e6620d486a8799e8d3c827a08d98d196&amp;show_border=true&amp;link_opens_in_new_window=true&amp;price_color=333333&amp;title_color=0066c0&amp;bg_color=ffffff\" frameborder=\"0\" marginwidth=\"0\" marginheight=\"0\" scrolling=\"no\"><br \/>\n<\/iframe><\/th>\n<td><iframe style=\"width: 120px; height: 240px;\" src=\"\/\/ws-eu.amazon-adsystem.com\/widgets\/q?ServiceVersion=20070822&amp;OneJS=1&amp;Operation=GetAdHtml&amp;MarketPlace=DE&amp;source=ac&amp;ref=tf_til&amp;ad_type=product_link&amp;tracking_id=brokertestde-21&amp;marketplace=amazon&amp;region=DE&amp;placement=B08MBDH4RP&amp;asins=B08MBDH4RP&amp;linkId=912ece1315939e078b54e2189ae81af7&amp;show_border=true&amp;link_opens_in_new_window=true&amp;price_color=333333&amp;title_color=0066c0&amp;bg_color=ffffff\" frameborder=\"0\" marginwidth=\"0\" marginheight=\"0\" scrolling=\"no\"><br \/>\n<\/iframe><\/td>\n<\/tr>\n<\/tbody>\n<\/table>\n<p>&nbsp;<\/p>\n<p><strong>Suggerimento:<\/strong><\/p>\n<p>Chiedi al tuo allenatore di padel se pu\u00f2 darti qualche racchetta da testare. Allora sapete in anticipo cosa state comprando!<\/p>\n<p>&nbsp;<\/p>\n<p><strong>Cosa sono le palle da padel? <\/strong><\/p>\n<p>Qui potete leggere <a title=\"Palle da padel\" href=\"\/it\/conoscenza-del-padel\/palline-a-paletta\/\" target=\"_self\" rel=\"noopener\"><span class=\"fl-heading-text\">Palle da tennis per padel<\/span><\/a> informare.<\/p>","protected":false},"excerpt":{"rendered":"<p>Racchette da padel: come trovare la racchetta da padel giusta? Quando si cerca la racchetta da padel giusta, dipende innanzitutto dal tipo di giocatore e dal livello di gioco.  Le semplici racchette da padel sono gi\u00e0 disponibili a partire da ...<\/p>","protected":false},"author":1,"featured_media":0,"parent":18170,"menu_order":4,"comment_status":"closed","ping_status":"closed","template":"","meta":{"_acf_changed":false,"_sitemap_exclude":false,"_sitemap_priority":"","_sitemap_frequency":"","_analytify_skip_tracking":false,"footnotes":""},"class_list":["post-18221","page","type-page","status-publish","hentry"],"acf":[],"_links":{"self":[{"href":"https:\/\/www.padel-test.de\/it\/wp-json\/wp\/v2\/pages\/18221","targetHints":{"allow":["GET"]}}],"collection":[{"href":"https:\/\/www.padel-test.de\/it\/wp-json\/wp\/v2\/pages"}],"about":[{"href":"https:\/\/www.padel-test.de\/it\/wp-json\/wp\/v2\/types\/page"}],"author":[{"embeddable":true,"href":"https:\/\/www.padel-test.de\/it\/wp-json\/wp\/v2\/users\/1"}],"replies":[{"embeddable":true,"href":"https:\/\/www.padel-test.de\/it\/wp-json\/wp\/v2\/comments?post=18221"}],"version-history":[{"count":1,"href":"https:\/\/www.padel-test.de\/it\/wp-json\/wp\/v2\/pages\/18221\/revisions"}],"predecessor-version":[{"id":22936,"href":"https:\/\/www.padel-test.de\/it\/wp-json\/wp\/v2\/pages\/18221\/revisions\/22936"}],"up":[{"embeddable":true,"href":"https:\/\/www.padel-test.de\/it\/wp-json\/wp\/v2\/pages\/18170"}],"wp:attachment":[{"href":"https:\/\/www.padel-test.de\/it\/wp-json\/wp\/v2\/media?parent=18221"}],"curies":[{"name":"wp","href":"https:\/\/api.w.org\/{rel}","templated":true}]}}