{"id":18246,"date":"2019-10-30T22:41:47","date_gmt":"2019-10-30T22:41:47","guid":{"rendered":"http:\/\/www.padel-test.de\/padel-wissen\/padel-spielfeld\/"},"modified":"2022-11-28T21:31:35","modified_gmt":"2022-11-28T21:31:35","slug":"campo-da-padel","status":"publish","type":"page","link":"https:\/\/www.padel-test.de\/it\/conoscenza-del-padel\/campo-da-padel\/","title":{"rendered":"Campo da padel"},"content":{"rendered":"<p>Le dimensioni di un campo da padel sono solo leggermente pi\u00f9 piccole di un campo da tennis (23,77m x 10,97m per i doppi). Tuttavia, un campo da tennis ha ancora un'area di deflusso molto grande.<\/p>\n<p>Il campo da padel con il suo perimetro di pareti di vetro \u00e8 lungo 20m e largo 10m. Al centro, il campo da padel \u00e8 separato da una rete - quindi ogni lato \u00e8 quadrato (10x10m). La deviazione massima delle dimensioni pu\u00f2 essere di 0,5%.<\/p>\n<p>La rete \u00e8 lunga 10 metri e ha un'altezza di 0,88 metri al centro - sul bordo la rete pu\u00f2 essere alta al massimo 0,92 metri.<\/p>\n<p>I pali su cui \u00e8 appesa la rete da pesca non devono essere pi\u00f9 alti di 1,05 metri.<\/p>\n<p>&nbsp;<\/p>\n<div id=\"attachment_11254\" style=\"width: 693px\" class=\"wp-caption aligncenter\"><img loading=\"lazy\" decoding=\"async\" aria-describedby=\"caption-attachment-11254\" class=\"wp-image-11254 size-full\" src=\"https:\/\/www.padel-test.de\/wp-content\/uploads\/2022\/09\/Padel-Court-Abmessungen.png\" alt=\"Dimensioni del campo da padel\" width=\"683\" height=\"566\" \/><p id=\"caption-attachment-11254\" class=\"wp-caption-text\">Dimensioni del campo da padel - Schizzo di <a href=\"\/it\/costruttore-di-corsi-di-padel-2\/padelcreations\/\">Padelcreations<\/a><\/p><\/div>\n<h2>Pareti del campo da padel<\/h2>\n<p>L'intero campo da padel \u00e8 incorniciato da una parete di vetro ESG (vetro di sicurezza). Questo \u00e8 interrotto solo ai pali della rete da un'entrata\/uscita attraverso la quale i giocatori possono entrare nel campo da padel.<\/p>\n<p>Le pareti di fondo hanno un'altezza di 4 metri. Alle pareti laterali, questa altezza diminuisce a 3m dopo circa 1m. La parte superiore, cio\u00e8 quella che si trova sopra il vetro temperato, \u00e8 costituita da una rete metallica (nelle costruzioni semplici anche solo una rete metallica di recinzione).<\/p>\n<p>L'uso di vetro di sicurezza temperato e di rete metallica come materiali di delimitazione assicura che gli spettatori abbiano una visione chiara del campo da padel tennis.<\/p>\n<p>&nbsp;<\/p>\n<h3>Illuminazione del campo da padel<\/h3>\n<p>I campi da padel all'aperto sono di solito illuminati da 4 riflettori. I campi da padel pi\u00f9 vecchi usano ancora le lampade classiche, ma i campi da padel moderni hanno i proiettori a LED, perch\u00e9 sono almeno altrettanto buoni in termini di prestazioni, ma pi\u00f9 efficienti dal punto di vista energetico. In totale, un campo da padel \u00e8 alto circa 6 metri.<\/p>\n<p>Nelle sale da padel, l'illuminazione \u00e8 spesso progettata in modo molto individuale; qui spesso dipende anche dal fatto che ci sia stato un uso precedente come campo da tennis, per esempio.<\/p>\n<div id=\"attachment_11253\" style=\"width: 439px\" class=\"wp-caption aligncenter\"><img loading=\"lazy\" decoding=\"async\" aria-describedby=\"caption-attachment-11253\" class=\"wp-image-11253 size-full\" src=\"https:\/\/www.padel-test.de\/wp-content\/uploads\/2022\/09\/Padelplatz-Skizze.png\" alt=\"Altezza del campo da padel incluso il proiettore\u00a0\" width=\"429\" height=\"225\" \/><p id=\"caption-attachment-11253\" class=\"wp-caption-text\">Altezza del campo da padel incluso il proiettore<\/p><\/div>\n<p>&nbsp;<\/p>\n<p><em>Suggerimento: Potete trovare maggiori informazioni al sito <a href=\"https:\/\/www.padel-test.de\/it\/conoscenza-del-padel\/regole-del-padel\/\">Regole del padel<\/a>.<\/em><\/p>","protected":false},"excerpt":{"rendered":"<p>La dimensione di un campo da padel \u00e8 pi\u00f9 piccola di un campo da tennis (23,77m x 10,97 per i doppi). Il campo da padel con le sue pareti di plexiglass \u00e8 lungo 20 metri e<\/p>","protected":false},"author":1,"featured_media":11251,"parent":18170,"menu_order":3,"comment_status":"closed","ping_status":"closed","template":"","meta":{"_acf_changed":false,"_sitemap_exclude":false,"_sitemap_priority":"","_sitemap_frequency":"","_analytify_skip_tracking":false,"footnotes":""},"class_list":["post-18246","page","type-page","status-publish","has-post-thumbnail","hentry"],"acf":[],"_links":{"self":[{"href":"https:\/\/www.padel-test.de\/it\/wp-json\/wp\/v2\/pages\/18246","targetHints":{"allow":["GET"]}}],"collection":[{"href":"https:\/\/www.padel-test.de\/it\/wp-json\/wp\/v2\/pages"}],"about":[{"href":"https:\/\/www.padel-test.de\/it\/wp-json\/wp\/v2\/types\/page"}],"author":[{"embeddable":true,"href":"https:\/\/www.padel-test.de\/it\/wp-json\/wp\/v2\/users\/1"}],"replies":[{"embeddable":true,"href":"https:\/\/www.padel-test.de\/it\/wp-json\/wp\/v2\/comments?post=18246"}],"version-history":[{"count":0,"href":"https:\/\/www.padel-test.de\/it\/wp-json\/wp\/v2\/pages\/18246\/revisions"}],"up":[{"embeddable":true,"href":"https:\/\/www.padel-test.de\/it\/wp-json\/wp\/v2\/pages\/18170"}],"wp:featuredmedia":[{"embeddable":true,"href":"https:\/\/www.padel-test.de\/it\/wp-json\/wp\/v2\/media\/11251"}],"wp:attachment":[{"href":"https:\/\/www.padel-test.de\/it\/wp-json\/wp\/v2\/media?parent=18246"}],"curies":[{"name":"wp","href":"https:\/\/api.w.org\/{rel}","templated":true}]}}