{"id":19807,"date":"2022-11-13T21:43:08","date_gmt":"2022-11-13T21:43:08","guid":{"rendered":"https:\/\/www.padel-test.de\/?page_id=19807"},"modified":"2022-11-13T21:47:51","modified_gmt":"2022-11-13T21:47:51","slug":"padel-tennis-dichiarazione","status":"publish","type":"page","link":"https:\/\/www.padel-test.de\/it\/conoscenza-del-padel\/padel-tennis-dichiarazione\/","title":{"rendered":"Dichiarazione Padel Tennis"},"content":{"rendered":"<p><strong>Spiegazione del padel tennis - in realt\u00e0 il padel tennis si spiega in modo molto semplice:<\/strong><\/p>\n<p>Il padel tennis \u00e8 un gioco veloce ed emozionante che affascina sempre pi\u00f9 persone. In origine <a href=\"\/it\/conoscenza-del-padel\/storia-del-padel\/\">Il padel tennis si \u00e8 sviluppato in Messico<\/a>ma ha acquisito grande popolarit\u00e0 negli ultimi anni, prima in Spagna, poi in tutta Europa e in altre parti del mondo.<\/p>\n<p>Il padel tennis \u00e8 un misto di tennis e squash e si gioca su un piccolo campo con alte pareti di vetro integrate da una sorta di griglia nella parte superiore. Il <a href=\"\/it\/conoscenza-del-padel\/regole-del-padel\/\">Regole del padel<\/a> sono simili al tennis, ma ci sono alcune importanti differenze che rendono il gioco pi\u00f9 emozionante. In questo articolo spiegheremo alcune delle basi del padel tennis.<\/p>\n<p>Il padel \u00e8 un gioco veloce ed emozionante basato sul principio del tennis. Si gioca con quattro giocatori, due per parte, che si affrontano su una rete posta al centro del campo. Ogni squadra \u00e8 composta da due giocatori e ogni giocatore ha il suo <a href=\"\/it\/conoscenza-del-padel\/battitore-a-pale\/\">Racchetta da padel<\/a>. Il padel \u00e8 un gioco a dorso in cui i giocatori colpiscono a turno una palla oltre la rete e cercano di giocare la palla in modo che l'avversario non possa raggiungerla.<\/p>\n<p>Negli ultimi anni, il numero di giocatori di padel \u00e8 aumentato rapidamente, sia in Spagna che in altri Paesi. In Europa, dopo la Spagna, l'Italia e la Svezia sono particolarmente appassionate di padel, ma anche i francesi e i portoghesi amano il padel tennis! In Germania, Austria e Svizzera, il boom del padel \u00e8 iniziato un po' pi\u00f9 tardi - ma la crescita di nuovi campi da padel e di localit\u00e0 in cui praticare il padel \u00e8 ora enorme anche nei Paesi di lingua tedesca!<\/p>\n<p>Perch\u00e9: il padel \u00e8 lo sport perfetto per tutte le et\u00e0 e i livelli di abilit\u00e0. \u00c8 un ottimo modo per tenersi in forma (molto pi\u00f9 facile per le articolazioni rispetto al tennis e ancor pi\u00f9 allo squash) e per divertirsi.<\/p>\n<p>E: il padel offre una grande opportunit\u00e0 di conoscere nuove persone.<\/p>\n<p>Questo grazie ai numerosi e divertenti tornei che si svolgono a tutti i livelli e che permettono di incontrare rapidamente nuovi amici sportivi \ud83d\ude42<\/p>\n<p>&nbsp;<\/p>\n<h2>Storia del Padel Tennis<\/h2>\n<p>Il padel tennis \u00e8 un gioco relativamente giovane, sviluppato in Messico negli anni Settanta. Il padel tennis \u00e8 una combinazione di tennis e squash. I primi campi da padel sono stati costruiti in Messico, anche se avevano un aspetto molto diverso dai campi da padel di oggi! Negli anni '80, il gioco \u00e8 passato dall'America centrale alla Spagna, dove \u00e8 diventato rapidamente popolare.<\/p>\n<p>Oggi esistono migliaia di campi da padel in tutto il mondo.<\/p>\n<p>&nbsp;<\/p>\n<h3>Padel Tennis Oggi<\/h3>\n<p>Il padel \u00e8 oggi uno degli sport pi\u00f9 popolari in Spagna (ora addirittura molto pi\u00f9 del tennis!), in Sud America e in America Centrale, e anche in molti altri Paesi del mondo. Nonostante i numeri impressionanti, il padel tennis \u00e8 in continua crescita!<\/p>\n<p>Attualmente \u00e8 diffuso soprattutto in Europa e nei Paesi arabi. In grandi Paesi come gli Stati Uniti, la Cina, la Russia e l'India, la situazione \u00e8 ancora tranquilla per quanto riguarda il padel - quindi c'\u00e8 ancora un enorme potenziale di crescita!<\/p>\n<p>Probabilmente tra qualche anno ci saranno pi\u00f9 di 100 milioni di giocatori di padel in tutto il mondo!<\/p>\n<p>&nbsp;<\/p>\n<h3>Perch\u00e9 il padel tennis \u00e8 cos\u00ec popolare?<\/h3>\n<p>Il padel tennis \u00e8 cos\u00ec popolare perch\u00e9 si pu\u00f2 praticare questo sport \"solo per divertimento\" ma anche a livello professionale. \u00c8 possibile bruciare molte calorie in poco tempo e allenarsi davvero. Il padel \u00e8 anche uno sport molto sociale: si gioca in quattro in uno spazio molto pi\u00f9 piccolo rispetto al tennis e i numerosi tipi di tornei (ad esempio l'Americano) e l'atmosfera socievole offrono costantemente l'opportunit\u00e0 di incontrare nuove persone.<\/p>\n<p>E la cosa migliore per i principianti: dopo soli 20 minuti di istruzione, i principianti possono iniziare la loro prima partita.<\/p>\n<p>E si divertiranno come i migliori giocatori. Promesso!<\/p>\n<p>&nbsp;<\/p>\n<h3>Dove si pu\u00f2 giocare a padel tennis?<\/h3>\n<p>Il padel tennis pu\u00f2 essere giocato in molti luoghi diversi. In Spagna, Argentina e in altri Paesi dove il boom del padel \u00e8 iniziato presto, si possono trovare campi da padel anche in molte piccole citt\u00e0 e villaggi.<\/p>\n<p>Nei \"nuovi\" Paesi del padel, come la Germania, la maggior parte dei campi da padel si trova nelle aree metropolitane.<\/p>\n<p>Ma grazie al nostro <strong>Carte da Padel Tennis<\/strong> \u00e8 possibile trovare rapidamente il campo da padel pi\u00f9 vicino:<\/p>\n<ul>\n<li><a href=\"\/it\/luoghi-del-padel-in-germania\/\">Campi da Padel Germania Mappa<\/a><\/li>\n<li><a href=\"\/it\/campi-da-paddle-austriaci\/\">Campi da Padel Austria Mappa<\/a><\/li>\n<li><a href=\"\/it\/campi-da-paddle-svizzera\/\">Campi da Padel Svizzera Mappa<\/a><\/li>\n<li><a href=\"\/it\/campi-da-padel-internazionali\/\">Campi da padel mappa internazionale<\/a><\/li>\n<\/ul>","protected":false},"excerpt":{"rendered":"<p>Spiegazione del padel tennis - Il padel tennis si spiega in modo molto semplice: il padel tennis \u00e8 un gioco veloce ed emozionante che sta affascinando sempre pi\u00f9 persone. Il padel tennis \u00e8 stato originariamente sviluppato in Messico, ma \u00e8 diventato molto popolare negli ultimi anni, prima in Spagna e poi in tutta Europa e in altre parti del mondo....<\/p>","protected":false},"author":1,"featured_media":0,"parent":18170,"menu_order":0,"comment_status":"closed","ping_status":"closed","template":"","meta":{"_acf_changed":false,"_sitemap_exclude":false,"_sitemap_priority":"","_sitemap_frequency":"","_analytify_skip_tracking":false,"footnotes":""},"class_list":["post-19807","page","type-page","status-publish","hentry"],"acf":[],"_links":{"self":[{"href":"https:\/\/www.padel-test.de\/it\/wp-json\/wp\/v2\/pages\/19807","targetHints":{"allow":["GET"]}}],"collection":[{"href":"https:\/\/www.padel-test.de\/it\/wp-json\/wp\/v2\/pages"}],"about":[{"href":"https:\/\/www.padel-test.de\/it\/wp-json\/wp\/v2\/types\/page"}],"author":[{"embeddable":true,"href":"https:\/\/www.padel-test.de\/it\/wp-json\/wp\/v2\/users\/1"}],"replies":[{"embeddable":true,"href":"https:\/\/www.padel-test.de\/it\/wp-json\/wp\/v2\/comments?post=19807"}],"version-history":[{"count":0,"href":"https:\/\/www.padel-test.de\/it\/wp-json\/wp\/v2\/pages\/19807\/revisions"}],"up":[{"embeddable":true,"href":"https:\/\/www.padel-test.de\/it\/wp-json\/wp\/v2\/pages\/18170"}],"wp:attachment":[{"href":"https:\/\/www.padel-test.de\/it\/wp-json\/wp\/v2\/media?parent=19807"}],"curies":[{"name":"wp","href":"https:\/\/api.w.org\/{rel}","templated":true}]}}