{"id":19840,"date":"2022-11-16T17:56:25","date_gmt":"2022-11-16T17:56:25","guid":{"rendered":"https:\/\/www.padel-test.de\/?page_id=19840"},"modified":"2022-11-16T17:58:11","modified_gmt":"2022-11-16T17:58:11","slug":"padbol","status":"publish","type":"page","link":"https:\/\/www.padel-test.de\/it\/conoscenza-del-padel\/padbol\/","title":{"rendered":"Padbol"},"content":{"rendered":"<p><strong>Padbol<\/strong> \u00e8 uno sport legato al padel tennis, che viene spesso praticato nei club di padel, ma anche nei club di calcio.<\/p>\n<p>Perch\u00e9: il padbol \u00e8 fondamentalmente un misto di padel, tennis, calcio e pallavolo.<\/p>\n<p>E il padbol \u00e8 naturalmente il pi\u00f9 giovane di questi sport: il pabol \u00e8 stato \"inventato\" a La Plata solo nel 2008.<\/p>\n<p>&nbsp;<\/p>\n<h2>Dove si gioca il Padbol?<\/h2>\n<p>Soprattutto in Argentina, da dove proviene questo sport.<\/p>\n<p>I campi da Padbol sono ormai presenti in tutto il mondo: Germania, Austria, Uruguay, Paryguay, Messico, Spagna, Portogallo, Italia, Belgio, Danimarca, Francia, Svezia, Svizzera e Stati Uniti.<\/p>\n<p>&nbsp;<\/p>\n<h3>Storia del Padbol<\/h3>\n<p>Padbol \u00e8 stato fondato nel 2008 da Gustavo Miguens a La Plata, in Argentina. Il primo campo \u00e8 stato costruito nel 2011 e sono seguite altre citt\u00e0 argentine come Rojas, Punta Alta e Buenos Aires.<\/p>\n<p>Poi sono arrivati i primi scarafaggi Padbol all'estero: come con il <a href=\"\/it\/conoscenza-del-padel\/padel-tennis\/\">Padel Tennis<\/a> La Spagna \u00e8 stato il primo Paese europeo in cui il Padbol si \u00e8 affermato con successo. Altri Paesi in Europa e nel mondo lo hanno seguito rapidamente.<\/p>\n<p>La prima Coppa del Mondo di Padbol si \u00e8 svolta nel 2013, naturalmente nel suo luogo d'origine, La Plata, in Argentina!<\/p>\n<p>I primi campioni del mondo furono gli spagnoli Oca\u00f1a e Palacios.<\/p>\n<p>Nel frattempo c'\u00e8 anche il <a href=\"https:\/\/europeanpadboltour.com\/\" target=\"_blank\" rel=\"nofollow noopener\">Tour europeo del Padbol<\/a>!<\/p>\n<p>&nbsp;<\/p>\n<h3>Regole del Padbol<\/h3>\n<p><strong>Campo da gioco<\/strong><\/p>\n<p>Il campo \u00e8 un rettangolo lungo 10 metri e largo 6 metri (dimensioni interne). \u00c8 diviso trasversalmente da una rete sospesa a un filo del diametro massimo di 1 cm, le cui estremit\u00e0 sono fissate a due pali di sostegno, i cui lati interni coincidono con i confini laterali del campo. in ogni angolo del campo c'\u00e8 un timpano e due pareti laterali ad esso collegate.<\/p>\n<p>Il timpano e le pareti laterali devono avere un'altezza minima di 2,50 metri e corrispondere tra loro.<\/p>\n<p>L'altezza della rete \u00e8 compresa tra 90 e 100 centimetri al centro e un massimo di 100 cm alle estremit\u00e0.<\/p>\n<p>Deve essere presente almeno un accesso alla pista con una larghezza minima di 0,60 metri e un'altezza di 2 metri per lato.<\/p>\n<p>Pu\u00f2 avere o meno una porta.<\/p>\n<p>&nbsp;<\/p>\n<p><strong>Aree<\/strong><\/p>\n<p>Ci sono tre zone: Zona di servizio, zona di ricezione e zona rossa.<\/p>\n<ol>\n<li>Zona di servizio: \u00e8 il punto in cui i giocatori devono incontrarsi per eseguire i loro servizi ed \u00e8 delimitata dalla linea dei 3,25 metri della rete, dalle pareti laterali e dalla parete di fondo.<\/li>\n<li>Area di ricezione : Situata tra la rete, la linea di servizio centrale, la linea che va da un lato all'altro della pista (larghezza) e il vetro laterale e\/o vicino al muro di cinta. Le linee segnate sul pavimento sono incluse nella casella valida per il lungo.<\/li>\n<li>Zona rossa : L'area che forma un metro per la rete di ogni lato, delimitata da una linea tra il taglio e la larghezza dell'intero campo. Deve essere di colore rosso.<br \/>\nPalla<\/li>\n<\/ol>\n<p>&nbsp;<\/p>\n<p><strong>Palla Padbol<\/strong><\/p>\n<p>La palla deve avere una superficie esterna uniforme ed essere bianca o gialla.<\/p>\n<p>La sua circonferenza \u00e8 di 670 mm e deve essere realizzata in poliuretano; il suo peso pu\u00f2 essere compreso tra 380 e 400 grammi.<\/p>\n<p>&nbsp;<\/p>\n<p><strong>Padbol in sintesi:<\/strong><\/p>\n<ul>\n<li>Giocatori: 4. Si gioca in formato doppio.<\/li>\n<li>Servizio: Il servizio deve essere effettuato di rovescio. \u00c8 consentito un secondo servizio in caso di fallo, come nel tennis.<\/li>\n<li>Punti: Il metodo di punteggio \u00e8 lo stesso del tennis. Le partite si svolgono in tre set.<\/li>\n<li>Palla: calcio, ma pi\u00f9 piccola<\/li>\n<li>Campi da gioco: Ci sono due tipi di campi da gioco: Campi coperti e campi all'aperto<\/li>\n<li>Muri: i muri o le recinzioni fanno parte del gioco.<\/li>\n<\/ul>\n<p>&nbsp;<\/p>\n<h3>Video Padbol<\/h3>\n<p>E qui \u00e8 possibile guardare direttamente come i Campioni giocano a Padbol:<\/p>\n<p><iframe loading=\"lazy\" title=\"Lettore video di YouTube\" src=\"https:\/\/www.youtube-nocookie.com\/embed\/1i9uilqN4mQ\" width=\"560\" height=\"315\" frameborder=\"0\" allowfullscreen=\"allowfullscreen\"><\/iframe><\/p>\n<p>Il video di Padbol \u00e8 tratto dalla Coppa delle Nazioni di Padbol 2022 presso la <a href=\"\/it\/posizioni-di-padel-2\/padel-sportunion-wien\/\">Union Trendsportzentrum a Vienna<\/a> tenuto.<\/p>","protected":false},"excerpt":{"rendered":"<p>Il padbol \u00e8 uno sport legato al padel tennis, che viene spesso praticato nei club di padel, ma anche in quelli di calcio. Questo perch\u00e9 il padbol \u00e8 fondamentalmente un mix di padel, tennis, calcio e pallavolo. Il padbol \u00e8 naturalmente il pi\u00f9 giovane di questi sport: \u00e8 stato \"inventato\" a La Plata solo nel 2008.   Dove si gioca il padbol? Prima...<\/p>","protected":false},"author":1,"featured_media":0,"parent":18170,"menu_order":0,"comment_status":"closed","ping_status":"closed","template":"","meta":{"_acf_changed":false,"_sitemap_exclude":false,"_sitemap_priority":"","_sitemap_frequency":"","_analytify_skip_tracking":false,"footnotes":""},"class_list":["post-19840","page","type-page","status-publish","hentry"],"acf":[],"_links":{"self":[{"href":"https:\/\/www.padel-test.de\/it\/wp-json\/wp\/v2\/pages\/19840","targetHints":{"allow":["GET"]}}],"collection":[{"href":"https:\/\/www.padel-test.de\/it\/wp-json\/wp\/v2\/pages"}],"about":[{"href":"https:\/\/www.padel-test.de\/it\/wp-json\/wp\/v2\/types\/page"}],"author":[{"embeddable":true,"href":"https:\/\/www.padel-test.de\/it\/wp-json\/wp\/v2\/users\/1"}],"replies":[{"embeddable":true,"href":"https:\/\/www.padel-test.de\/it\/wp-json\/wp\/v2\/comments?post=19840"}],"version-history":[{"count":0,"href":"https:\/\/www.padel-test.de\/it\/wp-json\/wp\/v2\/pages\/19840\/revisions"}],"up":[{"embeddable":true,"href":"https:\/\/www.padel-test.de\/it\/wp-json\/wp\/v2\/pages\/18170"}],"wp:attachment":[{"href":"https:\/\/www.padel-test.de\/it\/wp-json\/wp\/v2\/media?parent=19840"}],"curies":[{"name":"wp","href":"https:\/\/api.w.org\/{rel}","templated":true}]}}