{"id":20232,"date":"2023-01-09T10:20:00","date_gmt":"2023-01-09T10:20:00","guid":{"rendered":"https:\/\/www.padel-test.de\/?page_id=20232"},"modified":"2023-01-09T10:21:34","modified_gmt":"2023-01-09T10:21:34","slug":"costi-di-costruzione-dei-campi-da-tennis","status":"publish","type":"page","link":"https:\/\/www.padel-test.de\/it\/conoscenza-del-padel\/costi-di-costruzione-dei-campi-da-tennis\/","title":{"rendered":"Costruire un campo da tennis - costi"},"content":{"rendered":"<p><strong>Costi dei campi da tennis<\/strong>La costruzione di un campo da tennis \u00e8 un'attivit\u00e0 costosa. Il costo dipende ovviamente dalle dimensioni e dalla complessit\u00e0 del campo, ma anche dalla regione in cui viene costruito e dal tipo di costruzione. Nelle aree urbane, il costo di costruzione di un campo da tennis \u00e8 spesso pi\u00f9 elevato rispetto alle aree rurali. Per un budget approssimativo, bisogna prevedere una cifra compresa tra 25.000 e 80.000 euro. Tuttavia, esistono anche opzioni molto pi\u00f9 costose.<\/p>\n<p>Gli aspetti pi\u00f9 costosi della costruzione di un campo da tennis comprendono i lavori di sterro, il drenaggio e le fondamenta del campo. Un altro fattore importante nella costruzione di un campo da tennis \u00e8 il tipo di trattamento della superficie. Oggi l'asfalto viene utilizzato in molti campi di nuova costruzione. Tuttavia, l'asfalto \u00e8 anche molto pi\u00f9 costoso di altre opzioni di trattamento, come il pietrisco o la miscela bitume-polimero (EPDM). In media, la costruzione di un campo da tennis in asfalto costa circa 30-60 euro al m2, mentre un campo da tennis simile in ghiaia o EPDM costerebbe circa 15 euro al m2.<\/p>\n<p>Tendenzialmente, un campo in terra battuta o in cenere \u00e8 pi\u00f9 economico di un campo in erba artificiale.<\/p>\n<p>La costruzione di un campo da tennis professionale in terra battuta, ad esempio, pu\u00f2 costare fino a 150.000 euro se include elementi pi\u00f9 sofisticati come campi riscaldati o sistemi di illuminazione. Naturalmente, il costo della costruzione del tribunale non \u00e8 determinato solo dall'acquisto del materiale e dal noleggio delle attrezzature, ma anche dal lavoro del personale professionale necessario per la costruzione e la manutenzione del tribunale.<\/p>\n<p>&nbsp;<\/p>\n<h2>Costi approssimativi per la costruzione di un campo da tennis:<\/h2>\n<ul>\n<li>Costruzione di campi da tennis - circa 15.000-23.000 euro<\/li>\n<li>Superficie del campo da tennis (cenere\/sabbia, erba artificiale, miscela bitume-polimero (EPDM), campo duro) 8.000-30.000 euro<\/li>\n<li>Rete da tennis completa di pali da 1.000 a 1.500 euro<\/li>\n<li>Impianto di irrigazione per campi da tennis2.5000-5.000 euro<\/li>\n<li>Illuminazione a LED per campo da tennis 10.000-15.000 euro<\/li>\n<\/ul>\n<p>&nbsp;<\/p>\n<h3>Costruzione di un campo da tennis fai da te<\/h3>\n<p>\u00c8 anche possibile affrontare la costruzione di un campo da tennis come progetto fai-da-te, ma anche in questo caso ci sono dei costi da considerare: Bisogna acquistare materiali come reti, materiali per la tracciatura delle linee e birilli; bisogna anche considerare se si vuole una superficie speciale o se si lavora con il terreno esistente: tutti questi fattori possono incidere sul prezzo. Alcuni dei singoli componenti, come le reti, le linee, ecc. possono essere ordinati a basso costo su Alibaba o su altri mercati simili.<\/p>\n<p>Tuttavia, i tempi di consegna possono essere significativamente pi\u00f9 lunghi rispetto a quelli di un ordine locale da parte di un costruttore di campi da tennis esperto. Anche i resi e le richieste di garanzia sono pi\u00f9 difficili da organizzare quando si ordina su Internet rispetto ai partner locali.<\/p>\n<p>In definitiva, la costruzione di un campo da tennis \u00e8 un investimento, non solo in termini di denaro, ma anche di tempo ed energia, ma ne vale la pena!<\/p>\n<p>Se farete la scelta giusta e progetterete il vostro campo da tennis in modo da dare piacere a voi e agli altri giocatori, avrete una fonte di attivit\u00e0 sportiva per molti anni!<\/p>\n<p>&nbsp;<\/p>\n<h3>Costruire un campo da padel<\/h3>\n<p>Se preferite costruire un campo da padel, possiamo fornirvi informazioni sui costi di costruzione di un campo da padel e indicarvi alcuni partner che hanno gi\u00e0 molta esperienza nella costruzione di campi da padel.<\/p>\n<ul>\n<li><a href=\"\/it\/conoscenza-del-padel\/spese-giudiziarie-per-la-pagaia\/\">Spese processuali per il padel<\/a><\/li>\n<li><a href=\"\/it\/costruttore-di-corsi-di-padel-2\/\">Costruttore di campi da padel<\/a><\/li>\n<\/ul>","protected":false},"excerpt":{"rendered":"<p>Costi dei campi da tennis: la costruzione di un campo da tennis \u00e8 un'attivit\u00e0 costosa. Il costo dipende ovviamente dalle dimensioni e dalla complessit\u00e0 del campo, ma anche dalla regione in cui viene costruito e dal tipo di costruzione. Nelle aree urbane, il costo di costruzione di un campo da tennis \u00e8 spesso superiore a quello...<\/p>","protected":false},"author":1,"featured_media":12017,"parent":18170,"menu_order":0,"comment_status":"closed","ping_status":"closed","template":"","meta":{"_acf_changed":false,"_sitemap_exclude":false,"_sitemap_priority":"","_sitemap_frequency":"","_analytify_skip_tracking":false,"footnotes":""},"class_list":["post-20232","page","type-page","status-publish","has-post-thumbnail","hentry"],"acf":[],"_links":{"self":[{"href":"https:\/\/www.padel-test.de\/it\/wp-json\/wp\/v2\/pages\/20232","targetHints":{"allow":["GET"]}}],"collection":[{"href":"https:\/\/www.padel-test.de\/it\/wp-json\/wp\/v2\/pages"}],"about":[{"href":"https:\/\/www.padel-test.de\/it\/wp-json\/wp\/v2\/types\/page"}],"author":[{"embeddable":true,"href":"https:\/\/www.padel-test.de\/it\/wp-json\/wp\/v2\/users\/1"}],"replies":[{"embeddable":true,"href":"https:\/\/www.padel-test.de\/it\/wp-json\/wp\/v2\/comments?post=20232"}],"version-history":[{"count":0,"href":"https:\/\/www.padel-test.de\/it\/wp-json\/wp\/v2\/pages\/20232\/revisions"}],"up":[{"embeddable":true,"href":"https:\/\/www.padel-test.de\/it\/wp-json\/wp\/v2\/pages\/18170"}],"wp:featuredmedia":[{"embeddable":true,"href":"https:\/\/www.padel-test.de\/it\/wp-json\/wp\/v2\/media\/12017"}],"wp:attachment":[{"href":"https:\/\/www.padel-test.de\/it\/wp-json\/wp\/v2\/media?parent=20232"}],"curies":[{"name":"wp","href":"https:\/\/api.w.org\/{rel}","templated":true}]}}