{"id":20749,"date":"2023-08-21T18:38:41","date_gmt":"2023-08-21T18:38:41","guid":{"rendered":"https:\/\/www.padel-test.de\/?page_id=20749"},"modified":"2023-08-21T18:49:33","modified_gmt":"2023-08-21T18:49:33","slug":"inserire-il-sistema-padel","status":"publish","type":"page","link":"https:\/\/www.padel-test.de\/it\/conoscenza-del-padel\/inserire-il-sistema-padel\/","title":{"rendered":"Entrare nella struttura del padel"},"content":{"rendered":"<p>Du betreibst eine Padel Anlage und m\u00f6chtest auf Padel-Test.de erscheinen?<\/p>\n<p>Nichts einfacher als das!<\/p>\n<p>F\u00fclle einfach dieses Formular aus und in K\u00fcrze wird auch Dein Padel Club auf vertreten sein:<\/p>\n<div class=\"frm_forms  with_frm_style frm_style_formidable-style\" id=\"frm_form_15_container\" data-token=\"9a25165f7cfe3a752af30a1d383486d9\">\n<form enctype=\"multipart\/form-data\" method=\"post\" class=\"frm-show-form  frm_js_validate  frm_ajax_submit  frm_pro_form \" id=\"form_padelclubregistration2\" data-token=\"9a25165f7cfe3a752af30a1d383486d9\">\n<div class=\"frm_form_fields \">\n<fieldset>\n<legend class=\"frm_screen_reader\">Padel Club Registration - kostenlos<\/legend>\r\n\r\n<div class=\"frm_fields_container\">\n<input type=\"hidden\" name=\"frm_action\" value=\"create\" \/>\n<input type=\"hidden\" name=\"form_id\" value=\"15\" \/>\n<input type=\"hidden\" name=\"frm_hide_fields_15\" id=\"frm_hide_fields_15\" value=\"\" \/>\n<input type=\"hidden\" name=\"form_key\" value=\"padelclubregistration2\" \/>\n<input type=\"hidden\" name=\"item_meta[0]\" value=\"\" \/>\n<input type=\"hidden\" id=\"frm_submit_entry_15\" name=\"frm_submit_entry_15\" value=\"742560a03d\" \/><input type=\"hidden\" name=\"_wp_http_referer\" value=\"\/it\/wp-json\/wp\/v2\/pages\/20749\" \/><div id=\"frm_field_140_container\" class=\"frm_form_field form-field  frm_required_field frm_top_container frm6 frm_first\">\r\n    <label for=\"field_64f9z2\" id=\"field_64f9z2_label\" class=\"frm_primary_label\">Name des Padelstandorts\r\n        <span class=\"frm_required\" aria-hidden=\"true\">*<\/span>\r\n    <\/label>\r\n    <input  type=\"text\" id=\"field_64f9z2\" name=\"item_meta[140]\" value=\"\"  data-reqmsg=\"Name des Padelstandorts cannot be blank.\" aria-required=\"true\" data-invmsg=\"Text is invalid\" aria-invalid=\"false\"   \/>\r\n    \r\n    \r\n<\/div>\n<div id=\"frm_field_143_container\" class=\"frm_form_field form-field  frm_required_field frm_top_container frm6\">\r\n    <label for=\"field_xnvw42\" id=\"field_xnvw42_label\" class=\"frm_primary_label\">Anzahl Padel Pl\u00e4tze\r\n        <span class=\"frm_required\" aria-hidden=\"true\">*<\/span>\r\n    <\/label>\r\n    <input type=\"number\" id=\"field_xnvw42\" name=\"item_meta[143]\" value=\"\" data-reqmsg=\"Anzahl Padel Pl\u00e4tze cannot be blank.\" aria-required=\"true\" data-invmsg=\"Number is invalid\" aria-invalid=\"false\"   min=\"0\" max=\"99\" step=\"any\" \/>\r\n    \r\n    \r\n<\/div>\n<div id=\"frm_field_142_container\" class=\"frm_form_field form-field  frm_required_field frm_top_container frm6 frm_first vertical_radio\">\r\n    <div  id=\"field_jzfk82_label\" class=\"frm_primary_label\">Welche Leistungen werden angeboten?\r\n        <span class=\"frm_required\" aria-hidden=\"true\">*<\/span>\r\n    <\/div>\r\n    <div class=\"frm_opt_container\" aria-labelledby=\"field_jzfk82_label\" role=\"group\">\t\t<div class=\"frm_checkbox\" id=\"frm_checkbox_142-0\">\t\t\t<label  for=\"field_jzfk82-0\">\n\t\t\t<input type=\"checkbox\" name=\"item_meta[142][]\" id=\"field_jzfk82-0\" value=\"Indoor Padel\"  data-reqmsg=\"Welche Leistungen werden angeboten? cannot be blank.\" data-invmsg=\"Welche Leistungen werden angeboten? non \u00e8 valido\"   aria-required=\"true\"  \/> Indoor Padel<\/label><\/div>\n\t\t<div class=\"frm_checkbox\" id=\"frm_checkbox_142-1\">\t\t\t<label  for=\"field_jzfk82-1\">\n\t\t\t<input type=\"checkbox\" name=\"item_meta[142][]\" id=\"field_jzfk82-1\" value=\"Outdoor Padel\"  data-reqmsg=\"Welche Leistungen werden angeboten? cannot be blank.\" data-invmsg=\"Welche Leistungen werden angeboten? non \u00e8 valido\"   \/> Outdoor Padel<\/label><\/div>\n\t\t<div class=\"frm_checkbox\" id=\"frm_checkbox_142-2\">\t\t\t<label  for=\"field_jzfk82-2\">\n\t\t\t<input type=\"checkbox\" name=\"item_meta[142][]\" id=\"field_jzfk82-2\" value=\"Schl\u00e4ger Verleih\"  data-reqmsg=\"Welche Leistungen werden angeboten? cannot be blank.\" data-invmsg=\"Welche Leistungen werden angeboten? non \u00e8 valido\"   \/> Schl\u00e4ger Verleih<\/label><\/div>\n\t\t<div class=\"frm_checkbox\" id=\"frm_checkbox_142-3\">\t\t\t<label  for=\"field_jzfk82-3\">\n\t\t\t<input type=\"checkbox\" name=\"item_meta[142][]\" id=\"field_jzfk82-3\" value=\"Padel Training\"  data-reqmsg=\"Welche Leistungen werden angeboten? cannot be blank.\" data-invmsg=\"Welche Leistungen werden angeboten? non \u00e8 valido\"   \/> Padel Training<\/label><\/div>\n\t\t<div class=\"frm_checkbox\" id=\"frm_checkbox_142-4\">\t\t\t<label  for=\"field_jzfk82-4\">\n\t\t\t<input type=\"checkbox\" name=\"item_meta[142][]\" id=\"field_jzfk82-4\" value=\"Padel Turniere\"  data-reqmsg=\"Welche Leistungen werden angeboten? cannot be blank.\" data-invmsg=\"Welche Leistungen werden angeboten? non \u00e8 valido\"   \/> Padel Turniere<\/label><\/div>\n\t\t<div class=\"frm_checkbox\" id=\"frm_checkbox_142-5\">\t\t\t<label  for=\"field_jzfk82-5\">\n\t\t\t<input type=\"checkbox\" name=\"item_meta[142][]\" id=\"field_jzfk82-5\" value=\"Online Buchung\"  data-reqmsg=\"Welche Leistungen werden angeboten? cannot be blank.\" data-invmsg=\"Welche Leistungen werden angeboten? non \u00e8 valido\"   \/> Online Buchung<\/label><\/div>\n\t\t<div class=\"frm_checkbox\" id=\"frm_checkbox_142-6\">\t\t\t<label  for=\"field_jzfk82-6\">\n\t\t\t<input type=\"checkbox\" name=\"item_meta[142][]\" id=\"field_jzfk82-6\" value=\"Gastronomie\"  data-reqmsg=\"Welche Leistungen werden angeboten? cannot be blank.\" data-invmsg=\"Welche Leistungen werden angeboten? non \u00e8 valido\"   \/> Gastronomie<\/label><\/div>\n<\/div>\r\n    \r\n    \r\n<\/div>\n<div id=\"frm_field_168_container\" class=\"frm_form_field form-field  frm_top_container frm6\">\r\n    <label for=\"field_fsk3z\" id=\"field_fsk3z_label\" class=\"frm_primary_label\">Logo Upload\r\n        <span class=\"frm_required\" aria-hidden=\"true\"><\/span>\r\n    <\/label>\r\n    <input type=\"hidden\"  data-invmsg=\"File Upload is invalid\" class=\"auto_width\" aria-invalid=\"false\"   name=\"item_meta[168][]\"  value=\"\" data-frmfile=\"168\" \/>\n\n<div class=\"frm_dropzone frm_multi_upload frm_clearfix\" id=\"file168_dropzone\" role=\"group\" >\n\t<div class=\"fallback\">\n\t\t<input type=\"file\" name=\"file168[]\" id=\"field_fsk3z\"\n\t\t\t data-frmfile=\"168\" multiple=\"multiple\"  data-invmsg=\"File Upload is invalid\" class=\"auto_width\" aria-invalid=\"false\"  \t\t\t\/>\n\t\t\t\t<div class=\"frm_clearfix \"><\/div>\n\t<\/div>\n\t<div class=\"dz-message needsclick\">\n\t\t\t\t<svg  viewBox=\"0 0 18 18\" class=\"frmsvg frm-svg-icon\">\n\t<path viewBox=\"0 0 18 18\" fill-rule=\"evenodd\" clip-rule=\"evenodd\" d=\"M8.2 4v8a.8.8 0 001.5 0V4l2.1 2.2A.7.7 0 1013 5L9.5 1.7a.7.7 0 00-1.1 0L5.1 5.2a.8.8 0 001 1l2.1-2zm7.6 4.3c.4 0 .7.3.7.7v6.8c0 .4-.3.7-.8.7H2.3a.8.8 0 01-.8-.8V9A.8.8 0 013 9v6h12V9c0-.4.3-.8.8-.8z\"><\/path>\n<\/svg>\t\t<span class=\"frm_upload_text\"><button type=\"button\" aria-label=\"Logo Upload. Drop a file here or click to upload (only jpg, gif, png, psd &amp; svg). Dimensione massima del file: 10MB\">Drop a file here or click to upload (only jpg, gif, png, psd &amp; svg)<\/button><\/span>\n\t\t<span class=\"frm_compact_text\"><button type=\"button\" aria-label=\"Logo Upload. Choose File. Dimensione massima del file: 10MB\">Choose File<\/button><\/span>\n\t\t<div class=\"frm_small_text\">\n\t\t\t<p>Dimensione massima del file: 10MB<\/p>\n\t\t<\/div>\n\t<\/div>\n<\/div>\n\t\r\n    \r\n    \r\n<\/div>\n<div id=\"frm_field_149_container\" class=\"frm_form_field  frm_html_container form-field\">\n<h2>Kontaktdaten<\/h2>\n<\/div>\n<div id=\"frm_field_152_container\" class=\"frm_form_field form-field  frm_required_field frm_top_container frm6 frm_first\">\r\n    <label for=\"field_ci5ql2\" id=\"field_ci5ql2_label\" class=\"frm_primary_label\">Strasse\r\n        <span class=\"frm_required\" aria-hidden=\"true\">*<\/span>\r\n    <\/label>\r\n    <input  type=\"text\" id=\"field_ci5ql2\" name=\"item_meta[152]\" value=\"\"  data-reqmsg=\"Strasse cannot be blank.\" aria-required=\"true\" data-invmsg=\"Text is invalid\" aria-invalid=\"false\"   \/>\r\n    \r\n    \r\n<\/div>\n<div id=\"frm_field_154_container\" class=\"frm_form_field form-field  frm_required_field frm_top_container frm6\">\r\n    <label for=\"field_770r72\" id=\"field_770r72_label\" class=\"frm_primary_label\">Ort\r\n        <span class=\"frm_required\" aria-hidden=\"true\">*<\/span>\r\n    <\/label>\r\n    <input  type=\"text\" id=\"field_770r72\" name=\"item_meta[154]\" value=\"\"  data-reqmsg=\"Ort cannot be blank.\" aria-required=\"true\" data-invmsg=\"Text is invalid\" aria-invalid=\"false\"   \/>\r\n    \r\n    \r\n<\/div>\n<div id=\"frm_field_153_container\" class=\"frm_form_field form-field  frm_required_field frm_top_container frm6 frm_first\">\r\n    <label for=\"field_rxxgt2\" id=\"field_rxxgt2_label\" class=\"frm_primary_label\">PLZ\r\n        <span class=\"frm_required\" aria-hidden=\"true\">*<\/span>\r\n    <\/label>\r\n    <input  type=\"text\" id=\"field_rxxgt2\" name=\"item_meta[153]\" value=\"\"  data-reqmsg=\"PLZ cannot be blank.\" aria-required=\"true\" data-invmsg=\"Text is invalid\" aria-invalid=\"false\"   \/>\r\n    \r\n    \r\n<\/div>\n<div id=\"frm_field_155_container\" class=\"frm_form_field form-field  frm_required_field frm_top_container frm6\">\r\n    <label for=\"field_rdclp2\" id=\"field_rdclp2_label\" class=\"frm_primary_label\">Land\r\n        <span class=\"frm_required\" aria-hidden=\"true\">*<\/span>\r\n    <\/label>\r\n    <input  type=\"text\" id=\"field_rdclp2\" name=\"item_meta[155]\" value=\"\"  data-reqmsg=\"Land cannot be blank.\" aria-required=\"true\" data-invmsg=\"Text is invalid\" aria-invalid=\"false\"   \/>\r\n    \r\n    \r\n<\/div>\n<div id=\"frm_field_156_container\" class=\"frm_form_field form-field  frm_required_field frm_top_container frm6 frm_first\">\r\n    <label for=\"field_nyw482\" id=\"field_nyw482_label\" class=\"frm_primary_label\">Ansprechpartner\r\n        <span class=\"frm_required\" aria-hidden=\"true\">*<\/span>\r\n    <\/label>\r\n    <input  type=\"text\" id=\"field_nyw482\" name=\"item_meta[156]\" value=\"\"  data-reqmsg=\"Ansprechpartner cannot be blank.\" aria-required=\"true\" data-invmsg=\"Text is invalid\" aria-invalid=\"false\"   \/>\r\n    \r\n    \r\n<\/div>\n<div id=\"frm_field_157_container\" class=\"frm_form_field form-field  frm_required_field frm_top_container frm6\">\r\n    <label for=\"field_cugi\" id=\"field_cugi_label\" class=\"frm_primary_label\">Telefonnummer\r\n        <span class=\"frm_required\" aria-hidden=\"true\">*<\/span>\r\n    <\/label>\r\n    <input  type=\"text\" id=\"field_cugi\" name=\"item_meta[157]\" value=\"\"  data-reqmsg=\"Telefonnummer cannot be blank.\" aria-required=\"true\" data-invmsg=\"Text is invalid\" aria-invalid=\"false\"   \/>\r\n    \r\n    \r\n<\/div>\n<div id=\"frm_field_158_container\" class=\"frm_form_field form-field  frm_required_field frm_top_container frm6 frm_first\">\r\n    <label for=\"field_esumn2\" id=\"field_esumn2_label\" class=\"frm_primary_label\">E-Mail\r\n        <span class=\"frm_required\" aria-hidden=\"true\">*<\/span>\r\n    <\/label>\r\n    <input type=\"email\" id=\"field_esumn2\" name=\"item_meta[158]\" value=\"\"  data-reqmsg=\"E-Mail cannot be blank.\" aria-required=\"true\" data-invmsg=\"Email is invalid\" aria-invalid=\"false\"  \/>\r\n    \r\n    \r\n<\/div>\n<div id=\"frm_field_159_container\" class=\"frm_form_field form-field  frm_required_field frm_top_container frm6\">\r\n    <label for=\"field_o5tfp2\" id=\"field_o5tfp2_label\" class=\"frm_primary_label\">Website\r\n        <span class=\"frm_required\" aria-hidden=\"true\">*<\/span>\r\n    <\/label>\r\n    <input type=\"url\" id=\"field_o5tfp2\" name=\"item_meta[159]\" value=\"\"  data-reqmsg=\"Website cannot be blank.\" aria-required=\"true\" data-invmsg=\"Website\/URL is invalid\" aria-invalid=\"false\"  \/>\r\n    \r\n    \r\n<\/div>\n<div id=\"frm_field_164_container\" class=\"frm_form_field form-field  frm_required_field frm_top_container frm6 frm_first\">\r\n    <label for=\"field_bvg182\" id=\"field_bvg182_label\" class=\"frm_primary_label\">\u00d6ffnungszeiten der Padel Courts\r\n        <span class=\"frm_required\" aria-hidden=\"true\">*<\/span>\r\n    <\/label>\r\n    <textarea name=\"item_meta[164]\" id=\"field_bvg182\" rows=\"5\"  placeholder=\"Spielzeiten\" data-reqmsg=\"\u00d6ffnungszeiten der Padel Courts cannot be blank.\" aria-required=\"true\" data-invmsg=\"Hinweis an Redaktion is invalid\" aria-invalid=\"false\"  ><\/textarea>\r\n    \r\n    \r\n<\/div>\n<div id=\"frm_field_170_container\" class=\"frm_form_field form-field  frm_required_field frm_top_container frm6\">\r\n    <label for=\"field_bkom7\" id=\"field_bkom7_label\" class=\"frm_primary_label\">Platzbuchung & Kosten\r\n        <span class=\"frm_required\" aria-hidden=\"true\">*<\/span>\r\n    <\/label>\r\n    <textarea name=\"item_meta[170]\" id=\"field_bkom7\" rows=\"5\"  placeholder=\"Buchung von Padelpl\u00e4tzen (online, telefonisch)\r\nKosten f\u00fcr Platzmiete, Schl\u00e4gerausliehe, B\u00e4lle, etc.\" data-reqmsg=\"Platzbuchung &amp; Kosten cannot be blank.\" aria-required=\"true\" data-invmsg=\"Hinweis an Redaktion is invalid\" aria-invalid=\"false\"  ><\/textarea>\r\n    \r\n    \r\n<\/div>\n<div id=\"frm_field_169_container\" class=\"frm_form_field form-field  frm_top_container\">\r\n    <label for=\"field_l79o1\" id=\"field_l79o1_label\" class=\"frm_primary_label\">Weitere Informationen f\u00fcr unsere Redaktion (Freiwillige Angaben):\r\n        <span class=\"frm_required\" aria-hidden=\"true\"><\/span>\r\n    <\/label>\r\n    <textarea name=\"item_meta[169]\" id=\"field_l79o1\" rows=\"5\"  placeholder=\"Beschreibung des Padelangebotes\r\nTrainingsangebote\r\nSocial Media Pr\u00e4senz (Facebook, Twitter, Instagram, Youtube, ...)\" data-invmsg=\"Hinweis an Redaktion is invalid\" aria-invalid=\"false\"  ><\/textarea>\r\n    \r\n    \r\n<\/div>\n<div id=\"frm_field_171_container\" class=\"frm_form_field form-field \">\r\n\t<div class=\"frm_submit\">\r\n\r\n<button class=\"frm_button_submit frm_final_submit\" type=\"submit\"   formnovalidate=\"formnovalidate\">Absenden<\/button>\r\n\r\n<\/div>\r\n<\/div>\n\t<input type=\"hidden\" name=\"item_key\" value=\"\" \/>\n\t\t\t<div id=\"frm_field_195_container\">\n\t\t\t<label for=\"field_a4eyu\" >\n\t\t\t\tSe sei un essere umano, lascia questo campo vuoto.\t\t\t<\/label>\n\t\t\t<input  id=\"field_a4eyu\" type=\"text\" class=\"frm_form_field form-field frm_verify\" name=\"item_meta[195]\" value=\"\"  \/>\n\t\t<\/div>\n\t\t<input name=\"frm_state\" type=\"hidden\" value=\"tLG1aBSsT2b4MXr6b7XhEyvvGMfr8JGOxmFjjKrVyxaAQbmX68+f4U1lnYXPkHLq\" \/><\/div>\n<\/fieldset>\n<\/div>\n\n<\/form>\n<\/div>\n\n<p>&nbsp;<\/p>\n<p>Du bist auf dieser Seite gelandet und willst eigentlich nur wissen, was eine Padel Anlage ist?<\/p>\n<p>Dann k\u00f6nne wir Dir hier auch weiterhelfen:<\/p>\n<h2>Was ist \u00fcberhaupt eine Padel Anlage?<\/h2>\n<p>Padel ist eine Racketsportart, die Elemente aus Tennis und Squash kombiniert. Es wird meistens in Doppeln auf einem rechteckigen Feld gespielt, das von W\u00e4nden oder Glasw\u00e4nden umgeben ist, die aktiv ins Spiel eingebunden werden k\u00f6nnen.<\/p>\n<p>Eine Padel-Anlage besteht in der Regel aus:<\/p>\n<p>1. Das Padel-Feld misst 20m in der L\u00e4nge und 10m in der Breite. Im Vergleich zum Tennis hat es keine Tramlinien.<\/p>\n<p>2. Ein Netz teilt das Spielfeld in zwei H\u00e4lften. Es \u00e4hnelt dem Tennisnetz, ist aber etwas niedriger.<\/p>\n<p>3. Die r\u00fcckw\u00e4rtigen und seitlichen Begrenzungen des Feldes bestehen aus W\u00e4nden. In vielen Anlagen sind diese W\u00e4nde eine Kombination aus Mauerwerk und Glas, sodass die Zuschauer das Spiel gut verfolgen k\u00f6nnen. Die W\u00e4nde werden aktiv ins Spiel einbezogen, da der Ball nach dem Auftreffen auf den Boden von ihnen abprallen darf und dann weitergespielt werden kann, \u00e4hnlich wie beim Squash.<\/p>\n<p>4. Die B\u00e4lle f\u00fcr Padel sind dem Tennis sehr \u00e4hnlich, aber etwas weicher. Die Schl\u00e4ger sind solide (ohne Besaitung) und haben L\u00f6cher.<\/p>\n<p>Padel ist besonders in Spanien und Lateinamerika sehr beliebt, aber seine Popularit\u00e4t breitet sich auch in anderen Teilen der Welt aus. Es ist bekannt f\u00fcr sein soziales Element, da es oft in Clubs mit einer entspannten Atmosph\u00e4re gespielt wird und f\u00fcr Spieler aller Altersgruppen und F\u00e4higkeiten zug\u00e4nglich ist.<\/p>\n<p>&nbsp;<\/p>\n<p>&#8211;&gt; Mehr Infos \u00fcber <strong>Padel Tennis<\/strong> findest Du in unserem <a href=\"\/padel-wissen\/\">Padel Wissen<\/a>.<\/p>\n","protected":false},"excerpt":{"rendered":"<p>Gestite un impianto di padel e volete apparire su Padel-Test.de? Niente di pi\u00f9 facile! Basta compilare questo modulo e il vostro padel club sar\u00e0 presto inserito nell'elenco:   Siete arrivati su questa pagina e volete solo sapere cos'\u00e8 un campo da padel? Allora possiamo aiutarvi anche qui: Cosa...<\/p>","protected":false},"author":1,"featured_media":0,"parent":18170,"menu_order":0,"comment_status":"closed","ping_status":"closed","template":"","meta":{"_acf_changed":false,"_sitemap_exclude":false,"_sitemap_priority":"","_sitemap_frequency":"","_analytify_skip_tracking":false,"footnotes":""},"class_list":["post-20749","page","type-page","status-publish","hentry"],"acf":[],"_links":{"self":[{"href":"https:\/\/www.padel-test.de\/it\/wp-json\/wp\/v2\/pages\/20749","targetHints":{"allow":["GET"]}}],"collection":[{"href":"https:\/\/www.padel-test.de\/it\/wp-json\/wp\/v2\/pages"}],"about":[{"href":"https:\/\/www.padel-test.de\/it\/wp-json\/wp\/v2\/types\/page"}],"author":[{"embeddable":true,"href":"https:\/\/www.padel-test.de\/it\/wp-json\/wp\/v2\/users\/1"}],"replies":[{"embeddable":true,"href":"https:\/\/www.padel-test.de\/it\/wp-json\/wp\/v2\/comments?post=20749"}],"version-history":[{"count":0,"href":"https:\/\/www.padel-test.de\/it\/wp-json\/wp\/v2\/pages\/20749\/revisions"}],"up":[{"embeddable":true,"href":"https:\/\/www.padel-test.de\/it\/wp-json\/wp\/v2\/pages\/18170"}],"wp:attachment":[{"href":"https:\/\/www.padel-test.de\/it\/wp-json\/wp\/v2\/media?parent=20749"}],"curies":[{"name":"wp","href":"https:\/\/api.w.org\/{rel}","templated":true}]}}