{"id":20933,"date":"2024-02-04T21:57:55","date_gmt":"2024-02-04T21:57:55","guid":{"rendered":"https:\/\/www.padel-test.de\/?page_id=20933"},"modified":"2024-02-04T22:01:47","modified_gmt":"2024-02-04T22:01:47","slug":"padel-o-tennis-il-grande-confronto-quale-sport-e-piu-facile-da-imparare-o-piu-divertente-da-giocare","status":"publish","type":"page","link":"https:\/\/www.padel-test.de\/it\/conoscenza-del-padel\/padel-o-tennis-il-grande-confronto-quale-sport-e-piu-facile-da-imparare-o-piu-divertente-da-giocare\/","title":{"rendered":"Padel o tennis? Il grande confronto: quale sport \u00e8 migliore, pi\u00f9 facile da imparare o pi\u00f9 divertente?"},"content":{"rendered":"<p><strong>Padel e tennis a confronto:<\/strong> Due sport di racchetta che condividono ci\u00f2 che serve: una racchetta, una palla e l'assoluta volont\u00e0 di superare l'avversario con un abile colpo. Mentre il tennis, con il suo prestigio secolare, saluta il mondo sportivo come un distinto signore a Wimbledon, il padel entra in scena con una strizzatina d'occhio e un disinvolto cinque.<\/p>\n<p>\u00c8 come se il tennis fosse il fratello maggiore che si impegna e si attiene alla tradizione, mentre il padel \u00e8 il fratello minore, dallo spirito libero, che sfida la famiglia in una partita nel cortile di casa.<\/p>\n<p>Entrambi offrono infinite ore di divertimento, ma le loro personalit\u00e0 non potrebbero essere pi\u00f9 diverse.<\/p>\n<p>&nbsp;<\/p>\n<h2>Vantaggi e svantaggi del padel:<\/h2>\n<p><strong>Vantaggi:<\/strong><br \/>\n1. pi\u00f9 facile da imparare: il padel \u00e8 generalmente pi\u00f9 facile da imparare rispetto al tennis, poich\u00e9 le racchette sono pi\u00f9 piccole e maneggevoli e si possono giocare le palline anche contro i muri. Questo permette ai principianti di progredire pi\u00f9 rapidamente.<br \/>\n2. minor rischio di infortuni: il padel \u00e8 generalmente considerato uno sport sicuro, adatto anche agli atleti pi\u00f9 anziani.<br \/>\n3. gioco sociale: il padel \u00e8 uno sport di squadra, spesso giocato in doppio. Promuove l'interazione sociale, rafforza lo spirito di squadra ed \u00e8 divertente perch\u00e9 si gioca sempre con gli altri.<\/p>\n<p><strong>Svantaggi:<\/strong><br \/>\n1. popolarit\u00e0 limitata: in alcuni Paesi il padel \u00e8 meno conosciuto e meno diffuso del tennis. Questo pu\u00f2 significare che ci sono meno opportunit\u00e0 di giocare a padel o di competere con altri giocatori.<br \/>\n2. meno atletismo: i campi da padel sono pi\u00f9 piccoli di quelli da tennis, il che significa meno corsa. I giocatori non devono percorrere distanze cos\u00ec lunghe per raggiungere la palla.<br \/>\n3. opportunit\u00e0 di carriera professionale limitate: Il padel non ha ancora una scena di tornei professionistici consolidata ed estesa come il tennis. Questo potrebbe essere un limite per i giocatori che vogliono intraprendere una carriera nello sport professionistico. Tuttavia, il padel \u00e8 in crescita e sta diventando sempre pi\u00f9 professionale.<\/p>\n<h3><\/h3>\n<h3>Vantaggi e svantaggi del tennis:<\/h3>\n<p><strong>Vantaggi:<\/strong><br \/>\n1. versatilit\u00e0 sportiva: il tennis offre un'ampia gamma di tecniche di battuta, strategie di gioco e sfide fisiche. Richiede forza e resistenza e offre molte opportunit\u00e0 per sviluppare abilit\u00e0 tecniche e atletiche.<br \/>\n2. maggiore popolarit\u00e0: il tennis \u00e8 uno degli sport pi\u00f9 popolari al mondo, con un gran numero di giocatori e appassionati. Ci\u00f2 significa che ci sono pi\u00f9 opportunit\u00e0 di giocare a tennis, di competere e di far parte di una comunit\u00e0 tennistica attiva.<br \/>\n3. opportunit\u00e0 di carriera professionale: Il tennis ha una scena consolidata di tornei professionali con numerose opportunit\u00e0 di affermarsi come giocatore professionista e di avere successo finanziario.<\/p>\n<p><strong>Svantaggi:<\/strong><br \/>\n1. pi\u00f9 difficile da imparare: il tennis richiede pi\u00f9 tempo e pratica per padroneggiare le tecniche di base dei colpi. Le racchette pi\u00f9 grandi e le palline pi\u00f9 veloci possono rendere il processo di apprendimento pi\u00f9 difficile per i principianti.<br \/>\n2. maggiore rischio di infortuni: il tennis si gioca su superfici molto diverse tra loro, il che aumenta il rischio di infortuni dovuti a movimenti rapidi e arresti bruschi (campi duri) e a scivolate (campi in erba e terra battuta), soprattutto sui campi in erba e duri.<br \/>\n3. competizione individuale: il tennis \u00e8 spesso giocato in singolo, il che comporta meno interazione sociale e lavoro di squadra. Alcuni giocatori possono trovare questo aspetto meno divertente o meno motivante.<\/p>\n<p>&nbsp;<\/p>\n<h3>Numerosi atleti utilizzano il tennis e il padel come bilanciamento del calcio.<\/h3>\n<p>Ecco alcuni esempi noti:<\/p>\n<ol>\n<li><strong>Zlatan Ibrahimovi\u0107<\/strong> - La stella del calcio svedese \u00e8 nota per la sua passione per il padel. Ha persino investito in club di padel e sfoggia regolarmente le sue abilit\u00e0 in campo.<\/li>\n<li><strong>Gerard Piqu\u00e9<\/strong> - L'ex difensore di calcio spagnolo ha reso pubblico il suo amore per il padel e partecipa attivamente alle partite.<\/li>\n<li><strong>Andr\u00e9s Iniesta<\/strong> - Un altro calciatore che dimostra il suo interesse e il suo impegno nel padel accanto alla sua carriera calcistica.<\/li>\n<li><strong>Peter Sagan<\/strong> - Il ciclista professionista slovacco \u00e8 anche un appassionato di padel, il che dimostra che il gioco ha un fascino che va oltre il calcio.<\/li>\n<li><strong>Carlo Ancelotti<\/strong> - L'allenatore di calcio italiano, attualmente al Real Madrid, \u00e8 anche un appassionato di padel.<\/li>\n<\/ol>\n<p>&nbsp;<\/p>\n<h3>Anche i calciatori professionisti tedeschi amano il padel:<\/h3>\n<ol>\n<li><strong>J\u00fcrgen Klopp<\/strong> - L'allenatore del Liverpool FC \u00e8 noto per il suo amore per il padel e lo ha condiviso in alcune interviste.<\/li>\n<li><strong>Thomas M\u00fcller<\/strong> - Il giocatore del Bayern Monaco ha reso pubblico il suo entusiasmo per il padel.<\/li>\n<li><strong>Hansi Flick<\/strong> - L'allenatore di calcio tedesco, ex del Bayern Monaco e ora della nazionale tedesca, \u00e8 anche un appassionato di padel.<\/li>\n<li><strong>Mario G\u00f6tze<\/strong> - Il calciatore professionista ha mostrato il suo amore per il padel sui social media.<\/li>\n<li>e molti altri ancora \ud83d\ude42<\/li>\n<\/ol>\n<p>https:\/\/www.padel-test.de\/padel-wissen\/padel-regeln\/<\/p>","protected":false},"excerpt":{"rendered":"<p>Un confronto tra padel e tennis: due sport di racchetta che hanno in comune ci\u00f2 che serve: una racchetta, una palla e l'assoluta volont\u00e0 di superare l'avversario con un abile colpo. Mentre il tennis, con il suo prestigio secolare, saluta il mondo sportivo come un distinto signore a Wimbledon, il padel si fa notare con un occhiolino e un casuale cinque...<\/p>","protected":false},"author":1,"featured_media":12017,"parent":18170,"menu_order":0,"comment_status":"closed","ping_status":"closed","template":"","meta":{"_acf_changed":false,"_sitemap_exclude":false,"_sitemap_priority":"","_sitemap_frequency":"","_analytify_skip_tracking":false,"footnotes":""},"class_list":["post-20933","page","type-page","status-publish","has-post-thumbnail","hentry"],"acf":[],"_links":{"self":[{"href":"https:\/\/www.padel-test.de\/it\/wp-json\/wp\/v2\/pages\/20933","targetHints":{"allow":["GET"]}}],"collection":[{"href":"https:\/\/www.padel-test.de\/it\/wp-json\/wp\/v2\/pages"}],"about":[{"href":"https:\/\/www.padel-test.de\/it\/wp-json\/wp\/v2\/types\/page"}],"author":[{"embeddable":true,"href":"https:\/\/www.padel-test.de\/it\/wp-json\/wp\/v2\/users\/1"}],"replies":[{"embeddable":true,"href":"https:\/\/www.padel-test.de\/it\/wp-json\/wp\/v2\/comments?post=20933"}],"version-history":[{"count":0,"href":"https:\/\/www.padel-test.de\/it\/wp-json\/wp\/v2\/pages\/20933\/revisions"}],"up":[{"embeddable":true,"href":"https:\/\/www.padel-test.de\/it\/wp-json\/wp\/v2\/pages\/18170"}],"wp:featuredmedia":[{"embeddable":true,"href":"https:\/\/www.padel-test.de\/it\/wp-json\/wp\/v2\/media\/12017"}],"wp:attachment":[{"href":"https:\/\/www.padel-test.de\/it\/wp-json\/wp\/v2\/media?parent=20933"}],"curies":[{"name":"wp","href":"https:\/\/api.w.org\/{rel}","templated":true}]}}