{"id":18160,"date":"2017-10-26T09:45:59","date_gmt":"2017-10-26T09:45:59","guid":{"rendered":"http:\/\/www.padel-test.de\/padel-plaetze\/"},"modified":"2022-11-01T19:50:37","modified_gmt":"2022-11-01T19:50:37","slug":"paddlebanen","status":"publish","type":"page","link":"https:\/\/www.padel-test.de\/nl\/paddlebanen\/","title":{"rendered":"Padelbanen"},"content":{"rendered":"<p>Padel Pl\u00e4tze gibt es mittlerweile \u00fcber 100 in Deutschland und knapp weitere 100 in \u00d6sterreich, der Schweiz und S\u00fcdtirol. So langsam nimmt Padel also auch im deutschsprachigem Bereich an Dynamik auf.<\/p>\n<p>Auf der Karte findest Du alle aktuellen Padel Tennis Pl\u00e4tze (orange) sowie alle geplanten Padel Tennis Pl\u00e4tze (blau).<\/p>\n<p>&nbsp;<\/p>\n<p><iframe loading=\"lazy\" src=\"https:\/\/www.google.com\/maps\/d\/embed?mid=18OVW4FiG4noVz4vFAYmYzmjpOW8\" width=\"990\" height=\"660\"><\/iframe><\/p>\n<h2>Padel Standorte suchen<\/h2>\n<p>Wenn Du mehr \u00fcber die einzelnen Padel Standorte erfahren willst (z.B. Indoor Courts, Outdoor Courts, Platzmiete,. \u00d6ffnungszeiten, Padel Training etc.), kannst Du am Besten hier suchen:<\/p>\n<ul>\n<li><a href=\"\/padel-plaetze-deutschland\/\">Padel Standorte Deutschland<\/a><\/li>\n<li><a href=\"\/padel-plaetze-oesterreich\/\">Padel Standorte \u00d6sterreich<\/a><\/li>\n<li><a href=\"\/padel-plaetze-schweiz\/\">Padel Standorte Schweiz<\/a><\/li>\n<li><a href=\"\/padel-nachrichten\/karte-der-padelplatze-in-den-niederlanden\/\">Padel Pl\u00e4tze Niederlande<\/a><\/li>\n<li><a href=\"\/padel-courts-international\/\">Padel Pl\u00e4tze weltweit<\/a><\/li>\n<\/ul>\n<p>&nbsp;<\/p>\n<p><strong>Regionale Padel \u00dcbersichten in Deutschland, \u00d6sterreich und der Schweiz:<\/strong><\/p>\n<ul>\n<li><a href=\"\/padel-plaetze\/padel-ruhrgebiet\/\">Padel Tennis Ruhrgebiet<\/a><\/li>\n<li><a href=\"\/padel-plaetze\/padel-tennis-berlin\/\">Padel Tennis Berlin<\/a><\/li>\n<li><a href=\"\/padel-plaetze\/padel-bremen\/\">Padel Tennis Bremen<\/a><\/li>\n<li><a href=\"\/padel-plaetze\/padel-frankfurt\/\">Padel Tennis Frankfurt<\/a><\/li>\n<li><a href=\"\/padel-plaetze\/padel-stuttgart\/\">Padel Tennis Stuttgart<\/a><\/li>\n<li><a href=\"\/padel-plaetze\/padel-heilbronn\/\">Padel Tennis Heilbronn<\/a><\/li>\n<li><a href=\"\/padel-plaetze\/padel-hamburg\/\">Padel Tennis Hamburg<\/a><\/li>\n<li><a href=\"\/padel-plaetze\/padel-karlsruhe\/\">Padel Tennis Karlsruhe<\/a><\/li>\n<li><a href=\"\/padel-plaetze\/padel-duesseldorf\/\">Padel Tennis D\u00fcsseldorf<\/a><\/li>\n<li><a href=\"\/padel-plaetze\/padel-osnabrueck\/\">Padel Tennis Osnabr\u00fcck<\/a><\/li>\n<li><a href=\"\/padel-plaetze\/padel-muenchen\/\">Padel Tennis M\u00fcnchen<\/a><\/li>\n<li><a href=\"\/padel-plaetze\/padel-zuerich\/\">Padel Tennis Z\u00fcrich<\/a><\/li>\n<li><a href=\"\/padel-plaetze\/padel-nuernberg\/\">Padel Tennis N\u00fcrnberg<\/a><\/li>\n<li><a href=\"\/padel-plaetze\/padel-bodensee\/\">Padel Tennis Bodensee<\/a><\/li>\n<li><a href=\"\/padel-plaetze\/padel-baden-baden\/\">Padel Tennis Baden-Baden<\/a><\/li>\n<\/ul>\n<h3>Mehr Padel Pl\u00e4tze bauen!<\/h3>\n<p>Du baust gerade einen neuen Padel Court? Oder willst einen Padel Platz bauen? Wir kennen die <a href=\"\/padel-platzbauer\/\">Padelplatz Konstrukteure<\/a> und Ansprechpartner, die Dir bei der Planung und auch der Padelspieler Aktivierung weiterhelfen k\u00f6nnen.<\/p>\n<p>Ob Club, Verein oder kommerzieller Anbieter &#8211; wir helfen Dir gerne weiter!<\/p>\n<p>&nbsp;<\/p>\n<div class=\"frm_forms  with_frm_style frm_style_formidable-style\" id=\"frm_form_10_container\" data-token=\"c26eac5df5e8b88729453c1d87dbc011\">\n<form enctype=\"multipart\/form-data\" method=\"post\" class=\"frm-show-form  frm_js_validate  frm_ajax_submit  frm_pro_form \" id=\"form_mehrpadelpltzebauen\" data-token=\"c26eac5df5e8b88729453c1d87dbc011\">\n<div class=\"frm_form_fields \">\n<fieldset>\n<legend class=\"frm_screen_reader\">Mehr Padelpl\u00e4tze bauen<\/legend>\r\n<h3 class=\"frm_form_title\">Mehr Padelpl\u00e4tze bauen<\/h3>\r\n<div class=\"frm_fields_container\">\n<input type=\"hidden\" name=\"frm_action\" value=\"create\" \/>\n<input type=\"hidden\" name=\"form_id\" value=\"10\" \/>\n<input type=\"hidden\" name=\"frm_hide_fields_10\" id=\"frm_hide_fields_10\" value=\"\" \/>\n<input type=\"hidden\" name=\"form_key\" value=\"mehrpadelpltzebauen\" \/>\n<input type=\"hidden\" name=\"item_meta[0]\" value=\"\" \/>\n<input type=\"hidden\" id=\"frm_submit_entry_10\" name=\"frm_submit_entry_10\" value=\"f044e25107\" \/><input type=\"hidden\" name=\"_wp_http_referer\" value=\"\/nl\/wp-json\/wp\/v2\/pages\/18160\" \/><div id=\"frm_field_86_container\" class=\"frm_form_field form-field  frm_required_field frm_top_container\">\r\n    <label for=\"field_y1wbq\" id=\"field_y1wbq_label\" class=\"frm_primary_label\">Name\r\n        <span class=\"frm_required\" aria-hidden=\"true\">*<\/span>\r\n    <\/label>\r\n    <input  type=\"text\" id=\"field_y1wbq\" name=\"item_meta[86]\" value=\"\"  data-reqmsg=\"Name cannot be blank.\" aria-required=\"true\" data-invmsg=\"Text is invalid\" aria-invalid=\"false\"   \/>\r\n    \r\n    \r\n<\/div>\n<div id=\"frm_field_87_container\" class=\"frm_form_field form-field  frm_required_field frm_top_container frm6 frm_first\">\r\n    <label for=\"field_75sya\" id=\"field_75sya_label\" class=\"frm_primary_label\">Email\r\n        <span class=\"frm_required\" aria-hidden=\"true\">*<\/span>\r\n    <\/label>\r\n    <input type=\"email\" id=\"field_75sya\" name=\"item_meta[87]\" value=\"\"  data-reqmsg=\"Email cannot be blank.\" aria-required=\"true\" data-invmsg=\"Email is invalid\" aria-invalid=\"false\"  \/>\r\n    \r\n    \r\n<\/div>\n<div id=\"frm_field_88_container\" class=\"frm_form_field form-field  frm_required_field frm_top_container frm6\">\r\n    <label for=\"field_t9dst\" id=\"field_t9dst_label\" class=\"frm_primary_label\">Telefon\r\n        <span class=\"frm_required\" aria-hidden=\"true\">*<\/span>\r\n    <\/label>\r\n    <input type=\"tel\" id=\"field_t9dst\" name=\"item_meta[88]\" value=\"\"  data-reqmsg=\"Telefon cannot be blank.\" aria-required=\"true\" data-invmsg=\"Phone is invalid\" aria-invalid=\"false\" pattern=\"((\\+\\d{1,3}(-|.| )?\\(?\\d\\)?(-| |.)?\\d{1,5})|(\\(?\\d{2,6}\\)?))(-|.| )?(\\d{3,4})(-|.| )?(\\d{4})(( x| ext)\\d{1,5}){0,1}$\"   aria-describedby=\"frm_desc_field_t9dst\"\/>\r\n    <div class=\"frm_description\" id=\"frm_desc_field_t9dst\">Bitte mit Landesvorwahl<\/div>\r\n    \r\n<\/div>\n<div id=\"frm_field_89_container\" class=\"frm_form_field form-field  frm_required_field frm_top_container frm6 frm_first\">\r\n    <label for=\"field_jvt6u\" id=\"field_jvt6u_label\" class=\"frm_primary_label\">Stadt\r\n        <span class=\"frm_required\" aria-hidden=\"true\">*<\/span>\r\n    <\/label>\r\n    <input  type=\"text\" id=\"field_jvt6u\" name=\"item_meta[89]\" value=\"\"  data-reqmsg=\"Stadt cannot be blank.\" aria-required=\"true\" data-invmsg=\"Text is invalid\" aria-invalid=\"false\"   \/>\r\n    \r\n    \r\n<\/div>\n<div id=\"frm_field_165_container\" class=\"frm_form_field form-field  frm_required_field frm_top_container frm6\">\r\n    <label for=\"field_2tnrt\" id=\"field_2tnrt_label\" class=\"frm_primary_label\">Land\r\n        <span class=\"frm_required\" aria-hidden=\"true\">*<\/span>\r\n    <\/label>\r\n    <input  type=\"text\" id=\"field_2tnrt\" name=\"item_meta[165]\" value=\"\"  data-reqmsg=\"Land cannot be blank.\" aria-required=\"true\" data-invmsg=\"Text is invalid\" aria-invalid=\"false\"   \/>\r\n    \r\n    \r\n<\/div>\n<div id=\"frm_field_90_container\" class=\"frm_form_field form-field  frm_required_field frm_top_container frm12 frm_image_options frm_image_size_small \">\r\n    <div  id=\"field_glb0d_label\" class=\"frm_primary_label\">M\u00f6chtest Du Indoor oder Outdoor Pl\u00e4tze bauen?\r\n        <span class=\"frm_required\" aria-hidden=\"true\">*<\/span>\r\n    <\/div>\r\n    <div class=\"frm_opt_container\" aria-labelledby=\"field_glb0d_label\" role=\"group\">\t<div class=\"frm_checkbox  frm_image_option frm_image_small\" id=\"frm_checkbox_90-0\"><label for=\"field_glb0d-0\">\t<input type=\"checkbox\" name=\"item_meta[90][]\" id=\"field_glb0d-0\" value=\"Indoor Padel Courts\"\n\t data-reqmsg=\"M\u00f6chtest Du Indoor oder Outdoor Pl\u00e4tze bauen? cannot be blank.\" data-invmsg=\"M\u00f6chtest Du Indoor oder Outdoor Pl\u00e4tze bauen? is ongeldig\"    \t\/>\n\t <div class=\"frm_image_option_container frm_label_with_image\"><img decoding=\"async\" src=\"https:\/\/www.padel-test.de\/wp-content\/uploads\/2017\/11\/24ad0e7ae7-1.jpg\" alt=\"Indoor Padel Courts\" \/><span class=\"frm_text_label_for_image\"><span class=\"frm_text_label_for_image_inner\">Indoor Padel Courts<\/span><\/span><\/div><\/label>\t<\/div>\n\t<div class=\"frm_checkbox  frm_image_option frm_image_small\" id=\"frm_checkbox_90-1\"><label for=\"field_glb0d-1\">\t<input type=\"checkbox\" name=\"item_meta[90][]\" id=\"field_glb0d-1\" value=\"Outdoor Padel Courts\"\n\t data-reqmsg=\"M\u00f6chtest Du Indoor oder Outdoor Pl\u00e4tze bauen? cannot be blank.\" data-invmsg=\"M\u00f6chtest Du Indoor oder Outdoor Pl\u00e4tze bauen? is ongeldig\"    \t\/>\n\t <div class=\"frm_image_option_container frm_label_with_image\"><img decoding=\"async\" src=\"https:\/\/www.padel-test.de\/wp-content\/uploads\/2017\/11\/f40658be30.jpg\" alt=\"Outdoor Padel Courts\" \/><span class=\"frm_text_label_for_image\"><span class=\"frm_text_label_for_image_inner\">Outdoor Padel Courts<\/span><\/span><\/div><\/label>\t<\/div>\n<\/div>\r\n    \r\n    \r\n<\/div>\n<div id=\"frm_field_91_container\" class=\"frm_form_field form-field  frm_top_container frm6 frm_first vertical_radio\">\r\n    <div  id=\"field_lkgzb_label\" class=\"frm_primary_label\">Welche Arbeiten sollen vorgenommen werden?\r\n        <span class=\"frm_required\" aria-hidden=\"true\"><\/span>\r\n    <\/div>\r\n    <div class=\"frm_opt_container\" aria-labelledby=\"field_lkgzb_label\" role=\"group\">\t\t<div class=\"frm_checkbox\" id=\"frm_checkbox_91-0\">\t\t\t<label  for=\"field_lkgzb-0\">\n\t\t\t<input type=\"checkbox\" name=\"item_meta[91][]\" id=\"field_lkgzb-0\" value=\"Fundament legen\"  data-invmsg=\"Welche Arbeiten sollen vorgenommen werden? is ongeldig\"   \/> Fundament legen<\/label><\/div>\n\t\t<div class=\"frm_checkbox\" id=\"frm_checkbox_91-1\">\t\t\t<label  for=\"field_lkgzb-1\">\n\t\t\t<input type=\"checkbox\" name=\"item_meta[91][]\" id=\"field_lkgzb-1\" value=\"Courts bauen\"  data-invmsg=\"Welche Arbeiten sollen vorgenommen werden? is ongeldig\"   \/> Courts bauen<\/label><\/div>\n\t\t<div class=\"frm_checkbox\" id=\"frm_checkbox_91-2\">\t\t\t<label  for=\"field_lkgzb-2\">\n\t\t\t<input type=\"checkbox\" name=\"item_meta[91][]\" id=\"field_lkgzb-2\" value=\"Halle bauen\"  data-invmsg=\"Welche Arbeiten sollen vorgenommen werden? is ongeldig\"   \/> Halle bauen<\/label><\/div>\n<\/div>\r\n    \r\n    \r\n<\/div>\n<div id=\"frm_field_92_container\" class=\"frm_form_field form-field  frm_required_field frm_top_container frm6 vertical_radio\">\r\n    <div  id=\"field_3v6ix_label\" class=\"frm_primary_label\">Das Budget liegt bei circa ...\r\n        <span class=\"frm_required\" aria-hidden=\"true\">*<\/span>\r\n    <\/div>\r\n    <div class=\"frm_opt_container\" aria-labelledby=\"field_3v6ix_label\" role=\"radiogroup\" aria-required=\"true\">\t\t<div class=\"frm_radio\" id=\"frm_radio_92-0\">\t\t\t<label  for=\"field_3v6ix-0\">\n\t\t\t\t\t<input type=\"radio\" name=\"item_meta[92]\" id=\"field_3v6ix-0\" value=\"10.000 bis 20.000 Euro\"\n\t\t data-reqmsg=\"Das Budget liegt bei circa ... cannot be blank.\" data-invmsg=\"Das Budget liegt bei circa ... is ongeldig\"   \/> 10.000 bis 20.000 Euro<\/label><\/div>\n\t\t<div class=\"frm_radio\" id=\"frm_radio_92-1\">\t\t\t<label  for=\"field_3v6ix-1\">\n\t\t\t\t\t<input type=\"radio\" name=\"item_meta[92]\" id=\"field_3v6ix-1\" value=\"20.000 bis 50.000 Euro\"\n\t\t data-reqmsg=\"Das Budget liegt bei circa ... cannot be blank.\" data-invmsg=\"Das Budget liegt bei circa ... is ongeldig\"   \/> 20.000 bis 50.000 Euro<\/label><\/div>\n\t\t<div class=\"frm_radio\" id=\"frm_radio_92-2\">\t\t\t<label  for=\"field_3v6ix-2\">\n\t\t\t\t\t<input type=\"radio\" name=\"item_meta[92]\" id=\"field_3v6ix-2\" value=\"50.000 bis 100.000 Euro\"\n\t\t data-reqmsg=\"Das Budget liegt bei circa ... cannot be blank.\" data-invmsg=\"Das Budget liegt bei circa ... is ongeldig\"   \/> 50.000 bis 100.000 Euro<\/label><\/div>\n\t\t<div class=\"frm_radio\" id=\"frm_radio_92-3\">\t\t\t<label  for=\"field_3v6ix-3\">\n\t\t\t\t\t<input type=\"radio\" name=\"item_meta[92]\" id=\"field_3v6ix-3\" value=\"\u00fcber 100.000 Euro\"\n\t\t data-reqmsg=\"Das Budget liegt bei circa ... cannot be blank.\" data-invmsg=\"Das Budget liegt bei circa ... is ongeldig\"   \/> \u00fcber 100.000 Euro<\/label><\/div>\n<\/div>\r\n    \r\n    \r\n<\/div>\n<div id=\"frm_field_126_container\" class=\"frm_form_field form-field  frm_required_field frm_top_container\">\r\n    <label for=\"field_3ltwz\" id=\"field_3ltwz_label\" class=\"frm_primary_label\">Was ist Dir wichtiger: Qualit\u00e4t (links) oder Preis (rechts)?\r\n        <span class=\"frm_required\" aria-hidden=\"true\">*<\/span>\r\n    <\/label>\r\n    <div class=\"frm_range_container\"><input  data-frmval=\"50\" data-reqmsg=\"Was ist Dir wichtiger: Qualit\u00e4t (links) oder Preis (rechts)? cannot be blank.\" aria-required=\"true\" data-invmsg=\"Slider is invalid\" aria-invalid=\"false\"   aria-describedby=\"frm_desc_field_3ltwz\" min=\"0\" max=\"100\" step=\"10\" type=\"range\" id=\"field_3ltwz\" name=\"item_meta[126]\" value=\"50\" data-frmrange \/><div class=\"frm-text-center\"><span class=\"frm_range_value\">50<\/span><\/div><\/div>\r\n    <div class=\"frm_description\" id=\"frm_desc_field_3ltwz\">Info: Wert bei 0: Qualit\u00e4t ist besonders wichtig. Wert bei 100: Preis ist besonders wichtig. Oder irgendwo dazwischen gewichten \ud83d\ude42<\/div>\r\n    \r\n<\/div>\n<div id=\"frm_field_93_container\" class=\"frm_form_field form-field  frm_required_field frm_top_container\">\r\n    <label for=\"field_hxfla\" id=\"field_hxfla_label\" class=\"frm_primary_label\">Nachricht\r\n        <span class=\"frm_required\" aria-hidden=\"true\">*<\/span>\r\n    <\/label>\r\n    <textarea name=\"item_meta[93]\" id=\"field_hxfla\" rows=\"5\"  placeholder=\"Deine Nachricht\" data-reqmsg=\"Nachricht cannot be blank.\" aria-required=\"true\" data-invmsg=\"Nachricht is invalid\" aria-invalid=\"false\"  ><\/textarea>\r\n    \r\n    \r\n<\/div>\n<div id=\"frm_field_181_container\" class=\"frm_form_field form-field \">\n\t<div class=\"frm_submit\">\r\n\r\n<button class=\"frm_button_submit frm_final_submit\" type=\"submit\"   formnovalidate=\"formnovalidate\">Absenden<\/button>\r\n\r\n\r\n<\/div>\n<\/div>\n\t<input type=\"hidden\" name=\"item_key\" value=\"\" \/>\n\t\t\t<div id=\"frm_field_195_container\">\n\t\t\t<label for=\"field_hxrrl\" >\n\t\t\t\tIndien je een mens bent, laat dit veld leeg:.\t\t\t<\/label>\n\t\t\t<input  id=\"field_hxrrl\" type=\"text\" class=\"frm_form_field form-field frm_verify\" name=\"item_meta[195]\" value=\"\"  \/>\n\t\t<\/div>\n\t\t<input name=\"frm_state\" type=\"hidden\" value=\"8NPRy\/XLNNeJ0aR8qvf3H++JZWEODVoeJjah\/V2qsOMx3TYEwUTnO4aFPRPlzjvb\" \/><\/div>\n<\/fieldset>\n<\/div>\n\n<\/form>\n<\/div>\n\n","protected":false},"excerpt":{"rendered":"<p>Padelbanen: Er zijn nu meer dan 100 padelbanen in Duitsland en nog eens bijna 100 in Oostenrijk, Zwitserland en Zuid-Tirol. Padel Tennis wint dus langzaam aan momentum in het Duitstalige gebied. Op de kaart vind je alle huidige padel tennisbanen en alle geplande padel tennisbanen ...<\/p>","protected":false},"author":1,"featured_media":0,"parent":0,"menu_order":4,"comment_status":"closed","ping_status":"closed","template":"","meta":{"_acf_changed":false,"_sitemap_exclude":false,"_sitemap_priority":"","_sitemap_frequency":"","_analytify_skip_tracking":false,"footnotes":""},"class_list":["post-18160","page","type-page","status-publish","hentry"],"acf":[],"_links":{"self":[{"href":"https:\/\/www.padel-test.de\/nl\/wp-json\/wp\/v2\/pages\/18160","targetHints":{"allow":["GET"]}}],"collection":[{"href":"https:\/\/www.padel-test.de\/nl\/wp-json\/wp\/v2\/pages"}],"about":[{"href":"https:\/\/www.padel-test.de\/nl\/wp-json\/wp\/v2\/types\/page"}],"author":[{"embeddable":true,"href":"https:\/\/www.padel-test.de\/nl\/wp-json\/wp\/v2\/users\/1"}],"replies":[{"embeddable":true,"href":"https:\/\/www.padel-test.de\/nl\/wp-json\/wp\/v2\/comments?post=18160"}],"version-history":[{"count":0,"href":"https:\/\/www.padel-test.de\/nl\/wp-json\/wp\/v2\/pages\/18160\/revisions"}],"wp:attachment":[{"href":"https:\/\/www.padel-test.de\/nl\/wp-json\/wp\/v2\/media?parent=18160"}],"curies":[{"name":"wp","href":"https:\/\/api.w.org\/{rel}","templated":true}]}}