{"id":18196,"date":"2017-12-19T10:42:42","date_gmt":"2017-12-19T10:42:42","guid":{"rendered":"http:\/\/www.padel-test.de\/padel-plaetze\/padel-osnabrueck\/"},"modified":"2022-11-01T19:28:43","modified_gmt":"2022-11-01T19:28:43","slug":"padel-osnabrueck","status":"publish","type":"page","link":"https:\/\/www.padel-test.de\/nl\/paddlebanen\/padel-osnabrueck\/","title":{"rendered":"Padel Osnabr\u00fcck"},"content":{"rendered":"<p><strong>Padel spelen in Osnabr\u00fcck en omstreken<\/strong><\/p>\n<p>Rond Osnabr\u00fcck kan padel worden gespeeld in Espelkamp, Herzebrock-Clarholz en M\u00fcnster. Alle drie de padellocaties liggen op slechts ongeveer 30-50 minuten afstand van Osnabr\u00fcck en zijn dus snel met de auto te bereiken.<\/p>\n<p>Wie <a href=\"\/nl\/padel-tv-espelkamp\/\">Padel in Espelkamp<\/a> willen spelen, kunnen gebruik maken van een van de twee padelbanen buiten op het sportterrein van de tennisclub TV Espelkamp. De site is nu een regelmatige gastheer van nationale en lokale <a href=\"\/nl\/padel-toernooien-2\/\">Peddeltoernooien<\/a>.<\/p>\n<p>Handig, er is een toeschouwerstribune vlak naast het veld. Het is dus niet alleen leuk om padel te spelen, maar ook om naar de talrijke evenementen te kijken.<\/p>\n<p>Slechts 20 minuten met de auto van G\u00fctersloh staat de <a href=\"\/nl\/padel-point-center-herzebrock\/\">Padel Point Centrum Herzebrock<\/a>. Er is een buitenpadelbaan met kunstgras en schijnwerpers. De padelbaan wordt ge\u00ebxploiteerd door Tennis-Point GmbH.<\/p>\n<p>En in M\u00fcnster vindt u de <a href=\"\/nl\/padel-muenster\/\">Padelzaal M\u00fcnster<\/a>die, naast padel, ook voetbal en een grote gastronomie biedt!<\/p>\n<p><em>-&gt; Terug naar de <a href=\"\/nl\/paddlebanen\/\">Kaart van Duitse Padelbanen<\/a><\/em><\/p>\n\t<h3>Paddle Tennisbanen - Kaart<\/h3>\n\n<!-- iframe plugin v.6.0 wordpress.org\/plugins\/iframe\/ -->\n<iframe loading=\"lazy\" src=\"https:\/\/www.google.com\/maps\/d\/embed?mid=18OVW4FiG4noVz4vFAYmYzmjpOW8\" width=\"900\" 0=\"height=&quot;300&quot;&amp;gt;&amp;lt;\/iframe\" height=\"500\" scrolling=\"yes\" class=\"iframe-class\" frameborder=\"0\"><\/iframe>\n\n<h4>\n\t\tPadel Nieuws\n\t<\/h4>\n\t\t\t\t<a href=\"https:\/\/www.facebook.com\/sharer.php?u=https:\/\/www.padel-test.de\/?page_id=18196&#038;fl_builder&#038;title=Padel+Osnabr%C3%BCck\">\n\t\t\t\t\t\t\t\t\t\t\t\tDelen op Facebook\n\t\t\t\t\t\t\t\t\t<\/a>\n\t\t\t\t<a href=\"https:\/\/twitter.com\/intent\/tweet?url=https:\/\/www.padel-test.de\/?page_id=18196&#038;fl_builder&#038;text=Padel+Osnabr%C3%BCck\">\n\t\t\t\t\t\t\t\t\t\t\t\tDeel op Twitter\n\t\t\t\t\t\t\t\t\t<\/a>\n\t\t\t\t<a href=\"https:\/\/www.linkedin.com\/shareArticle?mini=true&#038;url=https:\/\/www.padel-test.de\/?page_id=18196&#038;fl_builder&#038;title=Padel+Osnabr%C3%BCck\">\n\t\t\t\t\t\t\t\t\t\t\t\tDelen op Linkedin\n\t\t\t\t\t\t\t\t\t<\/a>\n\t\t\t\t<a href=\"mailto:?body=https:\/\/www.padel-test.de\/?page_id=18196&#038;fl_builder\">\n\t\t\t\t\t\t\t\t\t\t\t\tDelen via e-mail\n\t\t\t\t\t\t\t\t\t<\/a>","protected":false},"excerpt":{"rendered":"<p>Padel spelen in Osnabr\u00fcck en omgeving Rondom Osnabr\u00fcck kan padel gespeeld worden in Espelkamp, Herzebrock-Clarholz en M\u00fcnster. Alle drie de padellocaties liggen op slechts 30-50 minuten afstand van Osnabr\u00fcck en zijn dus snel met de auto te bereiken. Wie in Espelkamp padel wil spelen, kan gebruik maken van een van de twee buitenbanen op het sportterrein van...<\/p>","protected":false},"author":1,"featured_media":16857,"parent":18160,"menu_order":16,"comment_status":"open","ping_status":"open","template":"","meta":{"_acf_changed":false,"_sitemap_exclude":false,"_sitemap_priority":"","_sitemap_frequency":"","_analytify_skip_tracking":false,"footnotes":""},"class_list":["post-18196","page","type-page","status-publish","has-post-thumbnail","hentry"],"acf":[],"_links":{"self":[{"href":"https:\/\/www.padel-test.de\/nl\/wp-json\/wp\/v2\/pages\/18196","targetHints":{"allow":["GET"]}}],"collection":[{"href":"https:\/\/www.padel-test.de\/nl\/wp-json\/wp\/v2\/pages"}],"about":[{"href":"https:\/\/www.padel-test.de\/nl\/wp-json\/wp\/v2\/types\/page"}],"author":[{"embeddable":true,"href":"https:\/\/www.padel-test.de\/nl\/wp-json\/wp\/v2\/users\/1"}],"replies":[{"embeddable":true,"href":"https:\/\/www.padel-test.de\/nl\/wp-json\/wp\/v2\/comments?post=18196"}],"version-history":[{"count":0,"href":"https:\/\/www.padel-test.de\/nl\/wp-json\/wp\/v2\/pages\/18196\/revisions"}],"up":[{"embeddable":true,"href":"https:\/\/www.padel-test.de\/nl\/wp-json\/wp\/v2\/pages\/18160"}],"wp:featuredmedia":[{"embeddable":true,"href":"https:\/\/www.padel-test.de\/nl\/wp-json\/wp\/v2\/media\/16857"}],"wp:attachment":[{"href":"https:\/\/www.padel-test.de\/nl\/wp-json\/wp\/v2\/media?parent=18196"}],"curies":[{"name":"wp","href":"https:\/\/api.w.org\/{rel}","templated":true}]}}