{"id":18199,"date":"2017-12-24T15:58:34","date_gmt":"2017-12-24T15:58:34","guid":{"rendered":"http:\/\/www.padel-test.de\/padel-plaetze\/padel-duesseldorf\/"},"modified":"2022-10-31T22:20:39","modified_gmt":"2022-10-31T22:20:39","slug":"padel-duesseldorf","status":"publish","type":"page","link":"https:\/\/www.padel-test.de\/nl\/paddlebanen\/padel-duesseldorf\/","title":{"rendered":"Padel D\u00fcsseldorf"},"content":{"rendered":"<p>D\u00fcsseldorf heeft nu ook padelbanen. Nadat de plaatselijke rivaal Keulen al enige tijd over 3 padelbanen beschikt, kan D\u00fcsseldorf eindelijk zijn achterstand inhalen.<\/p>\n<p>Want er is een nieuw padelproject ontstaan bij TG Nord Lohausen:<\/p>\n<p><a href=\"\/nl\/padel-duesseldorf-tg-nord\/\">Padel D\u00fcsseldorf TG Noord<\/a><\/p>\n<p>&nbsp;<\/p>\n<p>Het potentieel aan padelspelers is zeker aanwezig in de regio D\u00fcsseldorf en we hopen op meer padelbanen in D\u00fcsseldorf!<\/p>\n<p>Anders is de dichtstbijzijnde padelbaan de padelfaciliteit van de <a href=\"https:\/\/www.padel-test.de\/nl\/tvn-padel-essen\/\">TVN Padel Essen<\/a>. Als alternatief, padelbanen zoals <a href=\"https:\/\/www.padel-test.de\/nl\/padel-colonia\/\">Padel Colonia in Keulen<\/a>\u00a0op slechts 40 minuten met de auto van het centrum van D\u00fcsseldorf.<\/p>\n<p>In het algemeen zijn er veel <a href=\"\/nl\/paddlebanen\/padel-ruhrgebied\/\">Padelbanen in het Ruhrgebied<\/a>\u00a0- b.v. in Werne, Essen, Herne en binnenkort ook in Bochum.<\/p>\n<p><em>Op onze padelkaart kun je zien waar er al <a href=\"https:\/\/www.padel-test.de\/nl\/paddlebanen\/\">Padelbanen in Duitsland<\/a> geeft.<\/em><\/p>","protected":false},"excerpt":{"rendered":"<p>Auch in D\u00fcsseldorf stehen mittlerweile Padelpl\u00e4tze. Nachdem der Lokalrivale K\u00f6ln bereits seit einiger Zeit \u00fcber 3 Padeltennis Standorte verf\u00fcgt, kann D\u00fcsseldorf nun endlich aufschlie\u00dfen. Denn bei der TG Nord Lohausen ist ein neues Padelprojekt entstanden: Padel D\u00fcsseldorf TG Nord &nbsp; Das Potential an Padelspielern ist in der Region D\u00fcsseldorf auf jeden Fall gegeben und wir&hellip;<\/p>","protected":false},"author":1,"featured_media":0,"parent":18160,"menu_order":17,"comment_status":"closed","ping_status":"closed","template":"","meta":{"_acf_changed":false,"_sitemap_exclude":false,"_sitemap_priority":"","_sitemap_frequency":"","_analytify_skip_tracking":false,"footnotes":""},"class_list":["post-18199","page","type-page","status-publish","hentry"],"acf":[],"_links":{"self":[{"href":"https:\/\/www.padel-test.de\/nl\/wp-json\/wp\/v2\/pages\/18199","targetHints":{"allow":["GET"]}}],"collection":[{"href":"https:\/\/www.padel-test.de\/nl\/wp-json\/wp\/v2\/pages"}],"about":[{"href":"https:\/\/www.padel-test.de\/nl\/wp-json\/wp\/v2\/types\/page"}],"author":[{"embeddable":true,"href":"https:\/\/www.padel-test.de\/nl\/wp-json\/wp\/v2\/users\/1"}],"replies":[{"embeddable":true,"href":"https:\/\/www.padel-test.de\/nl\/wp-json\/wp\/v2\/comments?post=18199"}],"version-history":[{"count":0,"href":"https:\/\/www.padel-test.de\/nl\/wp-json\/wp\/v2\/pages\/18199\/revisions"}],"up":[{"embeddable":true,"href":"https:\/\/www.padel-test.de\/nl\/wp-json\/wp\/v2\/pages\/18160"}],"wp:attachment":[{"href":"https:\/\/www.padel-test.de\/nl\/wp-json\/wp\/v2\/media?parent=18199"}],"curies":[{"name":"wp","href":"https:\/\/api.w.org\/{rel}","templated":true}]}}