{"id":18243,"date":"2019-10-23T08:32:28","date_gmt":"2019-10-23T08:32:28","guid":{"rendered":"http:\/\/www.padel-test.de\/padel-wissen\/padelplatz-bauen\/"},"modified":"2022-10-31T23:01:03","modified_gmt":"2022-10-31T23:01:03","slug":"paddlebaan-bouwen","status":"publish","type":"page","link":"https:\/\/www.padel-test.de\/nl\/padel-kennis\/paddlebaan-bouwen\/","title":{"rendered":"Bouw padelbaan"},"content":{"rendered":"<p class=\"nav-seo-title\">Du oder Dein Verein m\u00f6chte einen Padelplatz oder sogar einen gr\u00f6\u00dfere, kommerzielle Padelanlage bauen?<\/p>\n<p>Dann bist Du hier genau richtig!<\/p>\n<p>Wir arbeiten mit den besten und professionellsten Padel Platzbauern zusammen und k\u00f6nnen Dich gerne mit diesen in Kontakt bringen.<\/p>\n<p>Da es sehr unterschiedliche Anforderungen beim Padel Platz Bau gibt (Baurecht, Hallenbau, Fundament, Aktivierung von Spielern, Platzpflege, gastronomisches Rahmenkonzept, Kosten etc.) haben wir hier einen <a href=\"\/padel-plaetze\/\">Vergleich der Padel Platzbauer<\/a> &#8211; da kannst Du dir schon mal einen guten \u00dcberblick verschaffen.<\/p>\n<p>&nbsp;<\/p>\n<p>Gerne leiten wir Deine Anfrage aber auch direkt an mehrere qualifizierte Platzbauer (mit denen wir uns viele Padel Standorte bereits gute Erfahrungen gemacht haben)\u00a0 weiter.<\/p>\n<p>Daf\u00fcr musst Du nur den nachfolgenden Fragebogen ausf\u00fcllen:<\/p>\n<div class=\"frm_forms  with_frm_style frm_style_formidable-style\" id=\"frm_form_10_container\" data-token=\"1832d864f98a6fcee0d16a87d1a589d6\">\n<form enctype=\"multipart\/form-data\" method=\"post\" class=\"frm-show-form  frm_js_validate  frm_ajax_submit  frm_pro_form \" id=\"form_mehrpadelpltzebauen\" data-token=\"1832d864f98a6fcee0d16a87d1a589d6\">\n<div class=\"frm_form_fields \">\n<fieldset>\n<legend class=\"frm_screen_reader\">Mehr Padelpl\u00e4tze bauen<\/legend>\r\n\r\n<div class=\"frm_fields_container\">\n<input type=\"hidden\" name=\"frm_action\" value=\"create\" \/>\n<input type=\"hidden\" name=\"form_id\" value=\"10\" \/>\n<input type=\"hidden\" name=\"frm_hide_fields_10\" id=\"frm_hide_fields_10\" value=\"\" \/>\n<input type=\"hidden\" name=\"form_key\" value=\"mehrpadelpltzebauen\" \/>\n<input type=\"hidden\" name=\"item_meta[0]\" value=\"\" \/>\n<input type=\"hidden\" id=\"frm_submit_entry_10\" name=\"frm_submit_entry_10\" value=\"9f6c7d7133\" \/><input type=\"hidden\" name=\"_wp_http_referer\" value=\"\/nl\/wp-json\/wp\/v2\/pages\/18243\" \/><div id=\"frm_field_86_container\" class=\"frm_form_field form-field  frm_required_field frm_top_container\">\r\n    <label for=\"field_y1wbq\" id=\"field_y1wbq_label\" class=\"frm_primary_label\">Name\r\n        <span class=\"frm_required\" aria-hidden=\"true\">*<\/span>\r\n    <\/label>\r\n    <input  type=\"text\" id=\"field_y1wbq\" name=\"item_meta[86]\" value=\"\"  data-reqmsg=\"Name cannot be blank.\" aria-required=\"true\" data-invmsg=\"Text is invalid\" aria-invalid=\"false\"   \/>\r\n    \r\n    \r\n<\/div>\n<div id=\"frm_field_87_container\" class=\"frm_form_field form-field  frm_required_field frm_top_container frm6 frm_first\">\r\n    <label for=\"field_75sya\" id=\"field_75sya_label\" class=\"frm_primary_label\">Email\r\n        <span class=\"frm_required\" aria-hidden=\"true\">*<\/span>\r\n    <\/label>\r\n    <input type=\"email\" id=\"field_75sya\" name=\"item_meta[87]\" value=\"\"  data-reqmsg=\"Email cannot be blank.\" aria-required=\"true\" data-invmsg=\"Email is invalid\" aria-invalid=\"false\"  \/>\r\n    \r\n    \r\n<\/div>\n<div id=\"frm_field_88_container\" class=\"frm_form_field form-field  frm_required_field frm_top_container frm6\">\r\n    <label for=\"field_t9dst\" id=\"field_t9dst_label\" class=\"frm_primary_label\">Telefon\r\n        <span class=\"frm_required\" aria-hidden=\"true\">*<\/span>\r\n    <\/label>\r\n    <input type=\"tel\" id=\"field_t9dst\" name=\"item_meta[88]\" value=\"\"  data-reqmsg=\"Telefon cannot be blank.\" aria-required=\"true\" data-invmsg=\"Phone is invalid\" aria-invalid=\"false\" pattern=\"((\\+\\d{1,3}(-|.| )?\\(?\\d\\)?(-| |.)?\\d{1,5})|(\\(?\\d{2,6}\\)?))(-|.| )?(\\d{3,4})(-|.| )?(\\d{4})(( x| ext)\\d{1,5}){0,1}$\"   aria-describedby=\"frm_desc_field_t9dst\"\/>\r\n    <div class=\"frm_description\" id=\"frm_desc_field_t9dst\">Bitte mit Landesvorwahl<\/div>\r\n    \r\n<\/div>\n<div id=\"frm_field_89_container\" class=\"frm_form_field form-field  frm_required_field frm_top_container frm6 frm_first\">\r\n    <label for=\"field_jvt6u\" id=\"field_jvt6u_label\" class=\"frm_primary_label\">Stadt\r\n        <span class=\"frm_required\" aria-hidden=\"true\">*<\/span>\r\n    <\/label>\r\n    <input  type=\"text\" id=\"field_jvt6u\" name=\"item_meta[89]\" value=\"\"  data-reqmsg=\"Stadt cannot be blank.\" aria-required=\"true\" data-invmsg=\"Text is invalid\" aria-invalid=\"false\"   \/>\r\n    \r\n    \r\n<\/div>\n<div id=\"frm_field_165_container\" class=\"frm_form_field form-field  frm_required_field frm_top_container frm6\">\r\n    <label for=\"field_2tnrt\" id=\"field_2tnrt_label\" class=\"frm_primary_label\">Land\r\n        <span class=\"frm_required\" aria-hidden=\"true\">*<\/span>\r\n    <\/label>\r\n    <input  type=\"text\" id=\"field_2tnrt\" name=\"item_meta[165]\" value=\"\"  data-reqmsg=\"Land cannot be blank.\" aria-required=\"true\" data-invmsg=\"Text is invalid\" aria-invalid=\"false\"   \/>\r\n    \r\n    \r\n<\/div>\n<div id=\"frm_field_90_container\" class=\"frm_form_field form-field  frm_required_field frm_top_container frm12 frm_image_options frm_image_size_small \">\r\n    <div  id=\"field_glb0d_label\" class=\"frm_primary_label\">M\u00f6chtest Du Indoor oder Outdoor Pl\u00e4tze bauen?\r\n        <span class=\"frm_required\" aria-hidden=\"true\">*<\/span>\r\n    <\/div>\r\n    <div class=\"frm_opt_container\" aria-labelledby=\"field_glb0d_label\" role=\"group\">\t<div class=\"frm_checkbox  frm_image_option frm_image_small\" id=\"frm_checkbox_90-0\"><label for=\"field_glb0d-0\">\t<input type=\"checkbox\" name=\"item_meta[90][]\" id=\"field_glb0d-0\" value=\"Indoor Padel Courts\"\n\t data-reqmsg=\"M\u00f6chtest Du Indoor oder Outdoor Pl\u00e4tze bauen? cannot be blank.\" data-invmsg=\"M\u00f6chtest Du Indoor oder Outdoor Pl\u00e4tze bauen? is ongeldig\"    \t\/>\n\t <div class=\"frm_image_option_container frm_label_with_image\"><img decoding=\"async\" src=\"https:\/\/www.padel-test.de\/wp-content\/uploads\/2017\/11\/24ad0e7ae7-1.jpg\" alt=\"Indoor Padel Courts\" \/><span class=\"frm_text_label_for_image\"><span class=\"frm_text_label_for_image_inner\">Indoor Padel Courts<\/span><\/span><\/div><\/label>\t<\/div>\n\t<div class=\"frm_checkbox  frm_image_option frm_image_small\" id=\"frm_checkbox_90-1\"><label for=\"field_glb0d-1\">\t<input type=\"checkbox\" name=\"item_meta[90][]\" id=\"field_glb0d-1\" value=\"Outdoor Padel Courts\"\n\t data-reqmsg=\"M\u00f6chtest Du Indoor oder Outdoor Pl\u00e4tze bauen? cannot be blank.\" data-invmsg=\"M\u00f6chtest Du Indoor oder Outdoor Pl\u00e4tze bauen? is ongeldig\"    \t\/>\n\t <div class=\"frm_image_option_container frm_label_with_image\"><img decoding=\"async\" src=\"https:\/\/www.padel-test.de\/wp-content\/uploads\/2017\/11\/f40658be30.jpg\" alt=\"Outdoor Padel Courts\" \/><span class=\"frm_text_label_for_image\"><span class=\"frm_text_label_for_image_inner\">Outdoor Padel Courts<\/span><\/span><\/div><\/label>\t<\/div>\n<\/div>\r\n    \r\n    \r\n<\/div>\n<div id=\"frm_field_91_container\" class=\"frm_form_field form-field  frm_top_container frm6 frm_first vertical_radio\">\r\n    <div  id=\"field_lkgzb_label\" class=\"frm_primary_label\">Welche Arbeiten sollen vorgenommen werden?\r\n        <span class=\"frm_required\" aria-hidden=\"true\"><\/span>\r\n    <\/div>\r\n    <div class=\"frm_opt_container\" aria-labelledby=\"field_lkgzb_label\" role=\"group\">\t\t<div class=\"frm_checkbox\" id=\"frm_checkbox_91-0\">\t\t\t<label  for=\"field_lkgzb-0\">\n\t\t\t<input type=\"checkbox\" name=\"item_meta[91][]\" id=\"field_lkgzb-0\" value=\"Fundament legen\"  data-invmsg=\"Welche Arbeiten sollen vorgenommen werden? is ongeldig\"   \/> Fundament legen<\/label><\/div>\n\t\t<div class=\"frm_checkbox\" id=\"frm_checkbox_91-1\">\t\t\t<label  for=\"field_lkgzb-1\">\n\t\t\t<input type=\"checkbox\" name=\"item_meta[91][]\" id=\"field_lkgzb-1\" value=\"Courts bauen\"  data-invmsg=\"Welche Arbeiten sollen vorgenommen werden? is ongeldig\"   \/> Courts bauen<\/label><\/div>\n\t\t<div class=\"frm_checkbox\" id=\"frm_checkbox_91-2\">\t\t\t<label  for=\"field_lkgzb-2\">\n\t\t\t<input type=\"checkbox\" name=\"item_meta[91][]\" id=\"field_lkgzb-2\" value=\"Halle bauen\"  data-invmsg=\"Welche Arbeiten sollen vorgenommen werden? is ongeldig\"   \/> Halle bauen<\/label><\/div>\n<\/div>\r\n    \r\n    \r\n<\/div>\n<div id=\"frm_field_92_container\" class=\"frm_form_field form-field  frm_required_field frm_top_container frm6 vertical_radio\">\r\n    <div  id=\"field_3v6ix_label\" class=\"frm_primary_label\">Das Budget liegt bei circa ...\r\n        <span class=\"frm_required\" aria-hidden=\"true\">*<\/span>\r\n    <\/div>\r\n    <div class=\"frm_opt_container\" aria-labelledby=\"field_3v6ix_label\" role=\"radiogroup\" aria-required=\"true\">\t\t<div class=\"frm_radio\" id=\"frm_radio_92-0\">\t\t\t<label  for=\"field_3v6ix-0\">\n\t\t\t\t\t<input type=\"radio\" name=\"item_meta[92]\" id=\"field_3v6ix-0\" value=\"10.000 bis 20.000 Euro\"\n\t\t data-reqmsg=\"Das Budget liegt bei circa ... cannot be blank.\" data-invmsg=\"Das Budget liegt bei circa ... is ongeldig\"   \/> 10.000 bis 20.000 Euro<\/label><\/div>\n\t\t<div class=\"frm_radio\" id=\"frm_radio_92-1\">\t\t\t<label  for=\"field_3v6ix-1\">\n\t\t\t\t\t<input type=\"radio\" name=\"item_meta[92]\" id=\"field_3v6ix-1\" value=\"20.000 bis 50.000 Euro\"\n\t\t data-reqmsg=\"Das Budget liegt bei circa ... cannot be blank.\" data-invmsg=\"Das Budget liegt bei circa ... is ongeldig\"   \/> 20.000 bis 50.000 Euro<\/label><\/div>\n\t\t<div class=\"frm_radio\" id=\"frm_radio_92-2\">\t\t\t<label  for=\"field_3v6ix-2\">\n\t\t\t\t\t<input type=\"radio\" name=\"item_meta[92]\" id=\"field_3v6ix-2\" value=\"50.000 bis 100.000 Euro\"\n\t\t data-reqmsg=\"Das Budget liegt bei circa ... cannot be blank.\" data-invmsg=\"Das Budget liegt bei circa ... is ongeldig\"   \/> 50.000 bis 100.000 Euro<\/label><\/div>\n\t\t<div class=\"frm_radio\" id=\"frm_radio_92-3\">\t\t\t<label  for=\"field_3v6ix-3\">\n\t\t\t\t\t<input type=\"radio\" name=\"item_meta[92]\" id=\"field_3v6ix-3\" value=\"\u00fcber 100.000 Euro\"\n\t\t data-reqmsg=\"Das Budget liegt bei circa ... cannot be blank.\" data-invmsg=\"Das Budget liegt bei circa ... is ongeldig\"   \/> \u00fcber 100.000 Euro<\/label><\/div>\n<\/div>\r\n    \r\n    \r\n<\/div>\n<div id=\"frm_field_126_container\" class=\"frm_form_field form-field  frm_required_field frm_top_container\">\r\n    <label for=\"field_3ltwz\" id=\"field_3ltwz_label\" class=\"frm_primary_label\">Was ist Dir wichtiger: Qualit\u00e4t (links) oder Preis (rechts)?\r\n        <span class=\"frm_required\" aria-hidden=\"true\">*<\/span>\r\n    <\/label>\r\n    <div class=\"frm_range_container\"><input  data-frmval=\"50\" data-reqmsg=\"Was ist Dir wichtiger: Qualit\u00e4t (links) oder Preis (rechts)? cannot be blank.\" aria-required=\"true\" data-invmsg=\"Slider is invalid\" aria-invalid=\"false\"   aria-describedby=\"frm_desc_field_3ltwz\" min=\"0\" max=\"100\" step=\"10\" type=\"range\" id=\"field_3ltwz\" name=\"item_meta[126]\" value=\"50\" data-frmrange \/><div class=\"frm-text-center\"><span class=\"frm_range_value\">50<\/span><\/div><\/div>\r\n    <div class=\"frm_description\" id=\"frm_desc_field_3ltwz\">Info: Wert bei 0: Qualit\u00e4t ist besonders wichtig. Wert bei 100: Preis ist besonders wichtig. Oder irgendwo dazwischen gewichten \ud83d\ude42<\/div>\r\n    \r\n<\/div>\n<div id=\"frm_field_93_container\" class=\"frm_form_field form-field  frm_required_field frm_top_container\">\r\n    <label for=\"field_hxfla\" id=\"field_hxfla_label\" class=\"frm_primary_label\">Nachricht\r\n        <span class=\"frm_required\" aria-hidden=\"true\">*<\/span>\r\n    <\/label>\r\n    <textarea name=\"item_meta[93]\" id=\"field_hxfla\" rows=\"5\"  placeholder=\"Deine Nachricht\" data-reqmsg=\"Nachricht cannot be blank.\" aria-required=\"true\" data-invmsg=\"Nachricht is invalid\" aria-invalid=\"false\"  ><\/textarea>\r\n    \r\n    \r\n<\/div>\n<div id=\"frm_field_181_container\" class=\"frm_form_field form-field \">\n\t<div class=\"frm_submit\">\r\n\r\n<button class=\"frm_button_submit frm_final_submit\" type=\"submit\"   formnovalidate=\"formnovalidate\">Absenden<\/button>\r\n\r\n\r\n<\/div>\n<\/div>\n\t<input type=\"hidden\" name=\"item_key\" value=\"\" \/>\n\t\t\t<div id=\"frm_field_195_container\">\n\t\t\t<label for=\"field_jblds\" >\n\t\t\t\tIndien je een mens bent, laat dit veld leeg:.\t\t\t<\/label>\n\t\t\t<input  id=\"field_jblds\" type=\"text\" class=\"frm_form_field form-field frm_verify\" name=\"item_meta[195]\" value=\"\"  \/>\n\t\t<\/div>\n\t\t<input name=\"frm_state\" type=\"hidden\" value=\"tLG1aBSsT2b4MXr6b7XhE8Be2V97HFSiggujYygsmTCAQbmX68+f4U1lnYXPkHLq\" \/><\/div>\n<\/fieldset>\n<\/div>\n\n<\/form>\n<\/div>\n\n","protected":false},"excerpt":{"rendered":"<p>Bouw een padelbaan: Wil je een padelbaan of een padelfaciliteit bouwen? Dan ben je hier aan het juiste adres! Wij werken met de beste padelbaan bouwers<\/p>","protected":false},"author":1,"featured_media":0,"parent":18170,"menu_order":7,"comment_status":"closed","ping_status":"closed","template":"","meta":{"_acf_changed":false,"_sitemap_exclude":false,"_sitemap_priority":"","_sitemap_frequency":"","_analytify_skip_tracking":false,"footnotes":""},"class_list":["post-18243","page","type-page","status-publish","hentry"],"acf":[],"_links":{"self":[{"href":"https:\/\/www.padel-test.de\/nl\/wp-json\/wp\/v2\/pages\/18243","targetHints":{"allow":["GET"]}}],"collection":[{"href":"https:\/\/www.padel-test.de\/nl\/wp-json\/wp\/v2\/pages"}],"about":[{"href":"https:\/\/www.padel-test.de\/nl\/wp-json\/wp\/v2\/types\/page"}],"author":[{"embeddable":true,"href":"https:\/\/www.padel-test.de\/nl\/wp-json\/wp\/v2\/users\/1"}],"replies":[{"embeddable":true,"href":"https:\/\/www.padel-test.de\/nl\/wp-json\/wp\/v2\/comments?post=18243"}],"version-history":[{"count":0,"href":"https:\/\/www.padel-test.de\/nl\/wp-json\/wp\/v2\/pages\/18243\/revisions"}],"up":[{"embeddable":true,"href":"https:\/\/www.padel-test.de\/nl\/wp-json\/wp\/v2\/pages\/18170"}],"wp:attachment":[{"href":"https:\/\/www.padel-test.de\/nl\/wp-json\/wp\/v2\/media?parent=18243"}],"curies":[{"name":"wp","href":"https:\/\/api.w.org\/{rel}","templated":true}]}}