{"id":17607,"date":"2022-10-31T22:59:02","date_gmt":"2022-10-31T22:59:02","guid":{"rendered":"http:\/\/www.padel-test.de\/padel-nachrichten\/padelplatz-kosten\/"},"modified":"2023-01-09T10:13:20","modified_gmt":"2023-01-09T10:13:20","slug":"despesas-judiciais-de-remo","status":"publish","type":"page","link":"https:\/\/www.padel-test.de\/pt\/conhecimentos-de-padel\/despesas-judiciais-de-remo\/","title":{"rendered":"Padel court custa - isto \u00e9 o qu\u00e3o caro\/chefe de padel court \u00e9!"},"content":{"rendered":"<h2 class=\"has-medium-font-size\">Quanto custa uma quadra de padel?<\/h2>\n<p>Ouvimos esta pergunta uma e outra vez - mas infelizmente ela n\u00e3o pode ser respondida de forma t\u00e3o simples.<\/p>\n<p>Para:<\/p>\n<ul>\n<li>Trata-se da constru\u00e7\u00e3o de um campo de padel ao ar livre?<\/li>\n<li>Ou a convers\u00e3o de um sal\u00e3o de t\u00eanis em um sal\u00e3o de padel?<\/li>\n<li>J\u00e1 existe uma funda\u00e7\u00e3o adequada?<\/li>\n<li>Quais s\u00e3o as diferen\u00e7as entre os fabricantes individuais dos tribunais de padel?<\/li>\n<li>&#8230;<\/li>\n<\/ul>\n<p>Mas \u00e9 claro que j\u00e1 podemos dar algumas respostas e um simples c\u00e1lculo aproximado!<\/p>\n<p>Uma coisa em avan\u00e7o:<br \/>\nCom a constru\u00e7\u00e3o de campos de padel, os clubes de t\u00e9nis podem n\u00e3o s\u00f3 manter os seus n\u00fameros de membros, mas tamb\u00e9m traz\u00ea-los de volta para cima.<\/p>\n<p>E, claro, o volume de neg\u00f3cios vai voltar a subir!<\/p>\n<p>&nbsp;<\/p>\n<h3>Porqu\u00ea? E qual \u00e9 o tamanho de uma quadra de padel?<\/h3>\n<p>Porque 2-3 campos de padel (cada 10x20m - \u00e9 o tamanho de um campo de padel sem zona de run-out) podem ser constru\u00eddos em um campo de t\u00e9nis ao ar livre.<\/p>\n<p>Portanto, h\u00e1 um uso muito melhor do espa\u00e7o.<\/p>\n<p>&nbsp;<\/p>\n<p>E enquanto em um campo de t\u00eanis geralmente s\u00f3 se jogam solteiros (ou seja, 2 jogadores), no padel h\u00e1 sempre apenas duplas; assim, h\u00e1 sempre 4 jogadores no campo de padel (veja tamb\u00e9m <a href=\"\/pt\/conhecimentos-de-padel\/regras-do-padel\/\">Regras Padel<\/a>).<\/p>\n<p>Assim, quando 2-3 campos de padel est\u00e3o totalmente ocupados, 8-12 jogadores de padel jogam na superf\u00edcie de um campo de t\u00e9nis ao mesmo tempo.<\/p>\n<p>Mesmo que as taxas para o padel sejam geralmente mais baixas do que para o t\u00eanis - com um uso t\u00e3o elevado do espa\u00e7o, voc\u00ea pode naturalmente gerar mais receitas por m2.<\/p>\n<p>&nbsp;<\/p>\n<p><strong>Mas h\u00e1 outro factor:<\/strong><\/p>\n<p>Mais jogadores = mais convivialidade.<\/p>\n<p>O Padel \u00e9 um desporto muito social. As pessoas gostam de se sentar juntas depois do jogo e tomar uma ou duas cervejas. Ent\u00e3o a gastronomia tamb\u00e9m recebe o seu dinheiro.<\/p>\n<p>Neste contexto, ou seja, o aumento da renda, os investimentos na constru\u00e7\u00e3o de quadras de padel tamb\u00e9m podem ser melhor classificados.<\/p>\n<p>&nbsp;<\/p>\n<h3 class=\"has-medium-font-size\">Quanto custa um padel court?<\/h3>\n<p>Uma quadra coberta de padel sem trabalho de funda\u00e7\u00e3o custa cerca de 15.000 a 25.000 euros, dependendo do construtor da quadra de padel. Os tribunais panorama podem ser um pouco mais caros, mas s\u00e3o mais algo para os olhos e n\u00e3o s\u00e3o absolutamente necess\u00e1rios.<\/p>\n<p>O trabalho de funda\u00e7\u00e3o pode variar muito, dependendo da natureza do solo ou do uso anterior. Voc\u00ea deve calcular entre 10.000 e 20.000 euros. H\u00e1 tamb\u00e9m a op\u00e7\u00e3o de comprar um campo de padel usado - mas voc\u00ea deve definitivamente verificar o campo de padel com anteced\u00eancia e regular contratualmente o transporte e a constru\u00e7\u00e3o em detalhes.<\/p>\n<p>&nbsp;<\/p>\n<h3>C\u00e1lculo para a constru\u00e7\u00e3o de uma quadra de padel<\/h3>\n<table style=\"height: 111px;\" width=\"619\">\n<thead>\n<tr class=\"ui-sortable\">\n<th class=\"wps-sort-row ui-sortable-handle\"><\/th>\n<th class=\"wps-sort-row ui-sortable-handle\">Custos<\/th>\n<\/tr>\n<\/thead>\n<tbody>\n<tr>\n<td>Padel court incl. montagem, est\u00e1tica e testes<\/td>\n<td>21.500,- Euro<\/td>\n<\/tr>\n<tr>\n<td>Trabalho de funda\u00e7\u00e3o<\/td>\n<td>13.500 euros<\/td>\n<\/tr>\n<tr>\n<td><strong>Custos totais<\/strong><\/td>\n<td><strong>35.000 euros<\/strong><\/td>\n<\/tr>\n<\/tbody>\n<\/table>\n<p>&nbsp;<\/p>\n<p>&nbsp;<\/p>\n<p>\u00c9 claro que nem todas as perguntas foram ainda respondidas.<\/p>\n<p>Mas aqui pode ver o indiv\u00edduo <a href=\"\/pt\/construtor-de-cursos-de-padel-2\/\">Comparar Padel Court Fabricante<\/a> e <a href=\"\/pt\/conhecimentos-de-padel\/construir-um-campo-de-padel\/\">contato<\/a>.<\/p>\n<p>E depois, esperemos que obtenha uma resposta a todas as suas perguntas \ud83d\ude42<\/p>","protected":false},"excerpt":{"rendered":"<p>Quanto custa um padel court? Ouvimos esta pergunta uma e outra vez - mas infelizmente n\u00e3o \u00e9 assim t\u00e3o f\u00e1cil de responder. No entanto, voc\u00ea pode obter um primeiro c\u00e1lculo aproximado aqui ...<\/p>","protected":false},"author":1,"featured_media":14384,"parent":18170,"menu_order":0,"comment_status":"closed","ping_status":"closed","template":"","meta":{"_acf_changed":false,"_sitemap_exclude":false,"_sitemap_priority":"","_sitemap_frequency":"","_analytify_skip_tracking":false,"footnotes":""},"class_list":["post-17607","page","type-page","status-publish","has-post-thumbnail","hentry"],"acf":[],"_links":{"self":[{"href":"https:\/\/www.padel-test.de\/pt\/wp-json\/wp\/v2\/pages\/17607","targetHints":{"allow":["GET"]}}],"collection":[{"href":"https:\/\/www.padel-test.de\/pt\/wp-json\/wp\/v2\/pages"}],"about":[{"href":"https:\/\/www.padel-test.de\/pt\/wp-json\/wp\/v2\/types\/page"}],"author":[{"embeddable":true,"href":"https:\/\/www.padel-test.de\/pt\/wp-json\/wp\/v2\/users\/1"}],"replies":[{"embeddable":true,"href":"https:\/\/www.padel-test.de\/pt\/wp-json\/wp\/v2\/comments?post=17607"}],"version-history":[{"count":0,"href":"https:\/\/www.padel-test.de\/pt\/wp-json\/wp\/v2\/pages\/17607\/revisions"}],"up":[{"embeddable":true,"href":"https:\/\/www.padel-test.de\/pt\/wp-json\/wp\/v2\/pages\/18170"}],"wp:featuredmedia":[{"embeddable":true,"href":"https:\/\/www.padel-test.de\/pt\/wp-json\/wp\/v2\/media\/14384"}],"wp:attachment":[{"href":"https:\/\/www.padel-test.de\/pt\/wp-json\/wp\/v2\/media?parent=17607"}],"curies":[{"name":"wp","href":"https:\/\/api.w.org\/{rel}","templated":true}]}}