{"id":18154,"date":"2017-10-25T15:34:31","date_gmt":"2017-10-25T15:34:31","guid":{"rendered":"http:\/\/www.padel-test.de\/media\/"},"modified":"2025-08-05T21:02:31","modified_gmt":"2025-08-05T21:02:31","slug":"meios-de-comunicacao","status":"publish","type":"page","link":"https:\/\/www.padel-test.de\/pt\/meios-de-comunicacao\/","title":{"rendered":"M\u00eddia"},"content":{"rendered":"<h1>M\u00eddia<\/h1>\n<p>Padel-Test.de \u00e9 o mais antigo portal desportivo de l\u00edngua alem\u00e3 sobre o desporto de crescimento mais r\u00e1pido do mundo: Padel!<\/p>\n<p>E o Padel-Test est\u00e1 tamb\u00e9m a crescer rapidamente de ano para ano e \u00e9 agora publicado em 8 l\u00ednguas em todo o mundo.<\/p>\n<p>Alto alcance e ainda muito espec\u00edfico do grupo-alvo!<\/p>\n<p>Teremos tamb\u00e9m todo o prazer em fornecer-lhe os nossos dados medi\u00e1ticos:<\/p>\n<p><a href=\"https:\/\/www.ernsting.com\/kontakt\/media\/\" target=\"_blank\" rel=\"noopener noreferrer nofollow\">https:\/\/www.ernsting.com\/kontakt\/media\/<\/a><\/p>\n<p>&nbsp;<\/p>\n<p>Se estiver interessado em campanhas de imagem ou de resposta no Padel-Test.de, por favor n\u00e3o hesite em contactar-nos.<\/p>\n<p>&nbsp;<\/p>\n\t\t\t\t\t\t\t\t<a href=\"https:\/\/www.facebook.com\/sharer.php?u=https:\/\/www.padel-test.de\/?page_id=18154&#038;fl_builder&#038;title=Media\">\n\t\t\t\t\t\t\t\t\t\t\t\tPartilhar no Facebook\n\t\t\t\t\t\t\t\t\t<\/a>\n\t\t\t\t\t\t\t\t<a href=\"https:\/\/twitter.com\/intent\/tweet?url=https:\/\/www.padel-test.de\/?page_id=18154&#038;fl_builder&#038;text=Media\">\n\t\t\t\t\t\t\t\t\t\t\t\t\t<i>\ud835\udd4f<\/i>\n\t\t\t\t\t\t\t\t\t\t\t\tShare on X\n\t\t\t\t\t\t\t\t\t<\/a>\n\t\t\t\t\t\t\t\t<a href=\"https:\/\/www.linkedin.com\/shareArticle?mini=true&#038;url=https:\/\/www.padel-test.de\/?page_id=18154&#038;fl_builder&#038;title=Media\">\n\t\t\t\t\t\t\t\t\t\t\t\tPartilhar no Linkedin\n\t\t\t\t\t\t\t\t\t<\/a>\n\t\t\t\t\t\t\t\t<a href=\"mailto:?body=https:\/\/www.padel-test.de\/?page_id=18154&#038;fl_builder\">\n\t\t\t\t\t\t\t\t\t\t\t\tPartilhar em e-mail\n\t\t\t\t\t\t\t\t\t<\/a>","protected":false},"excerpt":{"rendered":"<p>Media Padel-Test.de \u00e9 o mais antigo portal desportivo de l\u00edngua alem\u00e3 sobre o desporto de crescimento mais r\u00e1pido do mundo: Padel! E o Padel-Test est\u00e1 tamb\u00e9m a crescer rapidamente de ano para ano e \u00e9 agora publicado em 8 l\u00ednguas em todo o mundo. Elevada cobertura e ainda muito espec\u00edfica do grupo-alvo! Temos tamb\u00e9m o prazer de lhe fornecer os nossos dados medi\u00e1ticos: https:\/\/www.ernsting.com\/kontakt\/media\/ Se estiver interessado em imagem ou...<\/p>","protected":false},"author":1,"featured_media":0,"parent":0,"menu_order":7,"comment_status":"closed","ping_status":"closed","template":"","meta":{"_acf_changed":false,"_sitemap_exclude":false,"_sitemap_priority":"","_sitemap_frequency":"","_analytify_skip_tracking":false,"footnotes":""},"class_list":["post-18154","page","type-page","status-publish","hentry"],"acf":[],"_links":{"self":[{"href":"https:\/\/www.padel-test.de\/pt\/wp-json\/wp\/v2\/pages\/18154","targetHints":{"allow":["GET"]}}],"collection":[{"href":"https:\/\/www.padel-test.de\/pt\/wp-json\/wp\/v2\/pages"}],"about":[{"href":"https:\/\/www.padel-test.de\/pt\/wp-json\/wp\/v2\/types\/page"}],"author":[{"embeddable":true,"href":"https:\/\/www.padel-test.de\/pt\/wp-json\/wp\/v2\/users\/1"}],"replies":[{"embeddable":true,"href":"https:\/\/www.padel-test.de\/pt\/wp-json\/wp\/v2\/comments?post=18154"}],"version-history":[{"count":2,"href":"https:\/\/www.padel-test.de\/pt\/wp-json\/wp\/v2\/pages\/18154\/revisions"}],"predecessor-version":[{"id":24157,"href":"https:\/\/www.padel-test.de\/pt\/wp-json\/wp\/v2\/pages\/18154\/revisions\/24157"}],"wp:attachment":[{"href":"https:\/\/www.padel-test.de\/pt\/wp-json\/wp\/v2\/media?parent=18154"}],"curies":[{"name":"wp","href":"https:\/\/api.w.org\/{rel}","templated":true}]}}