{"id":18159,"date":"2017-10-26T09:39:36","date_gmt":"2017-10-26T09:39:36","guid":{"rendered":"http:\/\/www.padel-test.de\/padel-tennis\/"},"modified":"2022-11-28T21:31:13","modified_gmt":"2022-11-28T21:31:13","slug":"tenis-de-padel","status":"publish","type":"page","link":"https:\/\/www.padel-test.de\/pt\/conhecimentos-de-padel\/tenis-de-padel\/","title":{"rendered":"t\u00eanis Padel"},"content":{"rendered":"<p><strong>Padel T\u00e9nis<\/strong> \u00e9 uma mistura de t\u00eanis e squash e tem a enorme vantagem de que voc\u00ea pode realmente come\u00e7ar ap\u00f3s a primeira sess\u00e3o de treinamento. O t\u00eanis Padel \u00e9 sempre jogado em quatro, ou seja, duas duplas jogam uma contra a outra. S\u00e3o utilizadas bolas que s\u00e3o t\u00e3o parecidas com bolas de t\u00e9nis que dificilmente se nota a diferen\u00e7a.<\/p>\r\n<p>Basicamente, o padel e as bolas de t\u00eanis tamb\u00e9m s\u00e3o os mesmos - mas t\u00eam quantidades diferentes de press\u00e3o de ar. <a href=\"https:\/\/www.padel-test.de\/pt\/conhecimentos-de-padel\/bolas-de-pas\/\">Bolas de Padel<\/a> s\u00e3o um pouco mais suaves e n\u00e3o saltam t\u00e3o alto.<\/p>\r\n<p>Aqui voc\u00ea encontrar\u00e1 uma explica\u00e7\u00e3o do que exatamente o <a href=\"\/pt\/conhecimentos-de-padel\/bolas-de-pas\/\">Diferen\u00e7a entre bolas de t\u00e9nis e bolas de padel<\/a> \u00e9.<\/p>\r\n<p>No padel t\u00eanis, voc\u00ea joga com raquetes de padel. S\u00e3o do tamanho de raquetes de toucinho, pesam de 350 a 400 gramas e s\u00e3o normalmente feitas de carbono e\/ou alum\u00ednio.<\/p>\r\n<p>Aqui voc\u00ea encontrar\u00e1 uma descri\u00e7\u00e3o precisa do que h\u00e1 de especial nas raquetes de padel e quais <a href=\"\/pt\/conhecimentos-de-padel\/batedor-de-pa\/\">Raquete de Padel<\/a> encaixa melhor em que tipo de jogador.<\/p>\r\n<p>Claro que h\u00e1 outras semelhan\u00e7as entre o padel e o t\u00e9nis. Por exemplo, o sistema de contagem (0, 15, 30 e 40) ou os sets, que s\u00e3o jogados a 6 e decididos em um empate \u00e0s 6:6.<\/p>\r\n<p>&nbsp;<\/p>\r\n<p style=\"text-align: center;\"><strong>V\u00eddeo Padel T\u00e9nis<\/strong><\/p>\r\n<p><iframe loading=\"lazy\" title=\"reprodutor de v\u00eddeo do YouTube\" src=\"https:\/\/www.youtube.com\/embed\/P6yfa7rfc6o\" width=\"840\" height=\"473\" frameborder=\"0\" allowfullscreen=\"allowfullscreen\"><\/iframe><\/p>\r\n<h2>Padel T\u00e9nis<\/h2>\r\n<p>Embora existam muitas semelhan\u00e7as entre o t\u00e9nis e o padel, as diferen\u00e7as superam-nas. O mais tardar, quando estiver pela primeira vez numa quadra de padel, voc\u00ea notar\u00e1 a <a href=\"\/pt\/conhecimentos-de-padel\/diferencas-tenis-padel\/\">Diferen\u00e7as entre o t\u00eanis e o padel<\/a> aviso. Felizmente, novos locais de padel s\u00e3o adicionados todos os meses, para que voc\u00ea possa jogar t\u00eanis de padel perto de voc\u00ea.<\/p>\r\n<p>&nbsp;<\/p>\r\n<h3>T\u00e9nis de Remo<\/h3>\r\n<p>Alguns ainda se referem a ele como paddle ou paddle tennis. Nos pa\u00edses de l\u00edngua alem\u00e3, no entanto, o t\u00eanis de padel ou simplesmente o paddle tornou-se popular. <strong>Padel<\/strong> estabelecido.<\/p>\r\n<p>Abaixo est\u00e1 uma vis\u00e3o geral dos locais mais importantes do t\u00e9nis de padel:<\/p>\r\n<ul>\r\n<li><a href=\"\/pt\/campos-de-paddle\/padel-tennis-berlin\/\">Padel Berlim<\/a><\/li>\r\n<li><a href=\"\/pt\/campos-de-paddle\/padel-bremen\/\">Padel Bremen<\/a><\/li>\r\n<li><a href=\"\/pt\/campos-de-paddle\/padel-cuxhaven\/\">Padel Cuxhaven<\/a><\/li>\r\n<li><a href=\"\/pt\/campos-de-paddle\/padel-frankfurt\/\">Padel Frankfurt<\/a><\/li>\r\n<li><a href=\"\/pt\/campos-de-paddle\/padel-hamburg\/\">Padel Hamburgo<\/a><\/li>\r\n<li><a href=\"\/pt\/campos-de-paddle\/padel-karlsruhe\/\">Padel Karlsruhe<\/a><\/li>\r\n<li><a href=\"\/pt\/campos-de-paddle\/padel-koeln\/\">Padel Col\u00f4nia<\/a><\/li>\r\n<li><a href=\"\/pt\/campos-de-paddle\/padel-muenchen\/\">Padel Munique<\/a><\/li>\r\n<li><a href=\"\/pt\/campos-de-paddle\/padel-zona-do-ruhr\/\">\u00c1rea de Padel Ruhr<\/a><\/li>\r\n<li><a href=\"\/pt\/campos-de-paddle\/\">Mapa dos tribunais de Padel na Alemanha, \u00c1ustria e Su\u00ed\u00e7a<\/a><\/li>\r\n<li><a href=\"\/pt\/locais-de-padel-na-alemanha\/\">Padel Alemanha<\/a><\/li>\r\n<li><a href=\"\/pt\/campos-de-paddle-na-austria\/\">Padel \u00c1ustria<\/a><\/li>\r\n<li><a href=\"\/pt\/campos-de-padel-na-suica\/\">Padel Su\u00ed\u00e7a<\/a><\/li>\r\n<li><a href=\"\/pt\/federacao-alema-de-padel\/\">Associa\u00e7\u00e3o Padel<\/a><\/li>\r\n<\/ul>\r\n<p>&nbsp;<\/p>\r\n<h3>Campos de T\u00e9nis Padel Alemanha<\/h3>\r\n<ul id=\"menu-padel-standorte-deutschland\">\r\n<li id=\"menu-item-2903\"><a href=\"https:\/\/www.padel-test.de\/pt\/locais-de-padel-na-alemanha\/\">Padel localiza\u00e7\u00f5es Alemanha<\/a><\/li>\r\n<li id=\"menu-item-3022\"><a href=\"https:\/\/www.padel-test.de\/pt\/padel-court4-baden-baden\/\">Padel Baden-Baden - Court4<\/a><\/li>\r\n<li><a href=\"\/pt\/localizacoes-do-padel-2\/padel-world-bochum\/\">Padel Bochum<\/a><\/li>\r\n<li id=\"menu-item-2906\"><a href=\"https:\/\/www.padel-test.de\/pt\/padel-berlin-friedrichshain\/\">Padel Berlin - Friedrichshain<\/a><\/li>\r\n<li id=\"menu-item-2904\"><a href=\"https:\/\/www.padel-test.de\/pt\/padel-club-berlin-internacional\/\">Padel Berlin - Club International<\/a><\/li>\r\n<li id=\"menu-item-2905\"><a href=\"https:\/\/www.padel-test.de\/pt\/padel-berlin-reinickendorf\/\">Padel Berlin Reinickendorf<\/a><\/li>\r\n<li id=\"menu-item-3023\"><a href=\"https:\/\/www.padel-test.de\/pt\/padel-bremen-weyhe\/\">Padel Bremen - Weyhe<\/a><\/li>\r\n<li id=\"menu-item-3025\"><a href=\"https:\/\/www.padel-test.de\/pt\/padel-sc-cuxhaven\/\">Padel SC Cuxhaven<\/a><\/li>\r\n<li><a href=\"\/pt\/localizacoes-do-padel-2\/padel-dortmund\/\">Padel Dortmund<\/a><\/li>\r\n<li id=\"menu-item-3027\"><a href=\"https:\/\/www.padel-test.de\/pt\/padel-tv-espelkamp\/\">Espelkamp Padel<\/a><\/li>\r\n<li id=\"menu-item-3028\"><a href=\"https:\/\/www.padel-test.de\/pt\/tvn-padel-essen\/\">Padel TVN Essen<\/a><\/li>\r\n<li id=\"menu-item-3029\"><a href=\"https:\/\/www.padel-test.de\/pt\/padel-frankfurt-niddapark\/\">Padel Frankfurt Niddapark<\/a><\/li>\r\n<li id=\"menu-item-3030\"><a href=\"https:\/\/www.padel-test.de\/pt\/padel-hamburg-sc-condor\/\">Padel Hamburgo - Condor<\/a><\/li>\r\n<li id=\"menu-item-3031\"><a href=\"https:\/\/www.padel-test.de\/pt\/padel-hamburg-hsv\/\">Padel Hamburgo HSV<\/a><\/li>\r\n<li id=\"menu-item-3032\"><a href=\"https:\/\/www.padel-test.de\/pt\/padel-heilbronn-schwaigern\/\">Padel Heilbronn-Schwaigern<\/a><\/li>\r\n<li id=\"menu-item-3033\"><a href=\"https:\/\/www.padel-test.de\/pt\/padel-point-center-herzebrock\/\">Padel Point Herzebrock<\/a><\/li>\r\n<li id=\"menu-item-3034\"><a href=\"https:\/\/www.padel-test.de\/pt\/padel-durlach-aue\/\">Padel Karlsruhe Durlach-Aue<\/a><\/li>\r\n<li id=\"menu-item-4097\"><a href=\"https:\/\/www.padel-test.de\/pt\/padel-tennis-ettlingen\/\">Padel Karlsruhe Ettlingen<\/a><\/li>\r\n<li id=\"menu-item-3035\"><a href=\"https:\/\/www.padel-test.de\/pt\/padel-karlsruhe-ketv\/\">Padel Karlsruhe KETV<\/a><\/li>\r\n<li id=\"menu-item-3036\"><a href=\"https:\/\/www.padel-test.de\/pt\/padel-karlsruhe-tc-groetzingen\/\">Padel Karlsruhe TC Gr\u00f6tzingen<\/a><\/li>\r\n<li id=\"menu-item-3037\"><a href=\"https:\/\/www.padel-test.de\/pt\/padel-colonia\/\">Padel Cologne - Col\u00f4nia<\/a><\/li>\r\n<li id=\"menu-item-3038\"><a href=\"https:\/\/www.padel-test.de\/pt\/padel-koeln-walls\/\">Padel Cologne - Paredes<\/a><\/li>\r\n<li id=\"menu-item-3039\"><a href=\"https:\/\/www.padel-test.de\/pt\/padel-club-muenchen\/\">Padel Munique - Clube<\/a><\/li>\r\n<li id=\"menu-item-4287\"><a href=\"https:\/\/www.padel-test.de\/pt\/padel-muenchen-geretsried\/\">Padel Munique Geretsried<\/a><\/li>\r\n<li id=\"menu-item-3040\"><a href=\"https:\/\/www.padel-test.de\/pt\/padelwelt-muenchen\/\">Padel Munique - SportScheck<\/a><\/li>\r\n<li id=\"menu-item-3041\"><a href=\"https:\/\/www.padel-test.de\/pt\/padel-muenster\/\">Padel Club M\u00fcnster<\/a><\/li>\r\n<li id=\"menu-item-3042\"><a href=\"https:\/\/www.padel-test.de\/pt\/padel-nuernernberg-marienberg\/\">Padel Nuremberga - CAM<\/a><\/li>\r\n<li><a href=\"\/pt\/localizacoes-do-padel-2\/padel-osnabrueck-racket-sport-park\/\">Padel Osnabr\u00fcck<\/a><\/li>\r\n<li id=\"menu-item-3044\"><a href=\"https:\/\/www.padel-test.de\/pt\/padel-trier\/\">Padel Trier<\/a><\/li>\r\n<li id=\"menu-item-3045\"><a href=\"https:\/\/www.padel-test.de\/pt\/padel-wiesbaden-wallau\/\">Padel RheinMain<\/a><\/li>\r\n<li id=\"menu-item-4279\"><a href=\"https:\/\/www.padel-test.de\/pt\/padel-tennis-werne\/\">Padel Base Werne<\/a><\/li>\r\n<li id=\"menu-item-3046\"><a href=\"https:\/\/www.padel-test.de\/pt\/padel-worms\/\">Padel Worms<\/a><\/li>\r\n<\/ul>\r\n<p>&nbsp;<\/p>\r\n<p>&nbsp;<\/p>","protected":false},"excerpt":{"rendered":"<p>Padel tennis: o t\u00e9nis Padel \u00e9 uma mistura de t\u00e9nis e squash e tem a enorme vantagem de poder realmente come\u00e7ar ap\u00f3s a primeira sess\u00e3o de treino. O t\u00e9nis Padel \u00e9 sempre jogado em quatro, ou seja, duas duplas jogam uma contra a outra. S\u00e3o utilizadas bolas que s\u00e3o t\u00e3o semelhantes \u00e0s bolas de t\u00e9nis que ...<\/p>","protected":false},"author":1,"featured_media":0,"parent":18170,"menu_order":8,"comment_status":"closed","ping_status":"closed","template":"","meta":{"_acf_changed":false,"_sitemap_exclude":false,"_sitemap_priority":"","_sitemap_frequency":"","_analytify_skip_tracking":false,"footnotes":""},"class_list":["post-18159","page","type-page","status-publish","hentry"],"acf":[],"_links":{"self":[{"href":"https:\/\/www.padel-test.de\/pt\/wp-json\/wp\/v2\/pages\/18159","targetHints":{"allow":["GET"]}}],"collection":[{"href":"https:\/\/www.padel-test.de\/pt\/wp-json\/wp\/v2\/pages"}],"about":[{"href":"https:\/\/www.padel-test.de\/pt\/wp-json\/wp\/v2\/types\/page"}],"author":[{"embeddable":true,"href":"https:\/\/www.padel-test.de\/pt\/wp-json\/wp\/v2\/users\/1"}],"replies":[{"embeddable":true,"href":"https:\/\/www.padel-test.de\/pt\/wp-json\/wp\/v2\/comments?post=18159"}],"version-history":[{"count":0,"href":"https:\/\/www.padel-test.de\/pt\/wp-json\/wp\/v2\/pages\/18159\/revisions"}],"up":[{"embeddable":true,"href":"https:\/\/www.padel-test.de\/pt\/wp-json\/wp\/v2\/pages\/18170"}],"wp:attachment":[{"href":"https:\/\/www.padel-test.de\/pt\/wp-json\/wp\/v2\/media?parent=18159"}],"curies":[{"name":"wp","href":"https:\/\/api.w.org\/{rel}","templated":true}]}}