{"id":18161,"date":"2017-12-23T20:05:11","date_gmt":"2017-12-23T20:05:11","guid":{"rendered":"http:\/\/www.padel-test.de\/padel-bundesliga\/"},"modified":"2022-11-01T19:55:41","modified_gmt":"2022-11-01T19:55:41","slug":"fardos-de-padel","status":"publish","type":"page","link":"https:\/\/www.padel-test.de\/pt\/fardos-de-padel\/","title":{"rendered":"Padel Bundesliga"},"content":{"rendered":"<p>Em breve haver\u00e1 um Padel Bundesliga na Alemanha pela primeira vez!<\/p>\n<p>O <a href=\"\/pt\/federacao-alema-de-padel\/\">Federa\u00e7\u00e3o Alem\u00e3 de Padel<\/a> assumiu a organiza\u00e7\u00e3o como a organiza\u00e7\u00e3o central dos desportos de padel alem\u00e3es e em breve anunciar\u00e1 detalhes sobre os hor\u00e1rios dos jogos, as datas dos jogos e as regras e regulamentos associados.<\/p>\n<p>Qualquer pessoa que esteja interessada em participar da Padelbundesliga \u00e9 bem-vinda para nos contactar directamente. <a href=\"\/pt\/kontakt\/\">contato<\/a>.<\/p>\n<p>Temos o prazer de encaminhar os pedidos para o Deutscher Padel Bund.<\/p>\n<p>Entretanto, voc\u00ea pode participar do Padel Tour alem\u00e3o e competir com os melhores padelistas.<\/p>\n<p>Aqui voc\u00ea vai encontrar uma vis\u00e3o geral de todos <a href=\"\/pt\/torneios-de-padel-2\/\">Torneios de T\u00e9nis Padel<\/a>!<\/p>\n\t<h3>Campos de t\u00e9nis de padel da Bundesliga - Mapa<\/h3>\n\n<!-- iframe plugin v.6.0 wordpress.org\/plugins\/iframe\/ -->\n<iframe loading=\"lazy\" src=\"https:\/\/www.google.com\/maps\/d\/embed?mid=18OVW4FiG4noVz4vFAYmYzmjpOW8\" width=\"900\" 0=\"height=&quot;300&quot;&amp;gt;&amp;lt;\/iframe\" height=\"500\" scrolling=\"yes\" class=\"iframe-class\" frameborder=\"0\"><\/iframe>\n\n<h4>\n\t\tNot\u00edcias da Bundesliga Padel\n\t<\/h4>\n\t\t\t\t<a href=\"https:\/\/www.facebook.com\/sharer.php?u=https:\/\/www.padel-test.de\/?page_id=18161&#038;fl_builder&#038;title=Padel+Bundesliga\">\n\t\t\t\t\t\t\t\t\t\t\t\tPartilhar no Facebook\n\t\t\t\t\t\t\t\t\t<\/a>\n\t\t\t\t<a href=\"https:\/\/twitter.com\/intent\/tweet?url=https:\/\/www.padel-test.de\/?page_id=18161&#038;fl_builder&#038;text=Padel+Bundesliga\">\n\t\t\t\t\t\t\t\t\t\t\t\tPartilhar no Twitter\n\t\t\t\t\t\t\t\t\t<\/a>\n\t\t\t\t<a href=\"https:\/\/www.linkedin.com\/shareArticle?mini=true&#038;url=https:\/\/www.padel-test.de\/?page_id=18161&#038;fl_builder&#038;title=Padel+Bundesliga\">\n\t\t\t\t\t\t\t\t\t\t\t\tPartilhar no Linkedin\n\t\t\t\t\t\t\t\t\t<\/a>\n\t\t\t\t<a href=\"mailto:?body=https:\/\/www.padel-test.de\/?page_id=18161&#038;fl_builder\">\n\t\t\t\t\t\t\t\t\t\t\t\tPartilhar em e-mail\n\t\t\t\t\t\t\t\t\t<\/a>","protected":false},"excerpt":{"rendered":"<p>Em breve haver\u00e1, pela primeira vez, uma Bundesliga de Padel na Alemanha! A Federa\u00e7\u00e3o Alem\u00e3 de Padel, enquanto organiza\u00e7\u00e3o de c\u00fapula dos desportos de padel alem\u00e3es, assumiu a organiza\u00e7\u00e3o e em breve anunciar\u00e1 detalhes sobre os hor\u00e1rios dos jogos, as datas dos jogos e as regras e regulamentos associados. Todos os interessados em participar na Padelbundesliga s\u00e3o convidados a contactar-nos directamente. N\u00f3s gerimos...<\/p>","protected":false},"author":1,"featured_media":18162,"parent":0,"menu_order":6,"comment_status":"open","ping_status":"open","template":"","meta":{"_acf_changed":false,"_sitemap_exclude":false,"_sitemap_priority":"","_sitemap_frequency":"","_analytify_skip_tracking":false,"footnotes":""},"class_list":["post-18161","page","type-page","status-publish","has-post-thumbnail","hentry"],"acf":[],"_links":{"self":[{"href":"https:\/\/www.padel-test.de\/pt\/wp-json\/wp\/v2\/pages\/18161","targetHints":{"allow":["GET"]}}],"collection":[{"href":"https:\/\/www.padel-test.de\/pt\/wp-json\/wp\/v2\/pages"}],"about":[{"href":"https:\/\/www.padel-test.de\/pt\/wp-json\/wp\/v2\/types\/page"}],"author":[{"embeddable":true,"href":"https:\/\/www.padel-test.de\/pt\/wp-json\/wp\/v2\/users\/1"}],"replies":[{"embeddable":true,"href":"https:\/\/www.padel-test.de\/pt\/wp-json\/wp\/v2\/comments?post=18161"}],"version-history":[{"count":0,"href":"https:\/\/www.padel-test.de\/pt\/wp-json\/wp\/v2\/pages\/18161\/revisions"}],"wp:featuredmedia":[{"embeddable":true,"href":"https:\/\/www.padel-test.de\/pt\/wp-json\/wp\/v2\/media\/18162"}],"wp:attachment":[{"href":"https:\/\/www.padel-test.de\/pt\/wp-json\/wp\/v2\/media?parent=18161"}],"curies":[{"name":"wp","href":"https:\/\/api.w.org\/{rel}","templated":true}]}}