{"id":18168,"date":"2018-08-28T19:49:38","date_gmt":"2018-08-28T19:49:38","guid":{"rendered":"http:\/\/www.padel-test.de\/padel-trainer\/"},"modified":"2022-11-10T22:01:52","modified_gmt":"2022-11-10T22:01:52","slug":"treinador-de-padel-2","status":"publish","type":"page","link":"https:\/\/www.padel-test.de\/pt\/treinador-de-padel-2\/","title":{"rendered":"treinador Padel"},"content":{"rendered":"\n\n\t<p>An dieser Stelle m\u00f6chten wir Ihnen die besten und engagiertesten Padel Trainer in Deutschland, \u00d6sterreich und der Schweiz vorstellen. Aber auch einige der Top Padel Trainer aus Spanien und Argentinien, die regelm\u00e4\u00dfig zu Besuch sind und sowohl Padelspieler als auch hiesige Padeltrainer mit ihrem Knowhow begeistern und verbessern k\u00f6nnen.<\/p>\n<p>Die Rubrik Padeltrainer werden wir in den n\u00e4chsten Wochen &#8222;paso a paso&#8220; ausbauen &#8211; also einfach regelm\u00e4\u00dfig wieder reinschauen.<\/p>\n<p>Und wenn Du meinst, dass hier noch ein wichtiger Padeltrainer fehlt, <a href=\"\/kontakt\/\">dann sag uns bitte kurz Bescheid<\/a>!<\/p>\n<h2>\n\t\t\u00dcbersichtskarte Padel Trainer\n\t<\/h2>\n\t[borlabs-cookie id=&#8220;googlemaps&#8220; type=&#8220;content-blocker&#8220;][\/borlabs-cookie]<div class=\"wpgb-facet wpgb-loading wpgb-facet-9\" data-facet=\"9\" data-grid=\"20\">\t<fieldset>\n\t\t<legend class=\"wpgb-facet-title wpgb-sr-only\">Padel Standorte [9]<\/legend>\n\t\t<div class=\"wpgb-map-facet\" style=\"padding-bottom:50%\"><\/div>\t<\/fieldset>\n\t<\/div>\n<h2>\n\t\tPadel Trainer\n\t<\/h2>\n\t<div class=\"wpgb-facet wpgb-loading wpgb-facet-11\" data-facet=\"11\" data-grid=\"20\"><span class=\"wpgb-result-count\">1 - 5 von 5 Eintr\u00e4gen<\/span><\/div>\n\t<!-- Gridbuilder \u1d42\u1d3e Plugin (https:\/\/wpgridbuilder.com) -->\n<div class=\"wp-grid-builder wpgb-grid-20 ecom-grid-padel-trainer\" data-options=\"{&quot;id&quot;:20,&quot;type&quot;:&quot;masonry&quot;,&quot;source&quot;:&quot;post_type&quot;,&quot;loader&quot;:0,&quot;layout&quot;:&quot;vertical&quot;,&quot;reveal&quot;:0,&quot;isMainQuery&quot;:0,&quot;lazyLoad&quot;:1,&quot;cardSizes&quot;:{&quot;9999&quot;:{&quot;columns&quot;:2,&quot;height&quot;:240,&quot;gutter&quot;:16,&quot;ratio&quot;:&quot;1.33333&quot;},&quot;1200&quot;:{&quot;columns&quot;:2,&quot;height&quot;:240,&quot;gutter&quot;:16,&quot;ratio&quot;:&quot;1.33333&quot;},&quot;992&quot;:{&quot;columns&quot;:2,&quot;height&quot;:220,&quot;gutter&quot;:16,&quot;ratio&quot;:&quot;1.33333&quot;},&quot;768&quot;:{&quot;columns&quot;:1,&quot;height&quot;:220,&quot;gutter&quot;:16,&quot;ratio&quot;:&quot;1.33333&quot;},&quot;576&quot;:{&quot;columns&quot;:1,&quot;height&quot;:200,&quot;gutter&quot;:16,&quot;ratio&quot;:&quot;1.33333&quot;},&quot;320&quot;:{&quot;columns&quot;:1,&quot;height&quot;:200,&quot;gutter&quot;:16,&quot;ratio&quot;:&quot;1.33333&quot;}},&quot;fitRows&quot;:1,&quot;equalRows&quot;:0,&quot;equalColumns&quot;:1,&quot;fillLastRow&quot;:0,&quot;centerLastRow&quot;:0,&quot;horizontalOrder&quot;:0,&quot;fullWidth&quot;:0,&quot;transitionDelay&quot;:100,&quot;gallerySlideshow&quot;:0,&quot;rowsNumber&quot;:1,&quot;slideAlign&quot;:&quot;left&quot;,&quot;groupCells&quot;:1,&quot;draggable&quot;:1,&quot;initialIndex&quot;:0,&quot;contain&quot;:0,&quot;freeScroll&quot;:0,&quot;freeFriction&quot;:&quot;0.075&quot;,&quot;friction&quot;:&quot;0.285&quot;,&quot;attraction&quot;:&quot;0.025&quot;,&quot;autoPlay&quot;:0,&quot;pageDotAriaLabel&quot;:&quot;Page dot %d&quot;,&quot;isPreview&quot;:false,&quot;isGutenberg&quot;:false,&quot;rightToLeft&quot;:false}\"><div class=\"wpgb-svg-icons\" hidden>\n\t<svg viewBox=\"0 0 120 24\" width=\"0\" height=\"0\">\n\t<defs>\n        <polygon id=\"wpgb-star-svg\" points=\"12 2.5 15.1 8.8 22 9.8 17 14.6 18.2 21.5 12 18.3 5.8 21.5 7 14.6 2 9.8 8.9 8.8\"><\/polygon>\n    <\/defs>\n    <symbol id=\"wpgb-rating-stars-svg\">\n        <use xlink:href=\"#wpgb-star-svg\"><\/use>\n        <use xlink:href=\"#wpgb-star-svg\" x=\"24\"><\/use>\n        <use xlink:href=\"#wpgb-star-svg\" x=\"48\"><\/use>\n        <use xlink:href=\"#wpgb-star-svg\" x=\"72\"><\/use>\n        <use xlink:href=\"#wpgb-star-svg\" x=\"96\"><\/use>\n    <\/symbol>\n<\/svg>\n<\/div>\n<div class=\"wpgb-wrapper\">\n\t<div class=\"wpgb-main\">\n\t<div class=\"wpgb-layout\">\n\t<div class=\"wpgb-viewport\">\n\t\t<div class=\"wpgb-masonry\">\n\t\t\t<article class=\"wpgb-card wpgb-card-29 wpgb-post-17142\" data-col=\"1\" data-row=\"1\" data-format=\"standard\"><div class=\"wpgb-card-wrapper\"><div class=\"wpgb-card-inner\" data-action><div class=\"wpgb-card-header wpgb-scheme-dark\"><a class=\"wpgb-block-5\" target=\"_blank\" rel=\"external noopener noreferrer\" href=\"https:\/\/www.padel-test.de\/pt\/treinador-de-padel-2\/harry-payrleitner\/\"><img loading=\"lazy\" decoding=\"async\" width=\"36\" height=\"40\" src=\"https:\/\/www.padel-test.de\/wp-content\/uploads\/2022\/09\/Padel-Forchheim-1-134x150.jpg\" class=\"attachment-80x40 size-80x40\" alt=\"\" style=\"object-fit:contain\" srcset=\"https:\/\/www.padel-test.de\/wp-content\/uploads\/2022\/09\/Padel-Forchheim-1-134x150.jpg 134w, https:\/\/www.padel-test.de\/wp-content\/uploads\/2022\/09\/Padel-Forchheim-1-11x12.jpg 11w, https:\/\/www.padel-test.de\/wp-content\/uploads\/2022\/09\/Padel-Forchheim-1-61x68.jpg 61w, https:\/\/www.padel-test.de\/wp-content\/uploads\/2022\/09\/Padel-Forchheim-1-57x64.jpg 57w, https:\/\/www.padel-test.de\/wp-content\/uploads\/2022\/09\/Padel-Forchheim-1.jpg 180w\" sizes=\"auto, (max-width: 36px) 100vw, 36px\" \/><\/a><\/div><div class=\"wpgb-card-media wpgb-scheme-light\"><\/div><div class=\"wpgb-card-content wpgb-scheme-dark\"><div class=\"wpgb-card-body\"><h4 class=\"wpgb-block-1 wpgb-idle-scheme-1\">Harry Payrleitner<\/h4><div class=\"wpgb-block-4 wpgb-idle-scheme-1\">Deutschland<\/div><div class=\"wpgb-block-6 wpgb-idle-scheme-1\">Forchheim<\/div><\/div><\/div><a class=\"wpgb-card-layer-link\" href=\"https:\/\/www.padel-test.de\/pt\/treinador-de-padel-2\/harry-payrleitner\/\"><\/a><\/div><\/div><\/article><article class=\"wpgb-card wpgb-card-29 wpgb-post-17165\" data-col=\"1\" data-row=\"1\" data-format=\"standard\"><div class=\"wpgb-card-wrapper\"><div class=\"wpgb-card-inner\" data-action><div class=\"wpgb-card-header wpgb-scheme-dark\"><a class=\"wpgb-block-5\" target=\"_blank\" rel=\"external noopener noreferrer\" href=\"https:\/\/www.padel-test.de\/pt\/treinador-de-padel-2\/mike-rose\/\"><img loading=\"lazy\" decoding=\"async\" width=\"34\" height=\"40\" src=\"https:\/\/www.padel-test.de\/wp-content\/uploads\/2022\/09\/Padel-Sprockho\u0308vel-Mike-Rose-1-128x150.png\" class=\"attachment-80x40 size-80x40\" alt=\"\" style=\"object-fit:contain\" srcset=\"https:\/\/www.padel-test.de\/wp-content\/uploads\/2022\/09\/Padel-Sprockho\u0308vel-Mike-Rose-1-128x150.png 128w, https:\/\/www.padel-test.de\/wp-content\/uploads\/2022\/09\/Padel-Sprockho\u0308vel-Mike-Rose-1-10x12.png 10w, https:\/\/www.padel-test.de\/wp-content\/uploads\/2022\/09\/Padel-Sprockho\u0308vel-Mike-Rose-1-58x68.png 58w, https:\/\/www.padel-test.de\/wp-content\/uploads\/2022\/09\/Padel-Sprockho\u0308vel-Mike-Rose-1-55x64.png 55w, https:\/\/www.padel-test.de\/wp-content\/uploads\/2022\/09\/Padel-Sprockho\u0308vel-Mike-Rose-1.png 133w\" sizes=\"auto, (max-width: 34px) 100vw, 34px\" \/><\/a><\/div><div class=\"wpgb-card-media wpgb-scheme-light\"><\/div><div class=\"wpgb-card-content wpgb-scheme-dark\"><div class=\"wpgb-card-body\"><h4 class=\"wpgb-block-1 wpgb-idle-scheme-1\">Mike Rose<\/h4><div class=\"wpgb-block-4 wpgb-idle-scheme-1\">Deutschland<\/div><\/div><\/div><a class=\"wpgb-card-layer-link\" href=\"https:\/\/www.padel-test.de\/pt\/treinador-de-padel-2\/mike-rose\/\"><\/a><\/div><\/div><\/article><article class=\"wpgb-card wpgb-card-29 wpgb-post-17152\" data-col=\"1\" data-row=\"1\" data-format=\"standard\"><div class=\"wpgb-card-wrapper\"><div class=\"wpgb-card-inner\" data-action><div class=\"wpgb-card-header wpgb-scheme-dark\"><a class=\"wpgb-block-5\" target=\"_blank\" rel=\"external noopener noreferrer\" href=\"https:\/\/www.padel-test.de\/pt\/treinador-de-padel-2\/nacho-gutierrez\/\"><img loading=\"lazy\" decoding=\"async\" width=\"80\" height=\"27\" src=\"https:\/\/www.padel-test.de\/wp-content\/uploads\/2022\/09\/UniSport_Padel-Colonia-3-150x51.png\" class=\"attachment-80x40 size-80x40\" alt=\"\" style=\"object-fit:contain\" srcset=\"https:\/\/www.padel-test.de\/wp-content\/uploads\/2022\/09\/UniSport_Padel-Colonia-3-150x51.png 150w, https:\/\/www.padel-test.de\/wp-content\/uploads\/2022\/09\/UniSport_Padel-Colonia-3-300x103.png 300w, https:\/\/www.padel-test.de\/wp-content\/uploads\/2022\/09\/UniSport_Padel-Colonia-3-18x6.png 18w, https:\/\/www.padel-test.de\/wp-content\/uploads\/2022\/09\/UniSport_Padel-Colonia-3-138x47.png 138w, https:\/\/www.padel-test.de\/wp-content\/uploads\/2022\/09\/UniSport_Padel-Colonia-3-64x22.png 64w, https:\/\/www.padel-test.de\/wp-content\/uploads\/2022\/09\/UniSport_Padel-Colonia-3.png 567w\" sizes=\"auto, (max-width: 80px) 100vw, 80px\" \/><\/a><\/div><div class=\"wpgb-card-media wpgb-scheme-light\"><\/div><div class=\"wpgb-card-content wpgb-scheme-dark\"><div class=\"wpgb-card-body\"><h4 class=\"wpgb-block-1 wpgb-idle-scheme-1\">Nacho Guti\u00e9rrez<\/h4><div class=\"wpgb-block-4 wpgb-idle-scheme-1\">Deutschland<\/div><div class=\"wpgb-block-6 wpgb-idle-scheme-1\">K\u00f6ln<\/div><\/div><\/div><a class=\"wpgb-card-layer-link\" href=\"https:\/\/www.padel-test.de\/pt\/treinador-de-padel-2\/nacho-gutierrez\/\"><\/a><\/div><\/div><\/article><article class=\"wpgb-card wpgb-card-29 wpgb-post-17127\" data-col=\"1\" data-row=\"1\" data-format=\"standard\"><div class=\"wpgb-card-wrapper\"><div class=\"wpgb-card-inner\" data-action><div class=\"wpgb-card-header wpgb-scheme-dark\"><a class=\"wpgb-block-5\" target=\"_blank\" rel=\"external noopener noreferrer\" href=\"https:\/\/www.padel-test.de\/pt\/treinador-de-padel-2\/padel-academia-loenegren\/\"><img loading=\"lazy\" decoding=\"async\" width=\"80\" height=\"40\" src=\"https:\/\/www.padel-test.de\/wp-content\/uploads\/2022\/09\/tennis_padel_academy_loenegren_200x100_logo-1-136x68.png\" class=\"attachment-80x40 size-80x40\" alt=\"\" style=\"object-fit:contain\" srcset=\"https:\/\/www.padel-test.de\/wp-content\/uploads\/2022\/09\/tennis_padel_academy_loenegren_200x100_logo-1-136x68.png 136w, https:\/\/www.padel-test.de\/wp-content\/uploads\/2022\/09\/tennis_padel_academy_loenegren_200x100_logo-1-150x75.png 150w, https:\/\/www.padel-test.de\/wp-content\/uploads\/2022\/09\/tennis_padel_academy_loenegren_200x100_logo-1-18x9.png 18w, https:\/\/www.padel-test.de\/wp-content\/uploads\/2022\/09\/tennis_padel_academy_loenegren_200x100_logo-1-64x32.png 64w, https:\/\/www.padel-test.de\/wp-content\/uploads\/2022\/09\/tennis_padel_academy_loenegren_200x100_logo-1.png 200w\" sizes=\"auto, (max-width: 80px) 100vw, 80px\" \/><\/a><\/div><div class=\"wpgb-card-content wpgb-scheme-dark\"><div class=\"wpgb-card-body\"><h4 class=\"wpgb-block-1 wpgb-idle-scheme-1\">Padel Academy L\u00f6negren<\/h4><div class=\"wpgb-block-3 wpgb-idle-scheme-1\">DPB Trainer Lizenz, Padeltrainer Ausbilder, Team Coach, Tennis Trainer Lizenz<\/div><div class=\"wpgb-block-4 wpgb-idle-scheme-1\">Deutschland<\/div><div class=\"wpgb-block-6 wpgb-idle-scheme-1\">D\u00fcsseldorf<\/div><\/div><\/div><a class=\"wpgb-card-layer-link\" href=\"https:\/\/www.padel-test.de\/pt\/treinador-de-padel-2\/padel-academia-loenegren\/\"><\/a><\/div><\/div><\/article><article class=\"wpgb-card wpgb-card-29 wpgb-post-17133\" data-col=\"1\" data-row=\"1\" data-format=\"standard\"><div class=\"wpgb-card-wrapper\"><div class=\"wpgb-card-inner\" data-action><div class=\"wpgb-card-header wpgb-scheme-dark\"><a class=\"wpgb-block-5\" target=\"_blank\" rel=\"external noopener noreferrer\" href=\"https:\/\/www.padel-test.de\/pt\/treinador-de-padel-2\/thomas-loenegren\/\"><img loading=\"lazy\" decoding=\"async\" width=\"80\" height=\"27\" src=\"https:\/\/www.padel-test.de\/wp-content\/uploads\/2022\/09\/Thomas-Loenegren-Padel-1-150x51.jpg\" class=\"attachment-80x40 size-80x40\" alt=\"\" style=\"object-fit:contain\" srcset=\"https:\/\/www.padel-test.de\/wp-content\/uploads\/2022\/09\/Thomas-Loenegren-Padel-1-150x51.jpg 150w, https:\/\/www.padel-test.de\/wp-content\/uploads\/2022\/09\/Thomas-Loenegren-Padel-1-18x6.jpg 18w, https:\/\/www.padel-test.de\/wp-content\/uploads\/2022\/09\/Thomas-Loenegren-Padel-1-138x47.jpg 138w, https:\/\/www.padel-test.de\/wp-content\/uploads\/2022\/09\/Thomas-Loenegren-Padel-1-64x22.jpg 64w, https:\/\/www.padel-test.de\/wp-content\/uploads\/2022\/09\/Thomas-Loenegren-Padel-1.jpg 261w\" sizes=\"auto, (max-width: 80px) 100vw, 80px\" \/><\/a><\/div><div class=\"wpgb-card-media wpgb-scheme-light\"><\/div><div class=\"wpgb-card-content wpgb-scheme-dark\"><div class=\"wpgb-card-body\"><h4 class=\"wpgb-block-1 wpgb-idle-scheme-1\">Thomas L\u00f6negren<\/h4><div class=\"wpgb-block-4 wpgb-idle-scheme-1\">Deutschland<\/div><div class=\"wpgb-block-6 wpgb-idle-scheme-1\">Dinslaken<\/div><\/div><\/div><a class=\"wpgb-card-layer-link\" href=\"https:\/\/www.padel-test.de\/pt\/treinador-de-padel-2\/thomas-loenegren\/\"><\/a><\/div><\/div><\/article>\t\t<\/div>\n\t<\/div>\n\t<\/div>\n<div class=\"wpgb-area wpgb-area-bottom-1\">\n\t<div class=\"wpgb-facet wpgb-loading wpgb-facet-2\" data-facet=\"2\" data-grid=\"20\"><\/div><\/div>\n\t<\/div>\n\t\t<\/div>\n<\/div>\n\n\t\t\t\t<h2>Erfolgreiche Padel Trainer in Deutschland:<\/h2>\n\t\t\t\t\t\t\t<img decoding=\"async\" src=\"https:\/\/www.padel-test.de\/wp-content\/uploads\/2022\/09\/Nacho_Gutierrez.jpg\" alt=\"Nacho_Gutierrez\" \/>\n\t\t\t\t\t\t\t\t\t\t\t\t\t<p>Nacho Guti\u00e9rrez ist Padel Trainer und Koordinator des <a href=\"\/padel-standorte\/padel-koeln-unisport\/\">UniSport Padel K\u00f6ln<\/a> und hat eine der spielst\u00e4rksten Padel Communities in Deutschland aufgebaut, die regelm\u00e4\u00dfig auf <a href=\"\/padel-turniere\/\">Padel Turnieren<\/a> anzutreffen ist. <a href=\"\/padel-trainer\/nacho-gutierrez\/\">Mehr Infos \u00fcber Nacho Guti\u00e9rrez!<\/a><\/p>\n\t\t\t\t\t\t\t\t\t\t\t\t\t\t\t\t\t<h3>Nacho Guti\u00e9rrez<\/h3>\n\t\t\t\t\t\t\t\t\t\t\t\t\t\t\t\t\t\t\t\t\t\t\t\t\t<h4> Padeltrainer K\u00f6ln<\/h4>\n\t\t\t\t\t\t\t<img decoding=\"async\" src=\"https:\/\/www.padel-test.de\/wp-content\/uploads\/2018\/08\/Foto.png\" alt=\"Thomas L\u00f6negren\" \/>\n\t\t\t\t\t\t\t\t\t\t\t\t\t<p>Thomas L\u00f6negren ist seit 2015 Betreiber einer eigenen Padel-Anlage (<a href=\"\/padel-standorte\/tvn-padel-essen\/\">TVN PADEL Essen<\/a>) und lizenzierter Padel-Trainer, der auch schon die Deutsche Padel Nationalmannschaft trainiert hat. <a href=\"\/padel-trainer\/thomas-loenegren\/\">Mehr Infos \u00fcber Thomas L\u00f6negren!<\/a><\/p>\n\t\t\t\t\t\t\t\t\t\t\t\t\t\t\t\t\t<h3> Thomas L\u00f6negren<\/h3>\n\t\t\t\t\t\t\t\t\t\t\t\t\t\t\t\t\t\t\t\t\t\t\t\t\t<h4>Padeltrainer Essen<\/h4>\n\t\t\t\t\t\t\t<img decoding=\"async\" src=\"https:\/\/www.padel-test.de\/wp-content\/uploads\/2018\/08\/IMG_1383-300x300.jpg\" alt=\"Harry Payrleitner\" \/>\n\t\t\t\t\t\t\t\t\t\t\t\t\t<p>Harald &#8222;Harry&#8220; Payrleitner ist hauptberuflicher Tennis-Spieler und betreibt die Padel &amp; Tennis Akademie in Forchheim &#8211; ein eingespieltes Team aus rund 10 Racketsport Enthusiasten. <a href=\"\/padel-trainer\/harry-payrleitner\/\">Mehr Infos \u00fcber Harry Payrleiter!<\/a><\/p>\n\t\t\t\t\t\t\t\t\t\t\t\t\t\t\t\t\t<h3> Harry Payrleitner<\/h3>\n\t\t\t\t\t\t\t\t\t\t\t\t\t\t\t\t\t\t\t\t\t\t\t\t\t<h4>Padeltrainer Forchheim<\/h4>\n\t\t\t\t<!-- \/.pp-testimonials -->\n\n","protected":false},"excerpt":{"rendered":"","protected":false},"author":1,"featured_media":0,"parent":0,"menu_order":20,"comment_status":"closed","ping_status":"closed","template":"","meta":{"_acf_changed":false,"_sitemap_exclude":false,"_sitemap_priority":"","_sitemap_frequency":"","_analytify_skip_tracking":false,"footnotes":""},"class_list":["post-18168","page","type-page","status-publish","hentry"],"acf":[],"_links":{"self":[{"href":"https:\/\/www.padel-test.de\/pt\/wp-json\/wp\/v2\/pages\/18168","targetHints":{"allow":["GET"]}}],"collection":[{"href":"https:\/\/www.padel-test.de\/pt\/wp-json\/wp\/v2\/pages"}],"about":[{"href":"https:\/\/www.padel-test.de\/pt\/wp-json\/wp\/v2\/types\/page"}],"author":[{"embeddable":true,"href":"https:\/\/www.padel-test.de\/pt\/wp-json\/wp\/v2\/users\/1"}],"replies":[{"embeddable":true,"href":"https:\/\/www.padel-test.de\/pt\/wp-json\/wp\/v2\/comments?post=18168"}],"version-history":[{"count":0,"href":"https:\/\/www.padel-test.de\/pt\/wp-json\/wp\/v2\/pages\/18168\/revisions"}],"wp:attachment":[{"href":"https:\/\/www.padel-test.de\/pt\/wp-json\/wp\/v2\/media?parent=18168"}],"curies":[{"name":"wp","href":"https:\/\/api.w.org\/{rel}","templated":true}]}}