{"id":18172,"date":"2017-10-26T09:56:19","date_gmt":"2017-10-26T09:56:19","guid":{"rendered":"http:\/\/www.padel-test.de\/padel-plaetze\/padel-tennis-berlin\/"},"modified":"2024-11-25T17:05:40","modified_gmt":"2024-11-25T17:05:40","slug":"padel-tennis-berlin","status":"publish","type":"page","link":"https:\/\/www.padel-test.de\/pt\/campos-de-paddle\/padel-tennis-berlin\/","title":{"rendered":"Padel Berlim"},"content":{"rendered":"<p>Berlim foi um dos primeiros redutos de padel na Alemanha e continua a ser um dos principais redutos de padel na Alemanha. O mais antigo existente <a href=\"\/pt\/padel-berlin\/\">As instala\u00e7\u00f5es de Padel s\u00e3o as de Alexander Hillbricht<\/a>que, para al\u00e9m de dois campos de padel exteriores, instalou tamb\u00e9m a sua pr\u00f3pria sala de padel.<\/p>\n<p>So kann man drinnen und drau\u00dfen spielen &#8211; das war zum Zeitpunkt der Er\u00f6ffnung in Deutschland so bisher einzigartig. Ein echter Pionier Padel Standort!<\/p>\n<h3><strong>Padel Berlin - Padel FC<\/strong><\/h3>\n<p>Aqui, a companhia de p\u00e1s de J<a href=\"\/pt\/conhecimentos-de-padel\/adeptos-do-padel\/juergen-klopp-padel-tennis\/\" target=\"_blank\" rel=\"noopener\">J\u00fcrgen Klopp<\/a> e o seu filho Marc abriram o seu primeiro centro de padel:<\/p>\n<p><a href=\"\/pt\/localizacoes-do-padel-2\/padel-fc-berlin-rummelsburg\/\" target=\"_blank\" rel=\"noopener\">Padel FC Berlim<\/a><\/p>\n<p>7 topmoderne Indoor Padelcourts &#8211; im gleichen Flair wie fr\u00fcher bei Ralf Stoffers Playthewall in einer alten Batteriefabrik. Allerdings sollte man sich hier zumindest im Winter dick anziehen.<\/p>\n<h3>Padel Reinickendorfer F\u00fcchse<\/h3>\n<p>Outro <a href=\"\/pt\/padel-berlin-reinickendorf\/\">As instala\u00e7\u00f5es de padel de Berlim est\u00e3o no Reinickendorfer F\u00fcchse<\/a> &#8211; bisher steht hier zwar nur ein Padelplatz, aber es gibt Planungen hier einen der gr\u00f6\u00dften <strong>Locais de Padel em Berlim<\/strong> acumular!<\/p>\n<p>No passado, houve mesmo outro tribunal de padel em Berlim. Muitos dos pioneiros do padel dificilmente esquecer\u00e3o a atmosfera incompar\u00e1vel da sala de padel do Ralf Stoffers (Play the Wall), <a href=\"\/pt\/tenis-de-padel\/\">Padel T\u00e9nis<\/a> se estabeleceu agora firmemente no programa desportivo da capital!<\/p>\n\t<h3>Campos de T\u00e9nis de Paddle - Mapa<\/h3>\n\n<!-- iframe plugin v.6.0 wordpress.org\/plugins\/iframe\/ -->\n<iframe loading=\"lazy\" src=\"https:\/\/www.google.com\/maps\/d\/embed?mid=18OVW4FiG4noVz4vFAYmYzmjpOW8\" width=\"900\" 0=\"height=&quot;300&quot;&amp;gt;&amp;lt;\/iframe\" height=\"500\" scrolling=\"yes\" class=\"iframe-class\" frameborder=\"0\"><\/iframe>\n\n<h4>\n\t\tNot\u00edcias Padel\n\t<\/h4>\n\t\t\t\t\t\t\t\t<a href=\"https:\/\/www.facebook.com\/sharer.php?u=https:\/\/www.padel-test.de\/?page_id=18172&#038;fl_builder&#038;title=Padel+Berlin\">\n\t\t\t\t\t\t\t\t\t\t\t\tPartilhar no Facebook\n\t\t\t\t\t\t\t\t\t<\/a>\n\t\t\t\t\t\t\t\t<a href=\"https:\/\/twitter.com\/intent\/tweet?url=https:\/\/www.padel-test.de\/?page_id=18172&#038;fl_builder&#038;text=Padel+Berlin\">\n\t\t\t\t\t\t\t\t\t\t\t\t\t<i>\ud835\udd4f<\/i>\n\t\t\t\t\t\t\t\t\t\t\t\tShare on X\n\t\t\t\t\t\t\t\t\t<\/a>\n\t\t\t\t\t\t\t\t<a href=\"https:\/\/www.linkedin.com\/shareArticle?mini=true&#038;url=https:\/\/www.padel-test.de\/?page_id=18172&#038;fl_builder&#038;title=Padel+Berlin\">\n\t\t\t\t\t\t\t\t\t\t\t\tPartilhar no Linkedin\n\t\t\t\t\t\t\t\t\t<\/a>\n\t\t\t\t\t\t\t\t<a href=\"mailto:?body=https:\/\/www.padel-test.de\/?page_id=18172&#038;fl_builder\">\n\t\t\t\t\t\t\t\t\t\t\t\tPartilhar em e-mail\n\t\t\t\t\t\t\t\t\t<\/a>","protected":false},"excerpt":{"rendered":"<p>Berlin war eine der ersten Padel Hochburgen in Deutschland und ist immer noch eine der f\u00fchrenden Padelhochburgen Deutschlands. Die \u00e4lteste bestehende Padel Anlage ist die von Alexander Hillbricht, der neben zwei Outdoor Padelcourts auch eine eigene Padelhalle installiert hat. So kann man drinnen und drau\u00dfen spielen &#8211; das war zum Zeitpunkt der Er\u00f6ffnung in Deutschland&hellip;<\/p>","protected":false},"author":1,"featured_media":16683,"parent":18160,"menu_order":8,"comment_status":"closed","ping_status":"closed","template":"","meta":{"_acf_changed":false,"_sitemap_exclude":false,"_sitemap_priority":"","_sitemap_frequency":"","_analytify_skip_tracking":false,"footnotes":""},"class_list":["post-18172","page","type-page","status-publish","has-post-thumbnail","hentry"],"acf":[],"_links":{"self":[{"href":"https:\/\/www.padel-test.de\/pt\/wp-json\/wp\/v2\/pages\/18172","targetHints":{"allow":["GET"]}}],"collection":[{"href":"https:\/\/www.padel-test.de\/pt\/wp-json\/wp\/v2\/pages"}],"about":[{"href":"https:\/\/www.padel-test.de\/pt\/wp-json\/wp\/v2\/types\/page"}],"author":[{"embeddable":true,"href":"https:\/\/www.padel-test.de\/pt\/wp-json\/wp\/v2\/users\/1"}],"replies":[{"embeddable":true,"href":"https:\/\/www.padel-test.de\/pt\/wp-json\/wp\/v2\/comments?post=18172"}],"version-history":[{"count":1,"href":"https:\/\/www.padel-test.de\/pt\/wp-json\/wp\/v2\/pages\/18172\/revisions"}],"predecessor-version":[{"id":21306,"href":"https:\/\/www.padel-test.de\/pt\/wp-json\/wp\/v2\/pages\/18172\/revisions\/21306"}],"up":[{"embeddable":true,"href":"https:\/\/www.padel-test.de\/pt\/wp-json\/wp\/v2\/pages\/18160"}],"wp:featuredmedia":[{"embeddable":true,"href":"https:\/\/www.padel-test.de\/pt\/wp-json\/wp\/v2\/media\/16683"}],"wp:attachment":[{"href":"https:\/\/www.padel-test.de\/pt\/wp-json\/wp\/v2\/media?parent=18172"}],"curies":[{"name":"wp","href":"https:\/\/api.w.org\/{rel}","templated":true}]}}