{"id":18176,"date":"2017-10-26T10:03:54","date_gmt":"2017-10-26T10:03:54","guid":{"rendered":"http:\/\/www.padel-test.de\/padel-plaetze\/padel-cuxhaven\/"},"modified":"2022-11-01T18:34:18","modified_gmt":"2022-11-01T18:34:18","slug":"padel-cuxhaven","status":"publish","type":"page","link":"https:\/\/www.padel-test.de\/pt\/campos-de-paddle\/padel-cuxhaven\/","title":{"rendered":"Padel Cuxhaven"},"content":{"rendered":"<p>No alto da costa norte, na costa do Mar do Norte, voc\u00ea vai encontrar o <a href=\"\/pt\/localizacoes-do-padel-2\/padel-sc-cuxhaven\/\">Padel Club Schwarz Wei\u00df Cuxhaven<\/a>. <\/p>\n<p>Mas aqui n\u00e3o se trata de um terreno dif\u00edcil, mas aberto e amig\u00e1vel, tanto os padelistas locais como as rachas de padel de toda a Europa s\u00e3o bem-vindos \u00e0s instala\u00e7\u00f5es locais de padel!<\/p>\n\t<h3>Campos de T\u00e9nis de Paddle - Mapa<\/h3>\n\n<!-- iframe plugin v.6.0 wordpress.org\/plugins\/iframe\/ -->\n<iframe loading=\"lazy\" src=\"https:\/\/www.google.com\/maps\/d\/embed?mid=18OVW4FiG4noVz4vFAYmYzmjpOW8\" width=\"900\" 0=\"height=&quot;300&quot;&amp;gt;&amp;lt;\/iframe\" height=\"500\" scrolling=\"yes\" class=\"iframe-class\" frameborder=\"0\"><\/iframe>\n\n<h4>\n\t\tPadel News Cuxhaven\n\t<\/h4>\n\t\t\t\t<a href=\"https:\/\/www.facebook.com\/sharer.php?u=https:\/\/www.padel-test.de\/?page_id=18176&#038;fl_builder&#038;title=Padel+Cuxhaven\">\n\t\t\t\t\t\t\t\t\t\t\t\tPartilhar no Facebook\n\t\t\t\t\t\t\t\t\t<\/a>\n\t\t\t\t<a href=\"https:\/\/twitter.com\/intent\/tweet?url=https:\/\/www.padel-test.de\/?page_id=18176&#038;fl_builder&#038;text=Padel+Cuxhaven\">\n\t\t\t\t\t\t\t\t\t\t\t\tPartilhar no Twitter\n\t\t\t\t\t\t\t\t\t<\/a>\n\t\t\t\t<a href=\"https:\/\/www.linkedin.com\/shareArticle?mini=true&#038;url=https:\/\/www.padel-test.de\/?page_id=18176&#038;fl_builder&#038;title=Padel+Cuxhaven\">\n\t\t\t\t\t\t\t\t\t\t\t\tPartilhar no Linkedin\n\t\t\t\t\t\t\t\t\t<\/a>\n\t\t\t\t<a href=\"mailto:?body=https:\/\/www.padel-test.de\/?page_id=18176&#038;fl_builder\">\n\t\t\t\t\t\t\t\t\t\t\t\tPartilhar em e-mail\n\t\t\t\t\t\t\t\t\t<\/a>","protected":false},"excerpt":{"rendered":"<p>O Padel Club Schwarz Wei\u00df Cuxhaven est\u00e1 localizado no alto, no norte da costa do Mar do Norte. Contudo, aqui as coisas n\u00e3o s\u00e3o fr\u00edsias, mas abertas e amig\u00e1veis, tanto os jogadores locais de padel como as fendas de padel de toda a Europa s\u00e3o bem-vindos \u00e0s instala\u00e7\u00f5es locais de padel! Campos de T\u00e9nis de Padel - Mapa Padel News Cuxhaven Share on...<\/p>","protected":false},"author":1,"featured_media":16862,"parent":18160,"menu_order":10,"comment_status":"open","ping_status":"open","template":"","meta":{"_acf_changed":false,"_sitemap_exclude":false,"_sitemap_priority":"","_sitemap_frequency":"","_analytify_skip_tracking":false,"footnotes":""},"class_list":["post-18176","page","type-page","status-publish","has-post-thumbnail","hentry"],"acf":[],"_links":{"self":[{"href":"https:\/\/www.padel-test.de\/pt\/wp-json\/wp\/v2\/pages\/18176","targetHints":{"allow":["GET"]}}],"collection":[{"href":"https:\/\/www.padel-test.de\/pt\/wp-json\/wp\/v2\/pages"}],"about":[{"href":"https:\/\/www.padel-test.de\/pt\/wp-json\/wp\/v2\/types\/page"}],"author":[{"embeddable":true,"href":"https:\/\/www.padel-test.de\/pt\/wp-json\/wp\/v2\/users\/1"}],"replies":[{"embeddable":true,"href":"https:\/\/www.padel-test.de\/pt\/wp-json\/wp\/v2\/comments?post=18176"}],"version-history":[{"count":0,"href":"https:\/\/www.padel-test.de\/pt\/wp-json\/wp\/v2\/pages\/18176\/revisions"}],"up":[{"embeddable":true,"href":"https:\/\/www.padel-test.de\/pt\/wp-json\/wp\/v2\/pages\/18160"}],"wp:featuredmedia":[{"embeddable":true,"href":"https:\/\/www.padel-test.de\/pt\/wp-json\/wp\/v2\/media\/16862"}],"wp:attachment":[{"href":"https:\/\/www.padel-test.de\/pt\/wp-json\/wp\/v2\/media?parent=18176"}],"curies":[{"name":"wp","href":"https:\/\/api.w.org\/{rel}","templated":true}]}}