{"id":18181,"date":"2017-10-26T10:14:37","date_gmt":"2017-10-26T10:14:37","guid":{"rendered":"http:\/\/www.padel-test.de\/padel-plaetze\/padel-karlsruhe\/"},"modified":"2022-11-01T18:48:41","modified_gmt":"2022-11-01T18:48:41","slug":"padel-karlsruhe","status":"publish","type":"page","link":"https:\/\/www.padel-test.de\/pt\/campos-de-paddle\/padel-karlsruhe\/","title":{"rendered":"Padel Karlsruhe"},"content":{"rendered":"<p>Em Karlsruhe, existem actualmente 4 instala\u00e7\u00f5es onde o t\u00e9nis de padel pode ser jogado. Estes s\u00e3o <a href=\"\/pt\/padel-durlach-aue\/\">Padel Durlach-Aue<\/a>, <a href=\"\/pt\/padel-karlsruhe-ketv\/\">Padel no KETV<\/a> e <a href=\"\/pt\/padel-karlsruhe-tc-groetzingen\/\">Padel Gr\u00f6tzingen<\/a>\u00a0e padel de interior no <a href=\"\/pt\/padel-tennis-ettlingen\/\">Padel Hall Ettlingen<\/a>.<\/p>\n<p>Estes 4\u00a0<a href=\"\/pt\/campos-de-paddle\/\">Localiza\u00e7\u00f5es Padel<\/a> n\u00e3o s\u00e3o apenas utilizados por muitos jogadores de padel recreativos, mas s\u00e3o tamb\u00e9m frequentemente o local de <a href=\"\/pt\/torneios-de-padel-2\/\">Torneios de Padel<\/a> e campeonatos de padel (por exemplo, o Campeonato Sul Alem\u00e3o de Padel).<\/p>\n<p>A Universidade de Karlsruhe incluiu agora tamb\u00e9m o padel no seu programa desportivo universit\u00e1rio e oferece cursos de padel. <\/p>\n<p>No futuro, a Universidade de Karlsruhe at\u00e9 quer a sua pr\u00f3pria <a href=\"\/pt\/construtor-de-cursos-de-padel-2\/\">Construir quadras de padel<\/a> e operar.<\/p>\n\t<h3>Campos de T\u00e9nis de Paddle - Mapa<\/h3>\n\n<!-- iframe plugin v.6.0 wordpress.org\/plugins\/iframe\/ -->\n<iframe loading=\"lazy\" src=\"https:\/\/www.google.com\/maps\/d\/embed?mid=18OVW4FiG4noVz4vFAYmYzmjpOW8\" width=\"900\" 0=\"height=&quot;300&quot;&amp;gt;&amp;lt;\/iframe\" height=\"500\" scrolling=\"yes\" class=\"iframe-class\" frameborder=\"0\"><\/iframe>\n\n<h4>\n\t\tPadel News Karlsruhe\n\t<\/h4>\n\t\t\t\t<a href=\"https:\/\/www.facebook.com\/sharer.php?u=https:\/\/www.padel-test.de\/?page_id=18181&#038;fl_builder&#038;title=Padel+Karlsruhe\">\n\t\t\t\t\t\t\t\t\t\t\t\tPartilhar no Facebook\n\t\t\t\t\t\t\t\t\t<\/a>\n\t\t\t\t<a href=\"https:\/\/twitter.com\/intent\/tweet?url=https:\/\/www.padel-test.de\/?page_id=18181&#038;fl_builder&#038;text=Padel+Karlsruhe\">\n\t\t\t\t\t\t\t\t\t\t\t\tPartilhar no Twitter\n\t\t\t\t\t\t\t\t\t<\/a>\n\t\t\t\t<a href=\"https:\/\/www.linkedin.com\/shareArticle?mini=true&#038;url=https:\/\/www.padel-test.de\/?page_id=18181&#038;fl_builder&#038;title=Padel+Karlsruhe\">\n\t\t\t\t\t\t\t\t\t\t\t\tPartilhar no Linkedin\n\t\t\t\t\t\t\t\t\t<\/a>\n\t\t\t\t<a href=\"mailto:?body=https:\/\/www.padel-test.de\/?page_id=18181&#038;fl_builder\">\n\t\t\t\t\t\t\t\t\t\t\t\tPartilhar em e-mail\n\t\t\t\t\t\t\t\t\t<\/a>","protected":false},"excerpt":{"rendered":"<p>Em Karlsruhe, existem actualmente 4 instala\u00e7\u00f5es onde se pode jogar padel. Trata-se do Padel Durlach-Aue, do Padel no KETV e do Padel Gr\u00f6tzingen, bem como do Padel indoor no Padel Halle Ettlingen. Estes 4 locais de padel n\u00e3o s\u00f3 s\u00e3o utilizados por muitos jogadores de padel recreativos, como tamb\u00e9m s\u00e3o frequentemente palco de torneios e campeonatos de padel (por exemplo, o Campeonato do Sul da Alemanha...<\/p>","protected":false},"author":1,"featured_media":16821,"parent":18160,"menu_order":12,"comment_status":"open","ping_status":"open","template":"","meta":{"_acf_changed":false,"_sitemap_exclude":false,"_sitemap_priority":"","_sitemap_frequency":"","_analytify_skip_tracking":false,"footnotes":""},"class_list":["post-18181","page","type-page","status-publish","has-post-thumbnail","hentry"],"acf":[],"_links":{"self":[{"href":"https:\/\/www.padel-test.de\/pt\/wp-json\/wp\/v2\/pages\/18181","targetHints":{"allow":["GET"]}}],"collection":[{"href":"https:\/\/www.padel-test.de\/pt\/wp-json\/wp\/v2\/pages"}],"about":[{"href":"https:\/\/www.padel-test.de\/pt\/wp-json\/wp\/v2\/types\/page"}],"author":[{"embeddable":true,"href":"https:\/\/www.padel-test.de\/pt\/wp-json\/wp\/v2\/users\/1"}],"replies":[{"embeddable":true,"href":"https:\/\/www.padel-test.de\/pt\/wp-json\/wp\/v2\/comments?post=18181"}],"version-history":[{"count":0,"href":"https:\/\/www.padel-test.de\/pt\/wp-json\/wp\/v2\/pages\/18181\/revisions"}],"up":[{"embeddable":true,"href":"https:\/\/www.padel-test.de\/pt\/wp-json\/wp\/v2\/pages\/18160"}],"wp:featuredmedia":[{"embeddable":true,"href":"https:\/\/www.padel-test.de\/pt\/wp-json\/wp\/v2\/media\/16821"}],"wp:attachment":[{"href":"https:\/\/www.padel-test.de\/pt\/wp-json\/wp\/v2\/media?parent=18181"}],"curies":[{"name":"wp","href":"https:\/\/api.w.org\/{rel}","templated":true}]}}