{"id":18185,"date":"2017-11-09T13:07:08","date_gmt":"2017-11-09T13:07:08","guid":{"rendered":"http:\/\/www.padel-test.de\/padel-plaetze\/padel-frankfurt\/"},"modified":"2022-11-01T19:32:13","modified_gmt":"2022-11-01T19:32:13","slug":"padel-frankfurt","status":"publish","type":"page","link":"https:\/\/www.padel-test.de\/pt\/campos-de-paddle\/padel-frankfurt\/","title":{"rendered":"Padel Frankfurt"},"content":{"rendered":"<p>Em Hesse, pode jogar padel principalmente em Frankfurt am Main e arredores. Um tribunal est\u00e1 dispon\u00edvel em <a href=\"\/pt\/padel-frankfurt-niddapark\/\">Padel Frankfurt Niddapark<\/a>. Desde a conclus\u00e3o da quadra de padel ao ar livre, alguns torneios de primeira classe e campeonatos nacionais de padel j\u00e1 foram realizados aqui!<\/p>\n<p>Um pouco mais na dire\u00e7\u00e3o do Taunus est\u00e1 <a href=\"\/pt\/padel-wiesbaden-wallau\/\">Padel RheinMain Wiesbaden-Wallau<\/a>. Nas instala\u00e7\u00f5es polidesportivas, voc\u00ea pode jogar em 2 quadras cobertas de padel com equipamentos modernos. Gra\u00e7as \u00e0 escola de padel qualificada, qualquer pessoa interessada pode experimentar o padel e desenvolver ainda mais as suas capacidades.<\/p>\n<p>Mais 2 quadras de padel tamb\u00e9m est\u00e3o planejadas para Wiesbaden-Schierstein.<\/p>\n\t<h3>Campos de T\u00e9nis de Paddle - Mapa<\/h3>\n\n<!-- iframe plugin v.6.0 wordpress.org\/plugins\/iframe\/ -->\n<iframe loading=\"lazy\" src=\"https:\/\/www.google.com\/maps\/d\/embed?mid=18OVW4FiG4noVz4vFAYmYzmjpOW8\" width=\"900\" 0=\"height=&quot;300&quot;&amp;gt;&amp;lt;\/iframe\" height=\"500\" scrolling=\"yes\" class=\"iframe-class\" frameborder=\"0\"><\/iframe>\n\n<h4>\n\t\tNot\u00edcias Padel\n\t<\/h4>\n\t\t\t\t<a href=\"https:\/\/www.facebook.com\/sharer.php?u=https:\/\/www.padel-test.de\/?page_id=18185&#038;fl_builder&#038;title=Padel+Frankfurt\">\n\t\t\t\t\t\t\t\t\t\t\t\tPartilhar no Facebook\n\t\t\t\t\t\t\t\t\t<\/a>\n\t\t\t\t<a href=\"https:\/\/twitter.com\/intent\/tweet?url=https:\/\/www.padel-test.de\/?page_id=18185&#038;fl_builder&#038;text=Padel+Frankfurt\">\n\t\t\t\t\t\t\t\t\t\t\t\tPartilhar no Twitter\n\t\t\t\t\t\t\t\t\t<\/a>\n\t\t\t\t<a href=\"https:\/\/www.linkedin.com\/shareArticle?mini=true&#038;url=https:\/\/www.padel-test.de\/?page_id=18185&#038;fl_builder&#038;title=Padel+Frankfurt\">\n\t\t\t\t\t\t\t\t\t\t\t\tPartilhar no Linkedin\n\t\t\t\t\t\t\t\t\t<\/a>\n\t\t\t\t<a href=\"mailto:?body=https:\/\/www.padel-test.de\/?page_id=18185&#038;fl_builder\">\n\t\t\t\t\t\t\t\t\t\t\t\tPartilhar em e-mail\n\t\t\t\t\t\t\t\t\t<\/a>","protected":false},"excerpt":{"rendered":"<p>Em Hessen, pode jogar padel especialmente em Frankfurt am Main e arredores. Um tribunal est\u00e1 localizado em Padel Frankfurt Niddapark. Desde a conclus\u00e3o do campo de padel ao ar livre, v\u00e1rios torneios de primeira classe e campeonatos nacionais de padel j\u00e1 foram realizados aqui! Padel RheinMain Wiesbaden-Wallau est\u00e1 localizado um pouco mais longe na direc\u00e7\u00e3o do Taunus. Nas instala\u00e7\u00f5es polidesportivas, pode jogar em 2 campos de padel interiores com modernas...<\/p>","protected":false},"author":1,"featured_media":18186,"parent":18160,"menu_order":14,"comment_status":"open","ping_status":"open","template":"","meta":{"_acf_changed":false,"_sitemap_exclude":false,"_sitemap_priority":"","_sitemap_frequency":"","_analytify_skip_tracking":false,"footnotes":""},"class_list":["post-18185","page","type-page","status-publish","has-post-thumbnail","hentry"],"acf":[],"_links":{"self":[{"href":"https:\/\/www.padel-test.de\/pt\/wp-json\/wp\/v2\/pages\/18185","targetHints":{"allow":["GET"]}}],"collection":[{"href":"https:\/\/www.padel-test.de\/pt\/wp-json\/wp\/v2\/pages"}],"about":[{"href":"https:\/\/www.padel-test.de\/pt\/wp-json\/wp\/v2\/types\/page"}],"author":[{"embeddable":true,"href":"https:\/\/www.padel-test.de\/pt\/wp-json\/wp\/v2\/users\/1"}],"replies":[{"embeddable":true,"href":"https:\/\/www.padel-test.de\/pt\/wp-json\/wp\/v2\/comments?post=18185"}],"version-history":[{"count":0,"href":"https:\/\/www.padel-test.de\/pt\/wp-json\/wp\/v2\/pages\/18185\/revisions"}],"up":[{"embeddable":true,"href":"https:\/\/www.padel-test.de\/pt\/wp-json\/wp\/v2\/pages\/18160"}],"wp:featuredmedia":[{"embeddable":true,"href":"https:\/\/www.padel-test.de\/pt\/wp-json\/wp\/v2\/media\/18186"}],"wp:attachment":[{"href":"https:\/\/www.padel-test.de\/pt\/wp-json\/wp\/v2\/media?parent=18185"}],"curies":[{"name":"wp","href":"https:\/\/api.w.org\/{rel}","templated":true}]}}