{"id":18193,"date":"2017-12-18T16:49:05","date_gmt":"2017-12-18T16:49:05","guid":{"rendered":"http:\/\/www.padel-test.de\/padel-plaetze\/padel-muenchen\/"},"modified":"2022-11-01T19:35:21","modified_gmt":"2022-11-01T19:35:21","slug":"padel-muenchen","status":"publish","type":"page","link":"https:\/\/www.padel-test.de\/pt\/campos-de-paddle\/padel-muenchen\/","title":{"rendered":"Padel Munique"},"content":{"rendered":"<p>Os desportos de remo tamb\u00e9m continuam a prosperar na capital da Baviera. Em Munique, entre outros lugares, voc\u00ea pode jogar no <a href=\"\/pt\/padelwelt-muenchen\/\">SportScheck Padel para todas as condi\u00e7\u00f5es meteorol\u00f3gicas<\/a> ser jogado.<\/p>\n<p>Esta instala\u00e7\u00e3o de padel \u00e9 tamb\u00e9m a terra natal do <a href=\"\/pt\/padel-club-muenchen\/\">Padel Club Munique<\/a>. O clube b\u00e1varo organiza regularmente torneios de remo muito bem organizados, que tamb\u00e9m t\u00eam uma boa reputa\u00e7\u00e3o muito al\u00e9m das fronteiras da Baviera.<\/p>\n<p>Naturalmente, cursos de degusta\u00e7\u00e3o e ofertas de treinamento tamb\u00e9m podem ser feitos no local do padel em Munique atrav\u00e9s do clube.<\/p>\n<p>Actualmente em constru\u00e7\u00e3o em <a href=\"\/pt\/padel-muenchen-geretsried\/\">Munique Geretsried uma nova f\u00e1brica de padel<\/a> com dois campos de padel ao ar livre novinhos em folha. A abertura oficial dos campos de padel est\u00e1 prevista para a Primavera de 2018.<\/p>\n<p>E ao norte de Munique, em Nuremberga, h\u00e1 tamb\u00e9m uma fant\u00e1stica instala\u00e7\u00e3o de padel ao ar livre no CAM de Nuremberga desde a primavera de 2017.<\/p>\n<p>Todas as localiza\u00e7\u00f5es de padel na Alemanha, \u00c1ustria e Su\u00ed\u00e7a num piscar de olhos:<\/p>\n<p><a href=\"\/pt\/campos-de-paddle\/\">Mapa Quadras Padel<\/a><\/p>\n<p>Agora h\u00e1 um campo de padel para quase todos os padelistas!<\/p>\n\t<h3>Campos de T\u00e9nis de Paddle - Mapa<\/h3>\n\n<!-- iframe plugin v.6.0 wordpress.org\/plugins\/iframe\/ -->\n<iframe loading=\"lazy\" src=\"https:\/\/www.google.com\/maps\/d\/embed?mid=18OVW4FiG4noVz4vFAYmYzmjpOW8\" width=\"900\" 0=\"height=&quot;300&quot;&amp;gt;&amp;lt;\/iframe\" height=\"500\" scrolling=\"yes\" class=\"iframe-class\" frameborder=\"0\"><\/iframe>\n\n<h4>\n\t\tNot\u00edcias Padel\n\t<\/h4>\n\t\t\t\t<a href=\"https:\/\/www.facebook.com\/sharer.php?u=https:\/\/www.padel-test.de\/?page_id=18193&#038;fl_builder&#038;title=Padel+M%C3%BCnchen\">\n\t\t\t\t\t\t\t\t\t\t\t\tPartilhar no Facebook\n\t\t\t\t\t\t\t\t\t<\/a>\n\t\t\t\t<a href=\"https:\/\/twitter.com\/intent\/tweet?url=https:\/\/www.padel-test.de\/?page_id=18193&#038;fl_builder&#038;text=Padel+M%C3%BCnchen\">\n\t\t\t\t\t\t\t\t\t\t\t\tPartilhar no Twitter\n\t\t\t\t\t\t\t\t\t<\/a>\n\t\t\t\t<a href=\"https:\/\/www.linkedin.com\/shareArticle?mini=true&#038;url=https:\/\/www.padel-test.de\/?page_id=18193&#038;fl_builder&#038;title=Padel+M%C3%BCnchen\">\n\t\t\t\t\t\t\t\t\t\t\t\tPartilhar no Linkedin\n\t\t\t\t\t\t\t\t\t<\/a>\n\t\t\t\t<a href=\"mailto:?body=https:\/\/www.padel-test.de\/?page_id=18193&#038;fl_builder\">\n\t\t\t\t\t\t\t\t\t\t\t\tPartilhar em e-mail\n\t\t\t\t\t\t\t\t\t<\/a>","protected":false},"excerpt":{"rendered":"<p>Os desportos de Padel tamb\u00e9m continuam a prosperar na capital da Baviera. Em Munique, o Padel pode ser jogado nas instala\u00e7\u00f5es da SportScheck para todas as condi\u00e7\u00f5es meteorol\u00f3gicas, entre outras. Esta instala\u00e7\u00e3o de padel \u00e9 tamb\u00e9m a terra natal do Padel Club Munich. O clube b\u00e1varo acolhe regularmente torneios de padel muito bem organizados, que tamb\u00e9m t\u00eam uma boa reputa\u00e7\u00e3o muito al\u00e9m das fronteiras da Baviera. \u00c9 claro que...<\/p>","protected":false},"author":1,"featured_media":16731,"parent":18160,"menu_order":15,"comment_status":"open","ping_status":"open","template":"","meta":{"_acf_changed":false,"_sitemap_exclude":false,"_sitemap_priority":"","_sitemap_frequency":"","_analytify_skip_tracking":false,"footnotes":""},"class_list":["post-18193","page","type-page","status-publish","has-post-thumbnail","hentry"],"acf":[],"_links":{"self":[{"href":"https:\/\/www.padel-test.de\/pt\/wp-json\/wp\/v2\/pages\/18193","targetHints":{"allow":["GET"]}}],"collection":[{"href":"https:\/\/www.padel-test.de\/pt\/wp-json\/wp\/v2\/pages"}],"about":[{"href":"https:\/\/www.padel-test.de\/pt\/wp-json\/wp\/v2\/types\/page"}],"author":[{"embeddable":true,"href":"https:\/\/www.padel-test.de\/pt\/wp-json\/wp\/v2\/users\/1"}],"replies":[{"embeddable":true,"href":"https:\/\/www.padel-test.de\/pt\/wp-json\/wp\/v2\/comments?post=18193"}],"version-history":[{"count":0,"href":"https:\/\/www.padel-test.de\/pt\/wp-json\/wp\/v2\/pages\/18193\/revisions"}],"up":[{"embeddable":true,"href":"https:\/\/www.padel-test.de\/pt\/wp-json\/wp\/v2\/pages\/18160"}],"wp:featuredmedia":[{"embeddable":true,"href":"https:\/\/www.padel-test.de\/pt\/wp-json\/wp\/v2\/media\/16731"}],"wp:attachment":[{"href":"https:\/\/www.padel-test.de\/pt\/wp-json\/wp\/v2\/media?parent=18193"}],"curies":[{"name":"wp","href":"https:\/\/api.w.org\/{rel}","templated":true}]}}