{"id":18196,"date":"2017-12-19T10:42:42","date_gmt":"2017-12-19T10:42:42","guid":{"rendered":"http:\/\/www.padel-test.de\/padel-plaetze\/padel-osnabrueck\/"},"modified":"2022-11-01T19:28:43","modified_gmt":"2022-11-01T19:28:43","slug":"padel-osnabrueck","status":"publish","type":"page","link":"https:\/\/www.padel-test.de\/pt\/campos-de-paddle\/padel-osnabrueck\/","title":{"rendered":"Padel Osnabr\u00fcck"},"content":{"rendered":"<p><strong>Tocar padel em Osnabr\u00fcck e arredores<\/strong><\/p>\n<p>Em Osnabr\u00fcck, o padel pode ser tocado em Espelkamp, Herzebrock-Clarholz e M\u00fcnster. Todos os tr\u00eas locais de padel est\u00e3o apenas a cerca de 30-50 minutos de Osnabr\u00fcck e podem, portanto, ser alcan\u00e7ados rapidamente de carro.<\/p>\n<p>Quem <a href=\"\/pt\/padel-tv-espelkamp\/\">Padel em Espelkamp<\/a> gostaria de jogar pode utilizar um dos dois campos de padel ao ar livre nos campos desportivos do clube de t\u00e9nis TV Espelkamp. O site \u00e9 agora um anfitri\u00e3o regular de <a href=\"\/pt\/torneios-de-padel-2\/\">Torneios de Paddle<\/a>.<\/p>\n<p>Convenientemente, h\u00e1 uma bancada de espectadores mesmo ao lado do tribunal. Portanto, n\u00e3o \u00e9 s\u00f3 jogar padel que \u00e9 divertido, mas tamb\u00e9m assistir aos numerosos eventos.<\/p>\n<p>Apenas 20 minutos de carro de G\u00fctersloh fica a <a href=\"\/pt\/padel-point-center-herzebrock\/\">Padel Point Center Herzebrock<\/a>. H\u00e1 um campo de padel ao ar livre com relva artificial e holofotes. O campo de padel \u00e9 operado pela Tennis-Point GmbH.<\/p>\n<p>E em M\u00fcnster pode encontrar o <a href=\"\/pt\/padel-muenster\/\">Padel Hall M\u00fcnster<\/a>que, para al\u00e9m do padel, oferece tamb\u00e9m futebol e uma grande gastronomia!<\/p>\n<p><em>-&gt; Voltar para o <a href=\"\/pt\/campos-de-paddle\/\">Mapa dos tribunais alem\u00e3es de Padel<\/a><\/em><\/p>\n\t<h3>Campos de T\u00e9nis de Paddle - Mapa<\/h3>\n\n<!-- iframe plugin v.6.0 wordpress.org\/plugins\/iframe\/ -->\n<iframe loading=\"lazy\" src=\"https:\/\/www.google.com\/maps\/d\/embed?mid=18OVW4FiG4noVz4vFAYmYzmjpOW8\" width=\"900\" 0=\"height=&quot;300&quot;&amp;gt;&amp;lt;\/iframe\" height=\"500\" scrolling=\"yes\" class=\"iframe-class\" frameborder=\"0\"><\/iframe>\n\n<h4>\n\t\tNot\u00edcias Padel\n\t<\/h4>\n\t\t\t\t<a href=\"https:\/\/www.facebook.com\/sharer.php?u=https:\/\/www.padel-test.de\/?page_id=18196&#038;fl_builder&#038;title=Padel+Osnabr%C3%BCck\">\n\t\t\t\t\t\t\t\t\t\t\t\tPartilhar no Facebook\n\t\t\t\t\t\t\t\t\t<\/a>\n\t\t\t\t<a href=\"https:\/\/twitter.com\/intent\/tweet?url=https:\/\/www.padel-test.de\/?page_id=18196&#038;fl_builder&#038;text=Padel+Osnabr%C3%BCck\">\n\t\t\t\t\t\t\t\t\t\t\t\tPartilhar no Twitter\n\t\t\t\t\t\t\t\t\t<\/a>\n\t\t\t\t<a href=\"https:\/\/www.linkedin.com\/shareArticle?mini=true&#038;url=https:\/\/www.padel-test.de\/?page_id=18196&#038;fl_builder&#038;title=Padel+Osnabr%C3%BCck\">\n\t\t\t\t\t\t\t\t\t\t\t\tPartilhar no Linkedin\n\t\t\t\t\t\t\t\t\t<\/a>\n\t\t\t\t<a href=\"mailto:?body=https:\/\/www.padel-test.de\/?page_id=18196&#038;fl_builder\">\n\t\t\t\t\t\t\t\t\t\t\t\tPartilhar em e-mail\n\t\t\t\t\t\t\t\t\t<\/a>","protected":false},"excerpt":{"rendered":"<p>Tocando padel em Osnabr\u00fcck e nos arredores de Osnabr\u00fcck, o padel pode ser tocado em Espelkamp, Herzebrock-Clarholz e M\u00fcnster. Todos os tr\u00eas locais de padel est\u00e3o apenas a cerca de 30-50 minutos de Osnabr\u00fcck e podem, portanto, ser alcan\u00e7ados rapidamente de carro. Se quiser jogar padel em Espelkamp, pode utilizar um dos dois campos de padel ao ar livre nos campos desportivos do...<\/p>","protected":false},"author":1,"featured_media":16857,"parent":18160,"menu_order":16,"comment_status":"open","ping_status":"open","template":"","meta":{"_acf_changed":false,"_sitemap_exclude":false,"_sitemap_priority":"","_sitemap_frequency":"","_analytify_skip_tracking":false,"footnotes":""},"class_list":["post-18196","page","type-page","status-publish","has-post-thumbnail","hentry"],"acf":[],"_links":{"self":[{"href":"https:\/\/www.padel-test.de\/pt\/wp-json\/wp\/v2\/pages\/18196","targetHints":{"allow":["GET"]}}],"collection":[{"href":"https:\/\/www.padel-test.de\/pt\/wp-json\/wp\/v2\/pages"}],"about":[{"href":"https:\/\/www.padel-test.de\/pt\/wp-json\/wp\/v2\/types\/page"}],"author":[{"embeddable":true,"href":"https:\/\/www.padel-test.de\/pt\/wp-json\/wp\/v2\/users\/1"}],"replies":[{"embeddable":true,"href":"https:\/\/www.padel-test.de\/pt\/wp-json\/wp\/v2\/comments?post=18196"}],"version-history":[{"count":0,"href":"https:\/\/www.padel-test.de\/pt\/wp-json\/wp\/v2\/pages\/18196\/revisions"}],"up":[{"embeddable":true,"href":"https:\/\/www.padel-test.de\/pt\/wp-json\/wp\/v2\/pages\/18160"}],"wp:featuredmedia":[{"embeddable":true,"href":"https:\/\/www.padel-test.de\/pt\/wp-json\/wp\/v2\/media\/16857"}],"wp:attachment":[{"href":"https:\/\/www.padel-test.de\/pt\/wp-json\/wp\/v2\/media?parent=18196"}],"curies":[{"name":"wp","href":"https:\/\/api.w.org\/{rel}","templated":true}]}}