{"id":18199,"date":"2017-12-24T15:58:34","date_gmt":"2017-12-24T15:58:34","guid":{"rendered":"http:\/\/www.padel-test.de\/padel-plaetze\/padel-duesseldorf\/"},"modified":"2022-10-31T22:20:39","modified_gmt":"2022-10-31T22:20:39","slug":"padel-duesseldorf","status":"publish","type":"page","link":"https:\/\/www.padel-test.de\/pt\/campos-de-paddle\/padel-duesseldorf\/","title":{"rendered":"Padel D\u00fcsseldorf"},"content":{"rendered":"<p>Dusseld\u00f3rfia tem agora tamb\u00e9m tribunais de padel. Depois do rival local Col\u00f3nia ter tido 3 campos de padel durante algum tempo, Dusseldorf pode finalmente recuperar o atraso.<\/p>\n<p>Porque um novo projecto de padel foi criado no TG Nord Lohausen:<\/p>\n<p><a href=\"\/pt\/padel-duesseldorf-tg-nord\/\">Padel D\u00fcsseldorf TG Norte<\/a><\/p>\n<p>&nbsp;<\/p>\n<p>O potencial dos jogadores de padel est\u00e1 definitivamente presente na regi\u00e3o de Dusseldorf e esperamos mais campos de padel em Dusseldorf!<\/p>\n<p>Caso contr\u00e1rio, o tribunal de padel mais pr\u00f3ximo \u00e9 a instala\u00e7\u00e3o de padel do <a href=\"https:\/\/www.padel-test.de\/pt\/tvn-padel-essen\/\">TVN Padel Essen<\/a>. Em alternativa, tribunais de padel como <a href=\"https:\/\/www.padel-test.de\/pt\/padel-colonia\/\">Padel Colonia em Col\u00f3nia<\/a>\u00a0apenas 40 minutos de carro do centro da cidade de D\u00fcsseldorf.<\/p>\n<p>Em geral, h\u00e1 muitos <a href=\"\/pt\/campos-de-paddle\/padel-zona-do-ruhr\/\">Tribunais de Padel na zona do Ruhr<\/a>\u00a0- por exemplo, em Werne, Essen, Herne e em breve tamb\u00e9m em Bochum.<\/p>\n<p><em>No nosso mapa de padel pode ver onde j\u00e1 existem <a href=\"https:\/\/www.padel-test.de\/pt\/campos-de-paddle\/\">Tribunais de Padel na Alemanha<\/a> d\u00e1.<\/em><\/p>","protected":false},"excerpt":{"rendered":"<p>D\u00fcsseldorf tem agora tamb\u00e9m campos de padel. Depois de a rival Col\u00f3nia ter tido 3 campos de padel durante algum tempo, D\u00fcsseldorf pode finalmente recuperar o atraso. Foi criado um novo projecto de padel no TG Nord Lohausen: Padel D\u00fcsseldorf TG Nord O potencial dos jogadores de padel est\u00e1 definitivamente presente na regi\u00e3o de D\u00fcsseldorf e n\u00f3s...<\/p>","protected":false},"author":1,"featured_media":0,"parent":18160,"menu_order":17,"comment_status":"closed","ping_status":"closed","template":"","meta":{"_acf_changed":false,"_sitemap_exclude":false,"_sitemap_priority":"","_sitemap_frequency":"","_analytify_skip_tracking":false,"footnotes":""},"class_list":["post-18199","page","type-page","status-publish","hentry"],"acf":[],"_links":{"self":[{"href":"https:\/\/www.padel-test.de\/pt\/wp-json\/wp\/v2\/pages\/18199","targetHints":{"allow":["GET"]}}],"collection":[{"href":"https:\/\/www.padel-test.de\/pt\/wp-json\/wp\/v2\/pages"}],"about":[{"href":"https:\/\/www.padel-test.de\/pt\/wp-json\/wp\/v2\/types\/page"}],"author":[{"embeddable":true,"href":"https:\/\/www.padel-test.de\/pt\/wp-json\/wp\/v2\/users\/1"}],"replies":[{"embeddable":true,"href":"https:\/\/www.padel-test.de\/pt\/wp-json\/wp\/v2\/comments?post=18199"}],"version-history":[{"count":0,"href":"https:\/\/www.padel-test.de\/pt\/wp-json\/wp\/v2\/pages\/18199\/revisions"}],"up":[{"embeddable":true,"href":"https:\/\/www.padel-test.de\/pt\/wp-json\/wp\/v2\/pages\/18160"}],"wp:attachment":[{"href":"https:\/\/www.padel-test.de\/pt\/wp-json\/wp\/v2\/media?parent=18199"}],"curies":[{"name":"wp","href":"https:\/\/api.w.org\/{rel}","templated":true}]}}