{"id":18202,"date":"2017-12-24T16:16:32","date_gmt":"2017-12-24T16:16:32","guid":{"rendered":"http:\/\/www.padel-test.de\/padel-plaetze\/padel-stuttgart\/"},"modified":"2022-10-25T23:58:25","modified_gmt":"2022-10-25T23:58:25","slug":"padel-stuttgart","status":"publish","type":"page","link":"https:\/\/www.padel-test.de\/pt\/campos-de-paddle\/padel-stuttgart\/","title":{"rendered":"Padel Stuttgart"},"content":{"rendered":"<p>As quadras de padel em Stuttgart, a capital de Baden-W\u00fcrttemberg, estiveram em fase de planejamento por muito tempo. At\u00e9 agora, a regra era: se voc\u00ea veio de Stuttgart, voc\u00ea tinha que ser m\u00f3vel para jogar padel.<\/p>\n<p>Mas desde junho de 2019, n\u00e3o h\u00e1 mais muito o que fazer.<\/p>\n<p>Porque agora h\u00e1 um campo de padel ao ar livre no Stuttgarter Kickers.<\/p>\n<p>Aqui voc\u00ea pode encontrar mais informa\u00e7\u00f5es sobre <a href=\"\/pt\/localizacoes-do-padel-2\/padel-stuttgarter-kickers\/\">Padel Stuttgart Kickers<\/a>.<\/p>\n<p>&nbsp;<\/p>\n<p>E nas proximidades h\u00e1 um muito forte <a href=\"\/pt\/campos-de-paddle\/padel-karlsruhe\/\">Comunidade Padel em Karlsruhe<\/a> com 6 campos de padel (campos de padel interiores e exteriores, novos campos de padel todos os anos) ou no <a href=\"\/pt\/localizacoes-do-padel-2\/padel-heilbronn-schwaigern\/\">quadra de Padel em Schwaigern<\/a> pode ser evitado. O tempo de viagem de carro \u00e9 de cerca de 60 minutos de Stuttgart.<\/p>\n<p>Como j\u00e1 havia uma quadra de padel m\u00f3vel em Stuttgart a t\u00edtulo experimental, que foi muito bem recebida pelos atletas de Stuttgart, estamos felizes que o padel esteja finalmente firmemente ancorado em Stuttgart e desejamos que a localiza\u00e7\u00e3o do padel em Stuttgart cres\u00e7a com muito mais quadras de padel!<\/p>\n\t<h3>Campos de T\u00e9nis de Paddle - Mapa<\/h3>\n\n<!-- iframe plugin v.6.0 wordpress.org\/plugins\/iframe\/ -->\n<iframe loading=\"lazy\" src=\"https:\/\/www.google.com\/maps\/d\/embed?mid=18OVW4FiG4noVz4vFAYmYzmjpOW8\" width=\"900\" 0=\"height=&quot;300&quot;&amp;gt;&amp;lt;\/iframe\" height=\"500\" scrolling=\"yes\" class=\"iframe-class\" frameborder=\"0\"><\/iframe>\n\n<h4>\n\t\tPadel News Stuttgart\n\t<\/h4>\n\t\t\t\t<a href=\"https:\/\/www.facebook.com\/sharer.php?u=https:\/\/www.padel-test.de\/padel-plaetze\/padel-stuttgart\/?fl_builder&#038;title=Padel+Stuttgart\">\n\t\t\t\t\t\t\t\t\t\t\t\tPartilhar no Facebook\n\t\t\t\t\t\t\t\t\t<\/a>\n\t\t\t\t<a href=\"https:\/\/twitter.com\/intent\/tweet?url=https:\/\/www.padel-test.de\/padel-plaetze\/padel-stuttgart\/?fl_builder&#038;text=Padel+Stuttgart\">\n\t\t\t\t\t\t\t\t\t\t\t\tPartilhar no Twitter\n\t\t\t\t\t\t\t\t\t<\/a>\n\t\t\t\t<a href=\"https:\/\/www.linkedin.com\/shareArticle?mini=true&#038;url=https:\/\/www.padel-test.de\/padel-plaetze\/padel-stuttgart\/?fl_builder&#038;title=Padel+Stuttgart\">\n\t\t\t\t\t\t\t\t\t\t\t\tPartilhar no Linkedin\n\t\t\t\t\t\t\t\t\t<\/a>\n\t\t\t\t<a href=\"mailto:?body=https:\/\/www.padel-test.de\/padel-plaetze\/padel-stuttgart\/?fl_builder\">\n\t\t\t\t\t\t\t\t\t\t\t\tPartilhar em Email\n\t\t\t\t\t\t\t\t\t<\/a>","protected":false},"excerpt":{"rendered":"<p>Os tribunais de Padel em Estugarda, a capital de Baden-W\u00fcrttemberg, estiveram em fase de planeamento durante muito tempo. At\u00e9 agora, a regra era: se viesse de Estugarda, tinha de se ser m\u00f3vel para jogar padel. Mas desde Junho de 2019, j\u00e1 n\u00e3o precisava de conduzir muito. Porque agora existe um campo de Padel ao ar livre no Stuttgarter Kickers. Aqui pode encontrar mais informa\u00e7\u00f5es sobre...<\/p>","protected":false},"author":1,"featured_media":17038,"parent":18160,"menu_order":1,"comment_status":"closed","ping_status":"closed","template":"","meta":{"_acf_changed":false,"_sitemap_exclude":false,"_sitemap_priority":"","_sitemap_frequency":"","_analytify_skip_tracking":false,"footnotes":""},"class_list":["post-18202","page","type-page","status-publish","has-post-thumbnail","hentry"],"acf":[],"_links":{"self":[{"href":"https:\/\/www.padel-test.de\/pt\/wp-json\/wp\/v2\/pages\/18202","targetHints":{"allow":["GET"]}}],"collection":[{"href":"https:\/\/www.padel-test.de\/pt\/wp-json\/wp\/v2\/pages"}],"about":[{"href":"https:\/\/www.padel-test.de\/pt\/wp-json\/wp\/v2\/types\/page"}],"author":[{"embeddable":true,"href":"https:\/\/www.padel-test.de\/pt\/wp-json\/wp\/v2\/users\/1"}],"replies":[{"embeddable":true,"href":"https:\/\/www.padel-test.de\/pt\/wp-json\/wp\/v2\/comments?post=18202"}],"version-history":[{"count":0,"href":"https:\/\/www.padel-test.de\/pt\/wp-json\/wp\/v2\/pages\/18202\/revisions"}],"up":[{"embeddable":true,"href":"https:\/\/www.padel-test.de\/pt\/wp-json\/wp\/v2\/pages\/18160"}],"wp:featuredmedia":[{"embeddable":true,"href":"https:\/\/www.padel-test.de\/pt\/wp-json\/wp\/v2\/media\/17038"}],"wp:attachment":[{"href":"https:\/\/www.padel-test.de\/pt\/wp-json\/wp\/v2\/media?parent=18202"}],"curies":[{"name":"wp","href":"https:\/\/api.w.org\/{rel}","templated":true}]}}