{"id":18204,"date":"2017-12-24T21:35:48","date_gmt":"2017-12-24T21:35:48","guid":{"rendered":"http:\/\/www.padel-test.de\/padel-plaetze\/padel-baden-baden\/"},"modified":"2022-10-25T23:46:15","modified_gmt":"2022-10-25T23:46:15","slug":"banho-de-remo-banho","status":"publish","type":"page","link":"https:\/\/www.padel-test.de\/pt\/campos-de-paddle\/banho-de-remo-banho\/","title":{"rendered":"Padel Baden-Baden"},"content":{"rendered":"<p><strong>Jogar padel em Baden-Baden e arredores<\/strong><\/p>\n<p>H\u00e1 actualmente um campo de padel em Baden-Baden. Em <a href=\"\/pt\/localizacoes-do-padel-2\/padel-court4-baden-baden\/\">Baden-Baden Court4<\/a> pode ser jogado em um tribunal panor\u00e2mico. Gra\u00e7as aos holofotes, a quadra ao ar livre pode ser jogada a qualquer momento.<\/p>\n<p>A instala\u00e7\u00e3o desportiva Court4 tamb\u00e9m acolhe regularmente <a href=\"\/pt\/torneios-de-padel-2\/\">Torneios de Paddle<\/a>eventos e workshops acontecem. Al\u00e9m disso, h\u00e1 uma escola de padel com Axel Bernhard, que \u00e9 da <a href=\"\/pt\/federacao-mundial-de-padel\/\">Federa\u00e7\u00e3o Mundial de Padel FIP<\/a> foi treinado.<\/p>\n<p><em>Nas proximidades, voc\u00ea tamb\u00e9m pode visitar\u00a0<a href=\"\/pt\/campos-de-paddle\/padel-karlsruhe\/\">Karlsruhe Jogar Padel<\/a>!<\/em><\/p>\n\t<h3>Campos de T\u00e9nis de Paddle - Mapa<\/h3>\n\n<!-- iframe plugin v.6.0 wordpress.org\/plugins\/iframe\/ -->\n<iframe loading=\"lazy\" src=\"https:\/\/www.google.com\/maps\/d\/embed?mid=18OVW4FiG4noVz4vFAYmYzmjpOW8\" width=\"900\" 0=\"height=&quot;300&quot;&amp;gt;&amp;lt;\/iframe\" height=\"500\" scrolling=\"yes\" class=\"iframe-class\" frameborder=\"0\"><\/iframe>\n\n<h4>\n\t\tPadel News Baden-Baden\n\t<\/h4>\n\t\t\t\t<a href=\"https:\/\/www.facebook.com\/sharer.php?u=https:\/\/www.padel-test.de\/padel-plaetze\/padel-baden-baden\/?fl_builder&#038;title=Padel+Baden-Baden\">\n\t\t\t\t\t\t\t\t\t\t\t\tPartilhar no Facebook\n\t\t\t\t\t\t\t\t\t<\/a>\n\t\t\t\t<a href=\"https:\/\/twitter.com\/intent\/tweet?url=https:\/\/www.padel-test.de\/padel-plaetze\/padel-baden-baden\/?fl_builder&#038;text=Padel+Baden-Baden\">\n\t\t\t\t\t\t\t\t\t\t\t\tPartilhar no Twitter\n\t\t\t\t\t\t\t\t\t<\/a>\n\t\t\t\t<a href=\"https:\/\/www.linkedin.com\/shareArticle?mini=true&#038;url=https:\/\/www.padel-test.de\/padel-plaetze\/padel-baden-baden\/?fl_builder&#038;title=Padel+Baden-Baden\">\n\t\t\t\t\t\t\t\t\t\t\t\tPartilhar no Linkedin\n\t\t\t\t\t\t\t\t\t<\/a>\n\t\t\t\t<a href=\"mailto:?body=https:\/\/www.padel-test.de\/padel-plaetze\/padel-baden-baden\/?fl_builder\">\n\t\t\t\t\t\t\t\t\t\t\t\tPartilhar em Email\n\t\t\t\t\t\t\t\t\t<\/a>","protected":false},"excerpt":{"rendered":"<p>Jogar padel em Baden-Baden e arredores Existe actualmente um campo de padel em Baden-Baden. Pode jogar num campo panor\u00e2mico em Baden-Baden Court4. Gra\u00e7as aos holofotes, a quadra exterior pode ser jogada em qualquer altura. Torneios, eventos e workshops de Padel tamb\u00e9m t\u00eam lugar regularmente nas instala\u00e7\u00f5es desportivas do Court4. Al\u00e9m disso, existe uma escola de padel com Axel Bernhard, que foi treinada pela FIP....<\/p>","protected":false},"author":1,"featured_media":16688,"parent":18160,"menu_order":2,"comment_status":"closed","ping_status":"closed","template":"","meta":{"_acf_changed":false,"_sitemap_exclude":false,"_sitemap_priority":"","_sitemap_frequency":"","_analytify_skip_tracking":false,"footnotes":""},"class_list":["post-18204","page","type-page","status-publish","has-post-thumbnail","hentry"],"acf":[],"_links":{"self":[{"href":"https:\/\/www.padel-test.de\/pt\/wp-json\/wp\/v2\/pages\/18204","targetHints":{"allow":["GET"]}}],"collection":[{"href":"https:\/\/www.padel-test.de\/pt\/wp-json\/wp\/v2\/pages"}],"about":[{"href":"https:\/\/www.padel-test.de\/pt\/wp-json\/wp\/v2\/types\/page"}],"author":[{"embeddable":true,"href":"https:\/\/www.padel-test.de\/pt\/wp-json\/wp\/v2\/users\/1"}],"replies":[{"embeddable":true,"href":"https:\/\/www.padel-test.de\/pt\/wp-json\/wp\/v2\/comments?post=18204"}],"version-history":[{"count":0,"href":"https:\/\/www.padel-test.de\/pt\/wp-json\/wp\/v2\/pages\/18204\/revisions"}],"up":[{"embeddable":true,"href":"https:\/\/www.padel-test.de\/pt\/wp-json\/wp\/v2\/pages\/18160"}],"wp:featuredmedia":[{"embeddable":true,"href":"https:\/\/www.padel-test.de\/pt\/wp-json\/wp\/v2\/media\/16688"}],"wp:attachment":[{"href":"https:\/\/www.padel-test.de\/pt\/wp-json\/wp\/v2\/media?parent=18204"}],"curies":[{"name":"wp","href":"https:\/\/api.w.org\/{rel}","templated":true}]}}