{"id":18206,"date":"2017-12-24T09:35:18","date_gmt":"2017-12-24T09:35:18","guid":{"rendered":"http:\/\/www.padel-test.de\/padel-plaetze\/padel-nuernberg\/"},"modified":"2022-10-25T23:36:50","modified_gmt":"2022-10-25T23:36:50","slug":"padel-nuremberga","status":"publish","type":"page","link":"https:\/\/www.padel-test.de\/pt\/campos-de-paddle\/padel-nuremberga\/","title":{"rendered":"Padel Nuremberga"},"content":{"rendered":"<p>Jogadores de Padel da Franconia podem jogar partidas de Padel em Nurembergue no Club am Marienberg (CAM). O <a href=\"\/pt\/localizacoes-do-padel-2\/padel-nuernernberg-marienberg\/\">CAM de Nuremberga das instala\u00e7\u00f5es de Padel<\/a> est\u00e1 equipado com duas quadras de padel de \u00faltima gera\u00e7\u00e3o e faz parte dos extensos campos esportivos do Club am Marienberg. Al\u00e9m do padel, outros esportes tamb\u00e9m s\u00e3o oferecidos aqui, para que voc\u00ea fa\u00e7a parte de uma grande comunidade esportiva.<\/p>\n<p>Nas proximidades, existe tamb\u00e9m uma quadra coberta de padel desde o in\u00edcio de 2019 - no <a href=\"\/pt\/localizacoes-do-padel-2\/padel-nuernberg-sportpark-nord\/\">Padel Nuremberga Sportpark Norte<\/a>.<\/p>\n<p>Isto significa que torneios maiores podem agora ser realizados em ambos os locais do padel juntos!<\/p>\n<p>Al\u00e9m disso, est\u00e1 a ser planeada outra instala\u00e7\u00e3o de padel perto de Nuremberga: em Herzogenaurach, possivelmente ainda em <a href=\"\/pt\/padel-adidas\/\">adidas Padel<\/a>\u00a0ser\u00e1 constru\u00edda uma quadra de padel<em>.<\/em><\/p>\n<p>&nbsp;<\/p>\n<p><em>Mais oportunidades de jogo na Baviera: <a href=\"\/pt\/campos-de-paddle\/padel-muenchen\/\">Quadras de Padel Munique<\/a>\u00a0e o <a href=\"\/pt\/padel-wuerzburg\/\">Padelarena W\u00fcrzburg<\/a><\/em><\/p>\n\t<h3>Campos de T\u00e9nis de Paddle - Mapa<\/h3>\n\n<!-- iframe plugin v.6.0 wordpress.org\/plugins\/iframe\/ -->\n<iframe loading=\"lazy\" src=\"https:\/\/www.google.com\/maps\/d\/embed?mid=18OVW4FiG4noVz4vFAYmYzmjpOW8\" width=\"900\" 0=\"height=&quot;300&quot;&amp;gt;&amp;lt;\/iframe\" height=\"500\" scrolling=\"yes\" class=\"iframe-class\" frameborder=\"0\"><\/iframe>\n\n<h4>\n\t\tPadel News Nuremberga\n\t<\/h4>\n\t\t\t\t<a href=\"https:\/\/www.facebook.com\/sharer.php?u=https:\/\/www.padel-test.de\/padel-plaetze\/padel-nuernberg\/?fl_builder&#038;title=Padel+N%C3%BCrnberg\">\n\t\t\t\t\t\t\t\t\t\t\t\tPartilhar no Facebook\n\t\t\t\t\t\t\t\t\t<\/a>\n\t\t\t\t<a href=\"https:\/\/twitter.com\/intent\/tweet?url=https:\/\/www.padel-test.de\/padel-plaetze\/padel-nuernberg\/?fl_builder&#038;text=Padel+N%C3%BCrnberg\">\n\t\t\t\t\t\t\t\t\t\t\t\tPartilhar no Twitter\n\t\t\t\t\t\t\t\t\t<\/a>\n\t\t\t\t<a href=\"https:\/\/www.linkedin.com\/shareArticle?mini=true&#038;url=https:\/\/www.padel-test.de\/padel-plaetze\/padel-nuernberg\/?fl_builder&#038;title=Padel+N%C3%BCrnberg\">\n\t\t\t\t\t\t\t\t\t\t\t\tPartilhar no Linkedin\n\t\t\t\t\t\t\t\t\t<\/a>\n\t\t\t\t<a href=\"mailto:?body=https:\/\/www.padel-test.de\/padel-plaetze\/padel-nuernberg\/?fl_builder\">\n\t\t\t\t\t\t\t\t\t\t\t\tPartilhar em Email\n\t\t\t\t\t\t\t\t\t<\/a>","protected":false},"excerpt":{"rendered":"<p>Os jogadores de padel da Franc\u00f3nia podem jogar jogos de padel em Nuremberga no Club am Marienberg (CAM). As instala\u00e7\u00f5es de padel do CAM de Nuremberga est\u00e3o equipadas com dois campos de padel de \u00faltima gera\u00e7\u00e3o e fazem parte dos extensos campos desportivos do Club am Marienberg. Para al\u00e9m do padel, s\u00e3o tamb\u00e9m oferecidos outros desportos, para que fa\u00e7a parte de uma grande comunidade desportiva....<\/p>","protected":false},"author":1,"featured_media":16718,"parent":18160,"menu_order":3,"comment_status":"closed","ping_status":"closed","template":"","meta":{"_acf_changed":false,"_sitemap_exclude":false,"_sitemap_priority":"","_sitemap_frequency":"","_analytify_skip_tracking":false,"footnotes":""},"class_list":["post-18206","page","type-page","status-publish","has-post-thumbnail","hentry"],"acf":[],"_links":{"self":[{"href":"https:\/\/www.padel-test.de\/pt\/wp-json\/wp\/v2\/pages\/18206","targetHints":{"allow":["GET"]}}],"collection":[{"href":"https:\/\/www.padel-test.de\/pt\/wp-json\/wp\/v2\/pages"}],"about":[{"href":"https:\/\/www.padel-test.de\/pt\/wp-json\/wp\/v2\/types\/page"}],"author":[{"embeddable":true,"href":"https:\/\/www.padel-test.de\/pt\/wp-json\/wp\/v2\/users\/1"}],"replies":[{"embeddable":true,"href":"https:\/\/www.padel-test.de\/pt\/wp-json\/wp\/v2\/comments?post=18206"}],"version-history":[{"count":0,"href":"https:\/\/www.padel-test.de\/pt\/wp-json\/wp\/v2\/pages\/18206\/revisions"}],"up":[{"embeddable":true,"href":"https:\/\/www.padel-test.de\/pt\/wp-json\/wp\/v2\/pages\/18160"}],"wp:featuredmedia":[{"embeddable":true,"href":"https:\/\/www.padel-test.de\/pt\/wp-json\/wp\/v2\/media\/16718"}],"wp:attachment":[{"href":"https:\/\/www.padel-test.de\/pt\/wp-json\/wp\/v2\/media?parent=18206"}],"curies":[{"name":"wp","href":"https:\/\/api.w.org\/{rel}","templated":true}]}}