{"id":18208,"date":"2017-12-24T21:40:27","date_gmt":"2017-12-24T21:40:27","guid":{"rendered":"http:\/\/www.padel-test.de\/padel-plaetze\/padel-bodensee\/"},"modified":"2022-10-25T23:11:26","modified_gmt":"2022-10-25T23:11:26","slug":"padel-bodensee","status":"publish","type":"page","link":"https:\/\/www.padel-test.de\/pt\/campos-de-paddle\/padel-bodensee\/","title":{"rendered":"Padel Lake Constance"},"content":{"rendered":"<p>Tocar padel no Lago Constan\u00e7a: No belo tri\u00e2ngulo fronteiri\u00e7o entre a Alemanha, \u00c1ustria e Su\u00ed\u00e7a, o padel pode ser tocado em Bregenz. Dois campos de padel ao ar livre com relva artificial est\u00e3o dispon\u00edveis nos campos desportivos de TC Hard Vorarlberg. Os tribunais est\u00e3o localizados em Bregenz-Hard, na \u00c1ustria.<\/p>\n<p>Os dois ainda s\u00e3o <a href=\"\/pt\/localizacoes-do-padel-2\/padel-tc-hard-bregenz\/\">Tribunais de Padel de TC Bregenz Hard<\/a> os \u00fanicos no Lago Constan\u00e7a. Mas j\u00e1 est\u00e3o previstos dois novos campos de padel em Lindau-Wasserburg!<\/p>\n<p>Continua a ser emocionante se outros clubes em Constance, Friedrichshafen, Bregenz ou Lindau seguir\u00e3o o exemplo!<\/p>\n<ul>\n<li><a href=\"\/pt\/locais-de-padel-na-alemanha\/\">Tribunais de Padel Alemanha<\/a><\/li>\n<li><a href=\"\/pt\/campos-de-paddle-na-austria\/\">Quadras de Padel na \u00c1ustria<\/a><\/li>\n<li><a href=\"\/pt\/campos-de-padel-na-suica\/\">Tribunais de Padel na Su\u00ed\u00e7a<\/a><\/li>\n<li><a href=\"\/pt\/campos-de-paddle\/\">Mapa dos tribunais de Padel<\/a><\/li>\n<\/ul>\n\t<h3>Campos de T\u00e9nis de Paddle - Mapa<\/h3>\n\n<!-- iframe plugin v.6.0 wordpress.org\/plugins\/iframe\/ -->\n<iframe loading=\"lazy\" src=\"https:\/\/www.google.com\/maps\/d\/embed?mid=18OVW4FiG4noVz4vFAYmYzmjpOW8\" width=\"900\" 0=\"height=&quot;300&quot;&amp;gt;&amp;lt;\/iframe\" height=\"500\" scrolling=\"yes\" class=\"iframe-class\" frameborder=\"0\"><\/iframe>\n\n<h4>\n\t\tPadel News Lago Constan\u00e7a\n\t<\/h4>\n\t\t\t\t<a href=\"https:\/\/www.facebook.com\/sharer.php?u=https:\/\/www.padel-test.de\/padel-plaetze\/padel-bodensee\/?fl_builder&#038;title=Padel+Bodensee\">\n\t\t\t\t\t\t\t\t\t\t\t\tPartilhar no Facebook\n\t\t\t\t\t\t\t\t\t<\/a>\n\t\t\t\t<a href=\"https:\/\/twitter.com\/intent\/tweet?url=https:\/\/www.padel-test.de\/padel-plaetze\/padel-bodensee\/?fl_builder&#038;text=Padel+Bodensee\">\n\t\t\t\t\t\t\t\t\t\t\t\tPartilhar no Twitter\n\t\t\t\t\t\t\t\t\t<\/a>\n\t\t\t\t<a href=\"https:\/\/www.linkedin.com\/shareArticle?mini=true&#038;url=https:\/\/www.padel-test.de\/padel-plaetze\/padel-bodensee\/?fl_builder&#038;title=Padel+Bodensee\">\n\t\t\t\t\t\t\t\t\t\t\t\tPartilhar no Linkedin\n\t\t\t\t\t\t\t\t\t<\/a>\n\t\t\t\t<a href=\"mailto:?body=https:\/\/www.padel-test.de\/padel-plaetze\/padel-bodensee\/?fl_builder\">\n\t\t\t\t\t\t\t\t\t\t\t\tPartilhar em Email\n\t\t\t\t\t\t\t\t\t<\/a>","protected":false},"excerpt":{"rendered":"<p>Jogar padel no Lago de Constan\u00e7a: No belo tri\u00e2ngulo fronteiri\u00e7o entre a Alemanha, a \u00c1ustria e a Su\u00ed\u00e7a, o padel pode ser jogado em Bregenz. Dois campos de padel ao ar livre com relva artificial est\u00e3o dispon\u00edveis nos campos desportivos do TC Hard Vorarlberg. Os campos est\u00e3o situados em Bregenz-Hard, na \u00c1ustria. Os dois campos de padel do TC Bregenz Hard continuam a ser os \u00fanicos...<\/p>","protected":false},"author":1,"featured_media":16877,"parent":18160,"menu_order":4,"comment_status":"closed","ping_status":"closed","template":"","meta":{"_acf_changed":false,"_sitemap_exclude":false,"_sitemap_priority":"","_sitemap_frequency":"","_analytify_skip_tracking":false,"footnotes":""},"class_list":["post-18208","page","type-page","status-publish","has-post-thumbnail","hentry"],"acf":[],"_links":{"self":[{"href":"https:\/\/www.padel-test.de\/pt\/wp-json\/wp\/v2\/pages\/18208","targetHints":{"allow":["GET"]}}],"collection":[{"href":"https:\/\/www.padel-test.de\/pt\/wp-json\/wp\/v2\/pages"}],"about":[{"href":"https:\/\/www.padel-test.de\/pt\/wp-json\/wp\/v2\/types\/page"}],"author":[{"embeddable":true,"href":"https:\/\/www.padel-test.de\/pt\/wp-json\/wp\/v2\/users\/1"}],"replies":[{"embeddable":true,"href":"https:\/\/www.padel-test.de\/pt\/wp-json\/wp\/v2\/comments?post=18208"}],"version-history":[{"count":0,"href":"https:\/\/www.padel-test.de\/pt\/wp-json\/wp\/v2\/pages\/18208\/revisions"}],"up":[{"embeddable":true,"href":"https:\/\/www.padel-test.de\/pt\/wp-json\/wp\/v2\/pages\/18160"}],"wp:featuredmedia":[{"embeddable":true,"href":"https:\/\/www.padel-test.de\/pt\/wp-json\/wp\/v2\/media\/16877"}],"wp:attachment":[{"href":"https:\/\/www.padel-test.de\/pt\/wp-json\/wp\/v2\/media?parent=18208"}],"curies":[{"name":"wp","href":"https:\/\/api.w.org\/{rel}","templated":true}]}}