{"id":18212,"date":"2017-12-24T18:29:56","date_gmt":"2017-12-24T18:29:56","guid":{"rendered":"http:\/\/www.padel-test.de\/padel-plaetze\/padel-zuerich\/"},"modified":"2022-10-25T23:05:19","modified_gmt":"2022-10-25T23:05:19","slug":"padel-zurique","status":"publish","type":"page","link":"https:\/\/www.padel-test.de\/pt\/campos-de-paddle\/padel-zurique\/","title":{"rendered":"Padel Zurique"},"content":{"rendered":"<p><strong>Padel em Zurique e arredores<\/strong><\/p>\n<p>A \u00e1rea em torno de Zurique tem o maior n\u00famero de quadras de padel na Su\u00ed\u00e7a. Neste momento, o padel pode ser jogado em 6 clubes. Outras instala\u00e7\u00f5es de padel est\u00e3o na fase de planeamento.<\/p>\n<p>Em <a href=\"\/pt\/padel-zuerich-unterland\/\">Padelclub Zurich Unterland<\/a> h\u00e1 um campo de padel ao ar livre com holofotes. A quadra faz parte das instala\u00e7\u00f5es esportivas bassersdorf x aktiv e fica a apenas alguns minutos do aeroporto de Zurique.<\/p>\n<p><a href=\"\/pt\/padel-tc-unterengstringen\/\">Padel no TC Unterengstringen<\/a> pode ser jogado em tr\u00eas quadras de padel ao ar livre. Al\u00e9m disso, s\u00e3o a\u00ed realizadas aulas de remo para iniciantes e torneios importantes de remo, como o Zurich Open.<\/p>\n<p>Sobre a <a href=\"\/pt\/padel-zuerich-sonnenberg\/\">Quadra de Padel das instala\u00e7\u00f5es esportivas da Sonnenberg<\/a> pode ser remado num campo ao ar livre. A unidade de padel fica muito perto de Zurique (3 km) e tamb\u00e9m oferece instala\u00e7\u00f5es de bem-estar.<\/p>\n<p>No sul de Zurique, \u00e0s margens do Lago Zurique, encontra-se a <a href=\"\/pt\/padel-horgen-zuerich\/\">Padel Court Horgen<\/a>. Aqui, tamb\u00e9m, pode brincar num campo ao ar livre com holofotes. H\u00e1 tamb\u00e9m uma padelaria com equipamentos de fornecedores de padel bem conhecidos.<\/p>\n<p>N\u00e3o muito longe no <a href=\"\/pt\/padelarena-waedenswil-zuerich\/\">Padelarena W\u00e4denswil<\/a> representa o <strong>O maior sal\u00e3o de padel indoor da Su\u00ed\u00e7a<\/strong>! O padel tem 5 quadras internas e oferece regularmente acampamentos e torneios de padel.<\/p>\n<p>No noroeste de Zurique encontra-se a <a href=\"\/pt\/padel-brugg\/\">Padel Tennis Club Brugg<\/a>. Tamb\u00e9m h\u00e1 aqui um tribunal ao ar livre! Uma ades\u00e3o experimental para a temporada de ver\u00e3o est\u00e1 dispon\u00edvel, especialmente para jogadores de padel.<\/p>\n<ul>\n<li><em>Todos <a href=\"\/pt\/campos-de-padel-na-suica\/\">Tribunais de Padel na Su\u00ed\u00e7a<\/a> voc\u00ea pode encontrar aqui!<\/em><\/li>\n<li><em>E um <a href=\"\/pt\/campos-de-paddle\/\">Mapa de Padel Courts Su\u00ed\u00e7a<\/a> voc\u00ea pode encontrar aqui!<\/em><\/li>\n<\/ul>\n\t<h3>Campos de T\u00e9nis de Paddle - Mapa<\/h3>\n\n<!-- iframe plugin v.6.0 wordpress.org\/plugins\/iframe\/ -->\n<iframe loading=\"lazy\" src=\"https:\/\/www.google.com\/maps\/d\/embed?mid=18OVW4FiG4noVz4vFAYmYzmjpOW8\" width=\"900\" 0=\"height=&quot;300&quot;&amp;gt;&amp;lt;\/iframe\" height=\"500\" scrolling=\"yes\" class=\"iframe-class\" frameborder=\"0\"><\/iframe>\n\n<h4>\n\t\tPadel News Zurique\n\t<\/h4>\n\t\t\t\t<a href=\"https:\/\/www.facebook.com\/sharer.php?u=https:\/\/www.padel-test.de\/padel-plaetze\/padel-zuerich\/?fl_builder&#038;title=Padel+Z%C3%BCrich\">\n\t\t\t\t\t\t\t\t\t\t\t\tPartilhar no Facebook\n\t\t\t\t\t\t\t\t\t<\/a>\n\t\t\t\t<a href=\"https:\/\/twitter.com\/intent\/tweet?url=https:\/\/www.padel-test.de\/padel-plaetze\/padel-zuerich\/?fl_builder&#038;text=Padel+Z%C3%BCrich\">\n\t\t\t\t\t\t\t\t\t\t\t\tPartilhar no Twitter\n\t\t\t\t\t\t\t\t\t<\/a>\n\t\t\t\t<a href=\"https:\/\/www.linkedin.com\/shareArticle?mini=true&#038;url=https:\/\/www.padel-test.de\/padel-plaetze\/padel-zuerich\/?fl_builder&#038;title=Padel+Z%C3%BCrich\">\n\t\t\t\t\t\t\t\t\t\t\t\tPartilhar no Linkedin\n\t\t\t\t\t\t\t\t\t<\/a>\n\t\t\t\t<a href=\"mailto:?body=https:\/\/www.padel-test.de\/padel-plaetze\/padel-zuerich\/?fl_builder\">\n\t\t\t\t\t\t\t\t\t\t\t\tPartilhar em Email\n\t\t\t\t\t\t\t\t\t<\/a>","protected":false},"excerpt":{"rendered":"<p>Padel em Zurique e arredores Zurique tem o maior n\u00famero de campos de padel da Su\u00ed\u00e7a. Actualmente, o padel pode ser jogado em 6 clubes. Outras instala\u00e7\u00f5es de padel est\u00e3o em fase de planeamento. O Padelclub Z\u00fcrich Unterland tem um campo de padel ao ar livre com projectores. O campo faz parte das instala\u00e7\u00f5es desportivas de bassersdorf x aktiv e fica a apenas alguns...<\/p>","protected":false},"author":1,"featured_media":16989,"parent":18160,"menu_order":6,"comment_status":"closed","ping_status":"closed","template":"","meta":{"_acf_changed":false,"_sitemap_exclude":false,"_sitemap_priority":"","_sitemap_frequency":"","_analytify_skip_tracking":false,"footnotes":""},"class_list":["post-18212","page","type-page","status-publish","has-post-thumbnail","hentry"],"acf":[],"_links":{"self":[{"href":"https:\/\/www.padel-test.de\/pt\/wp-json\/wp\/v2\/pages\/18212","targetHints":{"allow":["GET"]}}],"collection":[{"href":"https:\/\/www.padel-test.de\/pt\/wp-json\/wp\/v2\/pages"}],"about":[{"href":"https:\/\/www.padel-test.de\/pt\/wp-json\/wp\/v2\/types\/page"}],"author":[{"embeddable":true,"href":"https:\/\/www.padel-test.de\/pt\/wp-json\/wp\/v2\/users\/1"}],"replies":[{"embeddable":true,"href":"https:\/\/www.padel-test.de\/pt\/wp-json\/wp\/v2\/comments?post=18212"}],"version-history":[{"count":0,"href":"https:\/\/www.padel-test.de\/pt\/wp-json\/wp\/v2\/pages\/18212\/revisions"}],"up":[{"embeddable":true,"href":"https:\/\/www.padel-test.de\/pt\/wp-json\/wp\/v2\/pages\/18160"}],"wp:featuredmedia":[{"embeddable":true,"href":"https:\/\/www.padel-test.de\/pt\/wp-json\/wp\/v2\/media\/16989"}],"wp:attachment":[{"href":"https:\/\/www.padel-test.de\/pt\/wp-json\/wp\/v2\/media?parent=18212"}],"curies":[{"name":"wp","href":"https:\/\/api.w.org\/{rel}","templated":true}]}}