{"id":18214,"date":"2019-08-02T16:46:59","date_gmt":"2019-08-02T16:46:59","guid":{"rendered":"http:\/\/www.padel-test.de\/padel-wissen\/was-ist-padel\/"},"modified":"2022-11-28T21:31:05","modified_gmt":"2022-11-28T21:31:05","slug":"o-que-e-o-padel","status":"publish","type":"page","link":"https:\/\/www.padel-test.de\/pt\/conhecimentos-de-padel\/o-que-e-o-padel\/","title":{"rendered":"O que \u00e9 padel?"},"content":{"rendered":"<h2>O que \u00e9 padel ou p\u00e1del? O que \u00e9 Padel Tennis?<\/h2>\n<p>Na verdade, padel, p\u00e1del ou padel t\u00e9nis \u00e9 bastante f\u00e1cil de descrever: O Padel \u00e9 basicamente uma mistura de t\u00e9nis e squash.<\/p>\n<p>\u00c9 por isso que o padel \u00e9 frequentemente referido como padel tennis. No entanto, n\u00f3s (jogadores de padel) preferimos falar apenas de padel, ou dos espanh\u00f3is de p\u00e1del! Porque o padel \u00e9 um esporte independente de costas que tem muitos elementos que n\u00e3o existem em outros esportes.<\/p>\n<p>O Padel \u00e9 origin\u00e1rio do M\u00e9xico e \u00e9 o esporte popular por excel\u00eancia nos pa\u00edses de l\u00edngua espanhola (leia mais sobre a hist\u00f3ria do Padel aqui). Na Europa, o padel \u00e9 mais popular em Espanha, mas pa\u00edses como Portugal e especialmente a It\u00e1lia est\u00e3o a recuperar rapidamente. <a href=\"\/pt\/teste-de-padel\/nachrichten\/padel-italia-boomt-alemanha\/\">Padel Boom na It\u00e1lia<\/a>).<\/p>\n<p>Acima de tudo, o padel \u00e9 f\u00e1cil de aprender e divertido desde o in\u00edcio. Mesmo os rec\u00e9m-chegados que est\u00e3o na quadra de padel pela primeira vez podem jogar seu primeiro jogo de padel ap\u00f3s cerca de 30-45 minutos.<\/p>\n<p>Basta perguntar a um treinador de padel ou a um jogador de padel experiente se eles podem ajudar e treinar um pouco.<\/p>\n<p>Ent\u00e3o vai mesmo muito r\u00e1pido!<\/p>\n<p>&nbsp;<\/p>\n<h2>Como \u00e9 que se joga padel?<\/h2>\n<p>Zum Beispiel so wie im nachfolgndem Video (&#8222;Die besten Padel Punkte der World Padel Tour 2021&#8220;). Aber so gut muss man gar nicht spielen k\u00f6nnen, um genau so viel Spa\u00df zu haben!<\/p>\n<p>Mas \u00e9 claro que voc\u00ea pode se inspirar bem nos v\u00eddeos de padel dos profissionais de padel!<\/p>\n<p>&nbsp;<\/p>\n<p style=\"text-align: center;\"><iframe loading=\"lazy\" title=\"reprodutor de v\u00eddeo do YouTube\" src=\"https:\/\/www.youtube-nocookie.com\/embed\/OBR9yr9bvG8\" width=\"840\" height=\"472\" frameborder=\"0\" allowfullscreen=\"allowfullscreen\"><span style=\"display: inline-block; width: 0px; overflow: hidden; line-height: 0;\" data-mce-type=\"bookmark\" class=\"mce_SELRES_start\"><\/span><\/iframe><\/p>\n<p>&nbsp;<\/p>\n<p>Os desportos de remo s\u00e3o muito din\u00e2micos e t\u00eam um n\u00famero quase infinito de combina\u00e7\u00f5es de pancadas e jogadas posicionais.<\/p>\n<p>Isso parece complicado, n\u00e3o parece? Mas n\u00e3o \u00e9! Isso s\u00f3 mostra que mesmo os jogadores mais profissionais est\u00e3o constantemente a aprender e nunca se aborrecem.<\/p>\n<p>Como o padel \u00e9 sempre jogado em duplas (ou seja, com 4 jogadores no campo) e o campo de padel \u00e9 apenas 20x10m, tudo \u00e9 um pouco mais pr\u00f3ximo, mais emocional e mais comunicativo do que no t\u00e9nis, por exemplo. Tamb\u00e9m \u00e9 quase completamente desnecess\u00e1rio ir buscar bolas, pois h\u00e1 uma cobertura de plexiglass \u00e0 volta do campo.<\/p>\n<p>&nbsp;<\/p>\n<h3>Quais s\u00e3o as vantagens do padel?<\/h3>\n<ul>\n<li>Padel tem mais com\u00edcios longos e muito mais contactos com a bola do que outros desportos de backstroke<\/li>\n<li>Em padel, t\u00e1cticas e esperteza trazem mais do que puro atletismo<\/li>\n<li>O Padel \u00e9 muito mais r\u00e1pido\/mais f\u00e1cil de aprender do que o t\u00e9nis e o squash.<\/li>\n<li>Padel \u00e9 adequado para pessoas de todas as idades e sexos<\/li>\n<\/ul>\n<p>&nbsp;<\/p>\n<p>A prop\u00f3sito, quase nunca h\u00e1 les\u00f5es no padel t\u00eanis - desde que voc\u00ea aque\u00e7a um pouco antes, como em qualquer esporte.<\/p>\n<p>&nbsp;<\/p>\n<h3>Como \u00e9 que se joga padel?<\/h3>\n<p>O Padel \u00e9 jogado em duplas, como j\u00e1 foi mencionado. O campo de padel n\u00e3o \u00e9 totalmente diferente de um campo de t\u00e9nis, mas apenas cerca de metade do tamanho. A quadra de padel \u00e9 delimitada por paredes de plexiglass, algumas das quais t\u00eam uma grade presa.<\/p>\n<p>Aqui voc\u00ea pode v\u00ea-lo bem na foto:<\/p>\n<p>&nbsp;<\/p>\n<div id=\"attachment_3432\" style=\"width: 640px\" class=\"wp-caption aligncenter\"><img loading=\"lazy\" decoding=\"async\" aria-describedby=\"caption-attachment-3432\" class=\"wp-image-3432 size-full\" src=\"https:\/\/www.padel-test.de\/wp-content\/uploads\/2017\/10\/ce7c64885f.jpg\" alt=\"O que \u00e9 padel? Este \u00e9 um Padel Court \" width=\"630\" height=\"418\" \/><p id=\"caption-attachment-3432\" class=\"wp-caption-text\">O que \u00e9 o padel? Este \u00e9 um campo de padel ao ar livre em Espanha<\/p><\/div>\n<p>&nbsp;<\/p>\n<p>As regras do padel s\u00e3o quase id\u00eanticas \u00e0s regras do t\u00e9nis.<\/p>\n<p><strong>No entanto, existem duas grandes diferen\u00e7as:<\/strong><\/p>\n<ol>\n<li>O saque \u00e9 jogado por baixo (em outras palavras, a bola n\u00e3o deve ser jogada acima dos quadris) e assim mostra o car\u00e1ter bastante defensivo do padel.<\/li>\n<li>As paredes de plexiglass est\u00e3o intensamente inclu\u00eddas no jogo do padel. Assim, voc\u00ea ainda pode jogar a bola depois de ter tocado a parede (se a bola estava no ch\u00e3o antes) e voc\u00ea tamb\u00e9m pode jogar a bola de padel sobre a parede ou paredes (sim, at\u00e9 duas paredes s\u00e3o poss\u00edveis e permitidas!).<\/li>\n<\/ol>\n<p>&nbsp;<\/p>\n<p>Quer saber mais sobre o padel?<br \/>\nMuito bem, aqui vamos n\u00f3s:<\/p>\n<ul>\n<li><a href=\"\/pt\/conhecimentos-de-padel\/regras-do-padel\/\">Regras Padel<\/a><\/li>\n<li><a href=\"\/pt\/conhecimentos-de-padel\/diferencas-tenis-padel\/\">Quais s\u00e3o as diferen\u00e7as entre o t\u00eanis e o padel?<\/a><\/li>\n<li><a href=\"\/pt\/campos-de-paddle\/\">Onde se pode jogar padel?<\/a><\/li>\n<\/ul>","protected":false},"excerpt":{"rendered":"<p>O que \u00e9 padel ou p\u00e1del? O que \u00e9 Padel Tennis? Na verdade, padel, p\u00e1del ou padel t\u00e9nis \u00e9 bastante f\u00e1cil de descrever: O Padel \u00e9 basicamente uma mistura de t\u00e9nis e squash. \u00c9 por isso que o padel \u00e9 frequentemente referido como padel t\u00e9nis. No entanto ...<\/p>","protected":false},"author":1,"featured_media":1118,"parent":18170,"menu_order":0,"comment_status":"closed","ping_status":"closed","template":"","meta":{"_acf_changed":false,"_sitemap_exclude":false,"_sitemap_priority":"","_sitemap_frequency":"","_analytify_skip_tracking":false,"footnotes":""},"class_list":["post-18214","page","type-page","status-publish","has-post-thumbnail","hentry"],"acf":[],"_links":{"self":[{"href":"https:\/\/www.padel-test.de\/pt\/wp-json\/wp\/v2\/pages\/18214","targetHints":{"allow":["GET"]}}],"collection":[{"href":"https:\/\/www.padel-test.de\/pt\/wp-json\/wp\/v2\/pages"}],"about":[{"href":"https:\/\/www.padel-test.de\/pt\/wp-json\/wp\/v2\/types\/page"}],"author":[{"embeddable":true,"href":"https:\/\/www.padel-test.de\/pt\/wp-json\/wp\/v2\/users\/1"}],"replies":[{"embeddable":true,"href":"https:\/\/www.padel-test.de\/pt\/wp-json\/wp\/v2\/comments?post=18214"}],"version-history":[{"count":0,"href":"https:\/\/www.padel-test.de\/pt\/wp-json\/wp\/v2\/pages\/18214\/revisions"}],"up":[{"embeddable":true,"href":"https:\/\/www.padel-test.de\/pt\/wp-json\/wp\/v2\/pages\/18170"}],"wp:featuredmedia":[{"embeddable":true,"href":"https:\/\/www.padel-test.de\/pt\/wp-json\/wp\/v2\/media\/1118"}],"wp:attachment":[{"href":"https:\/\/www.padel-test.de\/pt\/wp-json\/wp\/v2\/media?parent=18214"}],"curies":[{"name":"wp","href":"https:\/\/api.w.org\/{rel}","templated":true}]}}