{"id":18221,"date":"2019-08-08T09:12:03","date_gmt":"2019-08-08T09:12:03","guid":{"rendered":"http:\/\/www.padel-test.de\/padel-wissen\/padel-schlaeger\/"},"modified":"2025-01-01T11:00:32","modified_gmt":"2025-01-01T11:00:32","slug":"batedor-de-pa","status":"publish","type":"page","link":"https:\/\/www.padel-test.de\/pt\/conhecimentos-de-padel\/batedor-de-pa\/","title":{"rendered":"Raquetes de padel - como encontrar a raquete de padel certa?"},"content":{"rendered":"<h2>Como encontro a raquete de padel certa?<\/h2>\n<p>Quando se procura a raquete de padel correcta, depende primeiro do tipo de jogador que se \u00e9 e do n\u00edvel de jogo que se tem. \u00c9 claro que ambos podem mudar com o tempo, especialmente com treino intensivo de padel e participa\u00e7\u00e3o em torneios. Bem, e claro que tamb\u00e9m depende de quanto voc\u00ea quer gastar.<\/p>\n<p>As raquetes simples de padel j\u00e1 est\u00e3o dispon\u00edveis a partir de 30 euros (por exemplo, a partir de <a href=\"\/pt\/artengo\/\">Artengo<\/a> no Decathlon). Mas se voc\u00ea est\u00e1 procurando qualidade, \u00e9 melhor come\u00e7ar com 70 a 90 euros. Claro, n\u00e3o h\u00e1 um verdadeiro limite superior. H\u00e1 raquetes de padel por mais de 500 euros! A maioria das raquetes profissionais t\u00eam um pre\u00e7o de 150 a 250 euros.<\/p>\n<p>S\u00e3o marcas bem conhecidas de padel:<br \/>\nAdidas, Artengo, Asics, Babolat, Black Crown, Bullpadel, Dabber, Donnay, Dunlop, Enebe, Head, Lord, Nox, Wilson e muitas outras marcas regionais que apenas desempenham um papel individual ou em alguns pa\u00edses.<\/p>\n<p>&nbsp;<\/p>\n<p><strong> DICA DE LEITURA <\/strong><\/p>\n<pre class=\"fl-heading\"><a title=\"Teste de raquete Padel com Babolat e Dunlop em M\u00fcnster\" href=\"https:\/\/www.padel-test.de\/pt\/noticias-de-padel\/teste-de-raquetes-de-padel-babolat-dunlop\/\" target=\"_self\" rel=\"noopener\"><span class=\"fl-heading-text\">Teste de raquete Padel com Babolat e Dunlop em M\u00fcnster<\/span><\/a><\/pre>\n<p>&nbsp;<\/p>\n<h3>Forma de raquete de padel<\/h3>\n<p>Basicamente, existem 3 formas diferentes de raquete de padel: Diamante, Redondo e Queda.<\/p>\n<ul>\n<li>Raquetes Padel em forma de diamante: Com estas raquetes obt\u00e9m-se uma maior velocidade de golpe.<\/li>\n<li>Raquete de Padel em forma redonda: Voc\u00ea tem mais controle com uma cabe\u00e7a redonda de raquete.<\/li>\n<li>Forma de l\u00e1grima de raquete de padel: Basicamente uma mistura de redondo e diamante - perfeito para o tipo de padelista equilibrado.<\/li>\n<\/ul>\n<p>A prop\u00f3sito, uma raquete de padel tem um m\u00e1ximo de 46 cm de comprimento e 26 cm de largura. De acordo com as regras oficiais do padel, a raquete do padel n\u00e3o deve ser mais espessa do que 38 mm. O peso est\u00e1 normalmente entre 340-395 gramas.<\/p>\n<h3>Peso da raquete padel<\/h3>\n<p>Basicamente, o seguinte aplica-se ao peso da raquete: Uma raquete leve (340 a 360 gramas) simplifica o controle da bola. Mas tem menos poder de impacto. Uma raquete pesada de padel (370 a 390 gramas) tem mais pot\u00eancia de batida, mas menos controle. Isto significa que \u00e9 mais prov\u00e1vel que se encontrem raquetes mais pesadas com bons jogadores.<\/p>\n<p>As raquetes da classe de peso de 360 a 370 gramas est\u00e3o no meio e muitas vezes oferecem um bom compromisso entre controle de bola e pot\u00eancia de tacada.<\/p>\n<p>No entanto, as raquetes de padel tendem a desenvolver-se ainda mais devido \u00e0s novas tecnologias, de modo que as raquetes j\u00e1 n\u00e3o t\u00eam de ser t\u00e3o pesadas para terem muita pot\u00eancia.<\/p>\n<h3>Dureza de raquete padel<\/h3>\n<p>Quanto mais dura for a superf\u00edcie da raquete, mais controle voc\u00ea tem sobre a bola. No entanto, isto tamb\u00e9m significa uma perda de energia. E se voc\u00ea j\u00e1 teve um cotovelo de t\u00eanis, voc\u00ea notar\u00e1 rapidamente que uma superf\u00edcie dura absorve menos energia e coloca mais tens\u00e3o no seu bra\u00e7o que bate.<\/p>\n<p>Hat der Schl\u00e4ger eine weichere Oberfl\u00e4che, die also mehr Energie absorbiert, dann ist dies auch armschonender. Gleichzeitig bleibt der Ball l\u00e4nger am Padelschl\u00e4ger &#8222;kleben&#8220; und Du hast einen schnelleren Schlag oder Smash. Allerdings geht im Vergleich zur harten Oberfl\u00e4che Kontrolle verloren.<\/p>\n<p>Portanto, raquetes suaves s\u00e3o mais adequadas para jogadores com problemas de bra\u00e7o ou jogadores avan\u00e7ados e de torneio.<\/p>\n<h3>Sweet Spot<\/h3>\n<p>Mit dem Begriff Sweet Spot wird beim Padel Tennis die &#8222;effektivste&#8220; Zone bezeichnet. Wenn Du die <a href=\"\/pt\/conhecimentos-de-padel\/bolas-de-pas\/\">Bolas de Padel<\/a>\u00a0com o ponto doce, o curso tem a efici\u00eancia ideal.<\/p>\n<p>As raquetes Padel com um grande ponto doce no meio da raquete t\u00eam mais controle. Raquetes de padel com um ponto doce menor no final da raquete lhe d\u00e3o mais pot\u00eancia, para que voc\u00ea possa acelerar a bola de padel mais r\u00e1pido - se voc\u00ea acertar bem. Se n\u00e3o, voc\u00ea perde muito controle. Por isso, os principiantes devem preferir fazer uma barulheira com um grande ponto doce. Os jogadores profissionais mais vezes levam a vers\u00e3o com um pequeno ponto doce.<\/p>\n<p>H\u00e1 tamb\u00e9m raquetes que t\u00eam um ponto doce el\u00edptico. Estas s\u00e3o uma mistura das duas caracter\u00edsticas acima mencionadas e representam um compromisso entre controlo e poder.<\/p>\n<p>&nbsp;<\/p>\n<h3>Equil\u00edbrio da raquete<\/h3>\n<p>O equil\u00edbrio de peso tamb\u00e9m desempenha um papel importante em raquetes de padel.<\/p>\n<p>Raquetes cujo centro de gravidade se encontra mais na \u00e1rea de ader\u00eancia s\u00e3o mais f\u00e1ceis de mover, requerem menos pot\u00eancia e d\u00e3o-lhe muito controlo. Mas: mais controle tamb\u00e9m significa menos poder!<\/p>\n<p>A situa\u00e7\u00e3o \u00e9 diferente com uma raquete de padel bastante pesada. Com estas raquetes, voc\u00ea pode alcan\u00e7ar velocidades de curso muito mais altas, mas tamb\u00e9m tem muito menos controle. Estas raquetes de padel s\u00e3o, portanto, mais adequadas para jogadores avan\u00e7ados.<\/p>\n<p>Mas tamb\u00e9m h\u00e1 raquetes onde o peso \u00e9 equilibrado. Aqui voc\u00ea ainda tem um bom controle e pode jogar relativamente r\u00e1pido. Uma boa escolha para o jogador regular que joga e pratica regularmente.<\/p>\n<p>&nbsp;<\/p>\n<p>&nbsp;<\/p>\n<h3>Comprar raquetes Padel<\/h3>\n<p>Aqui pode comprar facilmente raquetes de padel (por exemplo, raquetes de padel Adidas ou raquetes de padel Wilson):<\/p>\n<table>\n<tbody>\n<tr>\n<th><iframe style=\"width: 120px; height: 240px;\" src=\"\/\/ws-eu.amazon-adsystem.com\/widgets\/q?ServiceVersion=20070822&amp;OneJS=1&amp;Operation=GetAdHtml&amp;MarketPlace=DE&amp;source=ac&amp;ref=tf_til&amp;ad_type=product_link&amp;tracking_id=brokertestde-21&amp;marketplace=amazon&amp;region=DE&amp;placement=B08NXG5FPR&amp;asins=B08NXG5FPR&amp;linkId=19135bef4d8f79bc30bab779f2427959&amp;show_border=true&amp;link_opens_in_new_window=true&amp;price_color=333333&amp;title_color=0066c0&amp;bg_color=ffffff\" frameborder=\"0\" marginwidth=\"0\" marginheight=\"0\" scrolling=\"no\"><br \/>\n<\/iframe><\/th>\n<th><iframe style=\"width: 120px; height: 240px;\" src=\"\/\/ws-eu.amazon-adsystem.com\/widgets\/q?ServiceVersion=20070822&amp;OneJS=1&amp;Operation=GetAdHtml&amp;MarketPlace=DE&amp;source=ac&amp;ref=tf_til&amp;ad_type=product_link&amp;tracking_id=brokertestde-21&amp;marketplace=amazon&amp;region=DE&amp;placement=B08T5Q5YZX&amp;asins=B08T5Q5YZX&amp;linkId=7dddad661c8a310d9f9ed7c873929a47&amp;show_border=true&amp;link_opens_in_new_window=true&amp;price_color=333333&amp;title_color=0066c0&amp;bg_color=ffffff\" frameborder=\"0\" marginwidth=\"0\" marginheight=\"0\" scrolling=\"no\"><br \/>\n<\/iframe><\/th>\n<th><iframe style=\"width: 120px; height: 240px;\" src=\"\/\/ws-eu.amazon-adsystem.com\/widgets\/q?ServiceVersion=20070822&amp;OneJS=1&amp;Operation=GetAdHtml&amp;MarketPlace=DE&amp;source=ac&amp;ref=tf_til&amp;ad_type=product_link&amp;tracking_id=brokertestde-21&amp;marketplace=amazon&amp;region=DE&amp;placement=B08NXG5FPR&amp;asins=B08NXG5FPR&amp;linkId=e6620d486a8799e8d3c827a08d98d196&amp;show_border=true&amp;link_opens_in_new_window=true&amp;price_color=333333&amp;title_color=0066c0&amp;bg_color=ffffff\" frameborder=\"0\" marginwidth=\"0\" marginheight=\"0\" scrolling=\"no\"><br \/>\n<\/iframe><\/th>\n<td><iframe style=\"width: 120px; height: 240px;\" src=\"\/\/ws-eu.amazon-adsystem.com\/widgets\/q?ServiceVersion=20070822&amp;OneJS=1&amp;Operation=GetAdHtml&amp;MarketPlace=DE&amp;source=ac&amp;ref=tf_til&amp;ad_type=product_link&amp;tracking_id=brokertestde-21&amp;marketplace=amazon&amp;region=DE&amp;placement=B08MBDH4RP&amp;asins=B08MBDH4RP&amp;linkId=912ece1315939e078b54e2189ae81af7&amp;show_border=true&amp;link_opens_in_new_window=true&amp;price_color=333333&amp;title_color=0066c0&amp;bg_color=ffffff\" frameborder=\"0\" marginwidth=\"0\" marginheight=\"0\" scrolling=\"no\"><br \/>\n<\/iframe><\/td>\n<\/tr>\n<\/tbody>\n<\/table>\n<p>&nbsp;<\/p>\n<p><strong>Dica:<\/strong><\/p>\n<p>Pergunte ao seu treinador de padel se ele lhe pode dar algumas raquetes de padel para testar. Ent\u00e3o voc\u00ea sabe de antem\u00e3o o que est\u00e1 comprando!<\/p>\n<p>&nbsp;<\/p>\n<p><strong>O que s\u00e3o bolas de padel? <\/strong><\/p>\n<p>Aqui pode ler sobre <a title=\"Bolas de Padel\" href=\"\/pt\/conhecimentos-de-padel\/bolas-de-pas\/\" target=\"_self\" rel=\"noopener\"><span class=\"fl-heading-text\">Bolas de T\u00e9nis Padel<\/span><\/a> informar.<\/p>","protected":false},"excerpt":{"rendered":"<p>Raquetes de padel: Como encontrar a raquete de padel certa? Quando se procura a raquete de t\u00e9nis de padel correcta, depende primeiro do tipo de jogador que se \u00e9 e do n\u00edvel de jogo que se tem.  J\u00e1 est\u00e3o dispon\u00edveis raquetes simples de padel a partir de um pre\u00e7o de ...<\/p>","protected":false},"author":1,"featured_media":0,"parent":18170,"menu_order":4,"comment_status":"closed","ping_status":"closed","template":"","meta":{"_acf_changed":false,"_sitemap_exclude":false,"_sitemap_priority":"","_sitemap_frequency":"","_analytify_skip_tracking":false,"footnotes":""},"class_list":["post-18221","page","type-page","status-publish","hentry"],"acf":[],"_links":{"self":[{"href":"https:\/\/www.padel-test.de\/pt\/wp-json\/wp\/v2\/pages\/18221","targetHints":{"allow":["GET"]}}],"collection":[{"href":"https:\/\/www.padel-test.de\/pt\/wp-json\/wp\/v2\/pages"}],"about":[{"href":"https:\/\/www.padel-test.de\/pt\/wp-json\/wp\/v2\/types\/page"}],"author":[{"embeddable":true,"href":"https:\/\/www.padel-test.de\/pt\/wp-json\/wp\/v2\/users\/1"}],"replies":[{"embeddable":true,"href":"https:\/\/www.padel-test.de\/pt\/wp-json\/wp\/v2\/comments?post=18221"}],"version-history":[{"count":1,"href":"https:\/\/www.padel-test.de\/pt\/wp-json\/wp\/v2\/pages\/18221\/revisions"}],"predecessor-version":[{"id":22936,"href":"https:\/\/www.padel-test.de\/pt\/wp-json\/wp\/v2\/pages\/18221\/revisions\/22936"}],"up":[{"embeddable":true,"href":"https:\/\/www.padel-test.de\/pt\/wp-json\/wp\/v2\/pages\/18170"}],"wp:attachment":[{"href":"https:\/\/www.padel-test.de\/pt\/wp-json\/wp\/v2\/media?parent=18221"}],"curies":[{"name":"wp","href":"https:\/\/api.w.org\/{rel}","templated":true}]}}