{"id":18225,"date":"2019-08-04T18:59:18","date_gmt":"2019-08-04T18:59:18","guid":{"rendered":"http:\/\/www.padel-test.de\/padel-wissen\/padel-geschichte\/"},"modified":"2025-03-03T10:15:38","modified_gmt":"2025-03-03T10:15:38","slug":"historia-do-padel","status":"publish","type":"page","link":"https:\/\/www.padel-test.de\/pt\/conhecimentos-de-padel\/historia-do-padel\/","title":{"rendered":"Hist\u00f3ria do Padel"},"content":{"rendered":"<p>Enrique Corcuera, do M\u00e9xico, \u00e9 considerado o inventor do padel de hoje. Ele teve a ideia de um novo jogo de parede de bola em 1962.<\/p>\n<div id=\"attachment_6956\" style=\"width: 310px\" class=\"wp-caption alignright\"><img loading=\"lazy\" decoding=\"async\" aria-describedby=\"caption-attachment-6956\" class=\"wp-image-6956 size-full\" src=\"https:\/\/www.padel-test.de\/wp-content\/uploads\/2022\/09\/Padel-Pista-Acapulco.jpg\" alt=\"A primeira quadra de padel em Acapulco - foi aqui que come\u00e7ou a hist\u00f3ria do padel\" width=\"300\" height=\"150\" \/><p id=\"caption-attachment-6956\" class=\"wp-caption-text\">A primeira quadra de padel em Acapulco - foi aqui que come\u00e7ou a hist\u00f3ria do padel<\/p><\/div>\n<p>Na sua resid\u00eancia em Puerto Acapulco (M\u00e9xico), construiu um muro de cerca de tr\u00eas metros de altura na frente de um pequeno campo de pelota adjacente \u00e0 parede da sua casa e fechou os dois lados do campo com uma cerca de rede de arame. Al\u00e9m disso, havia uma rede no meio (como no t\u00eanis). E eles foram com o primeiro b\u00e1sico do padel (ou padel t\u00eanis).<\/p>\n<p>Correcto <a href=\"\/pt\/conhecimentos-de-padel\/regras-do-padel\/\">Regras Padel<\/a> e equipamento como o conhecemos hoje ainda n\u00e3o existia, \u00e9 claro. As raquetes de padel ainda eram feitas de madeira! Tudo ainda estava na sua inf\u00e2ncia...<\/p>\n<p>&nbsp;<\/p>\n<h2>Hist\u00f3ria do Padel<\/h2>\n<h3>1974 - Padel est\u00e1 realmente come\u00e7ando a decolar<\/h3>\n<p>Em 1974, um bom amigo de Enrique Corcuera, o pr\u00edncipe Alfonso zu Hohenlohe, da Espanha, tomou conhecimento do novo desporto de raquete. Ele ficou imediatamente entusiasmado e tamb\u00e9m viu o potencial do padel. Mas eram necess\u00e1rias melhorias!<\/p>\n<p>Ent\u00e3o, ele come\u00e7ou a rever as regras do padel e a definir o tamanho do tribunal e do per\u00edmetro. Mas ele n\u00e3o a deixou na teoria cinzenta - ap\u00f3s seu retorno \u00e0 Espanha, ele construiu dois novos campos de padel em seu hotel Marbella Club.<\/p>\n<p>E ele come\u00e7ou a comercializar inteligentemente o padel. Ele organizou os chamados torneios \"Pro-Am\", onde os pares eram compostos por um jogador profissional e uma celebridade. Desta forma, o padel rapidamente se tornou conhecido por celebridades e desportistas. Entre eles estavam Enrique Igl\u00e9sias, o Duque de Borb\u00f3n e Guinlla von Bismark. E o tenista Manolo Santana tamb\u00e9m estava entre eles. Ele organizou mais torneios de padel no sul de Espanha. Ent\u00e3o, o padel rapidamente se tornou um verdadeiro esporte de tend\u00eancia na ensolarada Costa del Sol.<\/p>\n<p>&nbsp;<\/p>\n<h3>Desde 1975 - Padel se espalha da Espanha via Argentina para o mundo inteiro<\/h3>\n<p>Apenas um ano depois, em 1975, o pr\u00edncipe Alfonso zu Hohenlohe p\u00f4de apresentar seu amigo argentino Julio Menditeguy e os jogadores que o acompanhavam ao time de p\u00f3lo argentino Padel. Eles foram imediatamente infectados pelo v\u00edrus Padel e, por sua vez, constru\u00edram quadras de Padel na Argentina. Aqui, o Padel cresceu a um ritmo semelhante ao da Espanha. Hoje, o padel \u00e9 o esporte nacional n\u00famero dois da Argentina, atr\u00e1s do futebol.<\/p>\n<p>Mas Padel tamb\u00e9m foi capaz de se espalhar para outros pa\u00edses da Am\u00e9rica do Sul e Central.<\/p>\n<p>Na Europa, por\u00e9m, nem tanto aconteceu fora da Espanha, por enquanto.<\/p>\n<p>&nbsp;<\/p>\n<h3>A partir de cerca de 2010 - Padel espalha-se por toda a Europa<\/h3>\n<p>At\u00e9 2010, foi constru\u00eddo um campo de padel aqui e ali. Mas, por enquanto, n\u00e3o houve um verdadeiro boom como na Espanha ou na Am\u00e9rica Latina. Padel Alemanha tamb\u00e9m ainda estava num sono profundo.<\/p>\n<p>A partir de 2010, no entanto, isto foi para mudar lentamente. As primeiras tentativas s\u00e9rias de estabelecer o padel na Europa come\u00e7aram a tomar forma, por exemplo, em Portugal e na It\u00e1lia. Na It\u00e1lia, em particular, houve uma verdadeira explos\u00e3o de instala\u00e7\u00f5es e tribunais de padel em Roma e arredores a partir de cerca de 2015. Enquanto isso, um clube de padel atr\u00e1s do outro est\u00e1 surgindo na It\u00e1lia, atualmente especialmente na Lombardia. E tamb\u00e9m na Fran\u00e7a (onde o ex-professor de t\u00eanis Henri Leconte \u00e9 muito ativo com sua empresa <a href=\"\/pt\/henri-leconte-padel\/\">Henri Leconte Padel<\/a>), Su\u00e9cia (o jogador de futebol Zlatan Ibrahimovi\u0107 est\u00e1 investindo fortemente no padel e na constru\u00e7\u00e3o de verdadeiras arenas de padel). Na B\u00e9lgica e nos Pa\u00edses Baixos, o padel est\u00e1 a ficar cada vez mais forte!<\/p>\n<p>&nbsp;<\/p>\n<h2>Hist\u00f3ria do Padel na Alemanha<\/h2>\n<p>Na Alemanha, o t\u00eanis de padel come\u00e7ou em 2003. A primeira quadra de padel da Alemanha foi constru\u00edda no centro esportivo \"Zuckerfabrik\" de Halberstadt (de <a href=\"\/pt\/the-padelcourt-biz-courtwall\/\">O Biz Padelcourt<\/a>). Esta foi a primeira quadra de padel na Alemanha. Infelizmente, este tribunal de padel permaneceu sozinho durante muitos anos e este primeiro tribunal de padel foi infelizmente desmantelado novamente em 2012 devido \u00e0 fal\u00eancia do operador da instala\u00e7\u00e3o.<\/p>\n<p>Foi precisamente neste momento que foram constru\u00eddos os primeiros novos campos de padel na Alemanha. Entre outros, aqui em Berlim estavam Alexander Hillbricht (<a href=\"\/pt\/padel-berlin-friedrichshain\/\">Padel Berlim<\/a>) e Ralf Stoffers (Play the Wall) foram os primeiros, juntamente com Hubert Bullach, em Frankfurt (2011, nos arredores do Niddapark de Frankfurt), n\u00e3o s\u00f3 a criar campos de padel, mas tamb\u00e9m a dar a conhecer o padel a um p\u00fablico mais vasto pela primeira vez.<\/p>\n<p>Depois disso, a situa\u00e7\u00e3o manteve-se est\u00e1vel, mas o grande boom, como em It\u00e1lia, n\u00e3o se concretizou por enquanto.<\/p>\n<p>2018\/2019 kam dann aber noch mal deutlich Zug in die Entwicklung des Padelsports in Deutschland. Mit der Neustrukturierung des deutschen Padelverbands &#8222;<a href=\"\/pt\/federacao-alema-de-padel\/\">Federa\u00e7\u00e3o Alem\u00e3 de Padel<\/a>&#8220; und der dazugeh\u00f6rigen <a href=\"\/pt\/german-padel-tour\/\">Tour Padel Alem\u00e3o<\/a> Padel tamb\u00e9m est\u00e1 se tornando cada vez mais profissional na Alemanha.<\/p>\n<p>Enquanto isso, um novo local de padel abre quase todos os meses, de modo que quase se perde a vis\u00e3o geral. Ent\u00e3o a hist\u00f3ria do padel tamb\u00e9m continua na Alemanha.<\/p>\n<p>Aqui temos uma corrente <a href=\"\/pt\/campos-de-paddle\/\">Mapa dos tribunais de padel na Alemanha<\/a>que \u00e9 continuamente actualizada! As instala\u00e7\u00f5es activas do padel (laranja) e as localiza\u00e7\u00f5es planeadas do padel (azul) s\u00e3o apresentadas.<\/p>\n<p>&nbsp;<\/p>\n<div id=\"attachment_6962\" style=\"width: 610px\" class=\"wp-caption aligncenter\"><a href=\"\/pt\/campos-de-paddle\/\"><img loading=\"lazy\" decoding=\"async\" aria-describedby=\"caption-attachment-6962\" class=\"wp-image-6962 size-full\" src=\"https:\/\/www.padel-test.de\/wp-content\/uploads\/2022\/09\/Padel-Pl\u00e4tze-Deutschland.jpg\" alt=\"Tribunais de Padel Alemanha\" width=\"600\" height=\"400\" \/><\/a><p id=\"caption-attachment-6962\" class=\"wp-caption-text\">Padel courts Alemanha, \u00c1ustria e Su\u00ed\u00e7a - Mapa<\/p><\/div>\n<p>&nbsp;<\/p>\n<p style=\"text-align: center;\"><strong>Direto para o <span style=\"text-decoration: underline;\">corrente<\/span> Mapa do <a href=\"\/pt\/locais-de-padel-na-alemanha\/\">Tribunais de Padel Alemanha<\/a><\/strong><\/p>\n<p>&nbsp;<\/p>","protected":false},"excerpt":{"rendered":"<p>Hist\u00f3ria do Padel: Enrique Corcuera do M\u00e9xico \u00e9 considerado o inventor do Padel de hoje. Teve a ideia de um novo jogo de parede de bola em 1962. A primeira corte de Padel em Acapulco - foi aqui que come\u00e7ou a hist\u00f3ria de Padel. Na sua resid\u00eancia em Puerto Acapulco (M\u00e9xico), construiu um muro de cerca de tr\u00eas metros de altura na frente de um pequeno tribunal pelota adjacente \u00e0 parede da sua casa e fechou os dois lados do tribunal com uma cerca de rede de arame. Al\u00e9m disso, havia uma rede no meio (como no t\u00e9nis). E j\u00e1 ...<\/p>","protected":false},"author":1,"featured_media":18226,"parent":18170,"menu_order":6,"comment_status":"closed","ping_status":"closed","template":"","meta":{"_acf_changed":false,"_sitemap_exclude":false,"_sitemap_priority":"","_sitemap_frequency":"","_analytify_skip_tracking":false,"footnotes":""},"class_list":["post-18225","page","type-page","status-publish","has-post-thumbnail","hentry"],"acf":[],"_links":{"self":[{"href":"https:\/\/www.padel-test.de\/pt\/wp-json\/wp\/v2\/pages\/18225","targetHints":{"allow":["GET"]}}],"collection":[{"href":"https:\/\/www.padel-test.de\/pt\/wp-json\/wp\/v2\/pages"}],"about":[{"href":"https:\/\/www.padel-test.de\/pt\/wp-json\/wp\/v2\/types\/page"}],"author":[{"embeddable":true,"href":"https:\/\/www.padel-test.de\/pt\/wp-json\/wp\/v2\/users\/1"}],"replies":[{"embeddable":true,"href":"https:\/\/www.padel-test.de\/pt\/wp-json\/wp\/v2\/comments?post=18225"}],"version-history":[{"count":2,"href":"https:\/\/www.padel-test.de\/pt\/wp-json\/wp\/v2\/pages\/18225\/revisions"}],"predecessor-version":[{"id":23255,"href":"https:\/\/www.padel-test.de\/pt\/wp-json\/wp\/v2\/pages\/18225\/revisions\/23255"}],"up":[{"embeddable":true,"href":"https:\/\/www.padel-test.de\/pt\/wp-json\/wp\/v2\/pages\/18170"}],"wp:featuredmedia":[{"embeddable":true,"href":"https:\/\/www.padel-test.de\/pt\/wp-json\/wp\/v2\/media\/18226"}],"wp:attachment":[{"href":"https:\/\/www.padel-test.de\/pt\/wp-json\/wp\/v2\/media?parent=18225"}],"curies":[{"name":"wp","href":"https:\/\/api.w.org\/{rel}","templated":true}]}}